{"id":2878,"date":"2024-03-19T08:13:09","date_gmt":"2024-03-19T08:13:09","guid":{"rendered":"https:\/\/b2c.fairs.vn\/?post_type=product&#038;p=2878"},"modified":"2024-03-26T11:17:19","modified_gmt":"2024-03-26T04:17:19","slug":"tinh-chat-trai-nhau","status":"publish","type":"product","link":"https:\/\/b2c.fairs.vn\/en\/product\/tinh-chat-trai-nhau\/","title":{"rendered":"TINH CH\u1ea4T TR\u00c1I NH\u00c0U"},"content":{"rendered":"<div>\n<div>\n<p>Ng\u00e0y nay, v\u1edbi c\u00f4ng ngh\u1ec7 hi\u1ec7n \u0111\u1ea1i c\u00f9ng \u0111\u1ed9i ng\u0169 chuy\u00ean vi\u00ean nghi\u00ean c\u1ee9u gi\u00e0u kinh nghi\u1ec7m ch\u00fang t\u00f4i \u0111\u00e3 chi\u1ebft xu\u1ea5t th\u00e0nh c\u00f4ng tinh ch\u1ea5t tr\u00e1i Nh\u00e0u gi\u00fap b\u1ed5 sung nhi\u1ec1u vi ch\u1ea5t dinh d\u01b0\u1ee1ng c\u1ea7n thi\u1ebft cho s\u1ee9c kh\u1ecfe, hi\u1ec7u qu\u1ea3 t\u1ed1t h\u01a1n, t\u1ed1i \u01b0u nhi\u1ec1u c\u00f4ng n\u0103ng v\u00e0 ti\u1ec7n l\u1ee3i khi s\u1eed d\u1ee5ng.<\/p>\n<p>Tr\u00e1i Nh\u00e0u hay c\u00f2n c\u00f3 t\u00ean g\u1ecdi kh\u00e1c l\u00e0 Noni, v\u1edbi t\u00ean khoa h\u1ecdc l\u00e0 Morinda Citrifolia thu\u1ed9c h\u1ecd Caf\u00e9 \u0111\u00e3 \u0111\u01b0\u1ee3c \u0111\u01b0a v\u00e0o danh m\u1ee5c c\u00e2y thu\u1ed1c nam qu\u00fd gi\u00e1 gi\u00fap t\u0103ng c\u01b0\u1eddng s\u1ee9c kh\u1ecfe, h\u1ed7 tr\u1ee3 \u0111i\u1ec1u tr\u1ecb nhi\u1ec1u b\u1ec7nh.<\/p>\n<p>&nbsp;<\/p>\n<p>Ng\u00e0y nay, v\u1edbi c\u00f4ng ngh\u1ec7 hi\u1ec7n \u0111\u1ea1i c\u00f9ng \u0111\u1ed9i ng\u0169 chuy\u00ean vi\u00ean nghi\u00ean c\u1ee9u gi\u00e0u kinh nghi\u1ec7m ch\u00fang t\u00f4i \u0111\u00e3 chi\u1ebft xu\u1ea5t th\u00e0nh c\u00f4ng tinh ch\u1ea5t tr\u00e1i Nh\u00e0u gi\u00fap b\u1ed5 sung nhi\u1ec1u vi ch\u1ea5t dinh d\u01b0\u1ee1ng c\u1ea7n thi\u1ebft cho s\u1ee9c kh\u1ecfe, hi\u1ec7u qu\u1ea3 t\u1ed1t h\u01a1n, t\u1ed1i \u01b0u nhi\u1ec1u c\u00f4ng n\u0103ng v\u00e0 ti\u1ec7n l\u1ee3i khi s\u1eed d\u1ee5ng.<\/p>\n<p>&nbsp;<\/p>\n<p><strong>TH\u00c0NH PH\u1ea6N \u0110\u01af\u1ee2C CHI\u1ebeT XU\u00c1T T\u1eea:<\/strong><\/p>\n<ul>\n<li>Tr\u00e1i nh\u00e0u<\/li>\n<li>Hy thi\u00ean th\u1ea3o<\/li>\n<li>C\u1ecf ng\u1ecdt<\/li>\n<li>\u0110\u00e0o h\u1ed3ng<\/li>\n<\/ul>\n<p>&nbsp;<\/p>\n<p><strong>TINH CH\u1ea4T T\u1ed4NG H\u1ee2P TRONG D\u1ecaCH CHI\u00caT TR\u00c1I NH\u00c0U V\u00c0 HY THI\u00caM \u00a0C\u00d3 T\u00c1C D\u1ee4NG:<\/strong><\/p>\n<p>&#8211; T\u0103ng c\u01b0\u1eddng h\u1ec7 mi\u1ec5n d\u1ecbch, gi\u1ea3m c\u0103ng th\u1ea3ng m\u1ec7t m\u1ecfi, gi\u1ea3m \u0111au,h\u1ed7 tr\u1ee3 h\u1ec7 th\u1ea7n kinh,t\u0103ng c\u01b0\u1eddng sinh l\u00fd n\u1eef, c\u1ea3i thi\u1ec7n h\u1ec7 th\u1ea7n kinh.<\/p>\n<p>&#8211; Ho\u1ea1t ch\u1ea5t Polysaccharides v\u00e0 prosertonin cao g\u1ea5p 40 l\u1ea7n so v\u1edbi qu\u1ea3 d\u1ee9a, ch\u1ea5t n\u00e0y s\u1ebd k\u00edch th\u00edch s\u1ea3n xu\u1ea5t t\u1ebf b\u00e0o T c\u00f3 kh\u1ea3 n\u0103ng t\u0103ng c\u01b0\u1eddng h\u1ec7 mi\u1ec5n d\u1ecbch, gi\u1ea3m c\u00e1c ch\u1ee9ng b\u1ec7nh vi\u00eam c\u01a1, \u1ee9c ch\u1ebf c\u00e1c t\u1ebf b\u00e0o ung th\u01b0, ph\u00e1t tri\u1ec3n.<\/p>\n<p>&#8211; C\u1ee5 th\u1ec3: c\u1ed9ng nh\u00f3m ch\u1ea5t iridoids \u00a0chi\u1ebfm t\u1edbi 70% c\u00e1c ch\u1ea5t trong qu\u1ea3 nh\u00e0u.<\/p>\n<p>+ Iridois v\u00e0 Acubin \u00a0c\u00f3 t\u00e1c d\u1ee5ng \u1ee9c ch\u1ebf TNF \u2013alpha v\u00e0 interleukin, h\u1ea7u nh\u01b0 quy\u1ebft \u0111\u1ecbnh t\u00e1c d\u1ee5ng sinh h\u1ecdc c\u1ee7a tr\u00e1i nh\u00e0u,<\/p>\n<p>+ Ho\u1ea1t ch\u1ea5t Selenium \u00a0\u0111ang \u0111\u01b0\u1ee3c nghi\u00ean c\u1ee9u h\u1ed7 tr\u1ee3 \u0111i\u1ec1u tr\u1ecb ung th\u01b0. Theo L\u01b0\u01a1ng y Nguy\u1ec5n Minh \u0110\u1ee9c nghi\u00ean c\u1ee9u:<\/p>\n<p>+ Ch\u1ea5t gi\u1ea3m \u0111au scopnitin t\u1eeb tr\u00e1i nh\u00e0u t\u1ea1o ra ch\u1ea5t sinh h\u00f3a serotonin \u00a0ch\u1ed1ng l\u1ea1i c\u00e1c c\u01a1n \u0111au.<\/p>\n<p>+ Tr\u00e1i nh\u00e0u t\u0103ng c\u01b0\u1eddng cholesterol t\u1ed1t v\u00e0 b\u1edbt \u0111i c\u00e1c cholesterol x\u1ea5u l\u00e0m th\u00f4ng tho\u00e1ng c\u00e1c m\u1ea1ch m\u00e1u, b\u1ec1n th\u00e0nh m\u1ea1ch.<\/p>\n<p>&nbsp;<\/p>\n<p>GS. \u0110\u1ed7 T\u1ea5t L\u1ee3i c\u00f3 ghi: Trong Hy thi\u00eam c\u00f3 m\u1ed9t ch\u1ea5t \u0111\u1eafng g\u1ecdi l\u00e0 Darutin thu\u1ed9c d\u1eabn xu\u1ea5t c\u1ee7a Axit Salicylic\u201d. Ho\u1ea1t ch\u1ea5t n\u00e0y c\u00f3 \u0111\u1eb7c t\u00ednh gi\u1ea3m \u0111au, kh\u00e1ng vi\u00eam t\u1ea1i ch\u1ed7 r\u1ea5t m\u1ea1nh tr\u00ean c\u00e1c b\u1ec7nh l\u00fd x\u01b0\u01a1ng kh\u1edbp, trong \u0111\u00f3 c\u00f3 b\u1ec7nh g\u00fat.<\/p>\n<p>&nbsp;<\/p>\n<p>Nghi\u00ean c\u1ee9u d\u01b0\u1ee3c l\u00fd h\u1ecdc hi\u1ec7n \u0111\u1ea1i c\u0169ng nh\u1eadn th\u1ea5y, ho\u1ea1t ch\u1ea5t Darutin c\u00f9ng c\u00e1c ch\u1ea5t orientin, dimethylquercetin trong c\u00e2y Hy thi\u00eam c\u00f2n c\u00f3 t\u00e1c d\u1ee5ng th\u1ea3i tr\u1eeb axit uric trong m\u00e1u. M\u1ed9t nh\u00f3m nghi\u00ean c\u1ee9u t\u1ea1i Tr\u01b0\u1eddng \u0110\u1ea1i h\u1ecdc D\u01b0\u1ee3c H\u00e0 N\u1ed9i \u0111\u00e3 th\u1ef1c hi\u1ec7n \u0111\u1ec1 t\u00e0i \u201cNghi\u00ean c\u1ee9u t\u00e1c d\u1ee5ng tr\u00ean b\u1ec7nh g\u00fat th\u1ef1c nghi\u1ec7m c\u1ee7a c\u00e2y Hy thi\u00eam\u201d v\u00e0o th\u00e1ng 07\/2012 v\u00e0 cho k\u1ebft qu\u1ea3: Ch\u1ea5t \u0111\u1eafng Darutin trong c\u00e2y Hy thi\u00eam th\u1ec3 hi\u1ec7n kh\u1ea3 n\u0103ng \u1ee9c ch\u1ebf xathin oxidase (XO) gi\u00fap h\u1ea1 axit uric m\u00e1u tr\u00ean c\u1ea3 m\u00f4 h\u00ecnh g\u00e2y t\u0103ng axit c\u1ea5p v\u00e0 m\u1ea1n, nh\u01b0ng kh\u00f4ng \u1ea3nh h\u01b0\u1edfng \u0111\u1ebfn s\u1ef1 th\u1ea3i tr\u1eeb urat qua th\u1eadn.<\/p>\n<p>&nbsp;<\/p>\n<p>Nh\u1eadn \u0111\u1ecbnh gi\u00e1 tr\u1ecb ho\u1ea1t ch\u1ea5t Darutin trong \u1ee9ng d\u1ee5ng th\u1ef1c ti\u1ec5n v\u1edbi b\u1ec7nh g\u00fat, ThS. B\u00e1 Th\u1ecb Ch\u00e2m \u2013 Trung t\u00e2m Ph\u00e1t tri\u1ec3n C\u00f4ng ngh\u1ec7 cao, Vi\u1ec7n H\u00e0n l\u00e2m Khoa h\u1ecdc v\u00e0 C\u00f4ng ngh\u1ec7 Vi\u1ec7t Nam cho bi\u1ebft:\u00a0<i>\u201cTh\u1ef1c ch\u1ea5t c\u01a1 ch\u1ebf h\u1ea1 axit uric c\u1ee7a ho\u1ea1t ch\u1ea5t Darutin l\u00e0 \u1ee9c ch\u1ebf xanthin oxidase (XO) &#8211; m\u1ed9t enzym x\u00fac t\u00e1c cho ph\u1ea3n \u1ee9ng chuy\u1ec3n h\u00f3a xanthin trong c\u01a1 th\u1ec3 th\u00e0nh axit uric. Do \u0111\u00f3, c\u00e1c ch\u1ea5t \u1ee9c ch\u1ebf ho\u1ea1t \u0111\u1ed9ng c\u1ee7a enzym XO s\u1ebd \u0111\u00f3ng vai tr\u00f2 t\u00e1c \u0111\u1ed9ng t\u1eadn g\u1ed1c nguy\u00ean nh\u00e2n t\u0103ng axit uric g\u00e2y g\u00fat c\u1ea5p v\u00e0 m\u00e3n t\u00ednh.\u201d<\/i><\/p>\n<p>&nbsp;<\/p>\n<p><strong>H\u01af\u1edaNG D\u1eaaN S\u1eec D\u1ee4NG:<\/strong><\/p>\n<p>Ng\u00e0y d\u00f9ng 1-2 g\u00f3i tinh ch\u1ea5t pha v\u1edbi 150-200 ml n\u01b0\u1edbc \u00a0khu\u1ea5y \u0111\u1ec1u, c\u00f3 th\u1ec3 cho th\u00eam \u0111\u00e1 r\u1ed3i th\u01b0\u1edfng th\u1ee9c. Ngon h\u01a1n khi u\u1ed1ng l\u1ea1nh. M\u1ed7i ng\u00e0y d\u00f9ng 1-2 g\u00f3i. N\u00ean d\u00f9ng tr\u01b0\u1edbc khi \u0103n.<\/p>\n<\/div>\n<\/div>\n<div>\n<div>\n<h3 class=\"text-xl my-5 font-bold\">Th\u00f4ng s\u1ed1 k\u1ef9 thu\u1eadt<\/h3>\n<div>\n<div class=\"my-2 py-2\">Quy c\u00e1ch<span class=\"mlr-1\">:<\/span><span class=\"ml-1\">T\u00fai Stick 10 ml &#8211; H\u1ed9p 12 g\u00f3i<\/span><\/div>\n<div class=\"my-2 py-2\">H\u1ea1n s\u1eed d\u1ee5ng<span class=\"mlr-1\">:<\/span><span class=\"ml-1\">18 th\u00e1ng k\u1ec3 t\u1eeb ng\u00e0y s\u1ea3n xu\u1ea5t<\/span><\/div>\n<\/div>\n<\/div>\n<\/div>","protected":false},"excerpt":{"rendered":"<div>\n<div>\n<p>Ng\u00e0y nay, v\u1edbi c\u00f4ng ngh\u1ec7 hi\u1ec7n \u0111\u1ea1i c\u00f9ng \u0111\u1ed9i ng\u0169 chuy\u00ean vi\u00ean nghi\u00ean c\u1ee9u gi\u00e0u kinh nghi\u1ec7m ch\u00fang t\u00f4i \u0111\u00e3 chi\u1ebft xu\u1ea5t th\u00e0nh c\u00f4ng tinh ch\u1ea5t tr\u00e1i Nh\u00e0u gi\u00fap b\u1ed5 sung nhi\u1ec1u vi ch\u1ea5t dinh d\u01b0\u1ee1ng c\u1ea7n thi\u1ebft cho s\u1ee9c kh\u1ecfe, hi\u1ec7u qu\u1ea3 t\u1ed1t h\u01a1n, t\u1ed1i \u01b0u nhi\u1ec1u c\u00f4ng n\u0103ng v\u00e0 ti\u1ec7n l\u1ee3i khi s\u1eed d\u1ee5ng.<\/p>\n<p>Tr\u00e1i Nh\u00e0u hay c\u00f2n c\u00f3 t\u00ean g\u1ecdi kh\u00e1c l\u00e0 Noni, v\u1edbi t\u00ean khoa h\u1ecdc l\u00e0 Morinda Citrifolia thu\u1ed9c h\u1ecd Caf\u00e9 \u0111\u00e3 \u0111\u01b0\u1ee3c \u0111\u01b0a v\u00e0o danh m\u1ee5c c\u00e2y thu\u1ed1c nam qu\u00fd gi\u00e1 gi\u00fap t\u0103ng c\u01b0\u1eddng s\u1ee9c kh\u1ecfe, h\u1ed7 tr\u1ee3 \u0111i\u1ec1u tr\u1ecb nhi\u1ec1u b\u1ec7nh.<\/p>\n<p>&nbsp;<\/p>\n<p>Ng\u00e0y nay, v\u1edbi c\u00f4ng ngh\u1ec7 hi\u1ec7n \u0111\u1ea1i c\u00f9ng \u0111\u1ed9i ng\u0169 chuy\u00ean vi\u00ean nghi\u00ean c\u1ee9u gi\u00e0u kinh nghi\u1ec7m ch\u00fang t\u00f4i \u0111\u00e3 chi\u1ebft xu\u1ea5t th\u00e0nh c\u00f4ng tinh ch\u1ea5t tr\u00e1i Nh\u00e0u gi\u00fap b\u1ed5 sung nhi\u1ec1u vi ch\u1ea5t dinh d\u01b0\u1ee1ng c\u1ea7n thi\u1ebft cho s\u1ee9c kh\u1ecfe, hi\u1ec7u qu\u1ea3 t\u1ed1t h\u01a1n, t\u1ed1i \u01b0u nhi\u1ec1u c\u00f4ng n\u0103ng v\u00e0 ti\u1ec7n l\u1ee3i khi s\u1eed d\u1ee5ng.<\/p>\n<p>&nbsp;<\/p>\n<p><strong>TH\u00c0NH PH\u1ea6N \u0110\u01af\u1ee2C CHI\u1ebeT XU\u00c1T T\u1eea:<\/strong><\/p>\n<ul>\n<li>Tr\u00e1i nh\u00e0u<\/li>\n<li>Hy thi\u00ean th\u1ea3o<\/li>\n<li>C\u1ecf ng\u1ecdt<\/li>\n<li>\u0110\u00e0o h\u1ed3ng<\/li>\n<\/ul>\n<p>&nbsp;<\/p>\n<p><strong>TINH CH\u1ea4T T\u1ed4NG H\u1ee2P TRONG D\u1ecaCH CHI\u00caT TR\u00c1I NH\u00c0U V\u00c0 HY THI\u00caM \u00a0C\u00d3 T\u00c1C D\u1ee4NG:<\/strong><\/p>\n<p>&#8211; T\u0103ng c\u01b0\u1eddng h\u1ec7 mi\u1ec5n d\u1ecbch, gi\u1ea3m c\u0103ng th\u1ea3ng m\u1ec7t m\u1ecfi, gi\u1ea3m \u0111au,h\u1ed7 tr\u1ee3 h\u1ec7 th\u1ea7n kinh,t\u0103ng c\u01b0\u1eddng sinh l\u00fd n\u1eef, c\u1ea3i thi\u1ec7n h\u1ec7 th\u1ea7n kinh.<\/p>\n<p>&#8211; Ho\u1ea1t ch\u1ea5t Polysaccharides v\u00e0 prosertonin cao g\u1ea5p 40 l\u1ea7n so v\u1edbi qu\u1ea3 d\u1ee9a, ch\u1ea5t n\u00e0y s\u1ebd k\u00edch th\u00edch s\u1ea3n xu\u1ea5t t\u1ebf b\u00e0o T c\u00f3 kh\u1ea3 n\u0103ng t\u0103ng c\u01b0\u1eddng h\u1ec7 mi\u1ec5n d\u1ecbch, gi\u1ea3m c\u00e1c ch\u1ee9ng b\u1ec7nh vi\u00eam c\u01a1, \u1ee9c ch\u1ebf c\u00e1c t\u1ebf b\u00e0o ung th\u01b0, ph\u00e1t tri\u1ec3n.<\/p>\n<p>&#8211; C\u1ee5 th\u1ec3: c\u1ed9ng nh\u00f3m ch\u1ea5t iridoids \u00a0chi\u1ebfm t\u1edbi 70% c\u00e1c ch\u1ea5t trong qu\u1ea3 nh\u00e0u.<\/p>\n<p>+ Iridois v\u00e0 Acubin \u00a0c\u00f3 t\u00e1c d\u1ee5ng \u1ee9c ch\u1ebf TNF \u2013alpha v\u00e0 interleukin, h\u1ea7u nh\u01b0 quy\u1ebft \u0111\u1ecbnh t\u00e1c d\u1ee5ng sinh h\u1ecdc c\u1ee7a tr\u00e1i nh\u00e0u,<\/p>\n<p>+ Ho\u1ea1t ch\u1ea5t Selenium \u00a0\u0111ang \u0111\u01b0\u1ee3c nghi\u00ean c\u1ee9u h\u1ed7 tr\u1ee3 \u0111i\u1ec1u tr\u1ecb ung th\u01b0. Theo L\u01b0\u01a1ng y Nguy\u1ec5n Minh \u0110\u1ee9c nghi\u00ean c\u1ee9u:<\/p>\n<p>+ Ch\u1ea5t gi\u1ea3m \u0111au scopnitin t\u1eeb tr\u00e1i nh\u00e0u t\u1ea1o ra ch\u1ea5t sinh h\u00f3a serotonin \u00a0ch\u1ed1ng l\u1ea1i c\u00e1c c\u01a1n \u0111au.<\/p>\n<p>+ Tr\u00e1i nh\u00e0u t\u0103ng c\u01b0\u1eddng cholesterol t\u1ed1t v\u00e0 b\u1edbt \u0111i c\u00e1c cholesterol x\u1ea5u l\u00e0m th\u00f4ng tho\u00e1ng c\u00e1c m\u1ea1ch m\u00e1u, b\u1ec1n th\u00e0nh m\u1ea1ch.<\/p>\n<p>&nbsp;<\/p>\n<p>GS. \u0110\u1ed7 T\u1ea5t L\u1ee3i c\u00f3 ghi: Trong Hy thi\u00eam c\u00f3 m\u1ed9t ch\u1ea5t \u0111\u1eafng g\u1ecdi l\u00e0 Darutin thu\u1ed9c d\u1eabn xu\u1ea5t c\u1ee7a Axit Salicylic\u201d. Ho\u1ea1t ch\u1ea5t n\u00e0y c\u00f3 \u0111\u1eb7c t\u00ednh gi\u1ea3m \u0111au, kh\u00e1ng vi\u00eam t\u1ea1i ch\u1ed7 r\u1ea5t m\u1ea1nh tr\u00ean c\u00e1c b\u1ec7nh l\u00fd x\u01b0\u01a1ng kh\u1edbp, trong \u0111\u00f3 c\u00f3 b\u1ec7nh g\u00fat.<\/p>\n<p>&nbsp;<\/p>\n<p>Nghi\u00ean c\u1ee9u d\u01b0\u1ee3c l\u00fd h\u1ecdc hi\u1ec7n \u0111\u1ea1i c\u0169ng nh\u1eadn th\u1ea5y, ho\u1ea1t ch\u1ea5t Darutin c\u00f9ng c\u00e1c ch\u1ea5t orientin, dimethylquercetin trong c\u00e2y Hy thi\u00eam c\u00f2n c\u00f3 t\u00e1c d\u1ee5ng th\u1ea3i tr\u1eeb axit uric trong m\u00e1u. M\u1ed9t nh\u00f3m nghi\u00ean c\u1ee9u t\u1ea1i Tr\u01b0\u1eddng \u0110\u1ea1i h\u1ecdc D\u01b0\u1ee3c H\u00e0 N\u1ed9i \u0111\u00e3 th\u1ef1c hi\u1ec7n \u0111\u1ec1 t\u00e0i \u201cNghi\u00ean c\u1ee9u t\u00e1c d\u1ee5ng tr\u00ean b\u1ec7nh g\u00fat th\u1ef1c nghi\u1ec7m c\u1ee7a c\u00e2y Hy thi\u00eam\u201d v\u00e0o th\u00e1ng 07\/2012 v\u00e0 cho k\u1ebft qu\u1ea3: Ch\u1ea5t \u0111\u1eafng Darutin trong c\u00e2y Hy thi\u00eam th\u1ec3 hi\u1ec7n kh\u1ea3 n\u0103ng \u1ee9c ch\u1ebf xathin oxidase (XO) gi\u00fap h\u1ea1 axit uric m\u00e1u tr\u00ean c\u1ea3 m\u00f4 h\u00ecnh g\u00e2y t\u0103ng axit c\u1ea5p v\u00e0 m\u1ea1n, nh\u01b0ng kh\u00f4ng \u1ea3nh h\u01b0\u1edfng \u0111\u1ebfn s\u1ef1 th\u1ea3i tr\u1eeb urat qua th\u1eadn.<\/p>\n<p>&nbsp;<\/p>\n<p>Nh\u1eadn \u0111\u1ecbnh gi\u00e1 tr\u1ecb ho\u1ea1t ch\u1ea5t Darutin trong \u1ee9ng d\u1ee5ng th\u1ef1c ti\u1ec5n v\u1edbi b\u1ec7nh g\u00fat, ThS. B\u00e1 Th\u1ecb Ch\u00e2m \u2013 Trung t\u00e2m Ph\u00e1t tri\u1ec3n C\u00f4ng ngh\u1ec7 cao, Vi\u1ec7n H\u00e0n l\u00e2m Khoa h\u1ecdc v\u00e0 C\u00f4ng ngh\u1ec7 Vi\u1ec7t Nam cho bi\u1ebft:\u00a0<i>\u201cTh\u1ef1c ch\u1ea5t c\u01a1 ch\u1ebf h\u1ea1 axit uric c\u1ee7a ho\u1ea1t ch\u1ea5t Darutin l\u00e0 \u1ee9c ch\u1ebf xanthin oxidase (XO) &#8211; m\u1ed9t enzym x\u00fac t\u00e1c cho ph\u1ea3n \u1ee9ng chuy\u1ec3n h\u00f3a xanthin trong c\u01a1 th\u1ec3 th\u00e0nh axit uric. Do \u0111\u00f3, c\u00e1c ch\u1ea5t \u1ee9c ch\u1ebf ho\u1ea1t \u0111\u1ed9ng c\u1ee7a enzym XO s\u1ebd \u0111\u00f3ng vai tr\u00f2 t\u00e1c \u0111\u1ed9ng t\u1eadn g\u1ed1c nguy\u00ean nh\u00e2n t\u0103ng axit uric g\u00e2y g\u00fat c\u1ea5p v\u00e0 m\u00e3n t\u00ednh.\u201d<\/i><\/p>\n<p>&nbsp;<\/p>\n<p><strong>H\u01af\u1edaNG D\u1eaaN S\u1eec D\u1ee4NG:<\/strong><\/p>\n<p>Ng\u00e0y d\u00f9ng 1-2 g\u00f3i tinh ch\u1ea5t pha v\u1edbi 150-200 ml n\u01b0\u1edbc \u00a0khu\u1ea5y \u0111\u1ec1u, c\u00f3 th\u1ec3 cho th\u00eam \u0111\u00e1 r\u1ed3i th\u01b0\u1edfng th\u1ee9c. Ngon h\u01a1n khi u\u1ed1ng l\u1ea1nh. M\u1ed7i ng\u00e0y d\u00f9ng 1-2 g\u00f3i. N\u00ean d\u00f9ng tr\u01b0\u1edbc khi \u0103n.<\/p>\n<\/div>\n<\/div>\n<div>\n<div>\n<h3 class=\"text-xl my-5 font-bold\">Th\u00f4ng s\u1ed1 k\u1ef9 thu\u1eadt<\/h3>\n<div>\n<div class=\"my-2 py-2\">Quy c\u00e1ch<span class=\"mlr-1\">:<\/span><span class=\"ml-1\">T\u00fai Stick 10 ml &#8211; H\u1ed9p 12 g\u00f3i<\/span><\/div>\n<div class=\"my-2 py-2\">H\u1ea1n s\u1eed d\u1ee5ng<span class=\"mlr-1\">:<\/span><span class=\"ml-1\">18 th\u00e1ng k\u1ec3 t\u1eeb ng\u00e0y s\u1ea3n xu\u1ea5t<\/span><\/div>\n<\/div>\n<\/div>\n<\/div>","protected":false},"featured_media":2880,"comment_status":"open","ping_status":"closed","template":"","meta":{"_acf_changed":false},"product_cat":[321,22,323],"product_tag":[],"class_list":{"0":"post-2878","1":"product","2":"type-product","3":"status-publish","4":"has-post-thumbnail","6":"product_cat-che","7":"product_cat-sanphamthucpham","8":"product_cat-san-pham-tra-tu-thuc-vat-khac","10":"first","11":"instock","12":"shipping-taxable","13":"product-type-simple"},"acf":[],"_links":{"self":[{"href":"https:\/\/b2c.fairs.vn\/en\/wp-json\/wp\/v2\/product\/2878","targetHints":{"allow":["GET"]}}],"collection":[{"href":"https:\/\/b2c.fairs.vn\/en\/wp-json\/wp\/v2\/product"}],"about":[{"href":"https:\/\/b2c.fairs.vn\/en\/wp-json\/wp\/v2\/types\/product"}],"replies":[{"embeddable":true,"href":"https:\/\/b2c.fairs.vn\/en\/wp-json\/wp\/v2\/comments?post=2878"}],"version-history":[{"count":0,"href":"https:\/\/b2c.fairs.vn\/en\/wp-json\/wp\/v2\/product\/2878\/revisions"}],"wp:featuredmedia":[{"embeddable":true,"href":"https:\/\/b2c.fairs.vn\/en\/wp-json\/wp\/v2\/media\/2880"}],"wp:attachment":[{"href":"https:\/\/b2c.fairs.vn\/en\/wp-json\/wp\/v2\/media?parent=2878"}],"wp:term":[{"taxonomy":"product_cat","embeddable":true,"href":"https:\/\/b2c.fairs.vn\/en\/wp-json\/wp\/v2\/product_cat?post=2878"},{"taxonomy":"product_tag","embeddable":true,"href":"https:\/\/b2c.fairs.vn\/en\/wp-json\/wp\/v2\/product_tag?post=2878"}],"curies":[{"name":"wp","href":"https:\/\/api.w.org\/{rel}","templated":true}]}}