{"id":2872,"date":"2024-03-19T08:13:01","date_gmt":"2024-03-19T08:13:01","guid":{"rendered":"https:\/\/b2c.fairs.vn\/?post_type=product&#038;p=2872"},"modified":"2024-04-04T17:02:14","modified_gmt":"2024-04-04T10:02:14","slug":"thuc-pham-bao-ve-suc-khoe-nano-nam-chaga-the-black-diamond","status":"publish","type":"product","link":"https:\/\/b2c.fairs.vn\/en\/product\/thuc-pham-bao-ve-suc-khoe-nano-nam-chaga-the-black-diamond\/","title":{"rendered":"Th\u1ef1c ph\u1ea9m b\u1ea3o v\u1ec7 s\u1ee9c kh\u1ecfe Nano N\u1ea5m Chaga \u2013 The Black Diamond"},"content":{"rendered":"<p>N\u1ea5m chaga l\u00e0 lo\u1ea1i n\u1ea5m k\u00fd sinh tr\u00ean m\u1ed9t s\u1ed1 c\u00e2y nh\u01b0ng ph\u1ed5 bi\u1ebfn l\u00e0 c\u00e2y b\u1ea1ch d\u01b0\u01a1ng. N\u1ea5m th\u01b0\u1eddng \u0111\u01b0\u1ee3c sinh tr\u01b0\u1edfng trong \u0111i\u1ec1u ki\u1ec7n th\u1eddi ti\u1ebft l\u1ea1nh c\u00f3 khi th\u1ea5p t\u1edbi -45 \u0111\u1ed9 C, ch\u1ea5t nh\u1ea7y c\u1ee7a n\u1ea5m l\u00fac n\u00e0y ti\u1ebft ra c\u00e0ng c\u00f3 gi\u00e1 tr\u1ecb h\u01a1n.<\/p>","protected":false},"excerpt":{"rendered":"<p>N\u1ea5m chaga l\u00e0 lo\u1ea1i n\u1ea5m k\u00fd sinh tr\u00ean m\u1ed9t s\u1ed1 c\u00e2y nh\u01b0ng ph\u1ed5 bi\u1ebfn l\u00e0 c\u00e2y b\u1ea1ch d\u01b0\u01a1ng. N\u1ea5m th\u01b0\u1eddng<\/p>","protected":false},"featured_media":2854,"comment_status":"open","ping_status":"closed","template":"","meta":{"_acf_changed":false},"product_cat":[332,333],"product_tag":[],"class_list":{"0":"post-2872","1":"product","2":"type-product","3":"status-publish","4":"has-post-thumbnail","6":"product_cat-san-pham-duoc-lieu-va-san-pham-tu-duoc-lieu","7":"product_cat-thuc-pham-chuc-nang-thuoc-duoc-lieu-thuoc-y-hoc-co-truyen","9":"first","10":"instock","11":"shipping-taxable","12":"purchasable","13":"product-type-simple"},"acf":[],"_links":{"self":[{"href":"https:\/\/b2c.fairs.vn\/en\/wp-json\/wp\/v2\/product\/2872","targetHints":{"allow":["GET"]}}],"collection":[{"href":"https:\/\/b2c.fairs.vn\/en\/wp-json\/wp\/v2\/product"}],"about":[{"href":"https:\/\/b2c.fairs.vn\/en\/wp-json\/wp\/v2\/types\/product"}],"replies":[{"embeddable":true,"href":"https:\/\/b2c.fairs.vn\/en\/wp-json\/wp\/v2\/comments?post=2872"}],"version-history":[{"count":0,"href":"https:\/\/b2c.fairs.vn\/en\/wp-json\/wp\/v2\/product\/2872\/revisions"}],"wp:featuredmedia":[{"embeddable":true,"href":"https:\/\/b2c.fairs.vn\/en\/wp-json\/wp\/v2\/media\/2854"}],"wp:attachment":[{"href":"https:\/\/b2c.fairs.vn\/en\/wp-json\/wp\/v2\/media?parent=2872"}],"wp:term":[{"taxonomy":"product_cat","embeddable":true,"href":"https:\/\/b2c.fairs.vn\/en\/wp-json\/wp\/v2\/product_cat?post=2872"},{"taxonomy":"product_tag","embeddable":true,"href":"https:\/\/b2c.fairs.vn\/en\/wp-json\/wp\/v2\/product_tag?post=2872"}],"curies":[{"name":"wp","href":"https:\/\/api.w.org\/{rel}","templated":true}]}}