{"id":2867,"date":"2024-03-19T08:12:08","date_gmt":"2024-03-19T08:12:08","guid":{"rendered":"https:\/\/b2c.fairs.vn\/?post_type=product&#038;p=2867"},"modified":"2024-04-04T17:01:53","modified_gmt":"2024-04-04T10:01:53","slug":"thuc-pham-bao-ve-suc-khoe-vicumax-mat-ong-nano-curcumin","status":"publish","type":"product","link":"https:\/\/b2c.fairs.vn\/en\/product\/thuc-pham-bao-ve-suc-khoe-vicumax-mat-ong-nano-curcumin\/","title":{"rendered":"Th\u1ef1c ph\u1ea9m b\u1ea3o v\u1ec7 s\u1ee9c kh\u1ecfe Vicumax M\u1eadt ong Nano Curcumin"},"content":{"rendered":"<p><strong>C\u00f4ng d\u1ee5ng:<\/strong><\/p>\n<p>Gi\u00fap ch\u1ed1ng oxy h\u00f3a. H\u1ed7 tr\u1ee3 l\u00e0m gi\u1ea3m c\u00e1c tri\u1ec7u ch\u1ee9ng vi\u00eam lo\u00e9t d\u1ea1 d\u00e0y, h\u00e0nh t\u00e1 tr\u00e0ng<\/p>\n<p><strong>\u0110\u1ed1i t\u01b0\u1ee3ng s\u1eed d\u1ee5ng:<\/strong><\/p>\n<p>Ng\u01b0\u1eddi c\u00f3 c\u00e1c tri\u1ec7u ch\u1ee9ng \u0111\u1ea7y b\u1ee5ng, \u0111au th\u01b0\u1ee3ng v\u1ecb, tr\u00e0o ng\u01b0\u1ee3c d\u1ea1 d\u00e0y, t\u00e1 tr\u00e0ng do vi\u00eam lo\u00e9t d\u1ea1 d\u00e0y, t\u00e1 tr\u00e0ng<\/p>","protected":false},"excerpt":{"rendered":"<p>C\u00f4ng d\u1ee5ng: Gi\u00fap ch\u1ed1ng oxy h\u00f3a. H\u1ed7 tr\u1ee3 l\u00e0m gi\u1ea3m c\u00e1c tri\u1ec7u ch\u1ee9ng vi\u00eam lo\u00e9t d\u1ea1 d\u00e0y, h\u00e0nh t\u00e1 tr\u00e0ng<\/p>","protected":false},"featured_media":2855,"comment_status":"open","ping_status":"closed","template":"","meta":{"_acf_changed":false},"product_cat":[332,333],"product_tag":[],"class_list":{"0":"post-2867","1":"product","2":"type-product","3":"status-publish","4":"has-post-thumbnail","6":"product_cat-san-pham-duoc-lieu-va-san-pham-tu-duoc-lieu","7":"product_cat-thuc-pham-chuc-nang-thuoc-duoc-lieu-thuoc-y-hoc-co-truyen","9":"first","10":"instock","11":"shipping-taxable","12":"purchasable","13":"product-type-simple"},"acf":[],"_links":{"self":[{"href":"https:\/\/b2c.fairs.vn\/en\/wp-json\/wp\/v2\/product\/2867","targetHints":{"allow":["GET"]}}],"collection":[{"href":"https:\/\/b2c.fairs.vn\/en\/wp-json\/wp\/v2\/product"}],"about":[{"href":"https:\/\/b2c.fairs.vn\/en\/wp-json\/wp\/v2\/types\/product"}],"replies":[{"embeddable":true,"href":"https:\/\/b2c.fairs.vn\/en\/wp-json\/wp\/v2\/comments?post=2867"}],"version-history":[{"count":0,"href":"https:\/\/b2c.fairs.vn\/en\/wp-json\/wp\/v2\/product\/2867\/revisions"}],"wp:featuredmedia":[{"embeddable":true,"href":"https:\/\/b2c.fairs.vn\/en\/wp-json\/wp\/v2\/media\/2855"}],"wp:attachment":[{"href":"https:\/\/b2c.fairs.vn\/en\/wp-json\/wp\/v2\/media?parent=2867"}],"wp:term":[{"taxonomy":"product_cat","embeddable":true,"href":"https:\/\/b2c.fairs.vn\/en\/wp-json\/wp\/v2\/product_cat?post=2867"},{"taxonomy":"product_tag","embeddable":true,"href":"https:\/\/b2c.fairs.vn\/en\/wp-json\/wp\/v2\/product_tag?post=2867"}],"curies":[{"name":"wp","href":"https:\/\/api.w.org\/{rel}","templated":true}]}}