{"id":2865,"date":"2024-03-19T08:12:16","date_gmt":"2024-03-19T08:12:16","guid":{"rendered":"https:\/\/b2c.fairs.vn\/?post_type=product&#038;p=2865"},"modified":"2024-03-26T11:16:02","modified_gmt":"2024-03-26T04:16:02","slug":"sakata","status":"publish","type":"product","link":"https:\/\/b2c.fairs.vn\/en\/product\/sakata\/","title":{"rendered":"SAKATA"},"content":{"rendered":"<div>\n<div>\n<p><strong>Tr\u1eafng da &#8211; Tr\u1ebb h\u00f3a &#8211; Gi\u1ea3m c\u00e2n<\/strong><\/p>\n<p>&nbsp;<\/p>\n<p><strong>TH\u00c0NH PH\u1ea6N \u0110\u01af\u1ee2C CHI\u1ebeT XU\u1ea4T T\u1eea:<\/strong><\/p>\n<p>&#8211; C\u1ea7n t\u00e2y, \u0110\u01b0\u01a1ng quy, \u0110an s\u00e2m, n\u1ea5m Linh chi, \u0110\u00f4ng tr\u00f9ng h\u1ea1 th\u1ea3o, C\u1ecf ng\u1ecdt,ngo\u00e0i ra c\u00f2n k\u1ebft h\u1ee3p th\u00eam c\u00e1c ho\u1ea1t ch\u1ea5t si\u00eau ph\u1ea9m trong ng\u00e0nh l\u00e0m \u0111\u1eb9p nh\u01b0.<\/p>\n<p>&#8211; Hyaluronic acid HA,Glutathione, Collagen, ch\u1ea5t \u1ed5n \u0111\u1ecbnh (Xanthangum), ch\u1ea5t b\u1ea3o qu\u1ea3n ( kali sordbat ), h\u01b0\u01a1ng th\u01a1m v\u00e0 n\u01b0\u1edbc tinh khi\u1ebft v\u1eeba \u0111\u1ee7 cho 1 g\u00f3i 10 gam<\/p>\n<p>&nbsp;<\/p>\n<p><strong>T\u00c1C D\u1ee4NG:<\/strong><\/p>\n<p>C\u00e1c ho\u1ea1t ch\u1ea5t ch\u1ed1ng oxy h\u00f3a flavonoid v\u00e0 coumarin trong c\u1ea7n t\u00e2y k\u00edch th\u00edch qu\u00e1 tr\u00ecnh t\u1ea1o ra t\u1ebf b\u00e0o da m\u1edbi, ph\u1ee5c h\u1ed3i th\u01b0\u01a1ng t\u1ed5n \u1edf da v\u00e0 duy tr\u00ec m\u1ee9c collagen t\u1ef1 nhi\u00ean, nu\u00f4i d\u01b0\u1ee1ng t\u1eeb s\u00e2u b\u00ean trong gi\u00fap da s\u00e1ng v\u00e0 c\u0103ng m\u1ecbn h\u01a1n. \u0110\u1ed3ng th\u1eddi axit hydrochloric s\u1ebd gi\u00fap ti\u00eau h\u00f3a t\u1ed1t h\u01a1n, ph\u00e1 v\u1ee1 ch\u1ea5t \u0111\u1ea1m (protein) c\u0169, t\u1eeb \u0111\u00f3 ch\u1ec9 s\u1ed1 m\u1ee1 c\u1ee7a c\u01a1 th\u1ec3 gi\u1ea3m r\u00f5 r\u1ec7t.<\/p>\n<p>&nbsp;<\/p>\n<p>Tinh d\u1ea7u axit ferulic m\u1ed9t trong nh\u1eefng ho\u1ea1t ch\u1ea5t qu\u00fd c\u00f3 trong S\u00e2m \u0111\u01b0\u01a1ng quy gi\u00fap t\u0103ng c\u01b0\u1eddng ho\u1ea1t huy\u1ebft tr\u00ean da, nu\u00f4i d\u01b0\u1ee1ng t\u1ebf b\u00e0o da, ch\u1ed1ng tia UV, l\u00e0m gi\u1ea3m t\u00ecnh tr\u1ea1ng kh\u00f4 n\u1ee9t, l\u00e0m tr\u1eafng, gi\u00fap l\u00e0n da lu\u00f4n kh\u1ecfe \u0111\u1eb9p \u2013 h\u1ed3ng h\u00e0o t\u01b0\u01a1i t\u1eafn.<\/p>\n<p>&nbsp;<\/p>\n<p>N\u1ea5m Linh chi \u0111\u1ecf v\u1edbi h\u00e0m l\u01b0\u1ee3ng l\u1edbn axit ganodemin v\u00e0 adennosine gi\u00fap t\u1ebf b\u00e0o h\u1ea5p th\u1ee5 oxy t\u1ed1t h\u01a1n, \u1ee9c ch\u1ebf s\u1ef1 ph\u00e1t tri\u1ec3n c\u1ee7a t\u1ebf b\u00e0o l\u1ea1; \u0111\u1ed3ng th\u1eddi t\u0103ng c\u01b0\u1eddng mi\u1ec5n d\u1ecbch cho c\u01a1 th\u1ec3. \u0110\u1eb7c bi\u1ec7t, nh\u1edd v\u00e0o ch\u1ea5t polysaccharide c\u00f3 kh\u1ea3 n\u0103ng ch\u1ed1ng l\u1ea1i t\u1ebf b\u00e0o ung th\u01b0, ch\u1ed1ng oxy h\u00f3a r\u1ea5t cao.<\/p>\n<p>&nbsp;<\/p>\n<p>Cordycepin,v\u00e0 adenosine, l\u00e0 2 th\u00e0nh ph\u1ea7n ch\u00ednh c\u00f3 ch\u1ee9a trong \u0111\u00f4ng tr\u00f9ng h\u1ea1 th\u1ea3o c\u0169ng l\u00e0 m\u1ed9t th\u00e0nh ph\u1ea7n quan tr\u1ecdng. \u0110\u00e2y l\u00e0 ho\u1ea1t ch\u1ea5t \u0111\u00f3ng vai tr\u00f2 \u0111\u1eb7c bi\u1ec7t \u0111\u1ed1i v\u1edbi qu\u00e1 tr\u00ecnh sinh ho\u00e1 c\u1ee7a m\u1ecdi t\u1ebf b\u00e0o c\u01a1 th\u1ec3, th\u00fac \u0111\u1ea9y l\u01b0u th\u00f4ng m\u00e1u \u0111\u1ebfn b\u1ec1 m\u1eb7t da. \u0110\u00e1nh th\u1ee9c h\u1ec7 th\u1ea7n kinh, gi\u1ea3i t\u1ecfa c\u0103ng th\u1eb3ng v\u00e0 ng\u1ee7 ngon h\u01a1n, tr\u00e1nh t\u00ecnh tr\u1ea1ng nh\u0103n v\u00e0 s\u1ea1m da.<\/p>\n<p>&nbsp;<\/p>\n<p>Tanshinone trong nh\u00f3m h\u1ee3p ch\u1ea5t axit ferulic c\u00f3 trong \u0110an s\u00e2m gi\u00fap ng\u0103n ng\u1eeba x\u01a1 v\u1eefa \u0111\u1ed9ng m\u1ea1ch c\u0169ng nh\u01b0 t\u1ed5n th\u01b0\u01a1ng tim v\u00e0 c\u01a1 tim ph\u00ec \u0111\u1ea1i, gi\u1ea3m nh\u1ed3i m\u00e1u c\u01a1 tim c\u1ea5p t\u00ednh, k\u00edch th\u01b0\u1edbc v\u00f9ng thi\u1ebfu m\u00e1u m\u1ea5t \u0111i ho\u1eb7c gi\u1ea3m \u0111\u00e1ng k\u1ec3.<\/p>\n<p>&nbsp;<\/p>\n<p>Hyaluronic ho\u1ea1t \u0111\u1ed9ng nh\u01b0 ch\u1ea5t gi\u1eef \u1ea9m v\u00e0 gi\u1eef c\u00e1c ph\u00e2n t\u1eed n\u01b0\u1edbc tr\u00ean b\u1ec1 m\u1eb7t da. K\u1ebft h\u1ee3p v\u1edbi- g\u1edd lu ta thi \u00f4ng \u0111\u01b0\u1ee3c xem nh\u01b0 m\u1ed9t chi\u1ebfn binh b\u1ea3o v\u1ec7 c\u00e1c t\u1ebf b\u00e0o. B\u1eb1ng c\u00e1ch ch\u1ed1ng l\u1ea1i thi\u1ec7t h\u1ea1i b\u1ee9c x\u1ea1 c\u00f3 th\u1ec3 x\u1ea3y ra \u1edf da, v\u00f5ng m\u1ea1c, gi\u00e1c m\u1ea1c. Glutathione gi\u00fap l\u00e0m tr\u00ec ho\u00e3n c\u00e1c d\u1ea5u hi\u1ec7u l\u00e3o h\u00f3a. c\u1ea3i thi\u1ec7n t\u00ecnh tr\u1ea1ng da, gi\u1ea3m nh\u0103n, t\u0103ng \u0111\u1ed9 \u0111\u00e0n h\u1ed3i.<\/p>\n<p>&nbsp;<\/p>\n<p>B\u00ean c\u1ea1nh \u0111\u00f3, c\u00e1c d\u01b0\u1ee1ng ch\u1ea5t kh\u00e1c c\u00f3 trong s\u1ea3n ph\u1ea9m c\u00f2n c\u00f3 t\u00e1c d\u1ee5ng k\u00edch th\u00edch s\u1ea3n sinh estrogen t\u1ef1 nhi\u00ean, gi\u00fap c\u00e2n b\u1eb1ng n\u1ed9i ti\u1ebft t\u1ed1, gi\u1ea3m t\u00ecnh tr\u1ea1ng h\u1ed9i ch\u1ee9ng ti\u1ec1n kinh nguy\u1ec7t,\u00a0 \u0111\u1eb7c bi\u1ec7t l\u00e0 c\u1ea3i thi\u1ec7n qu\u00e1 tr\u00ecnh l\u01b0u th\u00f4ng m\u00e1u \u0111\u1ebfn c\u01a1 quan sinh d\u1ee5c nh\u1edd v\u1eady gi\u00fap t\u0103ng c\u01b0\u1eddng sinh l\u00fd, t\u0103ng c\u01b0\u1eddng sinh l\u1ef1c, h\u1ed3i ph\u1ee5c tu\u1ed5i thanh xu\u00e2n.<\/p>\n<p>&nbsp;<\/p>\n<p><strong>H\u01af\u1edaNG D\u1eaaN S\u1eec D\u1ee4NG:<\/strong><\/p>\n<p>Ng\u00e0y d\u00f9ng 1 g\u00f3i tinh ch\u1ea5t pha v\u1edbi 150 ml n\u01b0\u1edbc khu\u1ea5y \u0111\u1ec1u, c\u00f3 th\u1ec3 cho th\u00eam \u0111\u00e1 r\u1ed3i th\u01b0\u1edfng th\u1ee9c. Ngon h\u01a1n khi u\u1ed1ng l\u1ea1nh. N\u00ean d\u00f9ng tr\u01b0\u1edbc khi \u0103n 30 ph\u00fat.<\/p>\n<\/div>\n<\/div>\n<div>\n<div>\n<h3 class=\"text-xl my-5 font-bold\">Th\u00f4ng s\u1ed1 k\u1ef9 thu\u1eadt<\/h3>\n<div>\n<div class=\"my-2 py-2\">Quy c\u00e1ch<span class=\"mlr-1\">:<\/span><span class=\"ml-1\">H\u1ed9p 20 g\u00f3i x 10 gam<\/span><\/div>\n<div class=\"my-2 py-2\">H\u1ea1n s\u1eed d\u1ee5ng<span class=\"mlr-1\">:<\/span><span class=\"ml-1\">24 th\u00e1ng k\u1ec3 t\u1eeb ng\u00e0y s\u1ea3n xu\u1ea5t<\/span><\/div>\n<\/div>\n<\/div>\n<\/div>","protected":false},"excerpt":{"rendered":"<div>\n<div>\n<p><strong>Tr\u1eafng da &#8211; Tr\u1ebb h\u00f3a &#8211; Gi\u1ea3m c\u00e2n<\/strong><\/p>\n<p>&nbsp;<\/p>\n<p><strong>TH\u00c0NH PH\u1ea6N \u0110\u01af\u1ee2C CHI\u1ebeT XU\u1ea4T T\u1eea:<\/strong><\/p>\n<p>&#8211; C\u1ea7n t\u00e2y, \u0110\u01b0\u01a1ng quy, \u0110an s\u00e2m, n\u1ea5m Linh chi, \u0110\u00f4ng tr\u00f9ng h\u1ea1 th\u1ea3o, C\u1ecf ng\u1ecdt,ngo\u00e0i ra c\u00f2n k\u1ebft h\u1ee3p th\u00eam c\u00e1c ho\u1ea1t ch\u1ea5t si\u00eau ph\u1ea9m trong ng\u00e0nh l\u00e0m \u0111\u1eb9p nh\u01b0.<\/p>\n<p>&#8211; Hyaluronic acid HA,Glutathione, Collagen, ch\u1ea5t \u1ed5n \u0111\u1ecbnh (Xanthangum), ch\u1ea5t b\u1ea3o qu\u1ea3n ( kali sordbat ), h\u01b0\u01a1ng th\u01a1m v\u00e0 n\u01b0\u1edbc tinh khi\u1ebft v\u1eeba \u0111\u1ee7 cho 1 g\u00f3i 10 gam<\/p>\n<p>&nbsp;<\/p>\n<p><strong>T\u00c1C D\u1ee4NG:<\/strong><\/p>\n<p>C\u00e1c ho\u1ea1t ch\u1ea5t ch\u1ed1ng oxy h\u00f3a flavonoid v\u00e0 coumarin trong c\u1ea7n t\u00e2y k\u00edch th\u00edch qu\u00e1 tr\u00ecnh t\u1ea1o ra t\u1ebf b\u00e0o da m\u1edbi, ph\u1ee5c h\u1ed3i th\u01b0\u01a1ng t\u1ed5n \u1edf da v\u00e0 duy tr\u00ec m\u1ee9c collagen t\u1ef1 nhi\u00ean, nu\u00f4i d\u01b0\u1ee1ng t\u1eeb s\u00e2u b\u00ean trong gi\u00fap da s\u00e1ng v\u00e0 c\u0103ng m\u1ecbn h\u01a1n. \u0110\u1ed3ng th\u1eddi axit hydrochloric s\u1ebd gi\u00fap ti\u00eau h\u00f3a t\u1ed1t h\u01a1n, ph\u00e1 v\u1ee1 ch\u1ea5t \u0111\u1ea1m (protein) c\u0169, t\u1eeb \u0111\u00f3 ch\u1ec9 s\u1ed1 m\u1ee1 c\u1ee7a c\u01a1 th\u1ec3 gi\u1ea3m r\u00f5 r\u1ec7t.<\/p>\n<p>&nbsp;<\/p>\n<p>Tinh d\u1ea7u axit ferulic m\u1ed9t trong nh\u1eefng ho\u1ea1t ch\u1ea5t qu\u00fd c\u00f3 trong S\u00e2m \u0111\u01b0\u01a1ng quy gi\u00fap t\u0103ng c\u01b0\u1eddng ho\u1ea1t huy\u1ebft tr\u00ean da, nu\u00f4i d\u01b0\u1ee1ng t\u1ebf b\u00e0o da, ch\u1ed1ng tia UV, l\u00e0m gi\u1ea3m t\u00ecnh tr\u1ea1ng kh\u00f4 n\u1ee9t, l\u00e0m tr\u1eafng, gi\u00fap l\u00e0n da lu\u00f4n kh\u1ecfe \u0111\u1eb9p \u2013 h\u1ed3ng h\u00e0o t\u01b0\u01a1i t\u1eafn.<\/p>\n<p>&nbsp;<\/p>\n<p>N\u1ea5m Linh chi \u0111\u1ecf v\u1edbi h\u00e0m l\u01b0\u1ee3ng l\u1edbn axit ganodemin v\u00e0 adennosine gi\u00fap t\u1ebf b\u00e0o h\u1ea5p th\u1ee5 oxy t\u1ed1t h\u01a1n, \u1ee9c ch\u1ebf s\u1ef1 ph\u00e1t tri\u1ec3n c\u1ee7a t\u1ebf b\u00e0o l\u1ea1; \u0111\u1ed3ng th\u1eddi t\u0103ng c\u01b0\u1eddng mi\u1ec5n d\u1ecbch cho c\u01a1 th\u1ec3. \u0110\u1eb7c bi\u1ec7t, nh\u1edd v\u00e0o ch\u1ea5t polysaccharide c\u00f3 kh\u1ea3 n\u0103ng ch\u1ed1ng l\u1ea1i t\u1ebf b\u00e0o ung th\u01b0, ch\u1ed1ng oxy h\u00f3a r\u1ea5t cao.<\/p>\n<p>&nbsp;<\/p>\n<p>Cordycepin,v\u00e0 adenosine, l\u00e0 2 th\u00e0nh ph\u1ea7n ch\u00ednh c\u00f3 ch\u1ee9a trong \u0111\u00f4ng tr\u00f9ng h\u1ea1 th\u1ea3o c\u0169ng l\u00e0 m\u1ed9t th\u00e0nh ph\u1ea7n quan tr\u1ecdng. \u0110\u00e2y l\u00e0 ho\u1ea1t ch\u1ea5t \u0111\u00f3ng vai tr\u00f2 \u0111\u1eb7c bi\u1ec7t \u0111\u1ed1i v\u1edbi qu\u00e1 tr\u00ecnh sinh ho\u00e1 c\u1ee7a m\u1ecdi t\u1ebf b\u00e0o c\u01a1 th\u1ec3, th\u00fac \u0111\u1ea9y l\u01b0u th\u00f4ng m\u00e1u \u0111\u1ebfn b\u1ec1 m\u1eb7t da. \u0110\u00e1nh th\u1ee9c h\u1ec7 th\u1ea7n kinh, gi\u1ea3i t\u1ecfa c\u0103ng th\u1eb3ng v\u00e0 ng\u1ee7 ngon h\u01a1n, tr\u00e1nh t\u00ecnh tr\u1ea1ng nh\u0103n v\u00e0 s\u1ea1m da.<\/p>\n<p>&nbsp;<\/p>\n<p>Tanshinone trong nh\u00f3m h\u1ee3p ch\u1ea5t axit ferulic c\u00f3 trong \u0110an s\u00e2m gi\u00fap ng\u0103n ng\u1eeba x\u01a1 v\u1eefa \u0111\u1ed9ng m\u1ea1ch c\u0169ng nh\u01b0 t\u1ed5n th\u01b0\u01a1ng tim v\u00e0 c\u01a1 tim ph\u00ec \u0111\u1ea1i, gi\u1ea3m nh\u1ed3i m\u00e1u c\u01a1 tim c\u1ea5p t\u00ednh, k\u00edch th\u01b0\u1edbc v\u00f9ng thi\u1ebfu m\u00e1u m\u1ea5t \u0111i ho\u1eb7c gi\u1ea3m \u0111\u00e1ng k\u1ec3.<\/p>\n<p>&nbsp;<\/p>\n<p>Hyaluronic ho\u1ea1t \u0111\u1ed9ng nh\u01b0 ch\u1ea5t gi\u1eef \u1ea9m v\u00e0 gi\u1eef c\u00e1c ph\u00e2n t\u1eed n\u01b0\u1edbc tr\u00ean b\u1ec1 m\u1eb7t da. K\u1ebft h\u1ee3p v\u1edbi- g\u1edd lu ta thi \u00f4ng \u0111\u01b0\u1ee3c xem nh\u01b0 m\u1ed9t chi\u1ebfn binh b\u1ea3o v\u1ec7 c\u00e1c t\u1ebf b\u00e0o. B\u1eb1ng c\u00e1ch ch\u1ed1ng l\u1ea1i thi\u1ec7t h\u1ea1i b\u1ee9c x\u1ea1 c\u00f3 th\u1ec3 x\u1ea3y ra \u1edf da, v\u00f5ng m\u1ea1c, gi\u00e1c m\u1ea1c. Glutathione gi\u00fap l\u00e0m tr\u00ec ho\u00e3n c\u00e1c d\u1ea5u hi\u1ec7u l\u00e3o h\u00f3a. c\u1ea3i thi\u1ec7n t\u00ecnh tr\u1ea1ng da, gi\u1ea3m nh\u0103n, t\u0103ng \u0111\u1ed9 \u0111\u00e0n h\u1ed3i.<\/p>\n<p>&nbsp;<\/p>\n<p>B\u00ean c\u1ea1nh \u0111\u00f3, c\u00e1c d\u01b0\u1ee1ng ch\u1ea5t kh\u00e1c c\u00f3 trong s\u1ea3n ph\u1ea9m c\u00f2n c\u00f3 t\u00e1c d\u1ee5ng k\u00edch th\u00edch s\u1ea3n sinh estrogen t\u1ef1 nhi\u00ean, gi\u00fap c\u00e2n b\u1eb1ng n\u1ed9i ti\u1ebft t\u1ed1, gi\u1ea3m t\u00ecnh tr\u1ea1ng h\u1ed9i ch\u1ee9ng ti\u1ec1n kinh nguy\u1ec7t,\u00a0 \u0111\u1eb7c bi\u1ec7t l\u00e0 c\u1ea3i thi\u1ec7n qu\u00e1 tr\u00ecnh l\u01b0u th\u00f4ng m\u00e1u \u0111\u1ebfn c\u01a1 quan sinh d\u1ee5c nh\u1edd v\u1eady gi\u00fap t\u0103ng c\u01b0\u1eddng sinh l\u00fd, t\u0103ng c\u01b0\u1eddng sinh l\u1ef1c, h\u1ed3i ph\u1ee5c tu\u1ed5i thanh xu\u00e2n.<\/p>\n<p>&nbsp;<\/p>\n<p><strong>H\u01af\u1edaNG D\u1eaaN S\u1eec D\u1ee4NG:<\/strong><\/p>\n<p>Ng\u00e0y d\u00f9ng 1 g\u00f3i tinh ch\u1ea5t pha v\u1edbi 150 ml n\u01b0\u1edbc khu\u1ea5y \u0111\u1ec1u, c\u00f3 th\u1ec3 cho th\u00eam \u0111\u00e1 r\u1ed3i th\u01b0\u1edfng th\u1ee9c. Ngon h\u01a1n khi u\u1ed1ng l\u1ea1nh. N\u00ean d\u00f9ng tr\u01b0\u1edbc khi \u0103n 30 ph\u00fat.<\/p>\n<\/div>\n<\/div>\n<div>\n<div>\n<h3 class=\"text-xl my-5 font-bold\">Th\u00f4ng s\u1ed1 k\u1ef9 thu\u1eadt<\/h3>\n<div>\n<div class=\"my-2 py-2\">Quy c\u00e1ch<span class=\"mlr-1\">:<\/span><span class=\"ml-1\">H\u1ed9p 20 g\u00f3i x 10 gam<\/span><\/div>\n<div class=\"my-2 py-2\">H\u1ea1n s\u1eed d\u1ee5ng<span class=\"mlr-1\">:<\/span><span class=\"ml-1\">24 th\u00e1ng k\u1ec3 t\u1eeb ng\u00e0y s\u1ea3n xu\u1ea5t<\/span><\/div>\n<\/div>\n<\/div>\n<\/div>","protected":false},"featured_media":2868,"comment_status":"open","ping_status":"closed","template":"","meta":{"_acf_changed":false},"product_cat":[321,22,323],"product_tag":[],"class_list":{"0":"post-2865","1":"product","2":"type-product","3":"status-publish","4":"has-post-thumbnail","6":"product_cat-che","7":"product_cat-sanphamthucpham","8":"product_cat-san-pham-tra-tu-thuc-vat-khac","10":"first","11":"instock","12":"shipping-taxable","13":"product-type-simple"},"acf":[],"_links":{"self":[{"href":"https:\/\/b2c.fairs.vn\/en\/wp-json\/wp\/v2\/product\/2865","targetHints":{"allow":["GET"]}}],"collection":[{"href":"https:\/\/b2c.fairs.vn\/en\/wp-json\/wp\/v2\/product"}],"about":[{"href":"https:\/\/b2c.fairs.vn\/en\/wp-json\/wp\/v2\/types\/product"}],"replies":[{"embeddable":true,"href":"https:\/\/b2c.fairs.vn\/en\/wp-json\/wp\/v2\/comments?post=2865"}],"version-history":[{"count":0,"href":"https:\/\/b2c.fairs.vn\/en\/wp-json\/wp\/v2\/product\/2865\/revisions"}],"wp:featuredmedia":[{"embeddable":true,"href":"https:\/\/b2c.fairs.vn\/en\/wp-json\/wp\/v2\/media\/2868"}],"wp:attachment":[{"href":"https:\/\/b2c.fairs.vn\/en\/wp-json\/wp\/v2\/media?parent=2865"}],"wp:term":[{"taxonomy":"product_cat","embeddable":true,"href":"https:\/\/b2c.fairs.vn\/en\/wp-json\/wp\/v2\/product_cat?post=2865"},{"taxonomy":"product_tag","embeddable":true,"href":"https:\/\/b2c.fairs.vn\/en\/wp-json\/wp\/v2\/product_tag?post=2865"}],"curies":[{"name":"wp","href":"https:\/\/api.w.org\/{rel}","templated":true}]}}