{"id":2860,"date":"2024-03-19T08:10:49","date_gmt":"2024-03-19T08:10:49","guid":{"rendered":"https:\/\/b2c.fairs.vn\/?post_type=product&#038;p=2860"},"modified":"2024-03-26T13:30:56","modified_gmt":"2024-03-26T06:30:56","slug":"nuoc-ep-rau-ma-tuoi-khong-duong","status":"publish","type":"product","link":"https:\/\/b2c.fairs.vn\/en\/product\/nuoc-ep-rau-ma-tuoi-khong-duong\/","title":{"rendered":"N\u01b0\u1edbc \u00e9p rau m\u00e1 t\u01b0\u01a1i kh\u00f4ng \u0111\u01b0\u1eddng"},"content":{"rendered":"<div>\n<div>\n<p><i><strong>Rau m\u00e1 l\u00e0 th\u1ef1c ph\u1ea9m t\u1ed1t cho s\u1ee9c kh\u1ecfe, ch\u1eefa \u0111\u01b0\u1ee3c nhi\u1ec1u b\u1ec7nh nh\u01b0 \u00a0ho, s\u1ed1t, c\u1ea3m c\u00fam, xu\u1ea5t huy\u1ebft, r\u00f4m x\u1ea9y\u2026 tuy nhi\u00ean l\u1ea1i c\u00f3 kh\u00f4ng \u00edt ng\u01b0\u1eddi \u0103n \u0111\u01b0\u1ee3c rau m\u00e1. \u0110\u1ec3 kh\u00f4ng b\u1ecf qua th\u1ef1c ph\u1ea9m nhi\u1ec1u c\u00f4ng d\u1ee5ng n\u00e0y, Ng\u1ecdc Anh \u0111\u00e3 s\u1ea3n xu\u1ea5t ra n\u01b0\u1edbc rau m\u00e1 \u0111\u00f3ng chai, v\u1eeba gi\u1eef \u0111\u01b0\u1ee3c gi\u00e1 tr\u1ecb dinh d\u01b0\u1ee1ng v\u1eeba mang l\u1ea1i s\u1ef1 ti\u1ec7n d\u1ee5ng cho m\u1ecdi ng\u01b0\u1eddi. \u0110\u1ecdc ti\u1ebfp b\u00e0i vi\u1ebft \u0111\u1ec3 hi\u1ec3u th\u00eam v\u1ec1 n\u01b0\u1edbc rau m\u00e1 kh\u00f4ng \u0111\u01b0\u1eddng nh\u00e9!<\/strong><\/i><\/p>\n<p>Rau m\u00e1 l\u00e0 th\u1ef1c ph\u1ea9m t\u1ed1t cho s\u1ee9c kh\u1ecfe, ch\u1eefa \u0111\u01b0\u1ee3c nhi\u1ec1u b\u1ec7nh nh\u01b0 ho, s\u1ed1t, c\u1ea3m c\u00fam, xu\u1ea5t huy\u1ebft, r\u00f4m x\u1ea9y\u2026 Tuy nhi\u00ean l\u1ea1i c\u00f3 kh\u00f4ng \u00edt ng\u01b0\u1eddi \u0103n \u0111\u01b0\u1ee3c rau m\u00e1. \u0110\u1ec3 kh\u00f4ng b\u1ecf qua th\u1ef1c ph\u1ea9m nhi\u1ec1u c\u00f4ng d\u1ee5ng n\u00e0y, Ng\u1ecdc Anh \u0111\u00e3 s\u1ea3n xu\u1ea5t ra n\u01b0\u1edbc \u00e9p rau m\u00e1 kh\u00f4ng \u0111\u01b0\u1eddng \u0111\u00f3ng chai. S\u1ea3n ph\u1ea9m v\u1eeba gi\u1eef \u0111\u01b0\u1ee3c gi\u00e1 tr\u1ecb dinh d\u01b0\u1ee1ng v\u1eeba mang l\u1ea1i s\u1ef1 ti\u1ec7n d\u1ee5ng cho m\u1ecdi ng\u01b0\u1eddi. \u0110\u1ecdc ti\u1ebfp b\u00e0i vi\u1ebft d\u01b0\u1edbi \u0111\u00e2y \u0111\u1ec3 hi\u1ec3u th\u00eam v\u1ec1 n\u01b0\u1edbc rau m\u00e1 kh\u00f4ng \u0111\u01b0\u1eddng nh\u00e9!<\/p>\n<p><strong>Gi\u00e1 tr\u1ecb dinh d\u01b0\u1ee1ng trong 100ml:\u00a0<\/strong><\/p>\n<p>Th\u00e0nh ph\u1ea7n ch\u00ednh trong chai n\u01b0\u1edbc rau m\u00e1 l\u00e0 n\u01b0\u1edbc rau m\u00e1 t\u01b0\u01a1i nguy\u00ean ch\u1ea5t \u2013 rau m\u00e1 \u0111\u01b0\u1ee3c tr\u1ed3ng t\u1ea1i v\u01b0\u1eddn theo ti\u00eau chu\u1ea9n VietGap. Ngo\u00e0i ra, n\u00f3 c\u00f2n ch\u1ee9a nhi\u1ec1u ch\u1ea5t dinh d\u01b0\u1ee1ng c\u00f9ng h\u00e0m l\u01b0\u1ee3ng Vitamin cao.<\/p>\n<p>\u2013 N\u0103ng l\u01b0\u1ee3ng\/Enery: \u2265 15 (kcal)<br \/>\n\u2013 Ch\u1ea5t \u0111\u1ea1m\/Protein: \u2265 2.5 (%)<br \/>\n\u2013 Vitamin C: \u2265 20 (mg)<br \/>\n\u2013 Vitamin B1: \u2265 0.06 (mg)<br \/>\n\u2013 Calcium: \u2265 200 (mg)<br \/>\n\u2013 Phospho: \u2265 1.0 (mg)<br \/>\n\u2013 S\u1eaft: \u2265 2.0 (mg)<\/p>\n<h3><strong>C\u00f4ng d\u1ee5ng c\u1ee7a n\u01b0\u1edbc rau m\u00e1:<\/strong><\/h3>\n<p>Rau m\u00e1 \u0111\u01b0\u1ee3c bi\u1ebft \u0111\u1ebfn l\u00e0 th\u1ee9c u\u1ed1ng c\u00f3 nhi\u1ec1u t\u00e1c d\u1ee5ng:<\/p>\n<ul>\n<li>Thanh nhi\u1ec7t, thanh l\u1ecdc c\u01a1 th\u1ec3, l\u00e0m \u0111\u1eb9p da<\/li>\n<li>Gi\u1ea3i \u0111\u1ed9c, h\u1ea1 s\u1ed1t.<\/li>\n<li>C\u1ea3i thi\u1ec7n tr\u00ed nh\u1edb v\u00e0 th\u1ecb l\u1ef1c<\/li>\n<li>Gi\u1ea3m c\u0103ng th\u1eb3ng, m\u1ec7t m\u1ecfi<\/li>\n<li>Ch\u1eefa l\u00e0nh v\u1ebft th\u01b0\u01a1ng, li\u1ec1n s\u1eb9o<\/li>\n<li>H\u1ed7 tr\u1ee3, c\u1ea3i thi\u1ec7n h\u1ec7 ti\u00eau ho\u00e1<\/li>\n<li>Gi\u1ea3m stress v\u00e0 c\u0103ng th\u1eb3ng, \u0111i\u1ec1u tr\u1ecb ch\u1ee9ng m\u1ea5t ng\u1ee7<\/li>\n<li>H\u1ed7 tr\u1ee3 \u0111i\u1ec1u tr\u1ecb c\u00e1c b\u1ec7nh v\u1ec1 h\u1ec7 tim m\u1ea1ch<\/li>\n<li>T\u0103ng c\u01b0\u1eddng ho\u1ea1t \u0111\u1ed9ng h\u1ec7 tu\u1ea7n ho\u00e0n.<\/li>\n<\/ul>\n<h3><strong>H\u01b0\u1edbng d\u1eabn s\u1eed d\u1ee5ng:\u00a0<\/strong><\/h3>\n<p>\u2013 U\u1ed1ng li\u1ec1n: N\u00ean l\u1eafc \u0111\u1ec1u tr\u01b0\u1edbc khi s\u1eed d\u1ee5ng.<\/p>\n<p>\u2013 S\u1ea3n ph\u1ea9m c\u00f3 th\u1ec3 c\u00f3 l\u1eafng \u0111\u1ecdng t\u1ef1 nhi\u00ean nh\u01b0ng kh\u00f4ng l\u00e0m \u1ea3nh h\u01b0\u1edfng \u0111\u1ebfn ch\u1ea5t l\u01b0\u1ee3ng.<\/p>\n<p>\u2013 Kh\u00f4ng d\u00f9ng s\u1ea3n ph\u1ea9m khi \u0111\u00e3 h\u1ebft h\u1ea1n s\u1eed d\u1ee5ng.<\/p>\n<h3><strong>B\u1ea3o qu\u1ea3n:\u00a0<\/strong><\/h3>\n<p>S\u1ea3n ph\u1ea9m u\u1ed1ng li\u1ec1n, sau khi m\u1edf n\u1eafp tr\u1eef l\u1ea1nh \u1edf nhi\u1ec7t \u0111\u1ed9 2-6 \u0111\u1ed9 C ho\u1eb7c trong ng\u0103n m\u00e1t t\u1ee7 l\u1ea1nh, s\u1eed d\u1ee5ng trong 24h.<\/p>\n<h3><strong>Th\u00f4ng tin c\u1ea3nh b\u00e1o an to\u00e0n th\u1ef1c ph\u1ea9m:<\/strong><\/h3>\n<p>Kh\u00f4ng s\u1eed d\u1ee5ng s\u1ea3n ph\u1ea9m khi bao b\u00ec kh\u00f4ng c\u00f2n nguy\u00ean v\u1eb9n ho\u1eb7c h\u1edf n\u1eafp.<\/p>\n<h3><strong>H\u1ea1n s\u1eed d\u1ee5ng:<\/strong><\/h3>\n<p>Xem tr\u00ean bao b\u00ec<\/p>\n<h3><i><strong>L\u01b0u \u00fd:<\/strong><\/i><\/h3>\n<p><i>S\u1ea3n ph\u1ea3m n\u00e0y kh\u00f4ng ph\u1ea3i l\u00e0 thu\u1ed1c v\u00e0 kh\u00f4ng c\u00f3 t\u00e1c d\u1ee5ng thay th\u1ebf thu\u1ed1c ch\u1eefa b\u1ec7nh. K\u1ebft qu\u1ea3 c\u00f3 th\u1ec3 kh\u00e1c nhau t\u00f9y thu\u1ed9c v\u00e0o c\u01a1 \u0111\u1ecba m\u1ed7i ng\u01b0\u1eddi.<\/i><\/p>\n<\/div>\n<\/div>\n<div>\n<div>\n<h3 class=\"text-xl my-5 font-bold\">Th\u00f4ng s\u1ed1 k\u1ef9 thu\u1eadt<\/h3>\n<div>\n<div class=\"my-2 py-2\">Th\u1ec3 t\u00edch<span class=\"mlr-1\">:<\/span><span class=\"ml-1\">300ml<\/span><\/div>\n<div class=\"my-2 py-2\">Th\u00e0nh ph\u1ea7n<span class=\"mlr-1\">:<\/span><span class=\"ml-1\">100% rau m\u00e1 t\u01b0\u01a1i nguy\u00ean ch\u1ea5t.<\/span><\/div>\n<div class=\"my-2 py-2\">T\u00ean s\u1ea3n ph\u1ea9m<span class=\"mlr-1\">:<\/span><span class=\"ml-1\">N\u01b0\u1edbc rau m\u00e1 \u0111\u00f3ng chai<\/span><\/div>\n<div class=\"my-2 py-2\">L\u01b0\u1ee3ng \u0111\u01b0\u1eddng<span class=\"mlr-1\">:<\/span><span class=\"ml-1\">N\u01b0\u1edbc rau m\u00e1 nguy\u00ean ch\u1ea5t (kh\u00f4ng \u0111\u01b0\u1eddng).<\/span><\/div>\n<\/div>\n<\/div>\n<\/div>","protected":false},"excerpt":{"rendered":"<div>\n<div>\n<p><i><strong>Rau m\u00e1 l\u00e0 th\u1ef1c ph\u1ea9m t\u1ed1t cho s\u1ee9c kh\u1ecfe, ch\u1eefa \u0111\u01b0\u1ee3c nhi\u1ec1u b\u1ec7nh nh\u01b0 \u00a0ho, s\u1ed1t, c\u1ea3m c\u00fam, xu\u1ea5t huy\u1ebft, r\u00f4m x\u1ea9y\u2026 tuy nhi\u00ean l\u1ea1i c\u00f3 kh\u00f4ng \u00edt ng\u01b0\u1eddi \u0103n \u0111\u01b0\u1ee3c rau m\u00e1. \u0110\u1ec3 kh\u00f4ng b\u1ecf qua th\u1ef1c ph\u1ea9m nhi\u1ec1u c\u00f4ng d\u1ee5ng n\u00e0y, Ng\u1ecdc Anh \u0111\u00e3 s\u1ea3n xu\u1ea5t ra n\u01b0\u1edbc rau m\u00e1 \u0111\u00f3ng chai, v\u1eeba gi\u1eef \u0111\u01b0\u1ee3c gi\u00e1 tr\u1ecb dinh d\u01b0\u1ee1ng v\u1eeba mang l\u1ea1i s\u1ef1 ti\u1ec7n d\u1ee5ng cho m\u1ecdi ng\u01b0\u1eddi. \u0110\u1ecdc ti\u1ebfp b\u00e0i vi\u1ebft \u0111\u1ec3 hi\u1ec3u th\u00eam v\u1ec1 n\u01b0\u1edbc rau m\u00e1 kh\u00f4ng \u0111\u01b0\u1eddng nh\u00e9!<\/strong><\/i><\/p>\n<p>Rau m\u00e1 l\u00e0 th\u1ef1c ph\u1ea9m t\u1ed1t cho s\u1ee9c kh\u1ecfe, ch\u1eefa \u0111\u01b0\u1ee3c nhi\u1ec1u b\u1ec7nh nh\u01b0 ho, s\u1ed1t, c\u1ea3m c\u00fam, xu\u1ea5t huy\u1ebft, r\u00f4m x\u1ea9y\u2026 Tuy nhi\u00ean l\u1ea1i c\u00f3 kh\u00f4ng \u00edt ng\u01b0\u1eddi \u0103n \u0111\u01b0\u1ee3c rau m\u00e1. \u0110\u1ec3 kh\u00f4ng b\u1ecf qua th\u1ef1c ph\u1ea9m nhi\u1ec1u c\u00f4ng d\u1ee5ng n\u00e0y, Ng\u1ecdc Anh \u0111\u00e3 s\u1ea3n xu\u1ea5t ra n\u01b0\u1edbc \u00e9p rau m\u00e1 kh\u00f4ng \u0111\u01b0\u1eddng \u0111\u00f3ng chai. S\u1ea3n ph\u1ea9m v\u1eeba gi\u1eef \u0111\u01b0\u1ee3c gi\u00e1 tr\u1ecb dinh d\u01b0\u1ee1ng v\u1eeba mang l\u1ea1i s\u1ef1 ti\u1ec7n d\u1ee5ng cho m\u1ecdi ng\u01b0\u1eddi. \u0110\u1ecdc ti\u1ebfp b\u00e0i vi\u1ebft d\u01b0\u1edbi \u0111\u00e2y \u0111\u1ec3 hi\u1ec3u th\u00eam v\u1ec1 n\u01b0\u1edbc rau m\u00e1 kh\u00f4ng \u0111\u01b0\u1eddng nh\u00e9!<\/p>\n<p><strong>Gi\u00e1 tr\u1ecb dinh d\u01b0\u1ee1ng trong 100ml:\u00a0<\/strong><\/p>\n<p>Th\u00e0nh ph\u1ea7n ch\u00ednh trong chai n\u01b0\u1edbc rau m\u00e1 l\u00e0 n\u01b0\u1edbc rau m\u00e1 t\u01b0\u01a1i nguy\u00ean ch\u1ea5t \u2013 rau m\u00e1 \u0111\u01b0\u1ee3c tr\u1ed3ng t\u1ea1i v\u01b0\u1eddn theo ti\u00eau chu\u1ea9n VietGap. Ngo\u00e0i ra, n\u00f3 c\u00f2n ch\u1ee9a nhi\u1ec1u ch\u1ea5t dinh d\u01b0\u1ee1ng c\u00f9ng h\u00e0m l\u01b0\u1ee3ng Vitamin cao.<\/p>\n<p>\u2013 N\u0103ng l\u01b0\u1ee3ng\/Enery: \u2265 15 (kcal)<br \/>\n\u2013 Ch\u1ea5t \u0111\u1ea1m\/Protein: \u2265 2.5 (%)<br \/>\n\u2013 Vitamin C: \u2265 20 (mg)<br \/>\n\u2013 Vitamin B1: \u2265 0.06 (mg)<br \/>\n\u2013 Calcium: \u2265 200 (mg)<br \/>\n\u2013 Phospho: \u2265 1.0 (mg)<br \/>\n\u2013 S\u1eaft: \u2265 2.0 (mg)<\/p>\n<h3><strong>C\u00f4ng d\u1ee5ng c\u1ee7a n\u01b0\u1edbc rau m\u00e1:<\/strong><\/h3>\n<p>Rau m\u00e1 \u0111\u01b0\u1ee3c bi\u1ebft \u0111\u1ebfn l\u00e0 th\u1ee9c u\u1ed1ng c\u00f3 nhi\u1ec1u t\u00e1c d\u1ee5ng:<\/p>\n<ul>\n<li>Thanh nhi\u1ec7t, thanh l\u1ecdc c\u01a1 th\u1ec3, l\u00e0m \u0111\u1eb9p da<\/li>\n<li>Gi\u1ea3i \u0111\u1ed9c, h\u1ea1 s\u1ed1t.<\/li>\n<li>C\u1ea3i thi\u1ec7n tr\u00ed nh\u1edb v\u00e0 th\u1ecb l\u1ef1c<\/li>\n<li>Gi\u1ea3m c\u0103ng th\u1eb3ng, m\u1ec7t m\u1ecfi<\/li>\n<li>Ch\u1eefa l\u00e0nh v\u1ebft th\u01b0\u01a1ng, li\u1ec1n s\u1eb9o<\/li>\n<li>H\u1ed7 tr\u1ee3, c\u1ea3i thi\u1ec7n h\u1ec7 ti\u00eau ho\u00e1<\/li>\n<li>Gi\u1ea3m stress v\u00e0 c\u0103ng th\u1eb3ng, \u0111i\u1ec1u tr\u1ecb ch\u1ee9ng m\u1ea5t ng\u1ee7<\/li>\n<li>H\u1ed7 tr\u1ee3 \u0111i\u1ec1u tr\u1ecb c\u00e1c b\u1ec7nh v\u1ec1 h\u1ec7 tim m\u1ea1ch<\/li>\n<li>T\u0103ng c\u01b0\u1eddng ho\u1ea1t \u0111\u1ed9ng h\u1ec7 tu\u1ea7n ho\u00e0n.<\/li>\n<\/ul>\n<h3><strong>H\u01b0\u1edbng d\u1eabn s\u1eed d\u1ee5ng:\u00a0<\/strong><\/h3>\n<p>\u2013 U\u1ed1ng li\u1ec1n: N\u00ean l\u1eafc \u0111\u1ec1u tr\u01b0\u1edbc khi s\u1eed d\u1ee5ng.<\/p>\n<p>\u2013 S\u1ea3n ph\u1ea9m c\u00f3 th\u1ec3 c\u00f3 l\u1eafng \u0111\u1ecdng t\u1ef1 nhi\u00ean nh\u01b0ng kh\u00f4ng l\u00e0m \u1ea3nh h\u01b0\u1edfng \u0111\u1ebfn ch\u1ea5t l\u01b0\u1ee3ng.<\/p>\n<p>\u2013 Kh\u00f4ng d\u00f9ng s\u1ea3n ph\u1ea9m khi \u0111\u00e3 h\u1ebft h\u1ea1n s\u1eed d\u1ee5ng.<\/p>\n<h3><strong>B\u1ea3o qu\u1ea3n:\u00a0<\/strong><\/h3>\n<p>S\u1ea3n ph\u1ea9m u\u1ed1ng li\u1ec1n, sau khi m\u1edf n\u1eafp tr\u1eef l\u1ea1nh \u1edf nhi\u1ec7t \u0111\u1ed9 2-6 \u0111\u1ed9 C ho\u1eb7c trong ng\u0103n m\u00e1t t\u1ee7 l\u1ea1nh, s\u1eed d\u1ee5ng trong 24h.<\/p>\n<h3><strong>Th\u00f4ng tin c\u1ea3nh b\u00e1o an to\u00e0n th\u1ef1c ph\u1ea9m:<\/strong><\/h3>\n<p>Kh\u00f4ng s\u1eed d\u1ee5ng s\u1ea3n ph\u1ea9m khi bao b\u00ec kh\u00f4ng c\u00f2n nguy\u00ean v\u1eb9n ho\u1eb7c h\u1edf n\u1eafp.<\/p>\n<h3><strong>H\u1ea1n s\u1eed d\u1ee5ng:<\/strong><\/h3>\n<p>Xem tr\u00ean bao b\u00ec<\/p>\n<h3><i><strong>L\u01b0u \u00fd:<\/strong><\/i><\/h3>\n<p><i>S\u1ea3n ph\u1ea3m n\u00e0y kh\u00f4ng ph\u1ea3i l\u00e0 thu\u1ed1c v\u00e0 kh\u00f4ng c\u00f3 t\u00e1c d\u1ee5ng thay th\u1ebf thu\u1ed1c ch\u1eefa b\u1ec7nh. K\u1ebft qu\u1ea3 c\u00f3 th\u1ec3 kh\u00e1c nhau t\u00f9y thu\u1ed9c v\u00e0o c\u01a1 \u0111\u1ecba m\u1ed7i ng\u01b0\u1eddi.<\/i><\/p>\n<\/div>\n<\/div>\n<div>\n<div>\n<h3 class=\"text-xl my-5 font-bold\">Th\u00f4ng s\u1ed1 k\u1ef9 thu\u1eadt<\/h3>\n<div>\n<div class=\"my-2 py-2\">Th\u1ec3 t\u00edch<span class=\"mlr-1\">:<\/span><span class=\"ml-1\">300ml<\/span><\/div>\n<div class=\"my-2 py-2\">Th\u00e0nh ph\u1ea7n<span class=\"mlr-1\">:<\/span><span class=\"ml-1\">100% rau m\u00e1 t\u01b0\u01a1i nguy\u00ean ch\u1ea5t.<\/span><\/div>\n<div class=\"my-2 py-2\">T\u00ean s\u1ea3n ph\u1ea9m<span class=\"mlr-1\">:<\/span><span class=\"ml-1\">N\u01b0\u1edbc rau m\u00e1 \u0111\u00f3ng chai<\/span><\/div>\n<div class=\"my-2 py-2\">L\u01b0\u1ee3ng \u0111\u01b0\u1eddng<span class=\"mlr-1\">:<\/span><span class=\"ml-1\">N\u01b0\u1edbc rau m\u00e1 nguy\u00ean ch\u1ea5t (kh\u00f4ng \u0111\u01b0\u1eddng).<\/span><\/div>\n<\/div>\n<\/div>\n<\/div>","protected":false},"featured_media":2863,"comment_status":"open","ping_status":"closed","template":"","meta":{"_acf_changed":false},"product_cat":[316,22,313],"product_tag":[],"class_list":{"0":"post-2860","1":"product","2":"type-product","3":"status-publish","4":"has-post-thumbnail","6":"product_cat-che-bien-tu-rau-cu-qua-hat","7":"product_cat-sanphamthucpham","8":"product_cat-thuc-pham-che-bien","10":"first","11":"instock","12":"shipping-taxable","13":"product-type-simple"},"acf":[],"_links":{"self":[{"href":"https:\/\/b2c.fairs.vn\/en\/wp-json\/wp\/v2\/product\/2860","targetHints":{"allow":["GET"]}}],"collection":[{"href":"https:\/\/b2c.fairs.vn\/en\/wp-json\/wp\/v2\/product"}],"about":[{"href":"https:\/\/b2c.fairs.vn\/en\/wp-json\/wp\/v2\/types\/product"}],"replies":[{"embeddable":true,"href":"https:\/\/b2c.fairs.vn\/en\/wp-json\/wp\/v2\/comments?post=2860"}],"version-history":[{"count":0,"href":"https:\/\/b2c.fairs.vn\/en\/wp-json\/wp\/v2\/product\/2860\/revisions"}],"wp:featuredmedia":[{"embeddable":true,"href":"https:\/\/b2c.fairs.vn\/en\/wp-json\/wp\/v2\/media\/2863"}],"wp:attachment":[{"href":"https:\/\/b2c.fairs.vn\/en\/wp-json\/wp\/v2\/media?parent=2860"}],"wp:term":[{"taxonomy":"product_cat","embeddable":true,"href":"https:\/\/b2c.fairs.vn\/en\/wp-json\/wp\/v2\/product_cat?post=2860"},{"taxonomy":"product_tag","embeddable":true,"href":"https:\/\/b2c.fairs.vn\/en\/wp-json\/wp\/v2\/product_tag?post=2860"}],"curies":[{"name":"wp","href":"https:\/\/api.w.org\/{rel}","templated":true}]}}