{"id":2853,"date":"2024-03-19T08:09:58","date_gmt":"2024-03-19T08:09:58","guid":{"rendered":"https:\/\/b2c.fairs.vn\/?post_type=product&#038;p=2853"},"modified":"2024-03-26T11:15:48","modified_gmt":"2024-03-26T04:15:48","slug":"nuoc-ep-rau-ma-tuoi-it-duong","status":"publish","type":"product","link":"https:\/\/b2c.fairs.vn\/en\/product\/nuoc-ep-rau-ma-tuoi-it-duong\/","title":{"rendered":"N\u01b0\u1edbc \u00c9p Rau M\u00e1 T\u01b0\u01a1i \u00cdt \u0110\u01b0\u1eddng"},"content":{"rendered":"<div>\n<div>\n<p><i><strong>N\u01b0\u1edbc \u00e9p rau m\u00e1 t\u01b0\u01a1i c\u1ee7a C\u00f4ng ty CPSX D\u01b0\u1ee3c Li\u1ec7u Ng\u1ecdc Anh \u0111\u01b0\u1ee3c l\u00e0m t\u1eeb 100% rau m\u00e1 t\u01b0\u01a1i nguy\u00ean ch\u1ea5t. Nguy\u00ean li\u1ec7u s\u1ea3n xu\u1ea5t theo ti\u00eau chu\u1ea9n VietGAP.<\/strong><\/i><\/p>\n<p>S\u1ea3n ph\u1ea9m kh\u00f4ng pha tr\u1ed9n, kh\u00f4ng l\u1eabn t\u1ea1p ch\u1ea5t, kh\u00f4ng ho\u00e1 ch\u1ea5t, kh\u00f4ng ch\u1ea5t b\u1ea3o qu\u1ea3n, an to\u00e0n cho s\u1ee9c kho\u1ebb, th\u00edch h\u1ee3p s\u1eed d\u1ee5ng h\u00e0ng ng\u00e0y. \u0110\u01b0\u1ee3c b\u1ea3o tr\u1ee3 Vi\u1ec7n Khoa H\u1ecdc C\u00f4ng Ngh\u1ec7 Sinh H\u1ecdc v\u00e0 M\u00f4i Tr\u01b0\u1eddng.<\/p>\n<p>N\u01b0\u1edbc \u00e9p rau m\u00e1 t\u01b0\u01a1i \u00edt \u0111\u01b0\u1eddng \u0111\u00f3ng chai l\u00e0 m\u1ed9t trong nh\u1eefng lo\u1ea1i th\u1ee9c u\u1ed1ng r\u1ea5t th\u00edch h\u1ee3p cho m\u1ecdi ng\u01b0\u1eddi trong nh\u1eefng ng\u00e0y h\u00e8 n\u1eafng n\u00f3ng. U\u1ed1ng n\u01b0\u1edbc rau m\u00e1 gi\u00fap b\u1ed5 sung \u0111\u1ea7y \u0111\u1ee7 ch\u1ea5t dinh d\u01b0\u1ee1ng, t\u0103ng s\u1ee9c \u0111\u1ec1 kh\u00e1ng cho c\u01a1 th\u1ec3 ngay t\u1eeb b\u00ean trong.<\/p>\n<p><strong>Gi\u00e1 tr\u1ecb dinh d\u01b0\u1ee1ng trong 100ml:\u00a0<\/strong><\/p>\n<p>Th\u00e0nh ph\u1ea7n ch\u00ednh trong chai n\u01b0\u1edbc rau m\u00e1 \u00e0 100% n\u01b0\u1edbc rau m\u00e1 t\u01b0\u01a1i nguy\u00ean ch\u1ea5t \u2013 rau m\u00e1 \u0111\u01b0\u1ee3c tr\u1ed3ng t\u1ea1i v\u01b0\u1eddn theo ti\u00eau chu\u1ea9n VietGAB. Ngo\u00e0i ra, n\u00f3 c\u00f2n ch\u01b0a nhi\u1ec1u ch\u1ea5t dinh d\u01b0\u1ee1ng c\u00f9ng h\u00e0m l\u01b0\u1ee3ng Vitamin cao.<\/p>\n<p>\u2013 N\u0103ng l\u01b0\u1ee3ng\/Enery: \u2265 15 (kcal)<br \/>\n\u2013 Ch\u1ea5t \u0111\u1ea1m\/Protein: \u2265 2.5 (%)<br \/>\n\u2013 Vitamin C: \u2265 20 (mg)<br \/>\n\u2013 Vitamin B1: \u2265 0.06 (mg)<br \/>\n\u2013 Calcium: \u2265 200 (mg)<br \/>\n\u2013 Phospho: \u2265 1.0 (mg)<br \/>\n\u2013 S\u1eaft: \u2265 2.0 (mg)<strong>\u00a0<\/strong><\/p>\n<h3><strong>C\u00f4ng d\u1ee5ng c\u1ee7a n\u01b0\u1edbc rau m\u00e1:<\/strong><\/h3>\n<p>Rau m\u00e1 \u0111\u01b0\u1ee3c bi\u1ebft \u0111\u1ebfn l\u00e0 th\u1ee9c u\u1ed1ng c\u00f3 nhi\u1ec1u t\u00e1c d\u1ee5ng trong l\u00e0m \u0111\u1eb9p, b\u1ed5 sung d\u01b0\u1ee1ng ch\u1ea5t v\u00e0 gi\u1ea3i nhi\u1ec7t hi\u1ec7u qu\u1ea3.<\/p>\n<ul>\n<li>C\u1ea3i thi\u1ec7n tr\u00ed nh\u1edb v\u00e0 th\u1ecb l\u1ef1c<\/li>\n<li>Gi\u1ea3i \u0111\u1ed9c, h\u1ea1 s\u1ed1t.<\/li>\n<li>Thanh nhi\u1ec7t, thanh l\u1ecdc c\u01a1 th\u1ec3, l\u00e0m \u0111\u1eb9p da<\/li>\n<li>Gi\u1ea3m c\u0103ng th\u1eb3ng, m\u1ec7t m\u1ecfi<\/li>\n<li>Ch\u1eefa l\u00e0nh v\u1ebft th\u01b0\u01a1ng, li\u1ec1n s\u1eb9o<\/li>\n<li>H\u1ed7 tr\u1ee3, c\u1ea3i thi\u1ec7n h\u1ec7 ti\u00eau ho\u00e1<\/li>\n<li>Gi\u1ea3m stress v\u00e0 c\u0103ng th\u1eb3ng, \u0111i\u1ec1u tr\u1ecb ch\u1ee9ng m\u1ea5t ng\u1ee7<\/li>\n<li>H\u1ed7 tr\u1ee3 \u0111i\u1ec1u tr\u1ecb c\u00e1c b\u1ec7nh v\u1ec1 h\u1ec7 tim m\u1ea1ch<\/li>\n<li>T\u0103ng c\u01b0\u1eddng ho\u1ea1t \u0111\u1ed9ng h\u1ec7 tu\u1ea7n ho\u00e0n.<\/li>\n<\/ul>\n<h3><strong>H\u01b0\u1edbng d\u1eabn s\u1eed d\u1ee5ng n\u01b0\u1edbc \u00e9p rau m\u00e1 t\u01b0\u01a1i \u00edt \u0111\u01b0\u1eddng:\u00a0<\/strong><\/h3>\n<p>\u2013 U\u1ed1ng li\u1ec1n: N\u00ean l\u1eafc \u0111\u1ec1u tr\u01b0\u1edbc khi s\u1eed d\u1ee5ng. Ho\u1eb7c pha th\u00eam \u0111\u01b0\u1eddng, \u0111\u00e1 (tu\u1ef3 th\u00edch).<\/p>\n<p>\u2013 S\u1ea3n ph\u1ea9m c\u00f3 th\u1ec3 c\u00f3 l\u1eafng \u0111\u1ecdng t\u1ef1 nhi\u00ean nh\u01b0ng kh\u00f4ng l\u00e0m \u1ea3nh h\u01b0\u1edfng \u0111\u1ebfn ch\u1ea5t l\u01b0\u1ee3ng.<\/p>\n<p>\u2013 Kh\u00f4ng d\u00f9ng s\u1ea3n ph\u1ea9m khi \u0111\u00e3 h\u1ebft h\u1ea1n s\u1eed d\u1ee5ng.<\/p>\n<h3><strong>B\u1ea3o qu\u1ea3n:\u00a0<\/strong><\/h3>\n<p>S\u1ea3n ph\u1ea9m u\u1ed1ng li\u1ec1n, sau khi m\u1ed5 n\u1eafp tr\u1eef l\u1ea1nh \u1edf nhi\u1ec7t \u0111\u1ed9 2-6 \u0111\u1ed9 C ho\u1eb7c trong ng\u0103n m\u00e1t t\u1ee7 l\u1ea1nh, s\u1eed d\u1ee5ng trong 24h.<\/p>\n<h3><strong>Th\u00f4ng tin c\u1ea3nh b\u00e1o an to\u00e0n th\u1ef1c ph\u1ea9m:<\/strong><\/h3>\n<p>Kh\u00f4ng s\u1eed d\u1ee5ng s\u1ea3n ph\u1ea9m khi bao b\u00ec kh\u00f4ng c\u00f2n nguy\u00ean v\u1eb9n ho\u1eb7c h\u1edf n\u1eafp.<\/p>\n<h3><strong>H\u1ea1n s\u1eed d\u1ee5ng:<\/strong><\/h3>\n<p>Xem tr\u00ean bao b\u00ec<\/p>\n<h3><i><strong>L\u01b0u \u00fd:<\/strong><\/i><\/h3>\n<p><i>S\u1ea3n ph\u1ea9m n\u00e0y kh\u00f4ng ph\u1ea3i l\u00e0 thu\u1ed1c v\u00e0 kh\u00f4ng c\u00f3 t\u00e1c d\u1ee5ng thay th\u1ebf thu\u1ed1c ch\u1eefa b\u1ec7nh. K\u1ebft qu\u1ea3 c\u00f3 th\u1ec3 kh\u00e1c nhau t\u00f9y thu\u1ed9c v\u00e0o c\u01a1 \u0111\u1ecba m\u1ed7i ng\u01b0\u1eddi.<\/i><\/p>\n<\/div>\n<\/div>\n<div>\n<div>\n<h3 class=\"text-xl my-5 font-bold\">Th\u00f4ng s\u1ed1 k\u1ef9 thu\u1eadt<\/h3>\n<div>\n<div class=\"my-2 py-2\">Th\u1ec3 t\u00edch<span class=\"mlr-1\">:<\/span><span class=\"ml-1\">300ml<\/span><\/div>\n<div class=\"my-2 py-2\">Th\u00e0nh ph\u1ea7n<span class=\"mlr-1\">:<\/span><span class=\"ml-1\">100% rau m\u00e1 t\u01b0\u01a1i nguy\u00ean ch\u1ea5t<\/span><\/div>\n<div class=\"my-2 py-2\">T\u00ean s\u1ea3n ph\u1ea9m<span class=\"mlr-1\">:<\/span><span class=\"ml-1\">N\u01b0\u1edbc rau m\u00e1 \u0111\u00f3ng chai<\/span><\/div>\n<div class=\"my-2 py-2\">L\u01b0\u1ee3ng \u0111\u01b0\u1eddng<span class=\"mlr-1\">:<\/span><span class=\"ml-1\">N\u01b0\u1edbc rau m\u00e1 \u00edt \u0111\u01b0\u1eddng<\/span><\/div>\n<\/div>\n<\/div>\n<\/div>","protected":false},"excerpt":{"rendered":"<div>\n<div>\n<p><i><strong>N\u01b0\u1edbc \u00e9p rau m\u00e1 t\u01b0\u01a1i c\u1ee7a C\u00f4ng ty CPSX D\u01b0\u1ee3c Li\u1ec7u Ng\u1ecdc Anh \u0111\u01b0\u1ee3c l\u00e0m t\u1eeb 100% rau m\u00e1 t\u01b0\u01a1i nguy\u00ean ch\u1ea5t. Nguy\u00ean li\u1ec7u s\u1ea3n xu\u1ea5t theo ti\u00eau chu\u1ea9n VietGAP.<\/strong><\/i><\/p>\n<p>S\u1ea3n ph\u1ea9m kh\u00f4ng pha tr\u1ed9n, kh\u00f4ng l\u1eabn t\u1ea1p ch\u1ea5t, kh\u00f4ng ho\u00e1 ch\u1ea5t, kh\u00f4ng ch\u1ea5t b\u1ea3o qu\u1ea3n, an to\u00e0n cho s\u1ee9c kho\u1ebb, th\u00edch h\u1ee3p s\u1eed d\u1ee5ng h\u00e0ng ng\u00e0y. \u0110\u01b0\u1ee3c b\u1ea3o tr\u1ee3 Vi\u1ec7n Khoa H\u1ecdc C\u00f4ng Ngh\u1ec7 Sinh H\u1ecdc v\u00e0 M\u00f4i Tr\u01b0\u1eddng.<\/p>\n<p>N\u01b0\u1edbc \u00e9p rau m\u00e1 t\u01b0\u01a1i \u00edt \u0111\u01b0\u1eddng \u0111\u00f3ng chai l\u00e0 m\u1ed9t trong nh\u1eefng lo\u1ea1i th\u1ee9c u\u1ed1ng r\u1ea5t th\u00edch h\u1ee3p cho m\u1ecdi ng\u01b0\u1eddi trong nh\u1eefng ng\u00e0y h\u00e8 n\u1eafng n\u00f3ng. U\u1ed1ng n\u01b0\u1edbc rau m\u00e1 gi\u00fap b\u1ed5 sung \u0111\u1ea7y \u0111\u1ee7 ch\u1ea5t dinh d\u01b0\u1ee1ng, t\u0103ng s\u1ee9c \u0111\u1ec1 kh\u00e1ng cho c\u01a1 th\u1ec3 ngay t\u1eeb b\u00ean trong.<\/p>\n<p><strong>Gi\u00e1 tr\u1ecb dinh d\u01b0\u1ee1ng trong 100ml:\u00a0<\/strong><\/p>\n<p>Th\u00e0nh ph\u1ea7n ch\u00ednh trong chai n\u01b0\u1edbc rau m\u00e1 \u00e0 100% n\u01b0\u1edbc rau m\u00e1 t\u01b0\u01a1i nguy\u00ean ch\u1ea5t \u2013 rau m\u00e1 \u0111\u01b0\u1ee3c tr\u1ed3ng t\u1ea1i v\u01b0\u1eddn theo ti\u00eau chu\u1ea9n VietGAB. Ngo\u00e0i ra, n\u00f3 c\u00f2n ch\u01b0a nhi\u1ec1u ch\u1ea5t dinh d\u01b0\u1ee1ng c\u00f9ng h\u00e0m l\u01b0\u1ee3ng Vitamin cao.<\/p>\n<p>\u2013 N\u0103ng l\u01b0\u1ee3ng\/Enery: \u2265 15 (kcal)<br \/>\n\u2013 Ch\u1ea5t \u0111\u1ea1m\/Protein: \u2265 2.5 (%)<br \/>\n\u2013 Vitamin C: \u2265 20 (mg)<br \/>\n\u2013 Vitamin B1: \u2265 0.06 (mg)<br \/>\n\u2013 Calcium: \u2265 200 (mg)<br \/>\n\u2013 Phospho: \u2265 1.0 (mg)<br \/>\n\u2013 S\u1eaft: \u2265 2.0 (mg)<strong>\u00a0<\/strong><\/p>\n<h3><strong>C\u00f4ng d\u1ee5ng c\u1ee7a n\u01b0\u1edbc rau m\u00e1:<\/strong><\/h3>\n<p>Rau m\u00e1 \u0111\u01b0\u1ee3c bi\u1ebft \u0111\u1ebfn l\u00e0 th\u1ee9c u\u1ed1ng c\u00f3 nhi\u1ec1u t\u00e1c d\u1ee5ng trong l\u00e0m \u0111\u1eb9p, b\u1ed5 sung d\u01b0\u1ee1ng ch\u1ea5t v\u00e0 gi\u1ea3i nhi\u1ec7t hi\u1ec7u qu\u1ea3.<\/p>\n<ul>\n<li>C\u1ea3i thi\u1ec7n tr\u00ed nh\u1edb v\u00e0 th\u1ecb l\u1ef1c<\/li>\n<li>Gi\u1ea3i \u0111\u1ed9c, h\u1ea1 s\u1ed1t.<\/li>\n<li>Thanh nhi\u1ec7t, thanh l\u1ecdc c\u01a1 th\u1ec3, l\u00e0m \u0111\u1eb9p da<\/li>\n<li>Gi\u1ea3m c\u0103ng th\u1eb3ng, m\u1ec7t m\u1ecfi<\/li>\n<li>Ch\u1eefa l\u00e0nh v\u1ebft th\u01b0\u01a1ng, li\u1ec1n s\u1eb9o<\/li>\n<li>H\u1ed7 tr\u1ee3, c\u1ea3i thi\u1ec7n h\u1ec7 ti\u00eau ho\u00e1<\/li>\n<li>Gi\u1ea3m stress v\u00e0 c\u0103ng th\u1eb3ng, \u0111i\u1ec1u tr\u1ecb ch\u1ee9ng m\u1ea5t ng\u1ee7<\/li>\n<li>H\u1ed7 tr\u1ee3 \u0111i\u1ec1u tr\u1ecb c\u00e1c b\u1ec7nh v\u1ec1 h\u1ec7 tim m\u1ea1ch<\/li>\n<li>T\u0103ng c\u01b0\u1eddng ho\u1ea1t \u0111\u1ed9ng h\u1ec7 tu\u1ea7n ho\u00e0n.<\/li>\n<\/ul>\n<h3><strong>H\u01b0\u1edbng d\u1eabn s\u1eed d\u1ee5ng n\u01b0\u1edbc \u00e9p rau m\u00e1 t\u01b0\u01a1i \u00edt \u0111\u01b0\u1eddng:\u00a0<\/strong><\/h3>\n<p>\u2013 U\u1ed1ng li\u1ec1n: N\u00ean l\u1eafc \u0111\u1ec1u tr\u01b0\u1edbc khi s\u1eed d\u1ee5ng. Ho\u1eb7c pha th\u00eam \u0111\u01b0\u1eddng, \u0111\u00e1 (tu\u1ef3 th\u00edch).<\/p>\n<p>\u2013 S\u1ea3n ph\u1ea9m c\u00f3 th\u1ec3 c\u00f3 l\u1eafng \u0111\u1ecdng t\u1ef1 nhi\u00ean nh\u01b0ng kh\u00f4ng l\u00e0m \u1ea3nh h\u01b0\u1edfng \u0111\u1ebfn ch\u1ea5t l\u01b0\u1ee3ng.<\/p>\n<p>\u2013 Kh\u00f4ng d\u00f9ng s\u1ea3n ph\u1ea9m khi \u0111\u00e3 h\u1ebft h\u1ea1n s\u1eed d\u1ee5ng.<\/p>\n<h3><strong>B\u1ea3o qu\u1ea3n:\u00a0<\/strong><\/h3>\n<p>S\u1ea3n ph\u1ea9m u\u1ed1ng li\u1ec1n, sau khi m\u1ed5 n\u1eafp tr\u1eef l\u1ea1nh \u1edf nhi\u1ec7t \u0111\u1ed9 2-6 \u0111\u1ed9 C ho\u1eb7c trong ng\u0103n m\u00e1t t\u1ee7 l\u1ea1nh, s\u1eed d\u1ee5ng trong 24h.<\/p>\n<h3><strong>Th\u00f4ng tin c\u1ea3nh b\u00e1o an to\u00e0n th\u1ef1c ph\u1ea9m:<\/strong><\/h3>\n<p>Kh\u00f4ng s\u1eed d\u1ee5ng s\u1ea3n ph\u1ea9m khi bao b\u00ec kh\u00f4ng c\u00f2n nguy\u00ean v\u1eb9n ho\u1eb7c h\u1edf n\u1eafp.<\/p>\n<h3><strong>H\u1ea1n s\u1eed d\u1ee5ng:<\/strong><\/h3>\n<p>Xem tr\u00ean bao b\u00ec<\/p>\n<h3><i><strong>L\u01b0u \u00fd:<\/strong><\/i><\/h3>\n<p><i>S\u1ea3n ph\u1ea9m n\u00e0y kh\u00f4ng ph\u1ea3i l\u00e0 thu\u1ed1c v\u00e0 kh\u00f4ng c\u00f3 t\u00e1c d\u1ee5ng thay th\u1ebf thu\u1ed1c ch\u1eefa b\u1ec7nh. K\u1ebft qu\u1ea3 c\u00f3 th\u1ec3 kh\u00e1c nhau t\u00f9y thu\u1ed9c v\u00e0o c\u01a1 \u0111\u1ecba m\u1ed7i ng\u01b0\u1eddi.<\/i><\/p>\n<\/div>\n<\/div>\n<div>\n<div>\n<h3 class=\"text-xl my-5 font-bold\">Th\u00f4ng s\u1ed1 k\u1ef9 thu\u1eadt<\/h3>\n<div>\n<div class=\"my-2 py-2\">Th\u1ec3 t\u00edch<span class=\"mlr-1\">:<\/span><span class=\"ml-1\">300ml<\/span><\/div>\n<div class=\"my-2 py-2\">Th\u00e0nh ph\u1ea7n<span class=\"mlr-1\">:<\/span><span class=\"ml-1\">100% rau m\u00e1 t\u01b0\u01a1i nguy\u00ean ch\u1ea5t<\/span><\/div>\n<div class=\"my-2 py-2\">T\u00ean s\u1ea3n ph\u1ea9m<span class=\"mlr-1\">:<\/span><span class=\"ml-1\">N\u01b0\u1edbc rau m\u00e1 \u0111\u00f3ng chai<\/span><\/div>\n<div class=\"my-2 py-2\">L\u01b0\u1ee3ng \u0111\u01b0\u1eddng<span class=\"mlr-1\">:<\/span><span class=\"ml-1\">N\u01b0\u1edbc rau m\u00e1 \u00edt \u0111\u01b0\u1eddng<\/span><\/div>\n<\/div>\n<\/div>\n<\/div>","protected":false},"featured_media":2856,"comment_status":"open","ping_status":"closed","template":"","meta":{"_acf_changed":false},"product_cat":[316,22,313],"product_tag":[],"class_list":{"0":"post-2853","1":"product","2":"type-product","3":"status-publish","4":"has-post-thumbnail","6":"product_cat-che-bien-tu-rau-cu-qua-hat","7":"product_cat-sanphamthucpham","8":"product_cat-thuc-pham-che-bien","10":"first","11":"instock","12":"shipping-taxable","13":"product-type-simple"},"acf":[],"_links":{"self":[{"href":"https:\/\/b2c.fairs.vn\/en\/wp-json\/wp\/v2\/product\/2853","targetHints":{"allow":["GET"]}}],"collection":[{"href":"https:\/\/b2c.fairs.vn\/en\/wp-json\/wp\/v2\/product"}],"about":[{"href":"https:\/\/b2c.fairs.vn\/en\/wp-json\/wp\/v2\/types\/product"}],"replies":[{"embeddable":true,"href":"https:\/\/b2c.fairs.vn\/en\/wp-json\/wp\/v2\/comments?post=2853"}],"version-history":[{"count":0,"href":"https:\/\/b2c.fairs.vn\/en\/wp-json\/wp\/v2\/product\/2853\/revisions"}],"wp:featuredmedia":[{"embeddable":true,"href":"https:\/\/b2c.fairs.vn\/en\/wp-json\/wp\/v2\/media\/2856"}],"wp:attachment":[{"href":"https:\/\/b2c.fairs.vn\/en\/wp-json\/wp\/v2\/media?parent=2853"}],"wp:term":[{"taxonomy":"product_cat","embeddable":true,"href":"https:\/\/b2c.fairs.vn\/en\/wp-json\/wp\/v2\/product_cat?post=2853"},{"taxonomy":"product_tag","embeddable":true,"href":"https:\/\/b2c.fairs.vn\/en\/wp-json\/wp\/v2\/product_tag?post=2853"}],"curies":[{"name":"wp","href":"https:\/\/api.w.org\/{rel}","templated":true}]}}