{"id":2850,"date":"2024-03-19T08:08:22","date_gmt":"2024-03-19T08:08:22","guid":{"rendered":"https:\/\/b2c.fairs.vn\/?post_type=product&#038;p=2850"},"modified":"2024-03-26T11:59:47","modified_gmt":"2024-03-26T04:59:47","slug":"tra-kho-qua","status":"publish","type":"product","link":"https:\/\/b2c.fairs.vn\/en\/product\/tra-kho-qua\/","title":{"rendered":"Tr\u00e0 kh\u1ed5 qua"},"content":{"rendered":"<div>\n<div>\n<p><i><strong>Kh\u1ed5 qua\u00a0 hay c\u00f2n g\u1ecdi m\u01b0\u1edbp \u0111\u1eafng lo\u1ea1i th\u1ef1c ph\u1ea9m quen thu\u1ed9c kh\u00f4ng ch\u1ec9 ch\u1ebf bi\u1ebfn th\u00e0nh nhi\u1ec1u m\u00f3n \u0103n ngon m\u00e0 n\u00f3 c\u00f2n d\u00f9ng l\u00e0m tr\u00e0 \u0111\u1ec3 u\u1ed1ng ch\u1eefa b\u1ec7nh. Tr\u00e0 kh\u1ed5 qua c\u00f3 h\u00e0m l\u01b0\u1ee3ng vitamin v\u00e0 d\u01b0\u1ee3c cao, m\u1ecdi ng\u01b0\u1eddi c\u00f3 th\u1ec3 u\u1ed1ng thay n\u01b0\u1edbc m\u1ed7i ng\u00e0y v\u1eeba gi\u1ea3i nhi\u1ec7t v\u1eeba t\u1ed1t cho s\u1ee9c kh\u1ecfe l\u1ea1i r\u1ea5t ti\u1ec7n l\u1ee3i.<\/strong><\/i><\/p>\n<p>Kh\u1ed5 qua\u00a0 hay c\u00f2n g\u1ecdi m\u01b0\u1edbp \u0111\u1eafng lo\u1ea1i th\u1ef1c ph\u1ea9m quen thu\u1ed9c kh\u00f4ng ch\u1ec9 ch\u1ebf bi\u1ebfn th\u00e0nh nhi\u1ec1u m\u00f3n \u0103n ngon m\u00e0 n\u00f3 c\u00f2n d\u00f9ng l\u00e0m tr\u00e0 \u0111\u1ec3 u\u1ed1ng ch\u1eefa b\u1ec7nh. Tr\u00e0 kh\u1ed5 qua c\u00f3 h\u00e0m l\u01b0\u1ee3ng vitamin v\u00e0 d\u01b0\u1ee3c cao, m\u1ecdi ng\u01b0\u1eddi c\u00f3 th\u1ec3 u\u1ed1ng thay n\u01b0\u1edbc m\u1ed7i ng\u00e0y v\u1eeba gi\u1ea3i nhi\u1ec7t v\u1eeba t\u1ed1t cho s\u1ee9c kh\u1ecfe l\u1ea1i r\u1ea5t ti\u1ec7n l\u1ee3i.<\/p>\n<p><strong>H\u01b0\u1edbng d\u1eabn s\u1eed d\u1ee5ng tr\u00e0 kh\u1ed5 qua:<\/strong><\/p>\n<p>Nh\u00fang tr\u00e0 v\u00e0o t\u00e1ch n\u01b0\u1edbc s\u00f4i, 1 t\u00fai tr\u00e0 \/ 150 \u2013 200 ml, ch\u1edd t\u1eeb 3 \u2013 5 ph\u00fat. D\u00f9ng l\u00e0m th\u1ee9c u\u1ed1ng gi\u1ea3i kh\u00e1t h\u00e0ng ng\u00e0y, m\u1ed7i ng\u00e0y d\u00f9ng t\u1eeb 3 \u2013 5 t\u00fai tr\u00e0<\/p>\n<h3><strong>C\u00f4ng d\u1ee5ng c\u1ee7a kh\u1ed5 qua:<\/strong><\/h3>\n<ul>\n<li>T\u0103ng c\u01b0\u1eddng kh\u1ea3 n\u0103ng mi\u1ec5n d\u1ecbch. Kh\u1ed5 qua gi\u00e0u vitamin C gi\u00fap lo\u1ea1i b\u1ecf c\u00e1c g\u1ed1c t\u1ef1 do trong c\u01a1 th\u1ec3. Do \u0111\u00f3, h\u1ed7 tr\u1ee3 c\u1ea3i thi\u1ec7n h\u1ec7 th\u1ed1ng mi\u1ec5n d\u1ecbch c\u1ee7a c\u01a1 th\u1ec3.<\/li>\n<li>C\u1ea3i thi\u1ec7n th\u1ecb l\u1ef1c. Kh\u1ed5 qua ch\u1ee9a ch\u1ea5t c\u00f3 t\u00e1c d\u1ee5ng trong vi\u1ec7c gi\u1ea3m nhi\u1ec5m tr\u00f9ng m\u1eaft c\u0169ng nh\u01b0 c\u1ea3i thi\u1ec7n th\u1ecb l\u1ef1c.<\/li>\n<li>H\u1ed7 tr\u1ee3 ti\u00eau h\u00f3a. Trong kh\u1ed5 qua ch\u1ee9a nhi\u1ec1u ch\u1ea5t x\u01a1 gi\u00fap th\u1ef1c ph\u1ea9m \u0111\u01b0\u1ee3c ti\u00eau h\u00f3a d\u1ec5 d\u00e0ng, ng\u0103n ch\u1eb7n, ph\u00f2ng ch\u1ed1ng c\u00e1c b\u1ec7nh v\u1ec1 \u0111\u01b0\u1eddng ti\u00eau h\u00f3a.<\/li>\n<li>Ng\u0103n ng\u1eeba c\u00e1c b\u1ec7nh tim m\u1ea1ch. Kh\u1ed5 qua\u00a0gi\u00fap gi\u1ea3m m\u1ee9c cholesterol trong c\u01a1 th\u1ec3, c\u1ea3i thi\u1ec7n ch\u1ee9c n\u0103ng \u0111\u1ed9ng m\u1ea1ch v\u00e0 ng\u0103n ng\u1eeba b\u1ec7nh tim.<\/li>\n<li>Thanh nhi\u1ec7t, gi\u1ea3i \u0111\u1ed9c: Gi\u00e0u ch\u1ea5t ch\u1ed1ng oxy h\u00f3a, r\u1ea5t h\u1eefu \u00edch trong vi\u1ec7c \u0111\u00e0o th\u1ea3i c\u00e1c \u0111\u1ed9c t\u1ed1 ra kh\u1ecfi c\u01a1 th\u1ec3.<\/li>\n<li>T\u1ed1t cho gan m\u1eadt v\u00e0 l\u00e0m m\u00e1t m\u00e1u: Ch\u1ee9a th\u00e0nh ph\u1ea7n v\u1ecb \u0111\u1eafng \u0111\u1eb7c th\u00f9 n\u00ean kh\u1ed5 qua c\u00f3 t\u00e1c d\u1ee5ng \u1ee9c ch\u1ebf qu\u00e1 tr\u00ecnh h\u01b0ng ph\u1ea5n c\u1ee7a trung t\u00e2m \u0111i\u1ec1u nhi\u1ec7t trong c\u01a1 th\u1ec3 gi\u00fap gi\u1ea3i nhi\u1ec7t. Ch\u00ednh v\u00ec th\u1ebf, ch\u00fang r\u1ea5t t\u1ed1t cho gan m\u1eadt v\u00e0 l\u00e0m m\u00e1t m\u00e1u.<\/li>\n<li>Ph\u00f2ng ch\u1ed1ng ung th\u01b0: H\u00e0m l\u01b0\u1ee3ng l\u1edbn protein v\u00e0 vitamin trong qu\u1ea3 kh\u1ed5 qua gi\u00fap n\u00e2ng cao ch\u1ee9c n\u0103ng mi\u1ec5n d\u1ecbch c\u1ee7a c\u01a1 th\u1ec3. L\u00e0m cho t\u1ebf b\u00e0o mi\u1ec5n d\u1ecbch c\u00f3 t\u00e1c d\u1ee5ng ti\u00eau di\u1ec7t t\u1ebf b\u00e0o ung th\u01b0.<\/li>\n<li>Gi\u1ea3m cholesterol, gi\u1ea3m c\u00e2n, c\u1ea3i thi\u1ec7n gi\u1ea5c ng\u1ee7.<\/li>\n<\/ul>\n<h3><\/h3>\n<h3><strong>B\u1ea3o qu\u1ea3n tr\u00e0:<\/strong><\/h3>\n<p>B\u1ea3o qu\u1ea3n n\u01a1i kh\u00f4 m\u00e1t, tr\u00e1nh \u00e1nh n\u1eafng tr\u1ef1c ti\u1ebfp<\/p>\n<h3><\/h3>\n<h3><strong>Khuy\u1ebfn c\u00e1o s\u1eed d\u1ee5ng tr\u00e0 kh\u1ed5 qua:<\/strong><\/h3>\n<p>Ng\u01b0\u1eddi b\u1ecb huy\u1ebft \u00e1p th\u1ea5p , tr\u1ebb em d\u01b0\u1edbi 2 tu\u1ed5i kh\u00f4ng n\u00ean u\u1ed1ng tr\u00e0 kh\u1ed5 qua.<\/p>\n<\/div>\n<\/div>\n<div>\n<div>\n<h3 class=\"text-xl my-5 font-bold\">Th\u00f4ng s\u1ed1 k\u1ef9 thu\u1eadt<\/h3>\n<div>\n<div class=\"my-2 py-2\">Quy c\u00e1ch<span class=\"mlr-1\">:<\/span><span class=\"ml-1\">H\u1ed9p tr\u00e0 t\u00fai l\u1ecdc<\/span><\/div>\n<div class=\"my-2 py-2\">Xu\u1ea5t x\u1ee9<span class=\"mlr-1\">:<\/span><span class=\"ml-1\">Vi\u1ec7t Nam<\/span><\/div>\n<div class=\"my-2 py-2\">Nguy\u00ean li\u1ec7u<span class=\"mlr-1\">:<\/span><span class=\"ml-1\">100% kh\u1ed5 qua<\/span><\/div>\n<\/div>\n<\/div>\n<\/div>","protected":false},"excerpt":{"rendered":"<div>\n<div>\n<p><i><strong>Kh\u1ed5 qua\u00a0 hay c\u00f2n g\u1ecdi m\u01b0\u1edbp \u0111\u1eafng lo\u1ea1i th\u1ef1c ph\u1ea9m quen thu\u1ed9c kh\u00f4ng ch\u1ec9 ch\u1ebf bi\u1ebfn th\u00e0nh nhi\u1ec1u m\u00f3n \u0103n ngon m\u00e0 n\u00f3 c\u00f2n d\u00f9ng l\u00e0m tr\u00e0 \u0111\u1ec3 u\u1ed1ng ch\u1eefa b\u1ec7nh. Tr\u00e0 kh\u1ed5 qua c\u00f3 h\u00e0m l\u01b0\u1ee3ng vitamin v\u00e0 d\u01b0\u1ee3c cao, m\u1ecdi ng\u01b0\u1eddi c\u00f3 th\u1ec3 u\u1ed1ng thay n\u01b0\u1edbc m\u1ed7i ng\u00e0y v\u1eeba gi\u1ea3i nhi\u1ec7t v\u1eeba t\u1ed1t cho s\u1ee9c kh\u1ecfe l\u1ea1i r\u1ea5t ti\u1ec7n l\u1ee3i.<\/strong><\/i><\/p>\n<p>Kh\u1ed5 qua\u00a0 hay c\u00f2n g\u1ecdi m\u01b0\u1edbp \u0111\u1eafng lo\u1ea1i th\u1ef1c ph\u1ea9m quen thu\u1ed9c kh\u00f4ng ch\u1ec9 ch\u1ebf bi\u1ebfn th\u00e0nh nhi\u1ec1u m\u00f3n \u0103n ngon m\u00e0 n\u00f3 c\u00f2n d\u00f9ng l\u00e0m tr\u00e0 \u0111\u1ec3 u\u1ed1ng ch\u1eefa b\u1ec7nh. Tr\u00e0 kh\u1ed5 qua c\u00f3 h\u00e0m l\u01b0\u1ee3ng vitamin v\u00e0 d\u01b0\u1ee3c cao, m\u1ecdi ng\u01b0\u1eddi c\u00f3 th\u1ec3 u\u1ed1ng thay n\u01b0\u1edbc m\u1ed7i ng\u00e0y v\u1eeba gi\u1ea3i nhi\u1ec7t v\u1eeba t\u1ed1t cho s\u1ee9c kh\u1ecfe l\u1ea1i r\u1ea5t ti\u1ec7n l\u1ee3i.<\/p>\n<p><strong>H\u01b0\u1edbng d\u1eabn s\u1eed d\u1ee5ng tr\u00e0 kh\u1ed5 qua:<\/strong><\/p>\n<p>Nh\u00fang tr\u00e0 v\u00e0o t\u00e1ch n\u01b0\u1edbc s\u00f4i, 1 t\u00fai tr\u00e0 \/ 150 \u2013 200 ml, ch\u1edd t\u1eeb 3 \u2013 5 ph\u00fat. D\u00f9ng l\u00e0m th\u1ee9c u\u1ed1ng gi\u1ea3i kh\u00e1t h\u00e0ng ng\u00e0y, m\u1ed7i ng\u00e0y d\u00f9ng t\u1eeb 3 \u2013 5 t\u00fai tr\u00e0<\/p>\n<h3><strong>C\u00f4ng d\u1ee5ng c\u1ee7a kh\u1ed5 qua:<\/strong><\/h3>\n<ul>\n<li>T\u0103ng c\u01b0\u1eddng kh\u1ea3 n\u0103ng mi\u1ec5n d\u1ecbch. Kh\u1ed5 qua gi\u00e0u vitamin C gi\u00fap lo\u1ea1i b\u1ecf c\u00e1c g\u1ed1c t\u1ef1 do trong c\u01a1 th\u1ec3. Do \u0111\u00f3, h\u1ed7 tr\u1ee3 c\u1ea3i thi\u1ec7n h\u1ec7 th\u1ed1ng mi\u1ec5n d\u1ecbch c\u1ee7a c\u01a1 th\u1ec3.<\/li>\n<li>C\u1ea3i thi\u1ec7n th\u1ecb l\u1ef1c. Kh\u1ed5 qua ch\u1ee9a ch\u1ea5t c\u00f3 t\u00e1c d\u1ee5ng trong vi\u1ec7c gi\u1ea3m nhi\u1ec5m tr\u00f9ng m\u1eaft c\u0169ng nh\u01b0 c\u1ea3i thi\u1ec7n th\u1ecb l\u1ef1c.<\/li>\n<li>H\u1ed7 tr\u1ee3 ti\u00eau h\u00f3a. Trong kh\u1ed5 qua ch\u1ee9a nhi\u1ec1u ch\u1ea5t x\u01a1 gi\u00fap th\u1ef1c ph\u1ea9m \u0111\u01b0\u1ee3c ti\u00eau h\u00f3a d\u1ec5 d\u00e0ng, ng\u0103n ch\u1eb7n, ph\u00f2ng ch\u1ed1ng c\u00e1c b\u1ec7nh v\u1ec1 \u0111\u01b0\u1eddng ti\u00eau h\u00f3a.<\/li>\n<li>Ng\u0103n ng\u1eeba c\u00e1c b\u1ec7nh tim m\u1ea1ch. Kh\u1ed5 qua\u00a0gi\u00fap gi\u1ea3m m\u1ee9c cholesterol trong c\u01a1 th\u1ec3, c\u1ea3i thi\u1ec7n ch\u1ee9c n\u0103ng \u0111\u1ed9ng m\u1ea1ch v\u00e0 ng\u0103n ng\u1eeba b\u1ec7nh tim.<\/li>\n<li>Thanh nhi\u1ec7t, gi\u1ea3i \u0111\u1ed9c: Gi\u00e0u ch\u1ea5t ch\u1ed1ng oxy h\u00f3a, r\u1ea5t h\u1eefu \u00edch trong vi\u1ec7c \u0111\u00e0o th\u1ea3i c\u00e1c \u0111\u1ed9c t\u1ed1 ra kh\u1ecfi c\u01a1 th\u1ec3.<\/li>\n<li>T\u1ed1t cho gan m\u1eadt v\u00e0 l\u00e0m m\u00e1t m\u00e1u: Ch\u1ee9a th\u00e0nh ph\u1ea7n v\u1ecb \u0111\u1eafng \u0111\u1eb7c th\u00f9 n\u00ean kh\u1ed5 qua c\u00f3 t\u00e1c d\u1ee5ng \u1ee9c ch\u1ebf qu\u00e1 tr\u00ecnh h\u01b0ng ph\u1ea5n c\u1ee7a trung t\u00e2m \u0111i\u1ec1u nhi\u1ec7t trong c\u01a1 th\u1ec3 gi\u00fap gi\u1ea3i nhi\u1ec7t. Ch\u00ednh v\u00ec th\u1ebf, ch\u00fang r\u1ea5t t\u1ed1t cho gan m\u1eadt v\u00e0 l\u00e0m m\u00e1t m\u00e1u.<\/li>\n<li>Ph\u00f2ng ch\u1ed1ng ung th\u01b0: H\u00e0m l\u01b0\u1ee3ng l\u1edbn protein v\u00e0 vitamin trong qu\u1ea3 kh\u1ed5 qua gi\u00fap n\u00e2ng cao ch\u1ee9c n\u0103ng mi\u1ec5n d\u1ecbch c\u1ee7a c\u01a1 th\u1ec3. L\u00e0m cho t\u1ebf b\u00e0o mi\u1ec5n d\u1ecbch c\u00f3 t\u00e1c d\u1ee5ng ti\u00eau di\u1ec7t t\u1ebf b\u00e0o ung th\u01b0.<\/li>\n<li>Gi\u1ea3m cholesterol, gi\u1ea3m c\u00e2n, c\u1ea3i thi\u1ec7n gi\u1ea5c ng\u1ee7.<\/li>\n<\/ul>\n<h3><\/h3>\n<h3><strong>B\u1ea3o qu\u1ea3n tr\u00e0:<\/strong><\/h3>\n<p>B\u1ea3o qu\u1ea3n n\u01a1i kh\u00f4 m\u00e1t, tr\u00e1nh \u00e1nh n\u1eafng tr\u1ef1c ti\u1ebfp<\/p>\n<h3><\/h3>\n<h3><strong>Khuy\u1ebfn c\u00e1o s\u1eed d\u1ee5ng tr\u00e0 kh\u1ed5 qua:<\/strong><\/h3>\n<p>Ng\u01b0\u1eddi b\u1ecb huy\u1ebft \u00e1p th\u1ea5p , tr\u1ebb em d\u01b0\u1edbi 2 tu\u1ed5i kh\u00f4ng n\u00ean u\u1ed1ng tr\u00e0 kh\u1ed5 qua.<\/p>\n<\/div>\n<\/div>\n<div>\n<div>\n<h3 class=\"text-xl my-5 font-bold\">Th\u00f4ng s\u1ed1 k\u1ef9 thu\u1eadt<\/h3>\n<div>\n<div class=\"my-2 py-2\">Quy c\u00e1ch<span class=\"mlr-1\">:<\/span><span class=\"ml-1\">H\u1ed9p tr\u00e0 t\u00fai l\u1ecdc<\/span><\/div>\n<div class=\"my-2 py-2\">Xu\u1ea5t x\u1ee9<span class=\"mlr-1\">:<\/span><span class=\"ml-1\">Vi\u1ec7t Nam<\/span><\/div>\n<div class=\"my-2 py-2\">Nguy\u00ean li\u1ec7u<span class=\"mlr-1\">:<\/span><span class=\"ml-1\">100% kh\u1ed5 qua<\/span><\/div>\n<\/div>\n<\/div>\n<\/div>","protected":false},"featured_media":2851,"comment_status":"open","ping_status":"closed","template":"","meta":{"_acf_changed":false},"product_cat":[321,22,323],"product_tag":[],"class_list":{"0":"post-2850","1":"product","2":"type-product","3":"status-publish","4":"has-post-thumbnail","6":"product_cat-che","7":"product_cat-sanphamthucpham","8":"product_cat-san-pham-tra-tu-thuc-vat-khac","10":"first","11":"instock","12":"shipping-taxable","13":"product-type-simple"},"acf":[],"_links":{"self":[{"href":"https:\/\/b2c.fairs.vn\/en\/wp-json\/wp\/v2\/product\/2850","targetHints":{"allow":["GET"]}}],"collection":[{"href":"https:\/\/b2c.fairs.vn\/en\/wp-json\/wp\/v2\/product"}],"about":[{"href":"https:\/\/b2c.fairs.vn\/en\/wp-json\/wp\/v2\/types\/product"}],"replies":[{"embeddable":true,"href":"https:\/\/b2c.fairs.vn\/en\/wp-json\/wp\/v2\/comments?post=2850"}],"version-history":[{"count":0,"href":"https:\/\/b2c.fairs.vn\/en\/wp-json\/wp\/v2\/product\/2850\/revisions"}],"wp:featuredmedia":[{"embeddable":true,"href":"https:\/\/b2c.fairs.vn\/en\/wp-json\/wp\/v2\/media\/2851"}],"wp:attachment":[{"href":"https:\/\/b2c.fairs.vn\/en\/wp-json\/wp\/v2\/media?parent=2850"}],"wp:term":[{"taxonomy":"product_cat","embeddable":true,"href":"https:\/\/b2c.fairs.vn\/en\/wp-json\/wp\/v2\/product_cat?post=2850"},{"taxonomy":"product_tag","embeddable":true,"href":"https:\/\/b2c.fairs.vn\/en\/wp-json\/wp\/v2\/product_tag?post=2850"}],"curies":[{"name":"wp","href":"https:\/\/api.w.org\/{rel}","templated":true}]}}