{"id":2845,"date":"2024-03-19T08:07:21","date_gmt":"2024-03-19T08:07:21","guid":{"rendered":"https:\/\/b2c.fairs.vn\/?post_type=product&#038;p=2845"},"modified":"2024-03-26T11:59:33","modified_gmt":"2024-03-26T04:59:33","slug":"tra-hoa-cuc-chi-tui-zip-20g","status":"publish","type":"product","link":"https:\/\/b2c.fairs.vn\/en\/product\/tra-hoa-cuc-chi-tui-zip-20g\/","title":{"rendered":"Tr\u00e0 hoa c\u00fac chi t\u00fai zip 20G"},"content":{"rendered":"<div>\n<div>\n<p><i><strong>Tr\u00e0 Hoa C\u00fac Chi \u0111\u01b0\u1ee3c l\u00e0m t\u1eeb 100% hoa c\u00fac chi nguy\u00ean ch\u1ea5t theo c\u00f4ng ngh\u1ec7 s\u1ea5y l\u1ea1nh nghi\u00eam ng\u1eb7t, \u0111\u1ea3m b\u1ea3o an to\u00e0n v\u1ec7 sinh v\u00e0 ch\u1ea5t l\u01b0\u1ee3ng. Kh\u00f4ng l\u00e0m m\u1ea5t \u0111i h\u00e0m l\u01b0\u1ee3ng dinh d\u01b0\u1ee1ng ch\u1ea5t qu\u00fd gi\u00e1 c\u00f3 trong c\u00fac chi, gi\u1eef \u0111\u01b0\u1ee3c m\u00e0u s\u1eafc v\u00e0 h\u01b0\u01a1ng v\u1ecb t\u1ef1 nhi\u00ean.<\/strong><\/i><\/p>\n<p><strong>Tr\u00e0 Hoa C\u00fac Chi<\/strong>\u00a0hay c\u00f2n g\u1ecdi l\u00e0 C\u00fac Ti\u1ebfn Vua l\u00e0 m\u1ed9t lo\u1ea1i tr\u00e0 th\u1ea3o m\u1ed9c c\u00f3 v\u1ecb \u0111\u1eafng, cay, t\u00ednh m\u00e1t, t\u00e1c d\u1ee5ng thanh nhi\u1ec7t, h\u1ea1 h\u1ecfa, gi\u1ea3i \u0111\u1ed9c, b\u1ed5 n\u00e3o v\u00e0 ch\u1eefa suy nh\u01b0\u1ee3c th\u1ea7n kinh, s\u00e1ng m\u1eaft. Th\u1ee9c u\u1ed1ng tinh t\u1ebf v\u00e0 b\u1ed5 d\u01b0\u1ee1ng \u0111em l\u1ea1i nhi\u1ec1u l\u1ee3i \u00edch s\u1ee9c kh\u1ecfe cho ng\u01b0\u1eddi s\u1eed d\u1ee5ng.<\/p>\n<p>&nbsp;<\/p>\n<p>Nh\u1eefng b\u00f4ng c\u00fac chi c\u1ee7a Nh\u1ea5t T\u00e2m Tr\u00e0 \u0111\u01b0\u1ee3c ch\u1ecdn l\u1ecdc k\u1ef9 l\u01b0\u1ee1ng, t\u1eeb nh\u1eefng v\u01b0\u1eddn \u01b0\u01a1m c\u00fac n\u1ed5i ti\u1ebfng, b\u00f4ng c\u00fac v\u1eeba n\u1edf ho\u1eb7c \u0111ang h\u00e9 n\u1ee5, gi\u00fap \u0111\u01b0\u1ee3c m\u00f9i v\u1ecb, m\u00e0u s\u1eafc v\u00e0 c\u1ea3 c\u00e1c ch\u1ea5t dinh d\u01b0\u1ee1ng c\u00f3 ban \u0111\u1ea7u c\u1ee7a hoa.<\/p>\n<p>&nbsp;<\/p>\n<h3><strong>C\u00f4ng d\u1ee5ng c\u1ee7a Tr\u00e0 Hoa C\u00fac Chi:\u00a0<\/strong><\/h3>\n<ul>\n<li>L\u00e0m m\u00e1t gan, gi\u1ea3i \u0111\u1ed9c c\u01a1 th\u1ec3, lo\u1ea1i b\u1ecf nh\u1eefng \u0111\u1ed9c t\u1ed1 g\u00e2y \u1ea3nh h\u01b0\u1edfng t\u1edbi gan, m\u1eadt,\u2026<\/li>\n<li>T\u0103ng c\u01b0\u1eddng h\u1ec7 mi\u1ec5n d\u1ecbch, gi\u00fap ti\u00eau sinh v\u00e0 tr\u1ecb m\u1ee5n nh\u1ecdt.<\/li>\n<li>Gi\u1ea3m stress, c\u0103ng th\u1eb3ng, lo \u00e2u, ng\u1ee7 ngon v\u00e0 s\u00e2u gi\u1ea5c.<\/li>\n<li>\u0110i\u1ec1u ho\u00e0 \u0111\u01b0\u1eddng huy\u1ebft c\u01a1 th\u1ec3, ki\u1ec3m so\u00e1t h\u00e0m l\u01b0\u1ee3ng cholesterol trong m\u00e1u.<\/li>\n<li>T\u1ed1t cho h\u1ec7 ti\u00eau ho\u00e1, gi\u1ea3m c\u00e1c tri\u1ec7u ch\u1ee9ng tr\u01b0\u1edbng b\u1ee5ng, \u0111\u1ea7y h\u01a1i, \u1ee3 n\u00f3ng.<\/li>\n<li>Ch\u1ed1ng l\u00e3o ho\u00e1, t\u1ed1t cho m\u1eaft, ch\u1ed1ng kh\u00f4 v\u00e0 nh\u1ee9c m\u1ecfi m\u1eaft.<\/li>\n<li>Ng\u0103n ng\u1eeba l\u00e3o ho\u00e1 da, c\u1ea3i thi\u1ec7n l\u00e0n da m\u1ecbn, tr\u1eafng s\u00e1ng t\u1ef1 nhi\u00ean.<\/li>\n<li>Ng\u0103n ng\u1eeba c\u00e1c nguy c\u01a1 ung th\u01b0.<\/li>\n<\/ul>\n<p>&nbsp;<\/p>\n<h3><strong>C\u00e1ch pha Tr\u00e0 Hoa C\u00fac Chi<\/strong><\/h3>\n<ul>\n<li>Chu\u1ea9n b\u1ecb \u1ea5m tr\u00e0, cho n\u01b0\u1edbc s\u00f4i v\u00e0o tr\u00e1ng v\u00e0 l\u00e0m n\u00f3ng \u1ea5m tr\u00e0.<\/li>\n<li>Cho kho\u1ea3ng 15-25 b\u00f4ng c\u00fac v\u00e0o \u1ea5m.<\/li>\n<li>R\u00f3t n\u01b0\u1edbc s\u00f4i kho\u1ea3ng 150-200ml n\u01b0\u1edbc n\u00f3ng 90 \u0111\u1ed9 v\u00e0o \u1ea5m v\u00e0 \u0111\u1eady n\u1eafp.<\/li>\n<li>\u0110\u1ee3i 5 ph\u00fat cho tr\u00e0 ng\u1ea5m v\u00e0 th\u01b0\u1edfng th\u1ee9c.<\/li>\n<\/ul>\n<h3><\/h3>\n<h3><strong>L\u01b0u \u00fd khi pha:<\/strong><\/h3>\n<ul>\n<li>N\u00ean tr\u00e1ng b\u00ecnh v\u00e0 n\u1ee5 c\u00fac b\u1eb1ng n\u01b0\u1edbc s\u00f4i kho\u1ea3ng 30s \u2013 1 ph\u00fat sau \u0111\u00f3 g\u1ea1t b\u1ecf l\u01b0\u1ee3t n\u01b0\u1edbc tr\u00e1ng.<\/li>\n<li>C\u00f3 th\u1ec3 k\u1ebft h\u1ee3p c\u00fac v\u1edbi m\u1ed9t s\u1ed1 lo\u1ea1i hoa nh\u01b0 hoa h\u1ed3ng, hoa \u0111\u00e0o, tr\u00e0 xanh,\u2026 ho\u1eb7c k\u1ebft h\u1ee3p v\u1edbi c\u00e1c lo\u1ea1i th\u1ea3o m\u1ed9c nh\u01b0 t\u00e1o \u0111\u1ecf, k\u1ef7 t\u1eed, c\u1ecf ng\u1ecdt,\u2026 Chanh, \u0111\u01b0\u1eddng ph\u00e8n, m\u1eadt ong.<\/li>\n<li>N\u1ebfu b\u1ecb huy\u1ebft \u00e1p th\u1ea5p c\u00f3 th\u1ec3 cho th\u00eam l\u00e1t g\u1eebng \u0111\u1ec3 c\u00e2n b\u1eb1ng v\u00e0 \u1ed5n \u0111\u1ecbnh huy\u1ebft \u00e1p.<\/li>\n<li>N\u1ebfu th\u00edch u\u1ed1ng l\u1ea1nh c\u00f3 th\u1ec3 cho th\u00eam \u0111\u00e1. Ho\u1eb7c u\u1ed1ng \u0111\u1eadm, nh\u1ea1t (tu\u1ef3 ch\u1ec9nh theo s\u1ed1 l\u01b0\u1ee3ng hoa).<\/li>\n<\/ul>\n<h3><\/h3>\n<h3><strong>B\u1ea3o qu\u1ea3n:\u00a0<\/strong><\/h3>\n<p>\u0110\u1ec3 tr\u00e0 \u1edf n\u01a1i kh\u00f4 r\u00e1o, tr\u00e1nh \u1ea9m th\u1ea5p ho\u1eb7c nhi\u1ec7t \u0111\u1ed9 qu\u00e1 cao, tr\u00e1nh \u00e1nh s\u00e1ng tr\u1ef1c ti\u1ebfp.<\/p>\n<h3><\/h3>\n<h3><strong>L\u01b0u \u00fd:<\/strong><\/h3>\n<ul>\n<li>Kh\u00f4ng d\u00f9ng tr\u00e0 \u0111\u1ec3 u\u1ed1ng thu\u1ed1c<\/li>\n<li>Kh\u00f4ng d\u00f9ng tr\u00e0 l\u00fac \u0111\u00f3i<\/li>\n<li>H\u1ea1n ch\u1ebf s\u1eed d\u1ee5ng tr\u00e0 cho ph\u1ee5 n\u1eef mang thai<\/li>\n<li>U\u1ed1ng tr\u00e0 v\u00e0o th\u1eddi \u0111i\u1ec3m th\u00edch h\u1ee3p trong ng\u00e0y<\/li>\n<\/ul>\n<p>\u2014\u2014\u2014\u2014\u2014\u2014\u2014\u2014\u2014\u2014\u2014\u2014\u2013<\/p>\n<\/div>\n<\/div>\n<div>\n<div>\n<h3 class=\"text-xl my-5 font-bold\">Th\u00f4ng s\u1ed1 k\u1ef9 thu\u1eadt<\/h3>\n<div>\n<div class=\"my-2 py-2\">Th\u00e0nh ph\u1ea7n<span class=\"mlr-1\">:<\/span><span class=\"ml-1\">100% hoa c\u00fac chi nguy\u00ean ch\u1ea5t<\/span><\/div>\n<div class=\"my-2 py-2\">T\u00ean s\u1ea3n ph\u1ea9m<span class=\"mlr-1\">:<\/span><span class=\"ml-1\">Tr\u00e0 Hoa C\u00fac Chi<\/span><\/div>\n<div class=\"my-2 py-2\">Quy c\u00e1ch \u0111\u00f3ng g\u00f3i<span class=\"mlr-1\">:<\/span><span class=\"ml-1\">D\u1ea1ng t\u00fai Zip 20g<\/span><\/div>\n<div class=\"my-2 py-2\">Ng\u00e0y s\u1ea3n xu\u1ea5t v\u00e0 H\u1ea1n s\u1eed d\u1ee5ng<span class=\"mlr-1\">:<\/span><span class=\"ml-1\">Xem tr\u00ean bao b\u00ec<\/span><\/div>\n<\/div>\n<\/div>\n<\/div>","protected":false},"excerpt":{"rendered":"<div>\n<div>\n<p><i><strong>Tr\u00e0 Hoa C\u00fac Chi \u0111\u01b0\u1ee3c l\u00e0m t\u1eeb 100% hoa c\u00fac chi nguy\u00ean ch\u1ea5t theo c\u00f4ng ngh\u1ec7 s\u1ea5y l\u1ea1nh nghi\u00eam ng\u1eb7t, \u0111\u1ea3m b\u1ea3o an to\u00e0n v\u1ec7 sinh v\u00e0 ch\u1ea5t l\u01b0\u1ee3ng. Kh\u00f4ng l\u00e0m m\u1ea5t \u0111i h\u00e0m l\u01b0\u1ee3ng dinh d\u01b0\u1ee1ng ch\u1ea5t qu\u00fd gi\u00e1 c\u00f3 trong c\u00fac chi, gi\u1eef \u0111\u01b0\u1ee3c m\u00e0u s\u1eafc v\u00e0 h\u01b0\u01a1ng v\u1ecb t\u1ef1 nhi\u00ean.<\/strong><\/i><\/p>\n<p><strong>Tr\u00e0 Hoa C\u00fac Chi<\/strong>\u00a0hay c\u00f2n g\u1ecdi l\u00e0 C\u00fac Ti\u1ebfn Vua l\u00e0 m\u1ed9t lo\u1ea1i tr\u00e0 th\u1ea3o m\u1ed9c c\u00f3 v\u1ecb \u0111\u1eafng, cay, t\u00ednh m\u00e1t, t\u00e1c d\u1ee5ng thanh nhi\u1ec7t, h\u1ea1 h\u1ecfa, gi\u1ea3i \u0111\u1ed9c, b\u1ed5 n\u00e3o v\u00e0 ch\u1eefa suy nh\u01b0\u1ee3c th\u1ea7n kinh, s\u00e1ng m\u1eaft. Th\u1ee9c u\u1ed1ng tinh t\u1ebf v\u00e0 b\u1ed5 d\u01b0\u1ee1ng \u0111em l\u1ea1i nhi\u1ec1u l\u1ee3i \u00edch s\u1ee9c kh\u1ecfe cho ng\u01b0\u1eddi s\u1eed d\u1ee5ng.<\/p>\n<p>&nbsp;<\/p>\n<p>Nh\u1eefng b\u00f4ng c\u00fac chi c\u1ee7a Nh\u1ea5t T\u00e2m Tr\u00e0 \u0111\u01b0\u1ee3c ch\u1ecdn l\u1ecdc k\u1ef9 l\u01b0\u1ee1ng, t\u1eeb nh\u1eefng v\u01b0\u1eddn \u01b0\u01a1m c\u00fac n\u1ed5i ti\u1ebfng, b\u00f4ng c\u00fac v\u1eeba n\u1edf ho\u1eb7c \u0111ang h\u00e9 n\u1ee5, gi\u00fap \u0111\u01b0\u1ee3c m\u00f9i v\u1ecb, m\u00e0u s\u1eafc v\u00e0 c\u1ea3 c\u00e1c ch\u1ea5t dinh d\u01b0\u1ee1ng c\u00f3 ban \u0111\u1ea7u c\u1ee7a hoa.<\/p>\n<p>&nbsp;<\/p>\n<h3><strong>C\u00f4ng d\u1ee5ng c\u1ee7a Tr\u00e0 Hoa C\u00fac Chi:\u00a0<\/strong><\/h3>\n<ul>\n<li>L\u00e0m m\u00e1t gan, gi\u1ea3i \u0111\u1ed9c c\u01a1 th\u1ec3, lo\u1ea1i b\u1ecf nh\u1eefng \u0111\u1ed9c t\u1ed1 g\u00e2y \u1ea3nh h\u01b0\u1edfng t\u1edbi gan, m\u1eadt,\u2026<\/li>\n<li>T\u0103ng c\u01b0\u1eddng h\u1ec7 mi\u1ec5n d\u1ecbch, gi\u00fap ti\u00eau sinh v\u00e0 tr\u1ecb m\u1ee5n nh\u1ecdt.<\/li>\n<li>Gi\u1ea3m stress, c\u0103ng th\u1eb3ng, lo \u00e2u, ng\u1ee7 ngon v\u00e0 s\u00e2u gi\u1ea5c.<\/li>\n<li>\u0110i\u1ec1u ho\u00e0 \u0111\u01b0\u1eddng huy\u1ebft c\u01a1 th\u1ec3, ki\u1ec3m so\u00e1t h\u00e0m l\u01b0\u1ee3ng cholesterol trong m\u00e1u.<\/li>\n<li>T\u1ed1t cho h\u1ec7 ti\u00eau ho\u00e1, gi\u1ea3m c\u00e1c tri\u1ec7u ch\u1ee9ng tr\u01b0\u1edbng b\u1ee5ng, \u0111\u1ea7y h\u01a1i, \u1ee3 n\u00f3ng.<\/li>\n<li>Ch\u1ed1ng l\u00e3o ho\u00e1, t\u1ed1t cho m\u1eaft, ch\u1ed1ng kh\u00f4 v\u00e0 nh\u1ee9c m\u1ecfi m\u1eaft.<\/li>\n<li>Ng\u0103n ng\u1eeba l\u00e3o ho\u00e1 da, c\u1ea3i thi\u1ec7n l\u00e0n da m\u1ecbn, tr\u1eafng s\u00e1ng t\u1ef1 nhi\u00ean.<\/li>\n<li>Ng\u0103n ng\u1eeba c\u00e1c nguy c\u01a1 ung th\u01b0.<\/li>\n<\/ul>\n<p>&nbsp;<\/p>\n<h3><strong>C\u00e1ch pha Tr\u00e0 Hoa C\u00fac Chi<\/strong><\/h3>\n<ul>\n<li>Chu\u1ea9n b\u1ecb \u1ea5m tr\u00e0, cho n\u01b0\u1edbc s\u00f4i v\u00e0o tr\u00e1ng v\u00e0 l\u00e0m n\u00f3ng \u1ea5m tr\u00e0.<\/li>\n<li>Cho kho\u1ea3ng 15-25 b\u00f4ng c\u00fac v\u00e0o \u1ea5m.<\/li>\n<li>R\u00f3t n\u01b0\u1edbc s\u00f4i kho\u1ea3ng 150-200ml n\u01b0\u1edbc n\u00f3ng 90 \u0111\u1ed9 v\u00e0o \u1ea5m v\u00e0 \u0111\u1eady n\u1eafp.<\/li>\n<li>\u0110\u1ee3i 5 ph\u00fat cho tr\u00e0 ng\u1ea5m v\u00e0 th\u01b0\u1edfng th\u1ee9c.<\/li>\n<\/ul>\n<h3><\/h3>\n<h3><strong>L\u01b0u \u00fd khi pha:<\/strong><\/h3>\n<ul>\n<li>N\u00ean tr\u00e1ng b\u00ecnh v\u00e0 n\u1ee5 c\u00fac b\u1eb1ng n\u01b0\u1edbc s\u00f4i kho\u1ea3ng 30s \u2013 1 ph\u00fat sau \u0111\u00f3 g\u1ea1t b\u1ecf l\u01b0\u1ee3t n\u01b0\u1edbc tr\u00e1ng.<\/li>\n<li>C\u00f3 th\u1ec3 k\u1ebft h\u1ee3p c\u00fac v\u1edbi m\u1ed9t s\u1ed1 lo\u1ea1i hoa nh\u01b0 hoa h\u1ed3ng, hoa \u0111\u00e0o, tr\u00e0 xanh,\u2026 ho\u1eb7c k\u1ebft h\u1ee3p v\u1edbi c\u00e1c lo\u1ea1i th\u1ea3o m\u1ed9c nh\u01b0 t\u00e1o \u0111\u1ecf, k\u1ef7 t\u1eed, c\u1ecf ng\u1ecdt,\u2026 Chanh, \u0111\u01b0\u1eddng ph\u00e8n, m\u1eadt ong.<\/li>\n<li>N\u1ebfu b\u1ecb huy\u1ebft \u00e1p th\u1ea5p c\u00f3 th\u1ec3 cho th\u00eam l\u00e1t g\u1eebng \u0111\u1ec3 c\u00e2n b\u1eb1ng v\u00e0 \u1ed5n \u0111\u1ecbnh huy\u1ebft \u00e1p.<\/li>\n<li>N\u1ebfu th\u00edch u\u1ed1ng l\u1ea1nh c\u00f3 th\u1ec3 cho th\u00eam \u0111\u00e1. Ho\u1eb7c u\u1ed1ng \u0111\u1eadm, nh\u1ea1t (tu\u1ef3 ch\u1ec9nh theo s\u1ed1 l\u01b0\u1ee3ng hoa).<\/li>\n<\/ul>\n<h3><\/h3>\n<h3><strong>B\u1ea3o qu\u1ea3n:\u00a0<\/strong><\/h3>\n<p>\u0110\u1ec3 tr\u00e0 \u1edf n\u01a1i kh\u00f4 r\u00e1o, tr\u00e1nh \u1ea9m th\u1ea5p ho\u1eb7c nhi\u1ec7t \u0111\u1ed9 qu\u00e1 cao, tr\u00e1nh \u00e1nh s\u00e1ng tr\u1ef1c ti\u1ebfp.<\/p>\n<h3><\/h3>\n<h3><strong>L\u01b0u \u00fd:<\/strong><\/h3>\n<ul>\n<li>Kh\u00f4ng d\u00f9ng tr\u00e0 \u0111\u1ec3 u\u1ed1ng thu\u1ed1c<\/li>\n<li>Kh\u00f4ng d\u00f9ng tr\u00e0 l\u00fac \u0111\u00f3i<\/li>\n<li>H\u1ea1n ch\u1ebf s\u1eed d\u1ee5ng tr\u00e0 cho ph\u1ee5 n\u1eef mang thai<\/li>\n<li>U\u1ed1ng tr\u00e0 v\u00e0o th\u1eddi \u0111i\u1ec3m th\u00edch h\u1ee3p trong ng\u00e0y<\/li>\n<\/ul>\n<p>\u2014\u2014\u2014\u2014\u2014\u2014\u2014\u2014\u2014\u2014\u2014\u2014\u2013<\/p>\n<\/div>\n<\/div>\n<div>\n<div>\n<h3 class=\"text-xl my-5 font-bold\">Th\u00f4ng s\u1ed1 k\u1ef9 thu\u1eadt<\/h3>\n<div>\n<div class=\"my-2 py-2\">Th\u00e0nh ph\u1ea7n<span class=\"mlr-1\">:<\/span><span class=\"ml-1\">100% hoa c\u00fac chi nguy\u00ean ch\u1ea5t<\/span><\/div>\n<div class=\"my-2 py-2\">T\u00ean s\u1ea3n ph\u1ea9m<span class=\"mlr-1\">:<\/span><span class=\"ml-1\">Tr\u00e0 Hoa C\u00fac Chi<\/span><\/div>\n<div class=\"my-2 py-2\">Quy c\u00e1ch \u0111\u00f3ng g\u00f3i<span class=\"mlr-1\">:<\/span><span class=\"ml-1\">D\u1ea1ng t\u00fai Zip 20g<\/span><\/div>\n<div class=\"my-2 py-2\">Ng\u00e0y s\u1ea3n xu\u1ea5t v\u00e0 H\u1ea1n s\u1eed d\u1ee5ng<span class=\"mlr-1\">:<\/span><span class=\"ml-1\">Xem tr\u00ean bao b\u00ec<\/span><\/div>\n<\/div>\n<\/div>\n<\/div>","protected":false},"featured_media":2847,"comment_status":"open","ping_status":"closed","template":"","meta":{"_acf_changed":false},"product_cat":[321,22,323],"product_tag":[],"class_list":{"0":"post-2845","1":"product","2":"type-product","3":"status-publish","4":"has-post-thumbnail","6":"product_cat-che","7":"product_cat-sanphamthucpham","8":"product_cat-san-pham-tra-tu-thuc-vat-khac","10":"first","11":"instock","12":"shipping-taxable","13":"product-type-simple"},"acf":[],"_links":{"self":[{"href":"https:\/\/b2c.fairs.vn\/en\/wp-json\/wp\/v2\/product\/2845","targetHints":{"allow":["GET"]}}],"collection":[{"href":"https:\/\/b2c.fairs.vn\/en\/wp-json\/wp\/v2\/product"}],"about":[{"href":"https:\/\/b2c.fairs.vn\/en\/wp-json\/wp\/v2\/types\/product"}],"replies":[{"embeddable":true,"href":"https:\/\/b2c.fairs.vn\/en\/wp-json\/wp\/v2\/comments?post=2845"}],"version-history":[{"count":0,"href":"https:\/\/b2c.fairs.vn\/en\/wp-json\/wp\/v2\/product\/2845\/revisions"}],"wp:featuredmedia":[{"embeddable":true,"href":"https:\/\/b2c.fairs.vn\/en\/wp-json\/wp\/v2\/media\/2847"}],"wp:attachment":[{"href":"https:\/\/b2c.fairs.vn\/en\/wp-json\/wp\/v2\/media?parent=2845"}],"wp:term":[{"taxonomy":"product_cat","embeddable":true,"href":"https:\/\/b2c.fairs.vn\/en\/wp-json\/wp\/v2\/product_cat?post=2845"},{"taxonomy":"product_tag","embeddable":true,"href":"https:\/\/b2c.fairs.vn\/en\/wp-json\/wp\/v2\/product_tag?post=2845"}],"curies":[{"name":"wp","href":"https:\/\/api.w.org\/{rel}","templated":true}]}}