{"id":2842,"date":"2024-03-19T08:05:43","date_gmt":"2024-03-19T08:05:43","guid":{"rendered":"https:\/\/b2c.fairs.vn\/?post_type=product&#038;p=2842"},"modified":"2024-03-26T11:59:55","modified_gmt":"2024-03-26T04:59:55","slug":"tra-la-voi","status":"publish","type":"product","link":"https:\/\/b2c.fairs.vn\/en\/product\/tra-la-voi\/","title":{"rendered":"Tr\u00e0 l\u00e1 v\u1ed1i"},"content":{"rendered":"<div>\n<div>\n<p><i><strong>C\u1ed1c n\u01b0\u1edbc v\u1ed1i t\u1eeb l\u00e2u \u0111\u00e3 r\u1ea5t quen thu\u1ed9c v\u1edbi m\u1ecdi ng\u01b0\u1eddi, nh\u1ea5t l\u00e0 \u1edf c\u00e1c v\u00f9ng qu\u00ea. Ch\u00fang ta u\u1ed1ng n\u01b0\u1edbc v\u1ed1i \u0111\u1ec3 gi\u1ea3i kh\u00e1t v\u00e0 thanh l\u1ecdc c\u01a1 th\u1ec3 m\u00e0 \u00edt ai bi\u1ebft \u0111\u01b0\u1ee3c r\u1eb1ng l\u00e1 v\u1ed1i c\u00f2n h\u1ed7 tr\u1ee3 \u0111i\u1ec1u tr\u1ecb \u0111\u01b0\u1ee3c r\u1ea5t nhi\u1ec1u b\u1ec7nh l\u00fd nh\u01b0 vi\u00eam \u0111\u1ea1i tr\u00e0ng, gout, ti\u1ec3u \u0111\u01b0\u1eddng, m\u1ee1 m\u00e1u, vi\u00eam gan\u2026Tr\u00e0 l\u00e1 v\u1ed1i ra \u0111\u1eddi gi\u00fap \u0111\u01b0a l\u00e1 v\u1ed1i\u00a0 t\u1edbi\u00a0 m\u1ecdi ng\u01b0\u1eddi g\u1ea7n h\u01a1n.<\/strong><\/i><\/p>\n<p>C\u1ed1c n\u01b0\u1edbc v\u1ed1i t\u1eeb l\u00e2u \u0111\u00e3 r\u1ea5t quen thu\u1ed9c v\u1edbi m\u1ecdi ng\u01b0\u1eddi, nh\u1ea5t l\u00e0 \u1edf c\u00e1c v\u00f9ng qu\u00ea. Ch\u00fang ta u\u1ed1ng n\u01b0\u1edbc v\u1ed1i \u0111\u1ec3 gi\u1ea3i kh\u00e1t v\u00e0 thanh l\u1ecdc c\u01a1 th\u1ec3 m\u00e0 \u00edt ai bi\u1ebft \u0111\u01b0\u1ee3c r\u1eb1ng l\u00e1 v\u1ed1i c\u00f2n h\u1ed7 tr\u1ee3 \u0111i\u1ec1u tr\u1ecb \u0111\u01b0\u1ee3c r\u1ea5t nhi\u1ec1u b\u1ec7nh l\u00fd nh\u01b0 vi\u00eam \u0111\u1ea1i tr\u00e0ng, gout, ti\u1ec3u \u0111\u01b0\u1eddng, m\u1ee1 m\u00e1u, vi\u00eam gan\u2026Tr\u00e0 l\u00e1 v\u1ed1i ra \u0111\u1eddi gi\u00fap \u0111\u01b0a l\u00e1 v\u1ed1i\u00a0 t\u1edbi\u00a0 m\u1ecdi ng\u01b0\u1eddi g\u1ea7n h\u01a1n.<\/p>\n<h3><strong>H\u01b0\u1edbng d\u1eabn s\u1eed d\u1ee5ng tr\u00e0 l\u00e1 v\u1ed1i:<\/strong><\/h3>\n<h3><strong>Nh\u00fang m\u1ed9t g\u00f3i tr\u00e0 t\u00fai l\u1ecdc v\u00e0o n\u01b0\u1edbc s\u00f4i, ch\u1edd kho\u1ea3ng 2-3 ph\u00fat r\u1ed3i th\u01b0\u1edfng th\u1ee9c.<\/strong><\/h3>\n<h3><strong>C\u00f4ng d\u1ee5ng tr\u00e0 l\u00e1 v\u1ed1i:<\/strong><\/h3>\n<p>Gi\u00fap \u0111i\u1ec1u tr\u1ecb ti\u1ec3u \u0111\u01b0\u1eddng<\/p>\n<p>Ph\u00f2ng ch\u1ed1ng v\u00e0 c\u1ea3i thi\u1ec7n t\u00ecnh tr\u1ea1ng b\u1ec7nh gout<\/p>\n<p>Ch\u1eefa \u0111\u1ea7y b\u1ee5ng, kh\u00f3 ti\u00eau<\/p>\n<p>Gi\u00fap l\u1ee3i ti\u1ec3u, gi\u1ea3i kh\u00e1t t\u1ed1t<\/p>\n<p>Gi\u1ea3m ch\u1ed1c \u0111\u1ea7u, m\u1ea9n ng\u1ee9a<\/p>\n<p>S\u00e1t khu\u1ea9n t\u1ed1t cho da<\/p>\n<p>\u0110i\u1ec1u tr\u1ecb vi\u00eam \u0111\u1ea1i tr\u00e0ng<\/p>\n<p>Gi\u1ea3m c\u00e2n \u1edf ph\u1ee5 n\u1eef<\/p>\n<p>Cung c\u1ea5p d\u01b0\u1ee1ng ch\u1ea5t cho c\u01a1 th\u1ec3 \u0111ang m\u1ec7t m\u1ecfi<\/p>\n<p>U\u1ed1ng n\u01b0\u1edbc l\u00e1 v\u1ed1i ch\u1eefa b\u1ec7nh gan nhi\u1ec5m m\u1ee1<\/p>\n<p>Gi\u00fap l\u1ee3i s\u1eefa: U\u1ed1ng n\u01b0\u1edbc l\u00e1 v\u1ed1i ngay t\u1eeb \u0111\u1ea7u thai k\u1ef3 s\u1ebd gi\u00fap t\u0103ng c\u01b0\u1eddng ch\u1ee9c n\u0103ng tuy\u1ebfn s\u1eefa, t\u1eeb \u0111\u00f3 \u0111\u1ea3m b\u1ea3o th\u1ec3 ch\u1ea5t khi sinh.<\/p>\n<h3><strong>L\u01b0u \u00fd khi s\u1eed d\u1ee5ng tr\u00e0 l\u00e1 v\u1ed1i:\u00a0<\/strong><\/h3>\n<p>Kh\u00f4ng n\u00ean qu\u00e1 l\u1ea1m d\u1ee5ng l\u00e1 v\u1ed1i. \u0110i\u1ec1u \u0111\u00f3 s\u1ebd khi\u1ebfn ph\u1ea3n t\u00e1c d\u1ee5ng v\u00e0 g\u00e2y ra t\u00e1c h\u1ea1i c\u1ee7a l\u00e1 v\u1ed1i v\u1edbi c\u01a1 th\u1ec3.<\/p>\n<p>Ng\u01b0\u1eddi b\u1ecb huy\u1ebft \u00e1p th\u1ea5p khi \u0111ang \u0111\u00f3i tuy\u1ec7t \u0111\u1ed1i kh\u00f4ng s\u1eed d\u1ee5ng n\u01b0\u1edbc l\u00e1 v\u1ed1i \u0111\u1ec3 u\u1ed1ng.<\/p>\n<p>Kh\u00f4ng u\u1ed1ng qu\u00e1 \u0111\u1eb7c n\u01b0\u1edbc v\u1ed1i v\u00e0 u\u1ed1ng qu\u00e1 nhi\u1ec1u trong ng\u00e0y. \u0110i\u1ec1u n\u00e0y d\u1ec5 g\u00e2y \u0111\u1ea7y b\u1ee5ng, ch\u01b0\u1edbng b\u1ee5ng, kh\u00f3 ch\u1ecbu cho c\u01a1 th\u1ec3, g\u00e2y cho\u00e1ng v\u00e1ng.<\/p>\n<h3><strong>B\u1ea3o qu\u1ea3n:B\u1ea3o qu\u1ea3n n\u01a1i kh\u00f4 m\u00e1t, tr\u00e1nh \u00e1nh n\u1eafng tr\u1ef1c ti\u1ebfp<\/strong><\/h3>\n<\/div>\n<\/div>\n<div>\n<div>\n<h3 class=\"text-xl my-5 font-bold\">Th\u00f4ng s\u1ed1 k\u1ef9 thu\u1eadt<\/h3>\n<div>\n<div class=\"my-2 py-2\">Quy c\u00e1ch<span class=\"mlr-1\">:<\/span><span class=\"ml-1\">Tr\u00e0 t\u00fai l\u1ecdc<\/span><\/div>\n<div class=\"my-2 py-2\">Xu\u1ea5t x\u1ee9<span class=\"mlr-1\">:<\/span><span class=\"ml-1\">Vi\u1ec7t Nam<\/span><\/div>\n<div class=\"my-2 py-2\">Nguy\u00ean li\u1ec7u<span class=\"mlr-1\">:<\/span><span class=\"ml-1\">100% l\u00e1 v\u1ed1i<\/span><\/div>\n<\/div>\n<\/div>\n<\/div>","protected":false},"excerpt":{"rendered":"<div>\n<div>\n<p><i><strong>C\u1ed1c n\u01b0\u1edbc v\u1ed1i t\u1eeb l\u00e2u \u0111\u00e3 r\u1ea5t quen thu\u1ed9c v\u1edbi m\u1ecdi ng\u01b0\u1eddi, nh\u1ea5t l\u00e0 \u1edf c\u00e1c v\u00f9ng qu\u00ea. Ch\u00fang ta u\u1ed1ng n\u01b0\u1edbc v\u1ed1i \u0111\u1ec3 gi\u1ea3i kh\u00e1t v\u00e0 thanh l\u1ecdc c\u01a1 th\u1ec3 m\u00e0 \u00edt ai bi\u1ebft \u0111\u01b0\u1ee3c r\u1eb1ng l\u00e1 v\u1ed1i c\u00f2n h\u1ed7 tr\u1ee3 \u0111i\u1ec1u tr\u1ecb \u0111\u01b0\u1ee3c r\u1ea5t nhi\u1ec1u b\u1ec7nh l\u00fd nh\u01b0 vi\u00eam \u0111\u1ea1i tr\u00e0ng, gout, ti\u1ec3u \u0111\u01b0\u1eddng, m\u1ee1 m\u00e1u, vi\u00eam gan\u2026Tr\u00e0 l\u00e1 v\u1ed1i ra \u0111\u1eddi gi\u00fap \u0111\u01b0a l\u00e1 v\u1ed1i\u00a0 t\u1edbi\u00a0 m\u1ecdi ng\u01b0\u1eddi g\u1ea7n h\u01a1n.<\/strong><\/i><\/p>\n<p>C\u1ed1c n\u01b0\u1edbc v\u1ed1i t\u1eeb l\u00e2u \u0111\u00e3 r\u1ea5t quen thu\u1ed9c v\u1edbi m\u1ecdi ng\u01b0\u1eddi, nh\u1ea5t l\u00e0 \u1edf c\u00e1c v\u00f9ng qu\u00ea. Ch\u00fang ta u\u1ed1ng n\u01b0\u1edbc v\u1ed1i \u0111\u1ec3 gi\u1ea3i kh\u00e1t v\u00e0 thanh l\u1ecdc c\u01a1 th\u1ec3 m\u00e0 \u00edt ai bi\u1ebft \u0111\u01b0\u1ee3c r\u1eb1ng l\u00e1 v\u1ed1i c\u00f2n h\u1ed7 tr\u1ee3 \u0111i\u1ec1u tr\u1ecb \u0111\u01b0\u1ee3c r\u1ea5t nhi\u1ec1u b\u1ec7nh l\u00fd nh\u01b0 vi\u00eam \u0111\u1ea1i tr\u00e0ng, gout, ti\u1ec3u \u0111\u01b0\u1eddng, m\u1ee1 m\u00e1u, vi\u00eam gan\u2026Tr\u00e0 l\u00e1 v\u1ed1i ra \u0111\u1eddi gi\u00fap \u0111\u01b0a l\u00e1 v\u1ed1i\u00a0 t\u1edbi\u00a0 m\u1ecdi ng\u01b0\u1eddi g\u1ea7n h\u01a1n.<\/p>\n<h3><strong>H\u01b0\u1edbng d\u1eabn s\u1eed d\u1ee5ng tr\u00e0 l\u00e1 v\u1ed1i:<\/strong><\/h3>\n<h3><strong>Nh\u00fang m\u1ed9t g\u00f3i tr\u00e0 t\u00fai l\u1ecdc v\u00e0o n\u01b0\u1edbc s\u00f4i, ch\u1edd kho\u1ea3ng 2-3 ph\u00fat r\u1ed3i th\u01b0\u1edfng th\u1ee9c.<\/strong><\/h3>\n<h3><strong>C\u00f4ng d\u1ee5ng tr\u00e0 l\u00e1 v\u1ed1i:<\/strong><\/h3>\n<p>Gi\u00fap \u0111i\u1ec1u tr\u1ecb ti\u1ec3u \u0111\u01b0\u1eddng<\/p>\n<p>Ph\u00f2ng ch\u1ed1ng v\u00e0 c\u1ea3i thi\u1ec7n t\u00ecnh tr\u1ea1ng b\u1ec7nh gout<\/p>\n<p>Ch\u1eefa \u0111\u1ea7y b\u1ee5ng, kh\u00f3 ti\u00eau<\/p>\n<p>Gi\u00fap l\u1ee3i ti\u1ec3u, gi\u1ea3i kh\u00e1t t\u1ed1t<\/p>\n<p>Gi\u1ea3m ch\u1ed1c \u0111\u1ea7u, m\u1ea9n ng\u1ee9a<\/p>\n<p>S\u00e1t khu\u1ea9n t\u1ed1t cho da<\/p>\n<p>\u0110i\u1ec1u tr\u1ecb vi\u00eam \u0111\u1ea1i tr\u00e0ng<\/p>\n<p>Gi\u1ea3m c\u00e2n \u1edf ph\u1ee5 n\u1eef<\/p>\n<p>Cung c\u1ea5p d\u01b0\u1ee1ng ch\u1ea5t cho c\u01a1 th\u1ec3 \u0111ang m\u1ec7t m\u1ecfi<\/p>\n<p>U\u1ed1ng n\u01b0\u1edbc l\u00e1 v\u1ed1i ch\u1eefa b\u1ec7nh gan nhi\u1ec5m m\u1ee1<\/p>\n<p>Gi\u00fap l\u1ee3i s\u1eefa: U\u1ed1ng n\u01b0\u1edbc l\u00e1 v\u1ed1i ngay t\u1eeb \u0111\u1ea7u thai k\u1ef3 s\u1ebd gi\u00fap t\u0103ng c\u01b0\u1eddng ch\u1ee9c n\u0103ng tuy\u1ebfn s\u1eefa, t\u1eeb \u0111\u00f3 \u0111\u1ea3m b\u1ea3o th\u1ec3 ch\u1ea5t khi sinh.<\/p>\n<h3><strong>L\u01b0u \u00fd khi s\u1eed d\u1ee5ng tr\u00e0 l\u00e1 v\u1ed1i:\u00a0<\/strong><\/h3>\n<p>Kh\u00f4ng n\u00ean qu\u00e1 l\u1ea1m d\u1ee5ng l\u00e1 v\u1ed1i. \u0110i\u1ec1u \u0111\u00f3 s\u1ebd khi\u1ebfn ph\u1ea3n t\u00e1c d\u1ee5ng v\u00e0 g\u00e2y ra t\u00e1c h\u1ea1i c\u1ee7a l\u00e1 v\u1ed1i v\u1edbi c\u01a1 th\u1ec3.<\/p>\n<p>Ng\u01b0\u1eddi b\u1ecb huy\u1ebft \u00e1p th\u1ea5p khi \u0111ang \u0111\u00f3i tuy\u1ec7t \u0111\u1ed1i kh\u00f4ng s\u1eed d\u1ee5ng n\u01b0\u1edbc l\u00e1 v\u1ed1i \u0111\u1ec3 u\u1ed1ng.<\/p>\n<p>Kh\u00f4ng u\u1ed1ng qu\u00e1 \u0111\u1eb7c n\u01b0\u1edbc v\u1ed1i v\u00e0 u\u1ed1ng qu\u00e1 nhi\u1ec1u trong ng\u00e0y. \u0110i\u1ec1u n\u00e0y d\u1ec5 g\u00e2y \u0111\u1ea7y b\u1ee5ng, ch\u01b0\u1edbng b\u1ee5ng, kh\u00f3 ch\u1ecbu cho c\u01a1 th\u1ec3, g\u00e2y cho\u00e1ng v\u00e1ng.<\/p>\n<h3><strong>B\u1ea3o qu\u1ea3n:B\u1ea3o qu\u1ea3n n\u01a1i kh\u00f4 m\u00e1t, tr\u00e1nh \u00e1nh n\u1eafng tr\u1ef1c ti\u1ebfp<\/strong><\/h3>\n<\/div>\n<\/div>\n<div>\n<div>\n<h3 class=\"text-xl my-5 font-bold\">Th\u00f4ng s\u1ed1 k\u1ef9 thu\u1eadt<\/h3>\n<div>\n<div class=\"my-2 py-2\">Quy c\u00e1ch<span class=\"mlr-1\">:<\/span><span class=\"ml-1\">Tr\u00e0 t\u00fai l\u1ecdc<\/span><\/div>\n<div class=\"my-2 py-2\">Xu\u1ea5t x\u1ee9<span class=\"mlr-1\">:<\/span><span class=\"ml-1\">Vi\u1ec7t Nam<\/span><\/div>\n<div class=\"my-2 py-2\">Nguy\u00ean li\u1ec7u<span class=\"mlr-1\">:<\/span><span class=\"ml-1\">100% l\u00e1 v\u1ed1i<\/span><\/div>\n<\/div>\n<\/div>\n<\/div>","protected":false},"featured_media":2843,"comment_status":"open","ping_status":"closed","template":"","meta":{"_acf_changed":false},"product_cat":[321,22,323],"product_tag":[],"class_list":{"0":"post-2842","1":"product","2":"type-product","3":"status-publish","4":"has-post-thumbnail","6":"product_cat-che","7":"product_cat-sanphamthucpham","8":"product_cat-san-pham-tra-tu-thuc-vat-khac","10":"first","11":"instock","12":"shipping-taxable","13":"product-type-simple"},"acf":[],"_links":{"self":[{"href":"https:\/\/b2c.fairs.vn\/en\/wp-json\/wp\/v2\/product\/2842","targetHints":{"allow":["GET"]}}],"collection":[{"href":"https:\/\/b2c.fairs.vn\/en\/wp-json\/wp\/v2\/product"}],"about":[{"href":"https:\/\/b2c.fairs.vn\/en\/wp-json\/wp\/v2\/types\/product"}],"replies":[{"embeddable":true,"href":"https:\/\/b2c.fairs.vn\/en\/wp-json\/wp\/v2\/comments?post=2842"}],"version-history":[{"count":0,"href":"https:\/\/b2c.fairs.vn\/en\/wp-json\/wp\/v2\/product\/2842\/revisions"}],"wp:featuredmedia":[{"embeddable":true,"href":"https:\/\/b2c.fairs.vn\/en\/wp-json\/wp\/v2\/media\/2843"}],"wp:attachment":[{"href":"https:\/\/b2c.fairs.vn\/en\/wp-json\/wp\/v2\/media?parent=2842"}],"wp:term":[{"taxonomy":"product_cat","embeddable":true,"href":"https:\/\/b2c.fairs.vn\/en\/wp-json\/wp\/v2\/product_cat?post=2842"},{"taxonomy":"product_tag","embeddable":true,"href":"https:\/\/b2c.fairs.vn\/en\/wp-json\/wp\/v2\/product_tag?post=2842"}],"curies":[{"name":"wp","href":"https:\/\/api.w.org\/{rel}","templated":true}]}}