{"id":2839,"date":"2024-03-19T08:03:47","date_gmt":"2024-03-19T08:03:47","guid":{"rendered":"https:\/\/b2c.fairs.vn\/?post_type=product&#038;p=2839"},"modified":"2024-03-26T11:15:39","modified_gmt":"2024-03-26T04:15:39","slug":"hop-tra-la-sen-tui-loc","status":"publish","type":"product","link":"https:\/\/b2c.fairs.vn\/en\/product\/hop-tra-la-sen-tui-loc\/","title":{"rendered":"H\u1ed9p tr\u00e0 l\u00e1 sen t\u00fai l\u1ecdc"},"content":{"rendered":"<div>\n<div>\n<p><i><strong>Tr\u00e0 l\u00e1 sen \u0111\u01b0\u1ee3c c\u00f4ng ty CP S\u1ea3n Xu\u1ea5t Tr\u00e0 D\u01b0\u1ee3c Li\u1ec7u Ng\u1ecdc Anh tr\u1ef1c ti\u1ebfp s\u1ea3n xu\u1ea5t v\u00e0 ph\u00e2n ph\u1ed1i, cam k\u1ebft 100% thi\u00ean nhi\u00ean, kh\u00f4ng ch\u1ea5t b\u1ea3o qu\u1ea3n, kh\u00f4ng ph\u1ea9m m\u00e0u.<\/strong><\/i><\/p>\n<p><i><strong>Tr\u00e0 <\/strong><\/i><i><strong>l\u00e1<\/strong><\/i><i><strong> sen<\/strong><\/i><i><strong>\u00a0\u0111\u01b0\u1ee3c c\u00f4ng ty CP S\u1ea3n Xu\u1ea5t Tr\u00e0 D\u01b0\u1ee3c Li\u1ec7u Ng\u1ecdc Anh tr\u1ef1c ti\u1ebfp s\u1ea3n xu\u1ea5t v\u00e0 ph\u00e2n ph\u1ed1i. C\u00f4ng ty cam k\u1ebft s\u1ea3n ph\u1ea9m 100% thi\u00ean nhi\u00ean, kh\u00f4ng ch\u1ea5t b\u1ea3o qu\u1ea3n, kh\u00f4ng ph\u1ea9m m\u00e0u.<\/strong><\/i><\/p>\n<h3><strong>C\u00f4ng d\u1ee5ng l\u00e1 sen:\u00a0<\/strong><\/h3>\n<p>\u2013 H\u1ea1 m\u1ee1 m\u00e1u, gi\u1ea3m m\u1ee1 trong c\u01a1 th\u1ec3, ph\u00f2ng ng\u1eeba v\u00e0 h\u1ed7 tr\u1ee3 \u0111i\u1ec1u tr\u1ecb ch\u1ee9ng b\u1ec7nh b\u00e9o ph\u00ec.<\/p>\n<p>\u2013 Ph\u00f2ng tr\u1ecb ch\u1ea3y m\u00e1u n\u00e3o v\u00e0 c\u00e1c bi\u1ebfn ch\u1ee9ng k\u00e8m theo \u1edf b\u1ec7nh nh\u00e2n t\u0103ng huy\u1ebft \u00e1p.<\/p>\n<p>\u2013 Ng\u0103n ng\u1eeba x\u01a1 v\u1eefa \u0111\u1ed9ng m\u1ea1ch, gi\u00fap ph\u00f2ng ng\u1eeba v\u00e0 h\u1ed7 tr\u1ee3 \u0111i\u1ec1u tr\u1ecb b\u1ec7nh m\u1ea1ch v\u00e0nh tim v\u00e0 vi\u00eam t\u00fai m\u1eadt.<\/p>\n<p>\u2013 L\u00e0m m\u00e1t gan, t\u0103ng c\u01b0\u1eddng ch\u1ee9c n\u0103ng gan. H\u1ed7 tr\u1ee3 \u0111i\u1ec1u tr\u1ecb ng\u01b0\u1eddi m\u1eafc b\u1ec7nh gan nhi\u1ec5m m\u1ee1.<\/p>\n<p>\u2013 Gi\u00fap t\u0103ng l\u01b0u l\u01b0\u1ee3ng tu\u1ea7n ho\u00e0n n\u00e3o, gi\u1ea3m c\u0103ng th\u1eb3ng, m\u1ec7t m\u1ecfi, an th\u1ea7n gi\u00fap gi\u1ea5c ng\u1ee7 s\u00e2u v\u00e0 ngon gi\u1ea5c.<\/p>\n<p>\u2013 S\u1ea3n ph\u1ea9m t\u1ed1t cho ph\u1ee5 n\u1eef sau khi sinh.<\/p>\n<h3><strong>\u0110\u1ed1i t\u01b0\u1ee3ng s\u1eed d\u1ee5ng tr\u00e0 l\u00e1 sen:<\/strong><\/h3>\n<p>\u2013 D\u00f9ng r\u1ea5t t\u1ed1t cho ng\u01b0\u1eddi c\u00f3 m\u1ee1 m\u00e1u cao, \u00a0ng\u01b0\u1eddi mu\u1ed1n gi\u1ea3m c\u00e2n, th\u1eeba c\u00e2n.<\/p>\n<p>\u2013 D\u00f9ng cho ng\u01b0\u1eddi m\u1eafc b\u1ec7nh cao huy\u1ebft \u00e1p, ng\u01b0\u1eddi \u0111ang \u0111i\u1ec1u tr\u1ecb b\u1ec7nh m\u1ea1ch v\u00e0nh tim hay vi\u00eam t\u00fai m\u1eadt.<\/p>\n<p>\u2013 D\u00f9ng cho ng\u01b0\u1eddi cao tu\u1ed5i c\u01a1 th\u1ec3 \u0111\u00e3 suy y\u1ebfu, \u0111\u1ed9ng m\u1ea1ch n\u00e3o \u0111\u00e3 b\u1ecb x\u01a1 c\u1ee9ng ho\u1eb7c \u0111\u00e3 t\u1eebng li\u1ec7t n\u1eeda ng\u01b0\u1eddi do tai bi\u1ebfn m\u1ea1ch m\u00e1u n\u00e3o.<\/p>\n<p>\u2013 D\u00f9ng cho ng\u01b0\u1eddi th\u01b0\u1eddng xuy\u00ean m\u1ec7t m\u1ecfi, ch\u00e1n \u0103n, m\u1ea5t ng\u1ee7 hay gi\u1ea5c ng\u1ee7 kh\u00f4ng s\u00e2u.<\/p>\n<p>\u2013 D\u00f9ng cho ng\u01b0\u1eddi b\u1ecb suy gi\u1ea3m ch\u1ee9c n\u0103ng gan, gan nhi\u1ec5m m\u1ee1 v\u00e0 th\u01b0\u1eddng xuy\u00ean s\u1eed d\u1ee5ng ch\u1ea5t k\u00edch th\u00edch c\u00f3 c\u1ed3n.<\/p>\n<p><strong>L\u01b0u \u00fd : S\u1ea3n ph\u1ea9m kh\u00f4ng ph\u1ea3i l\u00e0 thu\u1ed1c v\u00e0 kh\u00f4ng c\u00f3 t\u00e1c d\u1ee5ng thay th\u1ebf thu\u1ed1c ch\u1eefa b\u1ec7nh.<\/strong><\/p>\n<\/div>\n<\/div>\n<div>\n<div>\n<h3 class=\"text-xl my-5 font-bold\">Th\u00f4ng s\u1ed1 k\u1ef9 thu\u1eadt<\/h3>\n<div>\n<div class=\"my-2 py-2\">C\u00e1ch pha<span class=\"mlr-1\">:<\/span><span class=\"ml-1\">B\u1ecf 1 g\u00f3i tr\u00e0 t\u00fai l\u1ecdc v\u00e0o n\u01b0\u1edbc s\u00f4i , ch\u1edd 2-3 ph\u00fat r\u1ed3i th\u01b0\u1edfng th\u1ee9c<\/span><\/div>\n<div class=\"my-2 py-2\">Xu\u1ea5t x\u1ee9<span class=\"mlr-1\">:<\/span><span class=\"ml-1\">Vi\u1ec7t Nam<\/span><\/div>\n<div class=\"my-2 py-2\">Th\u00e0nh ph\u1ea7n<span class=\"mlr-1\">:<\/span><span class=\"ml-1\">L\u00e1 sen kh\u00f4, cam th\u1ea3o\/ lotus leaf, licorice<\/span><\/div>\n<div class=\"my-2 py-2\">Quy c\u00e1ch \u0111\u00f3ng g\u00f3i<span class=\"mlr-1\">:<\/span><span class=\"ml-1\">tr\u00e0 t\u00fai l\u1ecdc, 3g x 25 g\u00f3i<\/span><\/div>\n<\/div>\n<\/div>\n<\/div>","protected":false},"excerpt":{"rendered":"<div>\n<div>\n<p><i><strong>Tr\u00e0 l\u00e1 sen \u0111\u01b0\u1ee3c c\u00f4ng ty CP S\u1ea3n Xu\u1ea5t Tr\u00e0 D\u01b0\u1ee3c Li\u1ec7u Ng\u1ecdc Anh tr\u1ef1c ti\u1ebfp s\u1ea3n xu\u1ea5t v\u00e0 ph\u00e2n ph\u1ed1i, cam k\u1ebft 100% thi\u00ean nhi\u00ean, kh\u00f4ng ch\u1ea5t b\u1ea3o qu\u1ea3n, kh\u00f4ng ph\u1ea9m m\u00e0u.<\/strong><\/i><\/p>\n<p><a href=\"https:\/\/trathaoduocthiennhien.com\/san-pham\/tra-la-sen\/\"><i><strong>Tr\u00e0 l\u00e1 sen<\/strong><\/i><\/a><i><strong>\u00a0\u0111\u01b0\u1ee3c c\u00f4ng ty CP S\u1ea3n Xu\u1ea5t Tr\u00e0 D\u01b0\u1ee3c Li\u1ec7u Ng\u1ecdc Anh tr\u1ef1c ti\u1ebfp s\u1ea3n xu\u1ea5t v\u00e0 ph\u00e2n ph\u1ed1i. C\u00f4ng ty cam k\u1ebft s\u1ea3n ph\u1ea9m 100% thi\u00ean nhi\u00ean, kh\u00f4ng ch\u1ea5t b\u1ea3o qu\u1ea3n, kh\u00f4ng ph\u1ea9m m\u00e0u.<\/strong><\/i><\/p>\n<h3><strong>C\u00f4ng d\u1ee5ng l\u00e1 sen:\u00a0<\/strong><\/h3>\n<p>\u2013 H\u1ea1 m\u1ee1 m\u00e1u, gi\u1ea3m m\u1ee1 trong c\u01a1 th\u1ec3, ph\u00f2ng ng\u1eeba v\u00e0 h\u1ed7 tr\u1ee3 \u0111i\u1ec1u tr\u1ecb ch\u1ee9ng b\u1ec7nh b\u00e9o ph\u00ec.<\/p>\n<p>\u2013 Ph\u00f2ng tr\u1ecb ch\u1ea3y m\u00e1u n\u00e3o v\u00e0 c\u00e1c bi\u1ebfn ch\u1ee9ng k\u00e8m theo \u1edf b\u1ec7nh nh\u00e2n t\u0103ng huy\u1ebft \u00e1p.<\/p>\n<p>\u2013 Ng\u0103n ng\u1eeba x\u01a1 v\u1eefa \u0111\u1ed9ng m\u1ea1ch, gi\u00fap ph\u00f2ng ng\u1eeba v\u00e0 h\u1ed7 tr\u1ee3 \u0111i\u1ec1u tr\u1ecb b\u1ec7nh m\u1ea1ch v\u00e0nh tim v\u00e0 vi\u00eam t\u00fai m\u1eadt.<\/p>\n<p>\u2013 L\u00e0m m\u00e1t gan, t\u0103ng c\u01b0\u1eddng ch\u1ee9c n\u0103ng gan. H\u1ed7 tr\u1ee3 \u0111i\u1ec1u tr\u1ecb ng\u01b0\u1eddi m\u1eafc b\u1ec7nh gan nhi\u1ec5m m\u1ee1.<\/p>\n<p>\u2013 Gi\u00fap t\u0103ng l\u01b0u l\u01b0\u1ee3ng tu\u1ea7n ho\u00e0n n\u00e3o, gi\u1ea3m c\u0103ng th\u1eb3ng, m\u1ec7t m\u1ecfi, an th\u1ea7n gi\u00fap gi\u1ea5c ng\u1ee7 s\u00e2u v\u00e0 ngon gi\u1ea5c.<\/p>\n<p>\u2013 S\u1ea3n ph\u1ea9m t\u1ed1t cho ph\u1ee5 n\u1eef sau khi sinh.<\/p>\n<h3><strong>\u0110\u1ed1i t\u01b0\u1ee3ng s\u1eed d\u1ee5ng tr\u00e0 l\u00e1 sen:<\/strong><\/h3>\n<p>\u2013 D\u00f9ng r\u1ea5t t\u1ed1t cho ng\u01b0\u1eddi c\u00f3 m\u1ee1 m\u00e1u cao, \u00a0ng\u01b0\u1eddi mu\u1ed1n gi\u1ea3m c\u00e2n, th\u1eeba c\u00e2n.<\/p>\n<p>\u2013 D\u00f9ng cho ng\u01b0\u1eddi m\u1eafc b\u1ec7nh cao huy\u1ebft \u00e1p, ng\u01b0\u1eddi \u0111ang \u0111i\u1ec1u tr\u1ecb b\u1ec7nh m\u1ea1ch v\u00e0nh tim hay vi\u00eam t\u00fai m\u1eadt.<\/p>\n<p>\u2013 D\u00f9ng cho ng\u01b0\u1eddi cao tu\u1ed5i c\u01a1 th\u1ec3 \u0111\u00e3 suy y\u1ebfu, \u0111\u1ed9ng m\u1ea1ch n\u00e3o \u0111\u00e3 b\u1ecb x\u01a1 c\u1ee9ng ho\u1eb7c \u0111\u00e3 t\u1eebng li\u1ec7t n\u1eeda ng\u01b0\u1eddi do tai bi\u1ebfn m\u1ea1ch m\u00e1u n\u00e3o.<\/p>\n<p>\u2013 D\u00f9ng cho ng\u01b0\u1eddi th\u01b0\u1eddng xuy\u00ean m\u1ec7t m\u1ecfi, ch\u00e1n \u0103n, m\u1ea5t ng\u1ee7 hay gi\u1ea5c ng\u1ee7 kh\u00f4ng s\u00e2u.<\/p>\n<p>\u2013 D\u00f9ng cho ng\u01b0\u1eddi b\u1ecb suy gi\u1ea3m ch\u1ee9c n\u0103ng gan, gan nhi\u1ec5m m\u1ee1 v\u00e0 th\u01b0\u1eddng xuy\u00ean s\u1eed d\u1ee5ng ch\u1ea5t k\u00edch th\u00edch c\u00f3 c\u1ed3n.<\/p>\n<p><strong>L\u01b0u \u00fd : S\u1ea3n ph\u1ea9m kh\u00f4ng ph\u1ea3i l\u00e0 thu\u1ed1c v\u00e0 kh\u00f4ng c\u00f3 t\u00e1c d\u1ee5ng thay th\u1ebf thu\u1ed1c ch\u1eefa b\u1ec7nh.<\/strong><\/p>\n<\/div>\n<\/div>\n<div>\n<div>\n<h3 class=\"text-xl my-5 font-bold\">Th\u00f4ng s\u1ed1 k\u1ef9 thu\u1eadt<\/h3>\n<div>\n<div class=\"my-2 py-2\">C\u00e1ch pha<span class=\"mlr-1\">:<\/span><span class=\"ml-1\">B\u1ecf 1 g\u00f3i tr\u00e0 t\u00fai l\u1ecdc v\u00e0o n\u01b0\u1edbc s\u00f4i , ch\u1edd 2-3 ph\u00fat r\u1ed3i th\u01b0\u1edfng th\u1ee9c<\/span><\/div>\n<div class=\"my-2 py-2\">Xu\u1ea5t x\u1ee9<span class=\"mlr-1\">:<\/span><span class=\"ml-1\">Vi\u1ec7t Nam<\/span><\/div>\n<div class=\"my-2 py-2\">Th\u00e0nh ph\u1ea7n<span class=\"mlr-1\">:<\/span><span class=\"ml-1\">L\u00e1 sen kh\u00f4, cam th\u1ea3o\/ lotus leaf, licorice<\/span><\/div>\n<div class=\"my-2 py-2\">Quy c\u00e1ch \u0111\u00f3ng g\u00f3i<span class=\"mlr-1\">:<\/span><span class=\"ml-1\">tr\u00e0 t\u00fai l\u1ecdc, 3g x 25 g\u00f3i<\/span><\/div>\n<\/div>\n<\/div>\n<\/div>","protected":false},"featured_media":2840,"comment_status":"open","ping_status":"closed","template":"","meta":{"_acf_changed":false},"product_cat":[316,22,313],"product_tag":[],"class_list":{"0":"post-2839","1":"product","2":"type-product","3":"status-publish","4":"has-post-thumbnail","6":"product_cat-che-bien-tu-rau-cu-qua-hat","7":"product_cat-sanphamthucpham","8":"product_cat-thuc-pham-che-bien","10":"first","11":"instock","12":"shipping-taxable","13":"product-type-simple"},"acf":[],"_links":{"self":[{"href":"https:\/\/b2c.fairs.vn\/en\/wp-json\/wp\/v2\/product\/2839","targetHints":{"allow":["GET"]}}],"collection":[{"href":"https:\/\/b2c.fairs.vn\/en\/wp-json\/wp\/v2\/product"}],"about":[{"href":"https:\/\/b2c.fairs.vn\/en\/wp-json\/wp\/v2\/types\/product"}],"replies":[{"embeddable":true,"href":"https:\/\/b2c.fairs.vn\/en\/wp-json\/wp\/v2\/comments?post=2839"}],"version-history":[{"count":0,"href":"https:\/\/b2c.fairs.vn\/en\/wp-json\/wp\/v2\/product\/2839\/revisions"}],"wp:featuredmedia":[{"embeddable":true,"href":"https:\/\/b2c.fairs.vn\/en\/wp-json\/wp\/v2\/media\/2840"}],"wp:attachment":[{"href":"https:\/\/b2c.fairs.vn\/en\/wp-json\/wp\/v2\/media?parent=2839"}],"wp:term":[{"taxonomy":"product_cat","embeddable":true,"href":"https:\/\/b2c.fairs.vn\/en\/wp-json\/wp\/v2\/product_cat?post=2839"},{"taxonomy":"product_tag","embeddable":true,"href":"https:\/\/b2c.fairs.vn\/en\/wp-json\/wp\/v2\/product_tag?post=2839"}],"curies":[{"name":"wp","href":"https:\/\/api.w.org\/{rel}","templated":true}]}}