{"id":2835,"date":"2024-03-19T08:02:38","date_gmt":"2024-03-19T08:02:38","guid":{"rendered":"https:\/\/b2c.fairs.vn\/?post_type=product&#038;p=2835"},"modified":"2024-03-26T11:57:10","modified_gmt":"2024-03-26T04:57:10","slug":"tra-bo-cong-anh","status":"publish","type":"product","link":"https:\/\/b2c.fairs.vn\/en\/product\/tra-bo-cong-anh\/","title":{"rendered":"Tr\u00e0 b\u1ed3 c\u00f4ng anh"},"content":{"rendered":"<div>\n<div>\n<p>Tr\u00e0 B\u1ed3 C\u00f4ng Anh Nh\u1ea5t T\u00e2m Tr\u00e0 \u0111\u01b0\u1ee3c s\u1ea3n xu\u1ea5t t\u1ea1i c\u00f4ng ty C\u1ed5 Ph\u1ea7n S\u1ea3n Xu\u1ea5t Tr\u00e0 D\u01b0\u1ee3c Li\u1ec7u Ng\u1ecdc Anh. S\u1ea3n ph\u1ea9m \u0111\u01b0\u1ee3c thu h\u00e1i ho\u00e0n to\u00e0n t\u1ef1 nhi\u00ean t\u1eeb n\u00f4ng tr\u1ea1i Nam \u0110\u1ecbnh.<\/p>\n<p>Ch\u00fang t\u00f4i s\u1eed d\u1ee5ng c\u00f4ng ngh\u1ec7 s\u1ea5y l\u1ea1nh ti\u1ec7t tr\u00f9ng hi\u1ec7n \u0111\u1ea1i gi\u00fap b\u1ea3o to\u00e0n c\u00e1c enzym c\u0169ng nh\u01b0 d\u01b0\u1ee1ng ch\u1ea5t c\u00f3 trong c\u00e2y b\u1ed3 c\u00f4ng anh t\u01b0\u01a1i. D\u01b0\u1ee3c li\u1ec7u s\u1ea1ch, ch\u1ea5t l\u01b0\u1ee3ng t\u1ed1t, \u0111\u1ea3m b\u1ea3o an to\u00e0n cho ng\u01b0\u1eddi s\u1eed d\u1ee5ng.<\/p>\n<p><strong>C\u00d4NG D\u1ee4NG TR\u00c0 B\u1ed2 C\u00d4NG ANH NH\u1ea4T T\u00c2M TR\u00c0:<\/strong><\/p>\n<p>\u2013 Thanh nhi\u1ec7t, gi\u1ea3i \u0111\u1ed9c gan, \u0111i\u1ec1u ch\u1ec9nh v\u00e0 duy tr\u00ec d\u00f2ng ch\u1ea3y m\u1eadt, t\u0103ng c\u01b0\u1eddng s\u1ee9c kh\u1ecfe gan.<\/p>\n<p>\u2013 Ng\u0103n ng\u1eeba t\u00e1o b\u00f3n, c\u1ea3i thi\u1ec7n h\u1ec7 ti\u00eau h\u00f3a.<\/p>\n<p>\u2013 K\u00edch th\u00edch s\u1ea3n xu\u1ea5t insulin t\u1eeb tuy\u1ebfn t\u1ee5y \u0111\u1ebfn c\u01a1 th\u1ec3, gi\u00fap h\u1ea1n ch\u1ebf \u0111\u01b0\u1ee3c c\u00e1c bi\u1ebfn ch\u1ee9ng th\u1eadn \u1edf b\u1ec7nh nh\u00e2n ti\u1ec3u \u0111\u01b0\u1eddng.<\/p>\n<p>\u2013 Kh\u00e1ng vi\u00eam, ch\u1ed1ng oxy h\u00f3a, ng\u0103n ng\u1eeba ung th\u01b0, \u0111\u1eb7c bi\u1ec7t l\u00e0 ung th\u01b0 v\u00fa hi\u1ec7u qu\u1ea3.<\/p>\n<p>\u2013 Gi\u1ea3m cholesterol, \u1ed5n \u0111\u1ecbnh huy\u1ebft \u00e1p.<\/p>\n<p>\u2013 Ng\u0103n ng\u1eeba nhi\u1ec5m tr\u00f9ng \u0111\u01b0\u1eddng ti\u1ebft ni\u1ec7u, c\u00f3 th\u1ec3 \u0111\u01b0\u1ee3c coi l\u00e0 m\u1ed9t ph\u01b0\u01a1ng thu\u1ed1c tuy\u1ec7t v\u1eddi cho nh\u1eefng ng\u01b0\u1eddi b\u1ecb s\u1ecfi th\u1eadn.<\/p>\n<p>\u2013 Cung c\u1ea5p canxi v\u00e0 magi\u00ea gi\u00fap ng\u0103n ng\u1eeba t\u00ecnh tr\u1ea1ng lo\u00e3ng x\u01b0\u01a1ng, gi\u00fap x\u01b0\u01a1ng ch\u1eafc kh\u1ecfe.<\/p>\n<p>\u2013 L\u1ee3i ti\u1ec3u, gi\u00fap \u0111\u00e0o th\u1ea3i \u0111\u1ed9c t\u1ed1 v\u00e0 ch\u1ea5t b\u00e9o d\u01b0 th\u1eeba ra kh\u1ecfi gan, gi\u1ea3i ph\u00f3ng m\u1ee1 th\u1eeba c\u1ee7a c\u01a1 th\u1ec3, h\u1ed7 tr\u1ee3 gi\u1ea3m c\u00e2n, \u0111\u1eb9p da.<br \/>\n<strong>H\u01af\u1edaNG D\u1eaaN S\u1eec D\u1ee4NG:<\/strong><\/p>\n<p><i><strong>\u2013 C\u00e1ch pha tr\u00e0:<\/strong><\/i><\/p>\n<p>B\u01b0\u1edbc 1: D\u00f9ng m\u1ed9t nh\u00fam b\u1ed3 c\u00f4ng anh ( kho\u1ea3ng 5g- 10g) kh\u00f4 cho 150 ml n\u01b0\u1edbc.<\/p>\n<p>B\u01b0\u1edbc 2: Tr\u00e1ng tr\u00e0, d\u00f9ng n\u01b0\u1edbc s\u00f4i \u0111\u1ed5 1 ch\u00fat v\u00e0o \u0111\u1ea3m b\u1ea3o n\u01b0\u1edbc t\u01b0\u1edbi qua 1 l\u01b0\u1ee3t tr\u00e0 l\u1eafc \u0111\u1ec1u \u1ea5m r\u1ed3i \u0111\u1ed5 n\u01b0\u1edbc n\u00e0y \u0111i.<\/p>\n<p>B\u01b0\u1edbc 3: Cho n\u01b0\u1edbc s\u00f4i v\u00e0o v\u00e0 \u0111\u1ee3i 5-7 ph\u00fat cho n\u01b0\u1edbc ng\u1ea5m v\u00e0o tr\u00e0. Th\u01b0\u1edfng th\u1ee9c khi tr\u00e0 c\u00f2n \u1ea5m m\u00f9i v\u1ecb s\u1ebd th\u01a1m ngon h\u01a1n.<\/p>\n<p><i><strong>\u2013 C\u00e1ch n\u1ea5u tr\u00e0:<\/strong><\/i><\/p>\n<p>B\u1ea1n c\u00f3 th\u1ec3 s\u1eed d\u1ee5ng b\u1ed3 c\u00f4ng anh \u0111\u1ec3 n\u1ea5u n\u01b0\u1edbc u\u1ed1ng thay n\u01b0\u1edbc h\u00e0ng ng\u00e0y. M\u1ed7i ng\u00e0y l\u1ea5y kho\u1ea3ng 20g \u2013 25g b\u1ed3 c\u00f4ng anh \u0111em n\u1ea5u v\u1edbi 1,5 l\u00edt n\u01b0\u1edbc u\u1ed1ng.<\/p>\n<p><strong>L\u01afU \u00dd:<\/strong><\/p>\n<p>\u2013 B\u1ea3o qu\u1ea3n: N\u01a1i kh\u00f4 r\u00e1o, tho\u00e1ng m\u00e1t, tr\u00e1nh \u00e1nh n\u1eafng tr\u1ef1c ti\u1ebfp.<\/p>\n<p>\u2013 Kh\u00f3a ch\u1eb7t mi\u1ec7ng t\u00fai sau khi s\u1eed d\u1ee5ng \u0111\u1ec3 tr\u00e1nh b\u1ecb \u1ea9m, m\u1ed1c.<\/p>\n<p>\u2013 H\u1ea1n s\u1eed d\u1ee5ng: 18 th\u00e1ng\u00a0 k\u1ec3 t\u1eeb ng\u00e0y s\u1ea3n xu\u1ea5t.<\/p>\n<p><strong>KHUY\u1ebeN C\u00c1O C\u1ee6A NH\u00c0 S\u1ea2N XU\u1ea4T:\u00a0<\/strong><\/p>\n<p>\u2013 N\u1ebfu c\u01a1 th\u1ec3 c\u00f3 c\u1ea3m gi\u00e1c \u1edbn l\u1ea1nh, ch\u00e2n tay l\u1ea1nh ho\u1eb7c d\u1ec5 b\u1ecb c\u1ea3m l\u1ea1nh kh\u00f4ng \u0111\u01b0\u1ee3c s\u1eed d\u1ee5ng b\u1ed3 c\u00f4ng anh.<\/p>\n<p>\u2013 D\u00f9ng v\u1edbi li\u1ec1u l\u01b0\u1ee3ng v\u1eeba \u0111\u1ee7, tr\u00e1nh d\u00f9ng qu\u00e1 li\u1ec1u g\u00e2y m\u1ec7t m\u1ecfi, m\u1ea5t c\u1ea3m gi\u00e1c \u0103n ngon mi\u1ec7ng.<\/p>\n<p>\u2013 Khi \u0111ang d\u00f9ng b\u1ed3 c\u00f4ng anh th\u00ec kh\u00f4ng \u0103n k\u00e8m c\u00e1c th\u1ee9c \u0103n nh\u01b0 rau mu\u1ed1ng, \u0111\u1ed7 xanh, \u0111\u1ed3 cay, r\u01b0\u1ee3u, bia,..<\/p>\n<p>\u2013 Tr\u00e1nh s\u1eed d\u1ee5ng b\u1ed3 c\u00f4ng anh c\u00f9ng v\u1edbi c\u00e1c lo\u1ea1i th\u1ea3o d\u01b0\u1ee3c \/ th\u1ef1c ph\u1ea9m nh\u01b0 \u1edbt, \u0111inh h\u01b0\u01a1ng, t\u1ecfi, g\u1eebng, b\u1ea1ch qu\u1ea3, h\u1ea1t d\u1ebb ng\u1ef1a, s\u00e2m, b\u1ea1ch d\u01b0\u01a1ng, c\u1ecf ba l\u00e1 \u0111\u1ecf, b\u1ed9t ngh\u1ec7.<\/p>\n<p>\u2013 Khi b\u1ea1n \u0111ang d\u00f9ng thu\u1ed1c theo toa h\u00e3y tham kh\u1ea3o \u00fd ki\u1ebfn b\u00e1c s\u0129 tr\u01b0\u1edbc khi mu\u1ed1n s\u1eed d\u1ee5ng.<\/p>\n<p>\u2013 Kh\u00f4ng s\u1eed d\u1ee5ng s\u1ea3n ph\u1ea9m cho tr\u1ebb em d\u01b0\u1edbi 12 tu\u1ed5i, ph\u1ee5 n\u1eef mang thai v\u00e0 cho con b\u00fa.<\/p>\n<p>Hotline t\u01b0 v\u1ea5n v\u00e0 \u0111\u1eb7t h\u00e0ng\u00a0<strong>1900638031 \u2013 \u00a00988243729<\/strong><\/p>\n<p><strong>S\u1ea2N PH\u1ea8M N\u00c0Y KH\u00d4NG PH\u1ea2I L\u00c0 THU\u1ed0C V\u00c0 KH\u00d4NG C\u00d3 T\u00c1C D\u1ee4NG THAY TH\u1ebe CHO THU\u1ed0C CH\u1eeeA B\u1ec6NH<\/strong><\/p>\n<\/div>\n<\/div>\n<div>\n<div>\n<h3 class=\"text-xl my-5 font-bold\">Th\u00f4ng s\u1ed1 k\u1ef9 thu\u1eadt<\/h3>\n<div>\n<div class=\"my-2 py-2\">Th\u00e0nh ph\u1ea7n<span class=\"mlr-1\">:<\/span><span class=\"ml-1\">95% l\u00e1 b\u1ed3 c\u00f4ng anh s\u1ea5y kh\u00f4, 5% c\u1ecf ng\u1ecdt<\/span><\/div>\n<div class=\"my-2 py-2\">Th\u01b0\u01a1ng hi\u1ec7u<span class=\"mlr-1\">:<\/span><span class=\"ml-1\">Nh\u1ea5t T\u00e2m Tr\u00e0<\/span><\/div>\n<div class=\"my-2 py-2\">S\u1ea3n xu\u1ea5t t\u1ea1i<span class=\"mlr-1\">:<\/span><span class=\"ml-1\">Vi\u1ec7t Nam<\/span><\/div>\n<div class=\"my-2 py-2\">Quy c\u00e1ch \u0111\u00f3ng g\u00f3i<span class=\"mlr-1\">:<\/span><span class=\"ml-1\">H\u1ed9p nh\u1ef1a 50g<\/span><\/div>\n<\/div>\n<\/div>\n<\/div>","protected":false},"excerpt":{"rendered":"<div>\n<div>\n<p>Tr\u00e0 B\u1ed3 C\u00f4ng Anh Nh\u1ea5t T\u00e2m Tr\u00e0 \u0111\u01b0\u1ee3c s\u1ea3n xu\u1ea5t t\u1ea1i c\u00f4ng ty C\u1ed5 Ph\u1ea7n S\u1ea3n Xu\u1ea5t Tr\u00e0 D\u01b0\u1ee3c Li\u1ec7u Ng\u1ecdc Anh. S\u1ea3n ph\u1ea9m \u0111\u01b0\u1ee3c thu h\u00e1i ho\u00e0n to\u00e0n t\u1ef1 nhi\u00ean t\u1eeb n\u00f4ng tr\u1ea1i Nam \u0110\u1ecbnh.<\/p>\n<p>Ch\u00fang t\u00f4i s\u1eed d\u1ee5ng c\u00f4ng ngh\u1ec7 s\u1ea5y l\u1ea1nh ti\u1ec7t tr\u00f9ng hi\u1ec7n \u0111\u1ea1i gi\u00fap b\u1ea3o to\u00e0n c\u00e1c enzym c\u0169ng nh\u01b0 d\u01b0\u1ee1ng ch\u1ea5t c\u00f3 trong c\u00e2y b\u1ed3 c\u00f4ng anh t\u01b0\u01a1i. D\u01b0\u1ee3c li\u1ec7u s\u1ea1ch, ch\u1ea5t l\u01b0\u1ee3ng t\u1ed1t, \u0111\u1ea3m b\u1ea3o an to\u00e0n cho ng\u01b0\u1eddi s\u1eed d\u1ee5ng.<\/p>\n<p><strong>C\u00d4NG D\u1ee4NG TR\u00c0 B\u1ed2 C\u00d4NG ANH NH\u1ea4T T\u00c2M TR\u00c0:<\/strong><\/p>\n<p>\u2013 Thanh nhi\u1ec7t, gi\u1ea3i \u0111\u1ed9c gan, \u0111i\u1ec1u ch\u1ec9nh v\u00e0 duy tr\u00ec d\u00f2ng ch\u1ea3y m\u1eadt, t\u0103ng c\u01b0\u1eddng s\u1ee9c kh\u1ecfe gan.<\/p>\n<p>\u2013 Ng\u0103n ng\u1eeba t\u00e1o b\u00f3n, c\u1ea3i thi\u1ec7n h\u1ec7 ti\u00eau h\u00f3a.<\/p>\n<p>\u2013 K\u00edch th\u00edch s\u1ea3n xu\u1ea5t insulin t\u1eeb tuy\u1ebfn t\u1ee5y \u0111\u1ebfn c\u01a1 th\u1ec3, gi\u00fap h\u1ea1n ch\u1ebf \u0111\u01b0\u1ee3c c\u00e1c bi\u1ebfn ch\u1ee9ng th\u1eadn \u1edf b\u1ec7nh nh\u00e2n ti\u1ec3u \u0111\u01b0\u1eddng.<\/p>\n<p>\u2013 Kh\u00e1ng vi\u00eam, ch\u1ed1ng oxy h\u00f3a, ng\u0103n ng\u1eeba ung th\u01b0, \u0111\u1eb7c bi\u1ec7t l\u00e0 ung th\u01b0 v\u00fa hi\u1ec7u qu\u1ea3.<\/p>\n<p>\u2013 Gi\u1ea3m cholesterol, \u1ed5n \u0111\u1ecbnh huy\u1ebft \u00e1p.<\/p>\n<p>\u2013 Ng\u0103n ng\u1eeba nhi\u1ec5m tr\u00f9ng \u0111\u01b0\u1eddng ti\u1ebft ni\u1ec7u, c\u00f3 th\u1ec3 \u0111\u01b0\u1ee3c coi l\u00e0 m\u1ed9t ph\u01b0\u01a1ng thu\u1ed1c tuy\u1ec7t v\u1eddi cho nh\u1eefng ng\u01b0\u1eddi b\u1ecb s\u1ecfi th\u1eadn.<\/p>\n<p>\u2013 Cung c\u1ea5p canxi v\u00e0 magi\u00ea gi\u00fap ng\u0103n ng\u1eeba t\u00ecnh tr\u1ea1ng lo\u00e3ng x\u01b0\u01a1ng, gi\u00fap x\u01b0\u01a1ng ch\u1eafc kh\u1ecfe.<\/p>\n<p>\u2013 L\u1ee3i ti\u1ec3u, gi\u00fap \u0111\u00e0o th\u1ea3i \u0111\u1ed9c t\u1ed1 v\u00e0 ch\u1ea5t b\u00e9o d\u01b0 th\u1eeba ra kh\u1ecfi gan, gi\u1ea3i ph\u00f3ng m\u1ee1 th\u1eeba c\u1ee7a c\u01a1 th\u1ec3, h\u1ed7 tr\u1ee3 gi\u1ea3m c\u00e2n, \u0111\u1eb9p da.<br \/>\n<strong>H\u01af\u1edaNG D\u1eaaN S\u1eec D\u1ee4NG:<\/strong><\/p>\n<p><i><strong>\u2013 C\u00e1ch pha tr\u00e0:<\/strong><\/i><\/p>\n<p>B\u01b0\u1edbc 1: D\u00f9ng m\u1ed9t nh\u00fam b\u1ed3 c\u00f4ng anh ( kho\u1ea3ng 5g- 10g) kh\u00f4 cho 150 ml n\u01b0\u1edbc.<\/p>\n<p>B\u01b0\u1edbc 2: Tr\u00e1ng tr\u00e0, d\u00f9ng n\u01b0\u1edbc s\u00f4i \u0111\u1ed5 1 ch\u00fat v\u00e0o \u0111\u1ea3m b\u1ea3o n\u01b0\u1edbc t\u01b0\u1edbi qua 1 l\u01b0\u1ee3t tr\u00e0 l\u1eafc \u0111\u1ec1u \u1ea5m r\u1ed3i \u0111\u1ed5 n\u01b0\u1edbc n\u00e0y \u0111i.<\/p>\n<p>B\u01b0\u1edbc 3: Cho n\u01b0\u1edbc s\u00f4i v\u00e0o v\u00e0 \u0111\u1ee3i 5-7 ph\u00fat cho n\u01b0\u1edbc ng\u1ea5m v\u00e0o tr\u00e0. Th\u01b0\u1edfng th\u1ee9c khi tr\u00e0 c\u00f2n \u1ea5m m\u00f9i v\u1ecb s\u1ebd th\u01a1m ngon h\u01a1n.<\/p>\n<p><i><strong>\u2013 C\u00e1ch n\u1ea5u tr\u00e0:<\/strong><\/i><\/p>\n<p>B\u1ea1n c\u00f3 th\u1ec3 s\u1eed d\u1ee5ng b\u1ed3 c\u00f4ng anh \u0111\u1ec3 n\u1ea5u n\u01b0\u1edbc u\u1ed1ng thay n\u01b0\u1edbc h\u00e0ng ng\u00e0y. M\u1ed7i ng\u00e0y l\u1ea5y kho\u1ea3ng 20g \u2013 25g b\u1ed3 c\u00f4ng anh \u0111em n\u1ea5u v\u1edbi 1,5 l\u00edt n\u01b0\u1edbc u\u1ed1ng.<\/p>\n<p><strong>L\u01afU \u00dd:<\/strong><\/p>\n<p>\u2013 B\u1ea3o qu\u1ea3n: N\u01a1i kh\u00f4 r\u00e1o, tho\u00e1ng m\u00e1t, tr\u00e1nh \u00e1nh n\u1eafng tr\u1ef1c ti\u1ebfp.<\/p>\n<p>\u2013 Kh\u00f3a ch\u1eb7t mi\u1ec7ng t\u00fai sau khi s\u1eed d\u1ee5ng \u0111\u1ec3 tr\u00e1nh b\u1ecb \u1ea9m, m\u1ed1c.<\/p>\n<p>\u2013 H\u1ea1n s\u1eed d\u1ee5ng: 18 th\u00e1ng\u00a0 k\u1ec3 t\u1eeb ng\u00e0y s\u1ea3n xu\u1ea5t.<\/p>\n<p><strong>KHUY\u1ebeN C\u00c1O C\u1ee6A NH\u00c0 S\u1ea2N XU\u1ea4T:\u00a0<\/strong><\/p>\n<p>\u2013 N\u1ebfu c\u01a1 th\u1ec3 c\u00f3 c\u1ea3m gi\u00e1c \u1edbn l\u1ea1nh, ch\u00e2n tay l\u1ea1nh ho\u1eb7c d\u1ec5 b\u1ecb c\u1ea3m l\u1ea1nh kh\u00f4ng \u0111\u01b0\u1ee3c s\u1eed d\u1ee5ng b\u1ed3 c\u00f4ng anh.<\/p>\n<p>\u2013 D\u00f9ng v\u1edbi li\u1ec1u l\u01b0\u1ee3ng v\u1eeba \u0111\u1ee7, tr\u00e1nh d\u00f9ng qu\u00e1 li\u1ec1u g\u00e2y m\u1ec7t m\u1ecfi, m\u1ea5t c\u1ea3m gi\u00e1c \u0103n ngon mi\u1ec7ng.<\/p>\n<p>\u2013 Khi \u0111ang d\u00f9ng b\u1ed3 c\u00f4ng anh th\u00ec kh\u00f4ng \u0103n k\u00e8m c\u00e1c th\u1ee9c \u0103n nh\u01b0 rau mu\u1ed1ng, \u0111\u1ed7 xanh, \u0111\u1ed3 cay, r\u01b0\u1ee3u, bia,..<\/p>\n<p>\u2013 Tr\u00e1nh s\u1eed d\u1ee5ng b\u1ed3 c\u00f4ng anh c\u00f9ng v\u1edbi c\u00e1c lo\u1ea1i th\u1ea3o d\u01b0\u1ee3c \/ th\u1ef1c ph\u1ea9m nh\u01b0 \u1edbt, \u0111inh h\u01b0\u01a1ng, t\u1ecfi, g\u1eebng, b\u1ea1ch qu\u1ea3, h\u1ea1t d\u1ebb ng\u1ef1a, s\u00e2m, b\u1ea1ch d\u01b0\u01a1ng, c\u1ecf ba l\u00e1 \u0111\u1ecf, b\u1ed9t ngh\u1ec7.<\/p>\n<p>\u2013 Khi b\u1ea1n \u0111ang d\u00f9ng thu\u1ed1c theo toa h\u00e3y tham kh\u1ea3o \u00fd ki\u1ebfn b\u00e1c s\u0129 tr\u01b0\u1edbc khi mu\u1ed1n s\u1eed d\u1ee5ng.<\/p>\n<p>\u2013 Kh\u00f4ng s\u1eed d\u1ee5ng s\u1ea3n ph\u1ea9m cho tr\u1ebb em d\u01b0\u1edbi 12 tu\u1ed5i, ph\u1ee5 n\u1eef mang thai v\u00e0 cho con b\u00fa.<\/p>\n<p>Hotline t\u01b0 v\u1ea5n v\u00e0 \u0111\u1eb7t h\u00e0ng\u00a0<strong>1900638031 \u2013 \u00a00988243729<\/strong><\/p>\n<p><strong>S\u1ea2N PH\u1ea8M N\u00c0Y KH\u00d4NG PH\u1ea2I L\u00c0 THU\u1ed0C V\u00c0 KH\u00d4NG C\u00d3 T\u00c1C D\u1ee4NG THAY TH\u1ebe CHO THU\u1ed0C CH\u1eeeA B\u1ec6NH<\/strong><\/p>\n<\/div>\n<\/div>\n<div>\n<div>\n<h3 class=\"text-xl my-5 font-bold\">Th\u00f4ng s\u1ed1 k\u1ef9 thu\u1eadt<\/h3>\n<div>\n<div class=\"my-2 py-2\">Th\u00e0nh ph\u1ea7n<span class=\"mlr-1\">:<\/span><span class=\"ml-1\">95% l\u00e1 b\u1ed3 c\u00f4ng anh s\u1ea5y kh\u00f4, 5% c\u1ecf ng\u1ecdt<\/span><\/div>\n<div class=\"my-2 py-2\">Th\u01b0\u01a1ng hi\u1ec7u<span class=\"mlr-1\">:<\/span><span class=\"ml-1\">Nh\u1ea5t T\u00e2m Tr\u00e0<\/span><\/div>\n<div class=\"my-2 py-2\">S\u1ea3n xu\u1ea5t t\u1ea1i<span class=\"mlr-1\">:<\/span><span class=\"ml-1\">Vi\u1ec7t Nam<\/span><\/div>\n<div class=\"my-2 py-2\">Quy c\u00e1ch \u0111\u00f3ng g\u00f3i<span class=\"mlr-1\">:<\/span><span class=\"ml-1\">H\u1ed9p nh\u1ef1a 50g<\/span><\/div>\n<\/div>\n<\/div>\n<\/div>","protected":false},"featured_media":2837,"comment_status":"open","ping_status":"closed","template":"","meta":{"_acf_changed":false},"product_cat":[316,22,313],"product_tag":[],"class_list":{"0":"post-2835","1":"product","2":"type-product","3":"status-publish","4":"has-post-thumbnail","6":"product_cat-che-bien-tu-rau-cu-qua-hat","7":"product_cat-sanphamthucpham","8":"product_cat-thuc-pham-che-bien","10":"first","11":"instock","12":"shipping-taxable","13":"purchasable","14":"product-type-simple"},"acf":[],"_links":{"self":[{"href":"https:\/\/b2c.fairs.vn\/en\/wp-json\/wp\/v2\/product\/2835","targetHints":{"allow":["GET"]}}],"collection":[{"href":"https:\/\/b2c.fairs.vn\/en\/wp-json\/wp\/v2\/product"}],"about":[{"href":"https:\/\/b2c.fairs.vn\/en\/wp-json\/wp\/v2\/types\/product"}],"replies":[{"embeddable":true,"href":"https:\/\/b2c.fairs.vn\/en\/wp-json\/wp\/v2\/comments?post=2835"}],"version-history":[{"count":0,"href":"https:\/\/b2c.fairs.vn\/en\/wp-json\/wp\/v2\/product\/2835\/revisions"}],"wp:featuredmedia":[{"embeddable":true,"href":"https:\/\/b2c.fairs.vn\/en\/wp-json\/wp\/v2\/media\/2837"}],"wp:attachment":[{"href":"https:\/\/b2c.fairs.vn\/en\/wp-json\/wp\/v2\/media?parent=2835"}],"wp:term":[{"taxonomy":"product_cat","embeddable":true,"href":"https:\/\/b2c.fairs.vn\/en\/wp-json\/wp\/v2\/product_cat?post=2835"},{"taxonomy":"product_tag","embeddable":true,"href":"https:\/\/b2c.fairs.vn\/en\/wp-json\/wp\/v2\/product_tag?post=2835"}],"curies":[{"name":"wp","href":"https:\/\/api.w.org\/{rel}","templated":true}]}}