{"id":2832,"date":"2024-03-19T08:01:39","date_gmt":"2024-03-19T08:01:39","guid":{"rendered":"https:\/\/b2c.fairs.vn\/?post_type=product&#038;p=2832"},"modified":"2024-03-26T11:12:13","modified_gmt":"2024-03-26T04:12:13","slug":"hop-bot-rau-tia-to-75g","status":"publish","type":"product","link":"https:\/\/b2c.fairs.vn\/en\/product\/hop-bot-rau-tia-to-75g\/","title":{"rendered":"H\u1ed9p b\u1ed9t rau t\u00eda t\u00f4 75G"},"content":{"rendered":"<div>\n<div>\n<p><i><strong>T\u00eda t\u00f4 l\u00e0 lo\u1ea1i rau th\u01a1m kh\u00e1 ph\u1ed5 bi\u1ebfn, c\u00f3 t\u00e1c d\u1ee5ng ch\u1eefa r\u1ea5t nhi\u1ec1u b\u1ec7nh. Theo y h\u1ecdc c\u1ed5 truy\u1ec1n, t\u00eda t\u00f4 l\u00e0 v\u1ecb thu\u1ed1c \u0111\u01b0\u1ee3c x\u1ebfp v\u00e0o lo\u1ea1i k\u00edch th\u00edch ra m\u1ed3 h\u00f4i, c\u00f3 t\u00e1c d\u1ee5ng gi\u00e3n m\u1ea1ch ngo\u00e0i da, h\u1ea1 s\u1ed1t, tr\u1eeb c\u1ea3m m\u1ea1o. Ph\u1ee5 n\u1eef u\u1ed1ng n\u01b0\u1edbc l\u00e1 t\u00eda t\u00f4 m\u1ed7i ng\u00e0y s\u1ebd c\u1ea3i thi\u1ec7n s\u1eafc t\u1ed1 da, t\u1ea9y t\u1ebf b\u00e0o ch\u1ebft, t\u1eeb \u0111\u00f3 x\u00f3a m\u1edd n\u00e1m, d\u01b0\u1ee1ng tr\u1eafng da c\u1ef1c k\u1ef3 nhanh ch\u00f3ng, gi\u1ea3m c\u00e2n hi\u1ec7u qu\u1ea3. Hi\u1ec3u \u0111\u01b0\u1ee3c nh\u1eefng c\u00f4ng d\u1ee5ng qu\u00fd gi\u00e1 t\u1eeb t\u00eda t\u00f4, ch\u00fang t\u00f4i \u0111\u01b0a ra m\u1ed9t s\u1ea3n ph\u1ea9m an to\u00e0n v\u00e0 ti\u1ec7n d\u1ee5ng gi\u00fap m\u1ecdi ng\u01b0\u1eddi d\u1ec5 d\u00e0ng s\u1eed d\u1ee5ng h\u01a1n \u0111\u00f3 l\u00e0 b\u1ed9t t\u00eda t\u00f4.\u00a0<\/strong><\/i><\/p>\n<p>T\u00eda t\u00f4 l\u00e0 lo\u1ea1i rau th\u01a1m kh\u00e1 ph\u1ed5 bi\u1ebfn, c\u00f3 t\u00e1c d\u1ee5ng ch\u1eefa r\u1ea5t nhi\u1ec1u b\u1ec7nh. Theo y h\u1ecdc c\u1ed5 truy\u1ec1n, t\u00eda t\u00f4 l\u00e0 v\u1ecb thu\u1ed1c \u0111\u01b0\u1ee3c x\u1ebfp v\u00e0o lo\u1ea1i k\u00edch th\u00edch ra m\u1ed3 h\u00f4i, c\u00f3 t\u00e1c d\u1ee5ng gi\u00e3n m\u1ea1ch ngo\u00e0i da, h\u1ea1 s\u1ed1t, tr\u1eeb c\u1ea3m m\u1ea1o. Ph\u1ee5 n\u1eef u\u1ed1ng n\u01b0\u1edbc l\u00e1 t\u00eda t\u00f4 m\u1ed7i ng\u00e0y s\u1ebd c\u1ea3i thi\u1ec7n s\u1eafc t\u1ed1 da, t\u1ea9y t\u1ebf b\u00e0o ch\u1ebft.T\u1eeb \u0111\u00f3 x\u00f3a m\u1edd n\u00e1m, d\u01b0\u1ee1ng tr\u1eafng da c\u1ef1c k\u1ef3 nhanh ch\u00f3ng, gi\u1ea3m c\u00e2n hi\u1ec7u qu\u1ea3. Hi\u1ec3u \u0111\u01b0\u1ee3c nh\u1eefng c\u00f4ng d\u1ee5ng qu\u00fd gi\u00e1 t\u1eeb t\u00eda t\u00f4, ch\u00fang t\u00f4i \u0111\u01b0a ra m\u1ed9t s\u1ea3n ph\u1ea9m an to\u00e0n v\u00e0 ti\u1ec7n d\u1ee5ng gi\u00fap m\u1ecdi ng\u01b0\u1eddi d\u1ec5 d\u00e0ng s\u1eed d\u1ee5ng h\u01a1n \u0111\u00f3 l\u00e0 b\u1ed9t rau t\u00eda t\u00f4.<\/p>\n<h3><strong>Th\u00f4ng tin s\u1ea3n ph\u1ea9m<\/strong><\/h3>\n<p>Xu\u1ea5t x\u1ee9 : Vi\u1ec7t Nam<\/p>\n<p>Quy c\u00e1ch \u0111\u00f3ng g\u00f3i : 75g (25 g\u00f3i x 3g).<\/p>\n<h3><strong>C\u00f4ng d\u1ee5ng c\u1ee7a t\u00eda t\u00f4:<\/strong><\/h3>\n<p>Gi\u1ea3i c\u1ea3m, ch\u1eefa ho hen \u0111\u00e0m xuy\u1ec5n, t\u1ee9c ng\u1ef1c , kh\u00f3 th\u1edf.<\/p>\n<p>Ch\u1eefa r\u1ed1i lo\u1ea1n ti\u00eau h\u00f3a, ng\u1ed9 \u0111\u1ed9c cua c\u00e1, \u0111au d\u1ea1 d\u00e0y.<\/p>\n<p>\u0110i\u1ec1u tr\u1ecb gout.<\/p>\n<p>D\u01b0\u1ee1ng thai.<\/p>\n<p>L\u00e0m \u0111\u1eb9p ( gi\u1ea3m c\u00e2n, tr\u1eafng da, tr\u1ecb th\u00e2m n\u00e1m).<\/p>\n<h3><strong>\u0110\u1ed1i t\u01b0\u1ee3ng s\u1eed d\u1ee5ng:<\/strong><\/h3>\n<p>Ng\u01b0\u1eddi c\u00f3 m\u1ee1 m\u00e1u cao, ng\u01b0\u1eddi b\u1ecb gout,<\/p>\n<p>Ph\u1ee5 n\u1eef mang thai b\u1ecb c\u1ea3m ho\u1eb7c c\u00f3 d\u1ea5u hi\u1ec7u \u0111\u1ed9ng thai.<\/p>\n<p>Ng\u01b0\u1eddi th\u1eeba c\u00e2n, ng\u01b0\u1eddi \u0111ang mu\u1ed1n c\u1ea3i thi\u1ec7n l\u00e0n da.<\/p>\n<h3><strong>C\u00e1ch d\u00f9ng b\u1ed9t rau t\u00eda t\u00f4:<\/strong><\/h3>\n<p>L\u1ea5y 1 mu\u1ed7m kho\u1ea3ng 2-3g b\u1ed9t h\u00f2a v\u1edbi 200ml n\u01b0\u1edbc \u1edf nhi\u1ec7t \u0111\u1ed9 th\u01b0\u1eddng, khu\u1ea5y \u0111\u1ec1u v\u00e0 th\u01b0\u1edfng th\u1ee9c.<\/p>\n<h3><strong>B\u1ea3o qu\u1ea3n b\u1ed9t t\u00eda t\u00f4:<\/strong><\/h3>\n<p>B\u1ea3o qu\u1ea3n n\u01a1i kh\u00f4 m\u00e1t, tr\u00e1nh \u00e1nh n\u1eafng tr\u1ef1c ti\u1ebfp.<\/p>\n<h3><strong>Khuy\u1ebfn c\u00e1o c\u1ee7a nh\u00e0 s\u1ea3n xu\u1ea5t:\u00a0<\/strong><\/h3>\n<p>Ng\u01b0\u1eddi huy\u1ebft \u00e1p cao n\u00ean th\u1eadn tr\u1ecdng khi d\u00f9ng b\u1ed9t l\u00e1 t\u00eda t\u00f4 v\u00ec n\u1ebfu d\u00f9ng li\u00ean t\u1ee5c s\u1ebd b\u1ecb t\u0103ng huy\u1ebft \u00e1p v\u00e0 \u1ea3nh h\u01b0\u1edfng t\u1edbi tim m\u1ea1ch<\/p>\n<p>U\u1ed1ng qu\u00e1 nhi\u1ec1u b\u1ed9t t\u00eda t\u00f4 s\u1ebd khi\u1ebfn b\u1ea1n b\u1ecb \u0111\u1ea7y h\u01a1i, ch\u01b0\u1edbng b\u1ee5ng v\u00e0 g\u00e2y ra m\u1ed9t s\u1ed1 t\u00e1c d\u1ee5ng ph\u1ee5 kh\u00f4ng t\u1ed1t tr\u00ean c\u01a1 th\u1ec3.<\/p>\n<p>N\u00ean u\u1ed1ng n\u01b0\u1edbc b\u1ed9t t\u00eda t\u00f4 tr\u01b0\u1edbc khi \u0103n kho\u1ea3ng 30 ph\u00fat s\u1ebd cho hi\u1ec7u qu\u1ea3 cao nh\u1ea5t.<\/p>\n<p>T\u00e1c d\u1ee5ng c\u1ee7a u\u1ed1ng n\u01b0\u1edbc b\u1ed9t t\u00eda t\u00f4 th\u01b0\u1eddng kh\u00e1 ch\u1eadm, v\u1eady n\u00ean b\u1ea1n c\u1ea7n h\u1ebft s\u1ee9c ki\u00ean nh\u1eabn th\u00ec m\u1edbi mong kh\u1ecfi b\u1ec7nh.<\/p>\n<\/div>\n<\/div>\n<div>\n<div>\n<h3 class=\"text-xl my-5 font-bold\">Th\u00f4ng s\u1ed1 k\u1ef9 thu\u1eadt<\/h3>\n<div>\n<div class=\"my-2 py-2\">Quy c\u00e1ch \u0111\u00f3ng g\u00f3i<span class=\"mlr-1\">:<\/span><span class=\"ml-1\">75g (25 g\u00f3i x 3g)<\/span><\/div>\n<\/div>\n<\/div>\n<\/div>","protected":false},"excerpt":{"rendered":"<div>\n<div>\n<p><i><strong>T\u00eda t\u00f4 l\u00e0 lo\u1ea1i rau th\u01a1m kh\u00e1 ph\u1ed5 bi\u1ebfn, c\u00f3 t\u00e1c d\u1ee5ng ch\u1eefa r\u1ea5t nhi\u1ec1u b\u1ec7nh. Theo y h\u1ecdc c\u1ed5 truy\u1ec1n, t\u00eda t\u00f4 l\u00e0 v\u1ecb thu\u1ed1c \u0111\u01b0\u1ee3c x\u1ebfp v\u00e0o lo\u1ea1i k\u00edch th\u00edch ra m\u1ed3 h\u00f4i, c\u00f3 t\u00e1c d\u1ee5ng gi\u00e3n m\u1ea1ch ngo\u00e0i da, h\u1ea1 s\u1ed1t, tr\u1eeb c\u1ea3m m\u1ea1o. Ph\u1ee5 n\u1eef u\u1ed1ng n\u01b0\u1edbc l\u00e1 t\u00eda t\u00f4 m\u1ed7i ng\u00e0y s\u1ebd c\u1ea3i thi\u1ec7n s\u1eafc t\u1ed1 da, t\u1ea9y t\u1ebf b\u00e0o ch\u1ebft, t\u1eeb \u0111\u00f3 x\u00f3a m\u1edd n\u00e1m, d\u01b0\u1ee1ng tr\u1eafng da c\u1ef1c k\u1ef3 nhanh ch\u00f3ng, gi\u1ea3m c\u00e2n hi\u1ec7u qu\u1ea3. Hi\u1ec3u \u0111\u01b0\u1ee3c nh\u1eefng c\u00f4ng d\u1ee5ng qu\u00fd gi\u00e1 t\u1eeb t\u00eda t\u00f4, ch\u00fang t\u00f4i \u0111\u01b0a ra m\u1ed9t s\u1ea3n ph\u1ea9m an to\u00e0n v\u00e0 ti\u1ec7n d\u1ee5ng gi\u00fap m\u1ecdi ng\u01b0\u1eddi d\u1ec5 d\u00e0ng s\u1eed d\u1ee5ng h\u01a1n \u0111\u00f3 l\u00e0 b\u1ed9t t\u00eda t\u00f4.\u00a0<\/strong><\/i><\/p>\n<p>T\u00eda t\u00f4 l\u00e0 lo\u1ea1i rau th\u01a1m kh\u00e1 ph\u1ed5 bi\u1ebfn, c\u00f3 t\u00e1c d\u1ee5ng ch\u1eefa r\u1ea5t nhi\u1ec1u b\u1ec7nh. Theo y h\u1ecdc c\u1ed5 truy\u1ec1n, t\u00eda t\u00f4 l\u00e0 v\u1ecb thu\u1ed1c \u0111\u01b0\u1ee3c x\u1ebfp v\u00e0o lo\u1ea1i k\u00edch th\u00edch ra m\u1ed3 h\u00f4i, c\u00f3 t\u00e1c d\u1ee5ng gi\u00e3n m\u1ea1ch ngo\u00e0i da, h\u1ea1 s\u1ed1t, tr\u1eeb c\u1ea3m m\u1ea1o. Ph\u1ee5 n\u1eef u\u1ed1ng n\u01b0\u1edbc l\u00e1 t\u00eda t\u00f4 m\u1ed7i ng\u00e0y s\u1ebd c\u1ea3i thi\u1ec7n s\u1eafc t\u1ed1 da, t\u1ea9y t\u1ebf b\u00e0o ch\u1ebft.T\u1eeb \u0111\u00f3 x\u00f3a m\u1edd n\u00e1m, d\u01b0\u1ee1ng tr\u1eafng da c\u1ef1c k\u1ef3 nhanh ch\u00f3ng, gi\u1ea3m c\u00e2n hi\u1ec7u qu\u1ea3. Hi\u1ec3u \u0111\u01b0\u1ee3c nh\u1eefng c\u00f4ng d\u1ee5ng qu\u00fd gi\u00e1 t\u1eeb t\u00eda t\u00f4, ch\u00fang t\u00f4i \u0111\u01b0a ra m\u1ed9t s\u1ea3n ph\u1ea9m an to\u00e0n v\u00e0 ti\u1ec7n d\u1ee5ng gi\u00fap m\u1ecdi ng\u01b0\u1eddi d\u1ec5 d\u00e0ng s\u1eed d\u1ee5ng h\u01a1n \u0111\u00f3 l\u00e0 b\u1ed9t rau t\u00eda t\u00f4.<\/p>\n<h3><strong>Th\u00f4ng tin s\u1ea3n ph\u1ea9m<\/strong><\/h3>\n<p>Xu\u1ea5t x\u1ee9 : Vi\u1ec7t Nam<\/p>\n<p>Quy c\u00e1ch \u0111\u00f3ng g\u00f3i : 75g (25 g\u00f3i x 3g).<\/p>\n<h3><strong>C\u00f4ng d\u1ee5ng c\u1ee7a t\u00eda t\u00f4:<\/strong><\/h3>\n<p>Gi\u1ea3i c\u1ea3m, ch\u1eefa ho hen \u0111\u00e0m xuy\u1ec5n, t\u1ee9c ng\u1ef1c , kh\u00f3 th\u1edf.<\/p>\n<p>Ch\u1eefa r\u1ed1i lo\u1ea1n ti\u00eau h\u00f3a, ng\u1ed9 \u0111\u1ed9c cua c\u00e1, \u0111au d\u1ea1 d\u00e0y.<\/p>\n<p>\u0110i\u1ec1u tr\u1ecb gout.<\/p>\n<p>D\u01b0\u1ee1ng thai.<\/p>\n<p>L\u00e0m \u0111\u1eb9p ( gi\u1ea3m c\u00e2n, tr\u1eafng da, tr\u1ecb th\u00e2m n\u00e1m).<\/p>\n<h3><strong>\u0110\u1ed1i t\u01b0\u1ee3ng s\u1eed d\u1ee5ng:<\/strong><\/h3>\n<p>Ng\u01b0\u1eddi c\u00f3 m\u1ee1 m\u00e1u cao, ng\u01b0\u1eddi b\u1ecb gout,<\/p>\n<p>Ph\u1ee5 n\u1eef mang thai b\u1ecb c\u1ea3m ho\u1eb7c c\u00f3 d\u1ea5u hi\u1ec7u \u0111\u1ed9ng thai.<\/p>\n<p>Ng\u01b0\u1eddi th\u1eeba c\u00e2n, ng\u01b0\u1eddi \u0111ang mu\u1ed1n c\u1ea3i thi\u1ec7n l\u00e0n da.<\/p>\n<h3><strong>C\u00e1ch d\u00f9ng b\u1ed9t rau t\u00eda t\u00f4:<\/strong><\/h3>\n<p>L\u1ea5y 1 mu\u1ed7m kho\u1ea3ng 2-3g b\u1ed9t h\u00f2a v\u1edbi 200ml n\u01b0\u1edbc \u1edf nhi\u1ec7t \u0111\u1ed9 th\u01b0\u1eddng, khu\u1ea5y \u0111\u1ec1u v\u00e0 th\u01b0\u1edfng th\u1ee9c.<\/p>\n<h3><strong>B\u1ea3o qu\u1ea3n b\u1ed9t t\u00eda t\u00f4:<\/strong><\/h3>\n<p>B\u1ea3o qu\u1ea3n n\u01a1i kh\u00f4 m\u00e1t, tr\u00e1nh \u00e1nh n\u1eafng tr\u1ef1c ti\u1ebfp.<\/p>\n<h3><strong>Khuy\u1ebfn c\u00e1o c\u1ee7a nh\u00e0 s\u1ea3n xu\u1ea5t:\u00a0<\/strong><\/h3>\n<p>Ng\u01b0\u1eddi huy\u1ebft \u00e1p cao n\u00ean th\u1eadn tr\u1ecdng khi d\u00f9ng b\u1ed9t l\u00e1 t\u00eda t\u00f4 v\u00ec n\u1ebfu d\u00f9ng li\u00ean t\u1ee5c s\u1ebd b\u1ecb t\u0103ng huy\u1ebft \u00e1p v\u00e0 \u1ea3nh h\u01b0\u1edfng t\u1edbi tim m\u1ea1ch<\/p>\n<p>U\u1ed1ng qu\u00e1 nhi\u1ec1u b\u1ed9t t\u00eda t\u00f4 s\u1ebd khi\u1ebfn b\u1ea1n b\u1ecb \u0111\u1ea7y h\u01a1i, ch\u01b0\u1edbng b\u1ee5ng v\u00e0 g\u00e2y ra m\u1ed9t s\u1ed1 t\u00e1c d\u1ee5ng ph\u1ee5 kh\u00f4ng t\u1ed1t tr\u00ean c\u01a1 th\u1ec3.<\/p>\n<p>N\u00ean u\u1ed1ng n\u01b0\u1edbc b\u1ed9t t\u00eda t\u00f4 tr\u01b0\u1edbc khi \u0103n kho\u1ea3ng 30 ph\u00fat s\u1ebd cho hi\u1ec7u qu\u1ea3 cao nh\u1ea5t.<\/p>\n<p>T\u00e1c d\u1ee5ng c\u1ee7a u\u1ed1ng n\u01b0\u1edbc b\u1ed9t t\u00eda t\u00f4 th\u01b0\u1eddng kh\u00e1 ch\u1eadm, v\u1eady n\u00ean b\u1ea1n c\u1ea7n h\u1ebft s\u1ee9c ki\u00ean nh\u1eabn th\u00ec m\u1edbi mong kh\u1ecfi b\u1ec7nh.<\/p>\n<\/div>\n<\/div>\n<div>\n<div>\n<h3 class=\"text-xl my-5 font-bold\">Th\u00f4ng s\u1ed1 k\u1ef9 thu\u1eadt<\/h3>\n<div>\n<div class=\"my-2 py-2\">Quy c\u00e1ch \u0111\u00f3ng g\u00f3i<span class=\"mlr-1\">:<\/span><span class=\"ml-1\">75g (25 g\u00f3i x 3g)<\/span><\/div>\n<\/div>\n<\/div>\n<\/div>","protected":false},"featured_media":2833,"comment_status":"open","ping_status":"closed","template":"","meta":{"_acf_changed":false},"product_cat":[316,22,313],"product_tag":[],"class_list":{"0":"post-2832","1":"product","2":"type-product","3":"status-publish","4":"has-post-thumbnail","6":"product_cat-che-bien-tu-rau-cu-qua-hat","7":"product_cat-sanphamthucpham","8":"product_cat-thuc-pham-che-bien","10":"first","11":"instock","12":"shipping-taxable","13":"purchasable","14":"product-type-simple"},"acf":[],"_links":{"self":[{"href":"https:\/\/b2c.fairs.vn\/en\/wp-json\/wp\/v2\/product\/2832","targetHints":{"allow":["GET"]}}],"collection":[{"href":"https:\/\/b2c.fairs.vn\/en\/wp-json\/wp\/v2\/product"}],"about":[{"href":"https:\/\/b2c.fairs.vn\/en\/wp-json\/wp\/v2\/types\/product"}],"replies":[{"embeddable":true,"href":"https:\/\/b2c.fairs.vn\/en\/wp-json\/wp\/v2\/comments?post=2832"}],"version-history":[{"count":0,"href":"https:\/\/b2c.fairs.vn\/en\/wp-json\/wp\/v2\/product\/2832\/revisions"}],"wp:featuredmedia":[{"embeddable":true,"href":"https:\/\/b2c.fairs.vn\/en\/wp-json\/wp\/v2\/media\/2833"}],"wp:attachment":[{"href":"https:\/\/b2c.fairs.vn\/en\/wp-json\/wp\/v2\/media?parent=2832"}],"wp:term":[{"taxonomy":"product_cat","embeddable":true,"href":"https:\/\/b2c.fairs.vn\/en\/wp-json\/wp\/v2\/product_cat?post=2832"},{"taxonomy":"product_tag","embeddable":true,"href":"https:\/\/b2c.fairs.vn\/en\/wp-json\/wp\/v2\/product_tag?post=2832"}],"curies":[{"name":"wp","href":"https:\/\/api.w.org\/{rel}","templated":true}]}}