{"id":2829,"date":"2024-03-19T07:59:08","date_gmt":"2024-03-19T07:59:08","guid":{"rendered":"https:\/\/b2c.fairs.vn\/?post_type=product&#038;p=2829"},"modified":"2024-03-26T11:03:34","modified_gmt":"2024-03-26T04:03:34","slug":"bot-diep-ca-nguyen-chat-tui-zip-50g","status":"publish","type":"product","link":"https:\/\/b2c.fairs.vn\/en\/product\/bot-diep-ca-nguyen-chat-tui-zip-50g\/","title":{"rendered":"B\u1ed9t di\u1ebfp c\u00e1 nguy\u00ean ch\u1ea5t (T\u00daI ZIP) 50G"},"content":{"rendered":"<div>\n<div>\n<p><i><strong>Di\u1ebfp c\u00e1 l\u00e0 lo\u1ea1i rau ph\u1ed5 bi\u1ebfn \u1edf mi\u1ec1n B\u1eafc n\u01b0\u1edbc ta, n\u00f3 c\u00f3 m\u00f9i r\u1ea5t \u0111\u1eb7c tr\u01b0ng n\u00ean s\u1ebd c\u00f3 nh\u1eefng ng\u01b0\u1eddi kh\u00f4ng \u0103n \u0111\u01b0\u1ee3c lo\u1ea1i rau n\u00e0y. Tuy v\u1eady, c\u00f4ng d\u1ee5ng tuy\u1ec7t v\u1eddi c\u1ee7a di\u1ebfp c\u00e1 \u0111\u1ed1i v\u1edbi s\u1ee9c kh\u1ecfe c\u1ee7a con ng\u01b0\u1eddi th\u00ec ko ai c\u00f3 th\u1ec3 ph\u1ee7 nh\u1eadn. Trong \u0110\u00f4ng Y th\u00ec \u0111\u00e2y c\u00f2n l\u00e0 m\u1ed9t lo\u1ea1i thu\u1ed1c qu\u00fd.<\/strong><\/i><\/p>\n<p>Di\u1ebfp c\u00e1 l\u00e0 lo\u1ea1i rau ph\u1ed5 bi\u1ebfn \u1edf mi\u1ec1n B\u1eafc n\u01b0\u1edbc ta. N\u00f3 c\u00f3 m\u00f9i r\u1ea5t \u0111\u1eb7c tr\u01b0ng n\u00ean s\u1ebd c\u00f3 nh\u1eefng ng\u01b0\u1eddi kh\u00f4ng \u0103n \u0111\u01b0\u1ee3c lo\u1ea1i rau n\u00e0y. Tuy v\u1eady, c\u00f4ng d\u1ee5ng tuy\u1ec7t v\u1eddi c\u1ee7a di\u1ebfp c\u00e1 \u0111\u1ed1i v\u1edbi s\u1ee9c kh\u1ecfe c\u1ee7a con ng\u01b0\u1eddi th\u00ec kh\u00f4ng ai c\u00f3 th\u1ec3 ph\u1ee7 nh\u1eadn. Trong \u0110\u00f4ng Y th\u00ec \u0111\u00e2y c\u00f2n l\u00e0 m\u1ed9t lo\u1ea1i thu\u1ed1c qu\u00fd.<\/p>\n<p>Th\u1eddi bu\u1ed5i b\u1eadn r\u1ed9n , kh\u00f4ng ph\u1ea3i ai c\u0169ng c\u00f3 th\u1eddi gian ch\u1ebf bi\u1ebfn c\u00e1c m\u00f3n \u0103n, th\u1ee9c u\u1ed1ng t\u1eeb rau di\u1ebfp c\u00e1. Th\u1ea5u hi\u1ec3u \u0111\u01b0\u1ee3c \u0111i\u1ec1u \u0111\u00f3, Ng\u1ecdc Anh cho ra s\u1ea3n ph\u1ea9m b\u1ed9t rau di\u1ebfp c\u00e1 ti\u1ec7n l\u1ee3i. B\u1ed9t di\u1ebfp c\u00e1 Ng\u1ecdc Anh s\u1ea3n xu\u1ea5t b\u1eb1ng ph\u01b0\u01a1ng ph\u00e1p s\u1ea5y l\u1ea1nh ti\u1ec7t tr\u00f9ng v\u00e0 nghi\u1ec1n b\u1eb1ng c\u1ed1i \u0111\u00e1 granit. Ph\u01b0\u01a1ng ph\u00e1p n\u00e0y gi\u00fap gi\u1eef tr\u1ecdn h\u01b0\u01a1ng v\u1ecb, m\u00e0u s\u1eafc v\u00e0 gi\u00e1 tr\u1ecb dinh d\u01b0\u1ee1ng qu\u00fd gi\u00e1 c\u1ee7a di\u1ebfp c\u00e1.<\/p>\n<h3><strong>Th\u00f4ng tin s\u1ea3n ph\u1ea9m<\/strong><\/h3>\n<p>Xu\u1ea5t x\u1ee9 : Vi\u1ec7t Nam<\/p>\n<p>Quy c\u00e1ch \u0111\u00f3ng g\u00f3i : t\u00fai 50g<\/p>\n<h3><strong>C\u00f4ng d\u1ee5ng c\u1ee7a b\u1ed9t di\u1ebfp c\u00e1:<\/strong><\/h3>\n<p>Thanh nhi\u1ec7t, gi\u1ea3i \u0111\u1ed9c, c\u1ea7m m\u00e1u<\/p>\n<p>Kh\u00e1ng khu\u1ea9n, kh\u00e1ng vi\u00eam, ch\u1ed1ng oxi h\u00f3a, ng\u1eeba ung th\u01b0<\/p>\n<p>Ch\u1eefa tr\u0129, t\u00e1o b\u00f3n, m\u1ee5n nh\u1ecdt, l\u1edf ng\u1ee9a\u2026<\/p>\n<p>Ch\u1eefa vi\u00eam ru\u1ed9t, ki\u1ebft l\u1ef5 , b\u00ed ti\u1ec3u ti\u1ec7n, kinh nguy\u1ec7t kh\u00f4ng \u0111\u1ec1u<\/p>\n<p>Tr\u1ecb s\u1ecfi th\u1eadn<\/p>\n<p>T\u0103ng ti\u1ebft s\u1eefa<\/p>\n<h3><strong>\u0110\u1ed1i t\u01b0\u1ee3ng s\u1eed d\u1ee5ng:<\/strong><\/h3>\n<p>Ng\u01b0\u1eddi b\u1ecb n\u00f3ng trong, t\u00e1o b\u00f3n, m\u1ee5n nh\u1ecdt, l\u1edf lo\u00e9t, ng\u01b0\u1eddi b\u1ecb tr\u0129, s\u1ecfi th\u1eadn<\/p>\n<h3><strong>C\u00e1ch d\u00f9ng b\u1ed9t di\u1ebfp c\u00e1 nguy\u00ean ch\u1ea5t:<\/strong><\/h3>\n<p>Pha kho\u1ea3ng 2-3g\u00a0 b\u1ed9t di\u1ebfp c\u00e1 v\u1edbi 200ml n\u01b0\u1edbc \u1edf nhi\u1ec7t \u0111\u1ed9 th\u01b0\u1eddng<\/p>\n<h3><strong>B\u1ea3o qu\u1ea3n:<\/strong><\/h3>\n<p>B\u1ea3o qu\u1ea3n n\u01a1i kh\u00f4 tho\u00e1ng, tr\u00e1nh \u00e1nh n\u1eafng tr\u1ef1c ti\u1ebfp<\/p>\n<h3><strong>Khuy\u1ebfn c\u00e1o c\u1ee7a nh\u00e0 s\u1ea3n xu\u1ea5t v\u1edbi ng\u01b0\u1eddi s\u1eed d\u1ee5ng b\u1ed9t rau di\u1ebfp c\u00e1:\u00a0<\/strong><\/h3>\n<p>Ph\u1ee5 n\u1eef mang thai \u1edf giai \u0111o\u1ea1n \u0111\u1ea7u n\u00ean th\u1eadn tr\u1ecdng khi s\u1eed d\u1ee5ng, sau 3 th\u00e1ng c\u00f3 th\u1ec3 d\u00f9ng \u0111\u1ec3 b\u1ed5 sung ch\u1ea5t x\u01a1, ch\u1ed1ng t\u00e1o b\u00f3n<\/p>\n<p>Kh\u00f4ng n\u00ean s\u1eed d\u1ee5ng v\u00e0o s\u00e1ng s\u1edbm ho\u1eb7c t\u1ed1i mu\u1ed9n v\u00ec d\u1ec5 g\u00e2y l\u1ea1nh b\u1ee5ng<\/p>\n<p><strong>TH\u1ef0C PH\u1ea8M N\u00c0Y KH\u00d4NG PH\u1ea2I L\u00c0 THU\u1ed0C, KH\u00d4NG C\u00d3 T\u00c1C D\u1ee4NG THAY TH\u1ebe CHO THU\u1ed0C CH\u1eeeA B\u1ec6NH<\/strong><\/p>\n<\/div>\n<\/div>\n<div>\n<div>\n<h3 class=\"text-xl my-5 font-bold\">Th\u00f4ng s\u1ed1 k\u1ef9 thu\u1eadt<\/h3>\n<div>\n<div class=\"my-2 py-2\">X\u01a1<span class=\"mlr-1\">:<\/span><span class=\"ml-1\">1.8g<\/span><\/div>\n<div class=\"my-2 py-2\">Kali<span class=\"mlr-1\">:<\/span><span class=\"ml-1\">461mg<\/span><\/div>\n<div class=\"my-2 py-2\">Magie<span class=\"mlr-1\">:<\/span><span class=\"ml-1\">81 mg<\/span><\/div>\n<div class=\"my-2 py-2\">Natri<span class=\"mlr-1\">:<\/span><span class=\"ml-1\">72mg<\/span><\/div>\n<div class=\"my-2 py-2\">B\u00e9o\/ Fat<span class=\"mlr-1\">:<\/span><span class=\"ml-1\">0g<\/span><\/div>\n<div class=\"my-2 py-2\">Vitamin C<span class=\"mlr-1\">:<\/span><span class=\"ml-1\">68mg<\/span><\/div>\n<div class=\"my-2 py-2\">Beta caroten<span class=\"mlr-1\">:<\/span><span class=\"ml-1\">620 mcg<\/span><\/div>\n<div class=\"my-2 py-2\">\u0110\u1ea1m\/protein<span class=\"mlr-1\">:<\/span><span class=\"ml-1\">2.9g<\/span><\/div>\n<div class=\"my-2 py-2\">B\u1ed9t \u0111\u01b0\u1eddng<span class=\"mlr-1\">:<\/span><span class=\"ml-1\">2.7g<\/span><\/div>\n<div class=\"my-2 py-2\">Kh\u1ea9u ph\u1ea7n \u0103n\/Serving size<span class=\"mlr-1\">:<\/span><span class=\"ml-1\">100g<\/span><\/div>\n<div class=\"my-2 py-2\">N\u0103ng l\u01b0\u1ee3ng\/ Calories ( kcal)<span class=\"mlr-1\">:<\/span><span class=\"ml-1\">22kcal<\/span><\/div>\n<\/div>\n<\/div>\n<\/div>","protected":false},"excerpt":{"rendered":"<div>\n<div>\n<p><i><strong>Di\u1ebfp c\u00e1 l\u00e0 lo\u1ea1i rau ph\u1ed5 bi\u1ebfn \u1edf mi\u1ec1n B\u1eafc n\u01b0\u1edbc ta, n\u00f3 c\u00f3 m\u00f9i r\u1ea5t \u0111\u1eb7c tr\u01b0ng n\u00ean s\u1ebd c\u00f3 nh\u1eefng ng\u01b0\u1eddi kh\u00f4ng \u0103n \u0111\u01b0\u1ee3c lo\u1ea1i rau n\u00e0y. Tuy v\u1eady, c\u00f4ng d\u1ee5ng tuy\u1ec7t v\u1eddi c\u1ee7a di\u1ebfp c\u00e1 \u0111\u1ed1i v\u1edbi s\u1ee9c kh\u1ecfe c\u1ee7a con ng\u01b0\u1eddi th\u00ec ko ai c\u00f3 th\u1ec3 ph\u1ee7 nh\u1eadn. Trong \u0110\u00f4ng Y th\u00ec \u0111\u00e2y c\u00f2n l\u00e0 m\u1ed9t lo\u1ea1i thu\u1ed1c qu\u00fd.<\/strong><\/i><\/p>\n<p>Di\u1ebfp c\u00e1 l\u00e0 lo\u1ea1i rau ph\u1ed5 bi\u1ebfn \u1edf mi\u1ec1n B\u1eafc n\u01b0\u1edbc ta. N\u00f3 c\u00f3 m\u00f9i r\u1ea5t \u0111\u1eb7c tr\u01b0ng n\u00ean s\u1ebd c\u00f3 nh\u1eefng ng\u01b0\u1eddi kh\u00f4ng \u0103n \u0111\u01b0\u1ee3c lo\u1ea1i rau n\u00e0y. Tuy v\u1eady, c\u00f4ng d\u1ee5ng tuy\u1ec7t v\u1eddi c\u1ee7a di\u1ebfp c\u00e1 \u0111\u1ed1i v\u1edbi s\u1ee9c kh\u1ecfe c\u1ee7a con ng\u01b0\u1eddi th\u00ec kh\u00f4ng ai c\u00f3 th\u1ec3 ph\u1ee7 nh\u1eadn. Trong \u0110\u00f4ng Y th\u00ec \u0111\u00e2y c\u00f2n l\u00e0 m\u1ed9t lo\u1ea1i thu\u1ed1c qu\u00fd.<\/p>\n<p>Th\u1eddi bu\u1ed5i b\u1eadn r\u1ed9n , kh\u00f4ng ph\u1ea3i ai c\u0169ng c\u00f3 th\u1eddi gian ch\u1ebf bi\u1ebfn c\u00e1c m\u00f3n \u0103n, th\u1ee9c u\u1ed1ng t\u1eeb rau di\u1ebfp c\u00e1. Th\u1ea5u hi\u1ec3u \u0111\u01b0\u1ee3c \u0111i\u1ec1u \u0111\u00f3, Ng\u1ecdc Anh cho ra s\u1ea3n ph\u1ea9m b\u1ed9t rau di\u1ebfp c\u00e1 ti\u1ec7n l\u1ee3i. B\u1ed9t di\u1ebfp c\u00e1 Ng\u1ecdc Anh s\u1ea3n xu\u1ea5t b\u1eb1ng ph\u01b0\u01a1ng ph\u00e1p s\u1ea5y l\u1ea1nh ti\u1ec7t tr\u00f9ng v\u00e0 nghi\u1ec1n b\u1eb1ng c\u1ed1i \u0111\u00e1 granit. Ph\u01b0\u01a1ng ph\u00e1p n\u00e0y gi\u00fap gi\u1eef tr\u1ecdn h\u01b0\u01a1ng v\u1ecb, m\u00e0u s\u1eafc v\u00e0 gi\u00e1 tr\u1ecb dinh d\u01b0\u1ee1ng qu\u00fd gi\u00e1 c\u1ee7a di\u1ebfp c\u00e1.<\/p>\n<h3><strong>Th\u00f4ng tin s\u1ea3n ph\u1ea9m<\/strong><\/h3>\n<p>Xu\u1ea5t x\u1ee9 : Vi\u1ec7t Nam<\/p>\n<p>Quy c\u00e1ch \u0111\u00f3ng g\u00f3i : t\u00fai 50g<\/p>\n<h3><strong>C\u00f4ng d\u1ee5ng c\u1ee7a b\u1ed9t di\u1ebfp c\u00e1:<\/strong><\/h3>\n<p>Thanh nhi\u1ec7t, gi\u1ea3i \u0111\u1ed9c, c\u1ea7m m\u00e1u<\/p>\n<p>Kh\u00e1ng khu\u1ea9n, kh\u00e1ng vi\u00eam, ch\u1ed1ng oxi h\u00f3a, ng\u1eeba ung th\u01b0<\/p>\n<p>Ch\u1eefa tr\u0129, t\u00e1o b\u00f3n, m\u1ee5n nh\u1ecdt, l\u1edf ng\u1ee9a\u2026<\/p>\n<p>Ch\u1eefa vi\u00eam ru\u1ed9t, ki\u1ebft l\u1ef5 , b\u00ed ti\u1ec3u ti\u1ec7n, kinh nguy\u1ec7t kh\u00f4ng \u0111\u1ec1u<\/p>\n<p>Tr\u1ecb s\u1ecfi th\u1eadn<\/p>\n<p>T\u0103ng ti\u1ebft s\u1eefa<\/p>\n<h3><strong>\u0110\u1ed1i t\u01b0\u1ee3ng s\u1eed d\u1ee5ng:<\/strong><\/h3>\n<p>Ng\u01b0\u1eddi b\u1ecb n\u00f3ng trong, t\u00e1o b\u00f3n, m\u1ee5n nh\u1ecdt, l\u1edf lo\u00e9t, ng\u01b0\u1eddi b\u1ecb tr\u0129, s\u1ecfi th\u1eadn<\/p>\n<h3><strong>C\u00e1ch d\u00f9ng b\u1ed9t di\u1ebfp c\u00e1 nguy\u00ean ch\u1ea5t:<\/strong><\/h3>\n<p>Pha kho\u1ea3ng 2-3g\u00a0 b\u1ed9t di\u1ebfp c\u00e1 v\u1edbi 200ml n\u01b0\u1edbc \u1edf nhi\u1ec7t \u0111\u1ed9 th\u01b0\u1eddng<\/p>\n<h3><strong>B\u1ea3o qu\u1ea3n:<\/strong><\/h3>\n<p>B\u1ea3o qu\u1ea3n n\u01a1i kh\u00f4 tho\u00e1ng, tr\u00e1nh \u00e1nh n\u1eafng tr\u1ef1c ti\u1ebfp<\/p>\n<h3><strong>Khuy\u1ebfn c\u00e1o c\u1ee7a nh\u00e0 s\u1ea3n xu\u1ea5t v\u1edbi ng\u01b0\u1eddi s\u1eed d\u1ee5ng b\u1ed9t rau di\u1ebfp c\u00e1:\u00a0<\/strong><\/h3>\n<p>Ph\u1ee5 n\u1eef mang thai \u1edf giai \u0111o\u1ea1n \u0111\u1ea7u n\u00ean th\u1eadn tr\u1ecdng khi s\u1eed d\u1ee5ng, sau 3 th\u00e1ng c\u00f3 th\u1ec3 d\u00f9ng \u0111\u1ec3 b\u1ed5 sung ch\u1ea5t x\u01a1, ch\u1ed1ng t\u00e1o b\u00f3n<\/p>\n<p>Kh\u00f4ng n\u00ean s\u1eed d\u1ee5ng v\u00e0o s\u00e1ng s\u1edbm ho\u1eb7c t\u1ed1i mu\u1ed9n v\u00ec d\u1ec5 g\u00e2y l\u1ea1nh b\u1ee5ng<\/p>\n<p><strong>TH\u1ef0C PH\u1ea8M N\u00c0Y KH\u00d4NG PH\u1ea2I L\u00c0 THU\u1ed0C, KH\u00d4NG C\u00d3 T\u00c1C D\u1ee4NG THAY TH\u1ebe CHO THU\u1ed0C CH\u1eeeA B\u1ec6NH<\/strong><\/p>\n<\/div>\n<\/div>\n<div>\n<div>\n<h3 class=\"text-xl my-5 font-bold\">Th\u00f4ng s\u1ed1 k\u1ef9 thu\u1eadt<\/h3>\n<div>\n<div class=\"my-2 py-2\">X\u01a1<span class=\"mlr-1\">:<\/span><span class=\"ml-1\">1.8g<\/span><\/div>\n<div class=\"my-2 py-2\">Kali<span class=\"mlr-1\">:<\/span><span class=\"ml-1\">461mg<\/span><\/div>\n<div class=\"my-2 py-2\">Magie<span class=\"mlr-1\">:<\/span><span class=\"ml-1\">81 mg<\/span><\/div>\n<div class=\"my-2 py-2\">Natri<span class=\"mlr-1\">:<\/span><span class=\"ml-1\">72mg<\/span><\/div>\n<div class=\"my-2 py-2\">B\u00e9o\/ Fat<span class=\"mlr-1\">:<\/span><span class=\"ml-1\">0g<\/span><\/div>\n<div class=\"my-2 py-2\">Vitamin C<span class=\"mlr-1\">:<\/span><span class=\"ml-1\">68mg<\/span><\/div>\n<div class=\"my-2 py-2\">Beta caroten<span class=\"mlr-1\">:<\/span><span class=\"ml-1\">620 mcg<\/span><\/div>\n<div class=\"my-2 py-2\">\u0110\u1ea1m\/protein<span class=\"mlr-1\">:<\/span><span class=\"ml-1\">2.9g<\/span><\/div>\n<div class=\"my-2 py-2\">B\u1ed9t \u0111\u01b0\u1eddng<span class=\"mlr-1\">:<\/span><span class=\"ml-1\">2.7g<\/span><\/div>\n<div class=\"my-2 py-2\">Kh\u1ea9u ph\u1ea7n \u0103n\/Serving size<span class=\"mlr-1\">:<\/span><span class=\"ml-1\">100g<\/span><\/div>\n<div class=\"my-2 py-2\">N\u0103ng l\u01b0\u1ee3ng\/ Calories ( kcal)<span class=\"mlr-1\">:<\/span><span class=\"ml-1\">22kcal<\/span><\/div>\n<\/div>\n<\/div>\n<\/div>","protected":false},"featured_media":2830,"comment_status":"open","ping_status":"closed","template":"","meta":{"_acf_changed":false},"product_cat":[316,22,313],"product_tag":[],"class_list":{"0":"post-2829","1":"product","2":"type-product","3":"status-publish","4":"has-post-thumbnail","6":"product_cat-che-bien-tu-rau-cu-qua-hat","7":"product_cat-sanphamthucpham","8":"product_cat-thuc-pham-che-bien","10":"first","11":"instock","12":"shipping-taxable","13":"product-type-simple"},"acf":[],"_links":{"self":[{"href":"https:\/\/b2c.fairs.vn\/en\/wp-json\/wp\/v2\/product\/2829","targetHints":{"allow":["GET"]}}],"collection":[{"href":"https:\/\/b2c.fairs.vn\/en\/wp-json\/wp\/v2\/product"}],"about":[{"href":"https:\/\/b2c.fairs.vn\/en\/wp-json\/wp\/v2\/types\/product"}],"replies":[{"embeddable":true,"href":"https:\/\/b2c.fairs.vn\/en\/wp-json\/wp\/v2\/comments?post=2829"}],"version-history":[{"count":0,"href":"https:\/\/b2c.fairs.vn\/en\/wp-json\/wp\/v2\/product\/2829\/revisions"}],"wp:featuredmedia":[{"embeddable":true,"href":"https:\/\/b2c.fairs.vn\/en\/wp-json\/wp\/v2\/media\/2830"}],"wp:attachment":[{"href":"https:\/\/b2c.fairs.vn\/en\/wp-json\/wp\/v2\/media?parent=2829"}],"wp:term":[{"taxonomy":"product_cat","embeddable":true,"href":"https:\/\/b2c.fairs.vn\/en\/wp-json\/wp\/v2\/product_cat?post=2829"},{"taxonomy":"product_tag","embeddable":true,"href":"https:\/\/b2c.fairs.vn\/en\/wp-json\/wp\/v2\/product_tag?post=2829"}],"curies":[{"name":"wp","href":"https:\/\/api.w.org\/{rel}","templated":true}]}}