{"id":2825,"date":"2024-03-19T07:56:48","date_gmt":"2024-03-19T07:56:48","guid":{"rendered":"https:\/\/b2c.fairs.vn\/?post_type=product&#038;p=2825"},"modified":"2024-03-26T10:59:43","modified_gmt":"2024-03-26T03:59:43","slug":"bot-can-tay-nguyen-chat-tui-zip-50g","status":"publish","type":"product","link":"https:\/\/b2c.fairs.vn\/en\/product\/bot-can-tay-nguyen-chat-tui-zip-50g\/","title":{"rendered":"B\u1ed9t c\u1ea7n t\u00e2y nguy\u00ean ch\u1ea5t (T\u00daI ZIP) 50G"},"content":{"rendered":"<div>\n<div>\n<p><i><strong>B\u1ed9t C\u1ea7n T\u00e2y nguy\u00ean ch\u1ea5t \u0111\u01b0\u1ee3c s\u1ea3n xu\u1ea5t 100% t\u1eeb c\u1ea7n t\u00e2y t\u01b0\u01a1i \u0111\u01b0\u1ee3c tr\u1ed3ng v\u00e0 thu ho\u1ea1ch t\u1ea1i trang tr\u1ea1i Nam \u0110\u1ecbnh. S\u1ea3n ph\u1ea9m \u0111\u01b0\u1ee3c s\u1eed d\u1ee5ng c\u00f4ng ngh\u1ec7 s\u1ea5y l\u1ea1nh hi\u1ec7n \u0111\u1ea1i v\u00e0 c\u00f4ng ngh\u1ec7 nghi\u1ec1n th\u1ef1c ph\u1ea9m \u1edf nhi\u1ec7t \u0111\u1ed9 th\u1ea5p gi\u00fap b\u1ea3o to\u00e0n c\u00e1c enzym v\u00e0 ch\u1ea5t dinh d\u01b0\u1ee1ng c\u1ee7a rau c\u1ee7.<\/strong><\/i><\/p>\n<p><i><strong>B\u1ed9t c\u1ea7n t\u00e2y nguy\u00ean ch\u1ea5t c\u1ee7a Nh\u1ea5t T\u00e2m Tr\u00e0 (C\u00f4ng ty CPSX Tr\u00e0 D\u01b0\u1ee3c Li\u1ec7u Ng\u1ecdc Anh) \u0111\u1ea1t ch\u1ee9ng nh\u1eadn ti\u00eau chu\u1ea9n VietGap, th\u1ef1c ph\u1ea9m Non GMO \u0111\u01b0\u1ee3c nhi\u1ec1u kh\u00e1ch h\u00e0ng tin ch\u1ecdn.<\/strong><\/i><\/p>\n<p>Rau c\u1ea7n t\u00e2y l\u00e0 lo\u1ea1i th\u1ef1c v\u1eadt n\u1eb1m trong top c\u00e1c lo\u1ea1i rau c\u00f3 ch\u1ee9a nhi\u1ec1u ch\u1ea5t x\u01a1. C\u1ea7n t\u00e2y cung c\u1ea5p h\u1ea7u nh\u01b0 \u0111\u1ea7y \u0111\u1ee7 c\u00e1c d\u01b0\u1ee1ng c\u1ea7n thi\u1ebft cho c\u01a1 th\u1ec3 nh\u01b0ng l\u1ea1i ch\u1ee9a \u00edt calo gi\u00fap b\u1ea1n gi\u1ea3m b\u1edbt \u0111\u01b0\u1ee3c t\u00ecnh tr\u1ea1ng m\u1ee1 th\u1eeba. Ngo\u00e0i vi\u1ec7c c\u00f3 th\u1ec3 ki\u1ec3m so\u00e1t \u0111\u01b0\u1ee3c c\u00e2n n\u1eb7ng th\u00ec c\u1ea7n t\u00e2y c\u00f2n mang \u0111\u1ebfn r\u1ea5t nhi\u1ec1u l\u1ee3i \u00edch kh\u00e1c cho c\u01a1 th\u1ec3. B\u1ed9t c\u1ea7n t\u00e2y r\u1ea5t gi\u00e0u vitamin K, A, C, kali v\u00e0 beta-carotene. V\u1edbi c\u00e1c kho\u00e1ng ch\u1ea5t nh\u01b0 magiee, s\u1eaft v\u00e0 natri, C\u1ea7n t\u00e2y c\u00f3 t\u00e1c d\u1ee5ng trung ho\u00e0 tr\u00ean th\u1ef1c ph\u1ea9m c\u00f3 t\u00ednh axit. Hi\u1ec3u r\u00f5 t\u00e1c d\u1ee5ng c\u1ee7a c\u1ea7n t\u00e2y n\u00ean Ng\u1ecdc Anh cho ra s\u1ea3n ph\u1ea9m b\u1ed9t c\u1ea7n t\u00e2y nguy\u00ean ch\u1ea5t. S\u1ea3n ph\u1ea9m an to\u00e0n ti\u1ec7n l\u1ee3i, \u0111\u1ea3m b\u1ea3o gi\u00e1 tr\u1ecb dinh d\u01b0\u1ee1ng v\u1ed1n c\u00f3.<\/p>\n<h3><strong>C\u00f4ng d\u1ee5ng c\u1ee7a b\u1ed9t C\u1ea7n T\u00e2y:\u00a0<\/strong><\/h3>\n<p>B\u1ed9t c\u1ea7n t\u00e2y nguy\u00ean ch\u1ea5t c\u00f3 t\u00e1c d\u1ee5ng r\u1ea5t t\u1ed1t cho s\u1ee9c kho\u1ebb.<\/p>\n<ul>\n<li>T\u1ed1t cho ng\u01b0\u1eddi m\u1ee1 m\u00e1u<\/li>\n<li>C\u1ea3i thi\u1ec7n s\u1ee9c kho\u1ebb tim m\u1ea1ch<\/li>\n<li>Gi\u00e0u ch\u1ea5t ch\u1ed1ng oxy h\u00f3a v\u00e0 ch\u1ea5t ch\u1ed1ng vi\u00eam;<\/li>\n<li>Ch\u1ed1ng l\u00e3o h\u00f3a v\u00e0 ng\u1eeba ung th\u01b0<\/li>\n<li>Gi\u00fap gi\u1ea3m cholesterol x\u1ea5u.<\/li>\n<li>H\u1ed7 tr\u1ee3 cho ng\u01b0\u1eddi cao huy\u1ebft \u00e1p<\/li>\n<li>Lo\u1ea1i b\u1ecf \u0111\u1ed9c t\u1ed1, ch\u1ea5t th\u1ea3i v\u00e0 ch\u1ea5t g\u00e2y \u00f4 nhi\u1ec5m kh\u1ecfi c\u01a1 th\u1ec3.<\/li>\n<li>Ki\u1ec3m so\u00e1t t\u00ecnh tr\u1ea1ng th\u1eeba c\u00e2n<\/li>\n<\/ul>\n<h3><strong>H\u01b0\u1edbng d\u1eabn s\u1eed d\u1ee5ng b\u1ed9t c\u1ea7n t\u00e2y:\u00a0<\/strong><\/h3>\n<p><strong>Pha n\u01b0\u1edbc u\u1ed1ng:<\/strong><\/p>\n<p>B\u1ed9t c\u1ea7n t\u00e2y d\u00f9ng \u0111\u1ec3 u\u1ed1ng tr\u1ef1c ti\u1ebfp thay cho rau t\u01b0\u01a1i.<\/p>\n<ul>\n<li>L\u1ea5y 1 mu\u1ed7ng b\u1ed9t (kho\u1ea3ng 2g), sau \u0111\u00f3 th\u00eam 200ml n\u01b0\u1edbc \u1edf nhi\u1ec7t \u0111\u1ed9 th\u01b0\u1eddng, khu\u1ea5y \u0111\u1ec1u cho \u0111\u1ebfn khi b\u1ed9t tan v\u00e0 th\u01b0\u1eddng th\u1ee9c.<\/li>\n<\/ul>\n<p><strong>L\u00e0m nguy\u00ean li\u1ec7u cho th\u00eam v\u00e0o c\u00e1c m\u00f3n \u0103n nh\u01b0: b\u1ed9t \u0103n d\u1eb7m, ch\u00e1o\u2026<\/strong><\/p>\n<p><strong>L\u00e0m \u0111\u1eb9p \u2013 gi\u1ea3m c\u00e2n<\/strong><\/p>\n<ul>\n<li>Bu\u1ed5i s\u00e1ng khi v\u1eeba ng\u1ee7 d\u1eady, tr\u01b0\u1edbc khi \u0103n s\u00e1ng 30 ph\u00fat: 1 ly (2g b\u1ed9t + 200ml n\u01b0\u1edbc \u1ea5m) s\u1ebd gi\u00fap c\u01a1 th\u1ec3 c\u00e2n b\u1eb1ng, ki\u1ec3m so\u00e1t t\u1ed1t ch\u1ebf \u0111\u1ed9 \u0103n trong ng\u00e0y, gi\u1ea3i ph\u00f3ng n\u0103ng l\u01b0\u1ee3ng \u0111\u01b0\u1ee3c chuy\u1ec3n h\u00f3a tr\u00e1nh t\u00edch m\u1ee1.<\/li>\n<li>Bu\u1ed5i t\u1ed1i tr\u01b0\u1edbc khi \u0111i ng\u1ee7 30 \u0111\u1ebfn 60ph\u00fat: 1 ly (2g b\u1ed9t + 200ml n\u01b0\u1edbc) h\u1ed7 tr\u1ee3 cho gi\u1ea5c ng\u1ee7, gi\u1ea3i ph\u00f3ng n\u0103ng l\u01b0\u1ee3ng, \u0111\u00e0o th\u1ea3i l\u01b0\u1ee3ng m\u1ee1 x\u1ea5u.<\/li>\n<li>Kh\u00f4ng l\u1ea1m d\u1ee5ng u\u1ed1ng nhi\u1ec1u m\u00e0 n\u00ean \u0111\u1ee7 l\u01b0\u1ee3ng v\u00e0 k\u1ebft h\u1ee3p ch\u1ebf \u0111\u1ed9 dinh d\u01b0\u1ee1ng \u0111a d\u1ea1ng, t\u1eadp th\u1ec3 thao th\u01b0\u1eddng xuy\u00ean.<\/li>\n<\/ul>\n<h3><strong>B\u1ea3o qu\u1ea3n:\u00a0<\/strong><\/h3>\n<p>\u0110\u1ec3 b\u1ed9t c\u1ea7n t\u00e2y \u1edf n\u01a1i kh\u00f4 r\u00e1o, tr\u00e1nh \u1ea9m th\u1ea5p ho\u1eb7c nhi\u1ec7t \u0111\u1ed9 qu\u00e1 cao, tr\u00e1nh \u00e1nh s\u00e1ng tr\u1ef1c ti\u1ebfp. \u0110\u00f3ng k\u00edn bao b\u00ec sau khi s\u1eed d\u1ee5ng.<\/p>\n<h3><strong>\u00a0L\u01b0u \u00fd:<\/strong><\/h3>\n<p>Ng\u01b0\u1eddi huy\u1ebft \u00e1p th\u1ea5p, ng\u01b0\u1eddi c\u00f3 b\u1ec7nh v\u1ec1 th\u1eadn, ph\u1ee5 n\u1eef m\u1edbi c\u00f3 thai, ng\u01b0\u1eddi m\u1eafc b\u1ec7nh ngo\u00e0i da; ng\u01b0\u1eddi c\u00f3 th\u1ec3 tr\u1ea1ng y\u1ebfu n\u00ean h\u1ea1n ch\u1ebf s\u1eed d\u1ee5ng s\u1ea3n ph\u1ea9m.<\/p>\n<p>\u2014\u2014\u2014\u2014\u2014\u2014\u2014\u2014\u2014\u2014\u2014\u2014\u2013<\/p>\n<\/div>\n<\/div>\n<div>\n<div>\n<h3 class=\"text-xl my-5 font-bold\">Th\u00f4ng s\u1ed1 k\u1ef9 thu\u1eadt<\/h3>\n<div>\n<div class=\"my-2 py-2\">Kali<span class=\"mlr-1\">:<\/span><span class=\"ml-1\">326mg<\/span><\/div>\n<div class=\"my-2 py-2\">Canxi<span class=\"mlr-1\">:<\/span><span class=\"ml-1\">325mg<\/span><\/div>\n<div class=\"my-2 py-2\">Magie<span class=\"mlr-1\">:<\/span><span class=\"ml-1\">18 mg<\/span><\/div>\n<div class=\"my-2 py-2\">Natri<span class=\"mlr-1\">:<\/span><span class=\"ml-1\">96mg<\/span><\/div>\n<div class=\"my-2 py-2\">S\u1eaft<span class=\"mlr-1\">:<\/span><span class=\"ml-1\">8 mg<\/span><\/div>\n<div class=\"my-2 py-2\">B\u00e9o\/ Fat<span class=\"mlr-1\">:<\/span><span class=\"ml-1\">0g<\/span><\/div>\n<div class=\"my-2 py-2\">Vitamin B1<span class=\"mlr-1\">:<\/span><span class=\"ml-1\">0.06mg<\/span><\/div>\n<div class=\"my-2 py-2\">Vitamin B2<span class=\"mlr-1\">:<\/span><span class=\"ml-1\">0.07mg<\/span><\/div>\n<div class=\"my-2 py-2\">B\u1ed9t \u0111\u01b0\u1eddng<span class=\"mlr-1\">:<\/span><span class=\"ml-1\">8.1g<\/span><\/div>\n<div class=\"my-2 py-2\">Vitamin C\u00a0<span class=\"mlr-1\">:<\/span><span class=\"ml-1\">150mg<\/span><\/div>\n<div class=\"my-2 py-2\">X\u01a1\u00a0<span class=\"mlr-1\">:<\/span><span class=\"ml-1\">1.5g<\/span><\/div>\n<div class=\"my-2 py-2\">N\u0103ng l\u01b0\u1ee3ng\/ Calories ( kcal)<span class=\"mlr-1\">:<\/span><span class=\"ml-1\">47kcal<\/span><\/div>\n<div class=\"my-2 py-2\">100% b\u1ed9t c\u1ea7n t\u00e2y nguy\u00ean ch\u1ea5t<\/div>\n<div class=\"my-2 py-2\">Kh\u1ea9u ph\u1ea7n \u0103n\/Serving size\u00a0<span class=\"mlr-1\">:<\/span><span class=\"ml-1\">100g<\/span><\/div>\n<div class=\"my-2 py-2\">\u0110\u1ea1m\/protein\u00a0<span class=\"mlr-1\">:<\/span><span class=\"ml-1\">3.7g<\/span><\/div>\n<\/div>\n<\/div>\n<\/div>","protected":false},"excerpt":{"rendered":"<div>\n<div>\n<p><i><strong>B\u1ed9t C\u1ea7n T\u00e2y nguy\u00ean ch\u1ea5t \u0111\u01b0\u1ee3c s\u1ea3n xu\u1ea5t 100% t\u1eeb c\u1ea7n t\u00e2y t\u01b0\u01a1i \u0111\u01b0\u1ee3c tr\u1ed3ng v\u00e0 thu ho\u1ea1ch t\u1ea1i trang tr\u1ea1i Nam \u0110\u1ecbnh. S\u1ea3n ph\u1ea9m \u0111\u01b0\u1ee3c s\u1eed d\u1ee5ng c\u00f4ng ngh\u1ec7 s\u1ea5y l\u1ea1nh hi\u1ec7n \u0111\u1ea1i v\u00e0 c\u00f4ng ngh\u1ec7 nghi\u1ec1n th\u1ef1c ph\u1ea9m \u1edf nhi\u1ec7t \u0111\u1ed9 th\u1ea5p gi\u00fap b\u1ea3o to\u00e0n c\u00e1c enzym v\u00e0 ch\u1ea5t dinh d\u01b0\u1ee1ng c\u1ee7a rau c\u1ee7.<\/strong><\/i><\/p>\n<p><i><strong>B\u1ed9t c\u1ea7n t\u00e2y nguy\u00ean ch\u1ea5t c\u1ee7a Nh\u1ea5t T\u00e2m Tr\u00e0 (C\u00f4ng ty CPSX Tr\u00e0 D\u01b0\u1ee3c Li\u1ec7u Ng\u1ecdc Anh) \u0111\u1ea1t ch\u1ee9ng nh\u1eadn ti\u00eau chu\u1ea9n VietGap, th\u1ef1c ph\u1ea9m Non GMO \u0111\u01b0\u1ee3c nhi\u1ec1u kh\u00e1ch h\u00e0ng tin ch\u1ecdn.<\/strong><\/i><\/p>\n<p>Rau c\u1ea7n t\u00e2y l\u00e0 lo\u1ea1i th\u1ef1c v\u1eadt n\u1eb1m trong top c\u00e1c lo\u1ea1i rau c\u00f3 ch\u1ee9a nhi\u1ec1u ch\u1ea5t x\u01a1. C\u1ea7n t\u00e2y cung c\u1ea5p h\u1ea7u nh\u01b0 \u0111\u1ea7y \u0111\u1ee7 c\u00e1c d\u01b0\u1ee1ng c\u1ea7n thi\u1ebft cho c\u01a1 th\u1ec3 nh\u01b0ng l\u1ea1i ch\u1ee9a \u00edt calo gi\u00fap b\u1ea1n gi\u1ea3m b\u1edbt \u0111\u01b0\u1ee3c t\u00ecnh tr\u1ea1ng m\u1ee1 th\u1eeba. Ngo\u00e0i vi\u1ec7c c\u00f3 th\u1ec3 ki\u1ec3m so\u00e1t \u0111\u01b0\u1ee3c c\u00e2n n\u1eb7ng th\u00ec c\u1ea7n t\u00e2y c\u00f2n mang \u0111\u1ebfn r\u1ea5t nhi\u1ec1u l\u1ee3i \u00edch kh\u00e1c cho c\u01a1 th\u1ec3. B\u1ed9t c\u1ea7n t\u00e2y r\u1ea5t gi\u00e0u vitamin K, A, C, kali v\u00e0 beta-carotene. V\u1edbi c\u00e1c kho\u00e1ng ch\u1ea5t nh\u01b0 magiee, s\u1eaft v\u00e0 natri, C\u1ea7n t\u00e2y c\u00f3 t\u00e1c d\u1ee5ng trung ho\u00e0 tr\u00ean th\u1ef1c ph\u1ea9m c\u00f3 t\u00ednh axit. Hi\u1ec3u r\u00f5 t\u00e1c d\u1ee5ng c\u1ee7a c\u1ea7n t\u00e2y n\u00ean Ng\u1ecdc Anh cho ra s\u1ea3n ph\u1ea9m b\u1ed9t c\u1ea7n t\u00e2y nguy\u00ean ch\u1ea5t. S\u1ea3n ph\u1ea9m an to\u00e0n ti\u1ec7n l\u1ee3i, \u0111\u1ea3m b\u1ea3o gi\u00e1 tr\u1ecb dinh d\u01b0\u1ee1ng v\u1ed1n c\u00f3.<\/p>\n<h3><strong>C\u00f4ng d\u1ee5ng c\u1ee7a b\u1ed9t C\u1ea7n T\u00e2y:\u00a0<\/strong><\/h3>\n<p>B\u1ed9t c\u1ea7n t\u00e2y nguy\u00ean ch\u1ea5t c\u00f3 t\u00e1c d\u1ee5ng r\u1ea5t t\u1ed1t cho s\u1ee9c kho\u1ebb.<\/p>\n<ul>\n<li>T\u1ed1t cho ng\u01b0\u1eddi m\u1ee1 m\u00e1u<\/li>\n<li>C\u1ea3i thi\u1ec7n s\u1ee9c kho\u1ebb tim m\u1ea1ch<\/li>\n<li>Gi\u00e0u ch\u1ea5t ch\u1ed1ng oxy h\u00f3a v\u00e0 ch\u1ea5t ch\u1ed1ng vi\u00eam;<\/li>\n<li>Ch\u1ed1ng l\u00e3o h\u00f3a v\u00e0 ng\u1eeba ung th\u01b0<\/li>\n<li>Gi\u00fap gi\u1ea3m cholesterol x\u1ea5u.<\/li>\n<li>H\u1ed7 tr\u1ee3 cho ng\u01b0\u1eddi cao huy\u1ebft \u00e1p<\/li>\n<li>Lo\u1ea1i b\u1ecf \u0111\u1ed9c t\u1ed1, ch\u1ea5t th\u1ea3i v\u00e0 ch\u1ea5t g\u00e2y \u00f4 nhi\u1ec5m kh\u1ecfi c\u01a1 th\u1ec3.<\/li>\n<li>Ki\u1ec3m so\u00e1t t\u00ecnh tr\u1ea1ng th\u1eeba c\u00e2n<\/li>\n<\/ul>\n<h3><strong>H\u01b0\u1edbng d\u1eabn s\u1eed d\u1ee5ng b\u1ed9t c\u1ea7n t\u00e2y:\u00a0<\/strong><\/h3>\n<p><strong>Pha n\u01b0\u1edbc u\u1ed1ng:<\/strong><\/p>\n<p>B\u1ed9t c\u1ea7n t\u00e2y d\u00f9ng \u0111\u1ec3 u\u1ed1ng tr\u1ef1c ti\u1ebfp thay cho rau t\u01b0\u01a1i.<\/p>\n<ul>\n<li>L\u1ea5y 1 mu\u1ed7ng b\u1ed9t (kho\u1ea3ng 2g), sau \u0111\u00f3 th\u00eam 200ml n\u01b0\u1edbc \u1edf nhi\u1ec7t \u0111\u1ed9 th\u01b0\u1eddng, khu\u1ea5y \u0111\u1ec1u cho \u0111\u1ebfn khi b\u1ed9t tan v\u00e0 th\u01b0\u1eddng th\u1ee9c.<\/li>\n<\/ul>\n<p><strong>L\u00e0m nguy\u00ean li\u1ec7u cho th\u00eam v\u00e0o c\u00e1c m\u00f3n \u0103n nh\u01b0: b\u1ed9t \u0103n d\u1eb7m, ch\u00e1o\u2026<\/strong><\/p>\n<p><strong>L\u00e0m \u0111\u1eb9p \u2013 gi\u1ea3m c\u00e2n<\/strong><\/p>\n<ul>\n<li>Bu\u1ed5i s\u00e1ng khi v\u1eeba ng\u1ee7 d\u1eady, tr\u01b0\u1edbc khi \u0103n s\u00e1ng 30 ph\u00fat: 1 ly (2g b\u1ed9t + 200ml n\u01b0\u1edbc \u1ea5m) s\u1ebd gi\u00fap c\u01a1 th\u1ec3 c\u00e2n b\u1eb1ng, ki\u1ec3m so\u00e1t t\u1ed1t ch\u1ebf \u0111\u1ed9 \u0103n trong ng\u00e0y, gi\u1ea3i ph\u00f3ng n\u0103ng l\u01b0\u1ee3ng \u0111\u01b0\u1ee3c chuy\u1ec3n h\u00f3a tr\u00e1nh t\u00edch m\u1ee1.<\/li>\n<li>Bu\u1ed5i t\u1ed1i tr\u01b0\u1edbc khi \u0111i ng\u1ee7 30 \u0111\u1ebfn 60ph\u00fat: 1 ly (2g b\u1ed9t + 200ml n\u01b0\u1edbc) h\u1ed7 tr\u1ee3 cho gi\u1ea5c ng\u1ee7, gi\u1ea3i ph\u00f3ng n\u0103ng l\u01b0\u1ee3ng, \u0111\u00e0o th\u1ea3i l\u01b0\u1ee3ng m\u1ee1 x\u1ea5u.<\/li>\n<li>Kh\u00f4ng l\u1ea1m d\u1ee5ng u\u1ed1ng nhi\u1ec1u m\u00e0 n\u00ean \u0111\u1ee7 l\u01b0\u1ee3ng v\u00e0 k\u1ebft h\u1ee3p ch\u1ebf \u0111\u1ed9 dinh d\u01b0\u1ee1ng \u0111a d\u1ea1ng, t\u1eadp th\u1ec3 thao th\u01b0\u1eddng xuy\u00ean.<\/li>\n<\/ul>\n<h3><strong>B\u1ea3o qu\u1ea3n:\u00a0<\/strong><\/h3>\n<p>\u0110\u1ec3 b\u1ed9t c\u1ea7n t\u00e2y \u1edf n\u01a1i kh\u00f4 r\u00e1o, tr\u00e1nh \u1ea9m th\u1ea5p ho\u1eb7c nhi\u1ec7t \u0111\u1ed9 qu\u00e1 cao, tr\u00e1nh \u00e1nh s\u00e1ng tr\u1ef1c ti\u1ebfp. \u0110\u00f3ng k\u00edn bao b\u00ec sau khi s\u1eed d\u1ee5ng.<\/p>\n<h3><strong>\u00a0L\u01b0u \u00fd:<\/strong><\/h3>\n<p>Ng\u01b0\u1eddi huy\u1ebft \u00e1p th\u1ea5p, ng\u01b0\u1eddi c\u00f3 b\u1ec7nh v\u1ec1 th\u1eadn, ph\u1ee5 n\u1eef m\u1edbi c\u00f3 thai, ng\u01b0\u1eddi m\u1eafc b\u1ec7nh ngo\u00e0i da; ng\u01b0\u1eddi c\u00f3 th\u1ec3 tr\u1ea1ng y\u1ebfu n\u00ean h\u1ea1n ch\u1ebf s\u1eed d\u1ee5ng s\u1ea3n ph\u1ea9m.<\/p>\n<p>\u2014\u2014\u2014\u2014\u2014\u2014\u2014\u2014\u2014\u2014\u2014\u2014\u2013<\/p>\n<\/div>\n<\/div>\n<div>\n<div>\n<h3 class=\"text-xl my-5 font-bold\">Th\u00f4ng s\u1ed1 k\u1ef9 thu\u1eadt<\/h3>\n<div>\n<div class=\"my-2 py-2\">Kali<span class=\"mlr-1\">:<\/span><span class=\"ml-1\">326mg<\/span><\/div>\n<div class=\"my-2 py-2\">Canxi<span class=\"mlr-1\">:<\/span><span class=\"ml-1\">325mg<\/span><\/div>\n<div class=\"my-2 py-2\">Magie<span class=\"mlr-1\">:<\/span><span class=\"ml-1\">18 mg<\/span><\/div>\n<div class=\"my-2 py-2\">Natri<span class=\"mlr-1\">:<\/span><span class=\"ml-1\">96mg<\/span><\/div>\n<div class=\"my-2 py-2\">S\u1eaft<span class=\"mlr-1\">:<\/span><span class=\"ml-1\">8 mg<\/span><\/div>\n<div class=\"my-2 py-2\">B\u00e9o\/ Fat<span class=\"mlr-1\">:<\/span><span class=\"ml-1\">0g<\/span><\/div>\n<div class=\"my-2 py-2\">Vitamin B1<span class=\"mlr-1\">:<\/span><span class=\"ml-1\">0.06mg<\/span><\/div>\n<div class=\"my-2 py-2\">Vitamin B2<span class=\"mlr-1\">:<\/span><span class=\"ml-1\">0.07mg<\/span><\/div>\n<div class=\"my-2 py-2\">B\u1ed9t \u0111\u01b0\u1eddng<span class=\"mlr-1\">:<\/span><span class=\"ml-1\">8.1g<\/span><\/div>\n<div class=\"my-2 py-2\">Vitamin C\u00a0<span class=\"mlr-1\">:<\/span><span class=\"ml-1\">150mg<\/span><\/div>\n<div class=\"my-2 py-2\">X\u01a1\u00a0<span class=\"mlr-1\">:<\/span><span class=\"ml-1\">1.5g<\/span><\/div>\n<div class=\"my-2 py-2\">N\u0103ng l\u01b0\u1ee3ng\/ Calories ( kcal)<span class=\"mlr-1\">:<\/span><span class=\"ml-1\">47kcal<\/span><\/div>\n<div class=\"my-2 py-2\">100% b\u1ed9t c\u1ea7n t\u00e2y nguy\u00ean ch\u1ea5t<\/div>\n<div class=\"my-2 py-2\">Kh\u1ea9u ph\u1ea7n \u0103n\/Serving size\u00a0<span class=\"mlr-1\">:<\/span><span class=\"ml-1\">100g<\/span><\/div>\n<div class=\"my-2 py-2\">\u0110\u1ea1m\/protein\u00a0<span class=\"mlr-1\">:<\/span><span class=\"ml-1\">3.7g<\/span><\/div>\n<\/div>\n<\/div>\n<\/div>","protected":false},"featured_media":2827,"comment_status":"open","ping_status":"closed","template":"","meta":{"_acf_changed":false},"product_cat":[316,22,313],"product_tag":[],"class_list":{"0":"post-2825","1":"product","2":"type-product","3":"status-publish","4":"has-post-thumbnail","6":"product_cat-che-bien-tu-rau-cu-qua-hat","7":"product_cat-sanphamthucpham","8":"product_cat-thuc-pham-che-bien","10":"first","11":"instock","12":"shipping-taxable","13":"product-type-simple"},"acf":[],"_links":{"self":[{"href":"https:\/\/b2c.fairs.vn\/en\/wp-json\/wp\/v2\/product\/2825","targetHints":{"allow":["GET"]}}],"collection":[{"href":"https:\/\/b2c.fairs.vn\/en\/wp-json\/wp\/v2\/product"}],"about":[{"href":"https:\/\/b2c.fairs.vn\/en\/wp-json\/wp\/v2\/types\/product"}],"replies":[{"embeddable":true,"href":"https:\/\/b2c.fairs.vn\/en\/wp-json\/wp\/v2\/comments?post=2825"}],"version-history":[{"count":0,"href":"https:\/\/b2c.fairs.vn\/en\/wp-json\/wp\/v2\/product\/2825\/revisions"}],"wp:featuredmedia":[{"embeddable":true,"href":"https:\/\/b2c.fairs.vn\/en\/wp-json\/wp\/v2\/media\/2827"}],"wp:attachment":[{"href":"https:\/\/b2c.fairs.vn\/en\/wp-json\/wp\/v2\/media?parent=2825"}],"wp:term":[{"taxonomy":"product_cat","embeddable":true,"href":"https:\/\/b2c.fairs.vn\/en\/wp-json\/wp\/v2\/product_cat?post=2825"},{"taxonomy":"product_tag","embeddable":true,"href":"https:\/\/b2c.fairs.vn\/en\/wp-json\/wp\/v2\/product_tag?post=2825"}],"curies":[{"name":"wp","href":"https:\/\/api.w.org\/{rel}","templated":true}]}}