{"id":2819,"date":"2024-03-19T07:54:49","date_gmt":"2024-03-19T07:54:49","guid":{"rendered":"https:\/\/b2c.fairs.vn\/?post_type=product&#038;p=2819"},"modified":"2024-03-19T07:54:49","modified_gmt":"2024-03-19T07:54:49","slug":"nhan-sam-mat-ong","status":"publish","type":"product","link":"https:\/\/b2c.fairs.vn\/en\/product\/nhan-sam-mat-ong\/","title":{"rendered":"Nh\u00e2n S\u00e2m M\u1eadt Ong"},"content":{"rendered":"<p>T\u00ean s\u1ea3n ph\u1ea9m:\u00a0<strong>NH\u00c2N S\u00c2M M\u1eacT ONG<\/strong><\/p>\n<p>Nh\u00e0 s\u1ea3n xu\u1ea5t:\u00a0H\u1ee2P T\u00c1C X\u00c3 MINH PH\u00daC<\/p>\n<p>Gi\u00e1 tham kh\u1ea3o: Li\u00ean h\u1ec7<\/p>\n<p>S\u1ea3n l\u01b0\u1ee3ng d\u1ef1 t\u00ednh: 1 t\u1ea5n\/n\u0103m<\/p>\n<p>Qui c\u00e1ch \u0111\u00f3ng g\u00f3i: H\u0169 350ML<\/p>\n<p>\u0110\u01a1n v\u1ecb ki\u1ec3m tra: Ph\u00f2ng N\u00f4ng nghi\u1ec7p v\u00e0 PTNT huy\u1ec7n B\u00e1t X\u00e1t<\/p>\n<p><strong>Ch\u1ee9c n\u0103ng \/ c\u00f4ng d\u1ee5ng s\u1ea3n ph\u1ea9m<\/strong>: T\u0103ng c\u01b0\u1eddng s\u1ee9c \u0111\u1ec1 kh\u00e1ng cho c\u01a1 th\u1ec3 &#8230;<\/p>\n<p>Gi\u1ea3m stress. &#8230;<\/p>\n<p>L\u00e0m \u0111\u1eb9p da. &#8230;<\/p>\n<p>B\u1ed3i b\u1ed5 s\u1ee9c kh\u1ecfe tim m\u1ea1ch. &#8230;<\/p>\n<p>C\u1ea3i thi\u1ec7n ch\u1ea5t l\u01b0\u1ee3ng gi\u1ea5c ng\u1ee7 &#8230;<\/p>\n<p><strong>C\u00e1ch b\u1ea3o qu\u1ea3n:<\/strong>\u00a0N\u01a1i kh\u00f4 r\u00e1o tho\u00e1ng m\u00e1t<\/p>\n<p><strong>Qui tr\u00ecnh s\u1ea3n xu\u1ea5t:<\/strong>\u00a0S\u1ea3n xu\u1ea5t theo quy tr\u00ecnh \u0111\u1ea3m b\u1ea3o an to\u00e0n th\u1ef1c ph\u1ea9m \u0111\u01b0\u1ee3c c\u01a1 quan qu\u1ea3n l\u00fd nh\u00e0 n\u01b0\u1edbc v\u1ec1 an to\u00e0n th\u1ef1c ph\u1ea9m ki\u1ec3m tra v\u00e0 c\u1ea5p gi\u1ea5y ch\u1ee9ng nh\u1eadn c\u01a1 s\u1edf \u0111\u1ee7 \u0111i\u1ec1u ki\u1ec7n an to\u00e0n th\u1ef1c ph\u1ea9m<\/p>","protected":false},"excerpt":{"rendered":"<p>T\u00ean s\u1ea3n ph\u1ea9m:\u00a0NH\u00c2N S\u00c2M M\u1eacT ONG Nh\u00e0 s\u1ea3n xu\u1ea5t:\u00a0H\u1ee2P T\u00c1C X\u00c3 MINH PH\u00daC Gi\u00e1 tham kh\u1ea3o: Li\u00ean h\u1ec7 S\u1ea3n l\u01b0\u1ee3ng<\/p>","protected":false},"featured_media":2802,"comment_status":"open","ping_status":"closed","template":"","meta":{"_acf_changed":false},"product_cat":[325,331,329,312,22,310],"product_tag":[],"class_list":{"0":"post-2819","1":"product","2":"type-product","3":"status-publish","4":"has-post-thumbnail","6":"product_cat-san-pham-do-uong","7":"product_cat-do-uong-khong-con-do-uong-khong-con","8":"product_cat-do-uong-khong-con","9":"product_cat-mat-ong-mat-khac-va-nong-san-thuc-pham-khac","10":"product_cat-sanphamthucpham","11":"product_cat-thuc-pham-tho-so-che","13":"first","14":"instock","15":"shipping-taxable","16":"product-type-simple"},"acf":[],"_links":{"self":[{"href":"https:\/\/b2c.fairs.vn\/en\/wp-json\/wp\/v2\/product\/2819","targetHints":{"allow":["GET"]}}],"collection":[{"href":"https:\/\/b2c.fairs.vn\/en\/wp-json\/wp\/v2\/product"}],"about":[{"href":"https:\/\/b2c.fairs.vn\/en\/wp-json\/wp\/v2\/types\/product"}],"replies":[{"embeddable":true,"href":"https:\/\/b2c.fairs.vn\/en\/wp-json\/wp\/v2\/comments?post=2819"}],"version-history":[{"count":0,"href":"https:\/\/b2c.fairs.vn\/en\/wp-json\/wp\/v2\/product\/2819\/revisions"}],"wp:featuredmedia":[{"embeddable":true,"href":"https:\/\/b2c.fairs.vn\/en\/wp-json\/wp\/v2\/media\/2802"}],"wp:attachment":[{"href":"https:\/\/b2c.fairs.vn\/en\/wp-json\/wp\/v2\/media?parent=2819"}],"wp:term":[{"taxonomy":"product_cat","embeddable":true,"href":"https:\/\/b2c.fairs.vn\/en\/wp-json\/wp\/v2\/product_cat?post=2819"},{"taxonomy":"product_tag","embeddable":true,"href":"https:\/\/b2c.fairs.vn\/en\/wp-json\/wp\/v2\/product_tag?post=2819"}],"curies":[{"name":"wp","href":"https:\/\/api.w.org\/{rel}","templated":true}]}}