{"id":2815,"date":"2024-03-19T07:53:28","date_gmt":"2024-03-19T07:53:28","guid":{"rendered":"https:\/\/b2c.fairs.vn\/?post_type=product&#038;p=2815"},"modified":"2024-03-19T07:53:29","modified_gmt":"2024-03-19T07:53:29","slug":"tra-tui-loc-hong-sam","status":"publish","type":"product","link":"https:\/\/b2c.fairs.vn\/en\/product\/tra-tui-loc-hong-sam\/","title":{"rendered":"Tr\u00e0 t\u00fai l\u1ecdc H\u1ed3ng S\u00e2m"},"content":{"rendered":"<p>T\u00ean s\u1ea3n ph\u1ea9m:\u00a0<strong>TR\u00c0 T\u00daI L\u1eccC H\u1ed2NG S\u00c2M<\/strong><\/p>\n<p>Nh\u00e0 s\u1ea3n xu\u1ea5t:\u00a0H\u1ee2P T\u00c1C X\u00c3 MINH PH\u00daC<\/p>\n<p>Gi\u00e1 tham kh\u1ea3o: Li\u00ean h\u1ec7<\/p>\n<p>S\u1ea3n l\u01b0\u1ee3ng d\u1ef1 t\u00ednh: 1 t\u1ea5n\/n\u0103m<\/p>\n<p>Qui c\u00e1ch \u0111\u00f3ng g\u00f3i: H\u1ed8P 20 G\u00d3I x 2g<\/p>\n<p>\u0110\u01a1n v\u1ecb ki\u1ec3m tra: Ph\u00f2ng N\u00f4ng nghi\u1ec7p v\u00e0 PTNT huy\u1ec7n B\u00e1t X\u00e1t<\/p>\n<p><strong>Ch\u1ee9c n\u0103ng \/ c\u00f4ng d\u1ee5ng s\u1ea3n ph\u1ea9m<\/strong>: S\u1ea2N PH\u1ea8M T\u1ed0T CHO S\u1ee8C KH\u1eceE C\u00d3 T\u00c1C D\u1ee4NG b\u1ed5 kh\u00ed, b\u1ed5 huy\u1ebft, gi\u1ea3m ho, tr\u1eeb \u0111\u1eddm. Ch\u1ee7 tr\u1ecb c\u00e1c ch\u1ee9ng: C\u01a1 th\u1ec3 suy nh\u01b0\u1ee3c, h\u01b0 lao, \u0103n ng\u1ee7 k\u00e9m, th\u1ea7n kinh suy nh\u01b0\u1ee3c<\/p>\n<p><strong>C\u00e1ch b\u1ea3o qu\u1ea3n:<\/strong>\u00a0N\u01a1i kh\u00f4 r\u00e1o tho\u00e1ng m\u00e1t, nhi\u1ec7t \u0111\u1ed9 kh\u00f4ng qu\u00e1 30 \u0111\u1ed9 C<\/p>\n<p><strong>Qui tr\u00ecnh s\u1ea3n xu\u1ea5t:<\/strong>\u00a0S\u00e2m B\u1ed1 Ch\u00ednh nguy\u00ean li\u1ec7u ch\u00ednh ch\u1ebf bi\u1ebfn tr\u00e0 t\u00fai l\u1ecdc H\u1ed3ng S\u00e2m \u0111\u01b0\u1ee3c HTX Minh Ph\u00fac tr\u1ed3ng t\u1ea1i c\u00e1c x\u00e3 v\u00f9ng cao c\u1ee7a huy\u1ec7n B\u00e1t X\u00e1t \u00dd T\u00fd, N\u1eadm Pung, B\u1ea3n Qua v\u00e0 ch\u1ebf bi\u1ebfn theo ti\u00eau chu\u1ea9n \u0111\u1ea3m b\u1ea3o an to\u00e0n th\u1ef1c ph\u1ea9m \u0111\u01b0\u1ee3c c\u01a1 quan qu\u1ea3n l\u00fd nh\u00e0 n\u01b0\u1edbc v\u1ec1 an to\u00e0n th\u1ef1c ph\u1ea9m ki\u1ec3m tra v\u00e0 c\u1ea5p gi\u1ea5y ch\u1ee9ng nh\u1eadn c\u01a1 s\u1edf \u0111\u1ee7 \u0111i\u1ec1u ki\u1ec7n an to\u00e0n th\u1ef1c<\/p>","protected":false},"excerpt":{"rendered":"<p>T\u00ean s\u1ea3n ph\u1ea9m:\u00a0TR\u00c0 T\u00daI L\u1eccC H\u1ed2NG S\u00c2M Nh\u00e0 s\u1ea3n xu\u1ea5t:\u00a0H\u1ee2P T\u00c1C X\u00c3 MINH PH\u00daC Gi\u00e1 tham kh\u1ea3o: Li\u00ean h\u1ec7 S\u1ea3n<\/p>","protected":false},"featured_media":2803,"comment_status":"open","ping_status":"closed","template":"","meta":{"_acf_changed":false},"product_cat":[321,22,323],"product_tag":[],"class_list":{"0":"post-2815","1":"product","2":"type-product","3":"status-publish","4":"has-post-thumbnail","6":"product_cat-che","7":"product_cat-sanphamthucpham","8":"product_cat-san-pham-tra-tu-thuc-vat-khac","10":"first","11":"instock","12":"shipping-taxable","13":"product-type-simple"},"acf":[],"_links":{"self":[{"href":"https:\/\/b2c.fairs.vn\/en\/wp-json\/wp\/v2\/product\/2815","targetHints":{"allow":["GET"]}}],"collection":[{"href":"https:\/\/b2c.fairs.vn\/en\/wp-json\/wp\/v2\/product"}],"about":[{"href":"https:\/\/b2c.fairs.vn\/en\/wp-json\/wp\/v2\/types\/product"}],"replies":[{"embeddable":true,"href":"https:\/\/b2c.fairs.vn\/en\/wp-json\/wp\/v2\/comments?post=2815"}],"version-history":[{"count":0,"href":"https:\/\/b2c.fairs.vn\/en\/wp-json\/wp\/v2\/product\/2815\/revisions"}],"wp:featuredmedia":[{"embeddable":true,"href":"https:\/\/b2c.fairs.vn\/en\/wp-json\/wp\/v2\/media\/2803"}],"wp:attachment":[{"href":"https:\/\/b2c.fairs.vn\/en\/wp-json\/wp\/v2\/media?parent=2815"}],"wp:term":[{"taxonomy":"product_cat","embeddable":true,"href":"https:\/\/b2c.fairs.vn\/en\/wp-json\/wp\/v2\/product_cat?post=2815"},{"taxonomy":"product_tag","embeddable":true,"href":"https:\/\/b2c.fairs.vn\/en\/wp-json\/wp\/v2\/product_tag?post=2815"}],"curies":[{"name":"wp","href":"https:\/\/api.w.org\/{rel}","templated":true}]}}