{"id":2811,"date":"2024-03-19T07:51:24","date_gmt":"2024-03-19T07:51:24","guid":{"rendered":"https:\/\/b2c.fairs.vn\/?post_type=product&#038;p=2811"},"modified":"2024-03-19T07:51:25","modified_gmt":"2024-03-19T07:51:25","slug":"mien-dao-sam","status":"publish","type":"product","link":"https:\/\/b2c.fairs.vn\/en\/product\/mien-dao-sam\/","title":{"rendered":"Mi\u1ebfn \u0110ao S\u00e2m"},"content":{"rendered":"<p><strong>\u00ean s\u1ea3n ph\u1ea9m: MI\u1ebeN \u0110AO S\u00c2M<\/strong><\/p>\n<p><strong>Nh\u00e0 s\u1ea3n xu\u1ea5t:\u00a0<\/strong><strong>H\u1ee2P T\u00c1C X\u00c3 MINH PH\u00daC<\/strong><\/p>\n<p><strong>H\u1ea1n s\u1eed d\u1ee5ng: 12 th\u00e1ng k\u1ec3 t\u1eeb ng\u00e0y \u0111\u00f3ng g\u00f3i<\/strong><\/p>\n<p><strong>C\u00e1ch b\u1ea3o qu\u1ea3n: &#8211; H\u01b0\u1edbng d\u1eabn b\u1ea3o qu\u1ea3n: B\u1ea3o qu\u1ea3n n\u01a1i kh\u00f4 r\u00e1o, tho\u00e1ng m\u00e1t, s\u1ea1ch s\u1ebd; &#8211; HDSD: R\u1eeda s\u1ea1ch, \u0111\u1ec3 r\u00e1o n\u01b0\u1edbc, x\u00e0o n\u1ea5u, ch\u1ebf bi\u1ebfn c\u00e1c m\u00f3n \u0103n theo s\u1edf th\u00edch<\/strong><\/p>\n<p><strong>Ch\u1ee9c n\u0103ng\/ c\u00f4ng d\u1ee5ng s\u1ea3n ph\u1ea9m: Mi\u1ebfn \u0111ao s\u00e2m \u0111\u01b0\u1ee3c l\u00e0m t\u1eeb tinh b\u1ed9t c\u1ee7a c\u1ee7 dong ri\u1ec1ng \u0111\u1ecf v\u00e0 c\u1ee7 khoai s\u00e2m (Ho\u00e0ng sinco, S\u00e2m Fanshifan). C\u1ee7 dong ri\u1ec1ng \u0111\u1ecf v\u00e0 khoai s\u00e2m \u0111\u01b0\u1ee3c HTX Minh Ph\u00fac li\u00ean k\u1ebft v\u1edbi c\u00e1c h\u1ed9 d\u00e2n t\u1ea1i x\u00e3 C\u1ed1c M\u1ef3, A L\u00f9, D\u1ec1n Th\u00e0ng, \u00dd t\u00fd, huy\u1ec7n B\u00e1t X\u00e1t tr\u1ed3ng, ch\u0103m s\u00f3c theo quy tr\u00ecnh \u0111\u1ea3m b\u1ea3o ATTP; sau khi thu ho\u1ea1ch \u0111\u01b0\u1ee3c ch\u1ecdn l\u1ef1a k\u0129 c\u00e0ng, \u0111em \u0111i r\u1eeda s\u1ea1ch v\u00e0 xay nhuy\u1ec5n \u0111\u1ec3 l\u1ea5y tinh b\u1ed9t \u0111ao v\u00e0 n\u01b0\u1edbc khoai s\u00e2m. Nh\u1edd c\u00f4ng ngh\u1ec7 tr\u00e1ng b\u00e1nh b\u1eb1ng m\u00e1y, k\u1ebft h\u1ee3p th\u1ee7 c\u00f4ng n\u00ean tinh b\u1ed9t dong ri\u1ec1ng \u0111\u1ecf v\u00e0 n\u01b0\u1edbc khoai s\u00e2m \u0111\u01b0\u1ee3c ch\u1ebf bi\u1ebfn th\u00e0nh nh\u1eefng s\u1ee3i mi\u1ebfn \u0111ao s\u00e2m th\u01a1m ngon, b\u1ed5 d\u01b0\u1ee1ng. Kh\u00f4ng gi\u1ed1ng nh\u01b0 m\u00ec g\u00f3i, \u0111\u01b0\u1ee3c chi\u00ean qua d\u1ea7u n\u00f3ng l\u00e0m m\u1ea5t h\u1ebft ch\u1ea5t dinh d\u01b0\u1ee1ng, mi\u1ebfn \u0111\u01b0\u1ee3c ph\u01a1i kh\u00f4 m\u00e0 kh\u00f4ng b\u1ecb n\u00e1t, v\u1eabn gi\u1eef nguy\u00ean \u0111\u01b0\u1ee3c c\u00e1c ch\u1ea5t dinh d\u01b0\u1ee1ng c\u00f3 trong c\u1ee7 dong v\u00e0 c\u1ee7 khoai s\u00e2m; v\u00ec s\u1ea3n xu\u1ea5t t\u1eeb tinh b\u1ed9t n\u00ean mi\u1ebfn \u0111ao s\u00e2m ch\u1ee9a m\u1ed9t l\u01b0\u1ee3ng l\u1edbn protein v\u00e0 tinh ch\u1ea5t s\u00e2m cho c\u01a1 th\u1ec3; l\u00e0 th\u1ef1c ph\u1ea9m th\u00edch h\u1ee3p cho ng\u01b0\u1eddi ti\u1ec3u \u0111\u01b0\u1eddng do ch\u1ee9a \u00edt \u0111\u01b0\u1eddng tinh b\u1ed9t, kh\u00f4ng cholesterol, nhi\u1ec1u ch\u1ea5t x\u01a1, t\u1ed1t cho ng\u01b0\u1eddi m\u1eafc b\u1ec7nh ti\u1ec3u \u0111\u01b0\u1eddng v\u00e0 ng\u01b0\u1eddi mu\u1ed1n gi\u1ea3m c\u00e2n.<\/strong><\/p>\n<p><strong>Quy tr\u00ecnh s\u1ea3n xu\u1ea5t: S\u1ea3n ph\u1ea9m \u0111\u01b0\u1ee3c s\u1ea3n xu\u1ea5t theo quy tr\u00ecnh \u0111\u1ea3m b\u1ea3o ATTP, \u0111\u01b0\u1ee3c S\u1edf C\u00f4ng th\u01b0\u01a1ng ki\u1ec3m tra v\u00e0 c\u1ea5p gi\u1ea5y ch\u1ee9ng nh\u1eadn c\u01a1 s\u1edf \u0111\u1ee7 \u0111i\u1ec1u ki\u1ec7n an to\u00e0n th\u1ef1c ph\u1ea9m s\u1ed1 44\/GCNATTP-SCT, ng\u00e0y 20\/8\/2018; Chi c\u1ee5c QLCL NLS v\u00e0 th\u1ee7y s\u1ea3n L\u00e0o Cai c\u1ea5p gi\u1ea5y ch\u1ee9ng nh\u1eadn s\u1ed1 50\/2017\/NNPTNT-LCa, ng\u00e0y 15\/12\/2017; v\u00e0 HTX \u0111\u00e3 th\u1ef1c hi\u1ec7n ph\u00e2n t\u00edch m\u1eabu mi\u1ebfn \u0111ao s\u00e2m t\u1ea1i Vi\u1ec7n Ki\u1ec3m nghi\u1ec7m ATTP Qu\u1ed1c gia v\u1edbi c\u00e1c ch\u1ec9 ti\u00eau an to\u00e0n th\u1ef1c ph\u1ea9m theo quy \u0111\u1ecbnh \u0111\u1ec1u \u0111\u1ea1t y\u00eau c\u1ea7u v\u00e0 \u0111\u00e3 t\u1ef1 c\u00f4ng b\u1ed1 h\u1ee3p quy s\u1ea3n ph\u1ea3m theo quy \u0111\u1ecbnh v\u1ec1 ATTP.<\/strong><\/p>","protected":false},"excerpt":{"rendered":"<p>\u00ean s\u1ea3n ph\u1ea9m: MI\u1ebeN \u0110AO S\u00c2M Nh\u00e0 s\u1ea3n xu\u1ea5t:\u00a0H\u1ee2P T\u00c1C X\u00c3 MINH PH\u00daC H\u1ea1n s\u1eed d\u1ee5ng: 12 th\u00e1ng k\u1ec3 t\u1eeb<\/p>","protected":false},"featured_media":2801,"comment_status":"open","ping_status":"closed","template":"","meta":{"_acf_changed":false},"product_cat":[316,22,313,310],"product_tag":[],"class_list":{"0":"post-2811","1":"product","2":"type-product","3":"status-publish","4":"has-post-thumbnail","6":"product_cat-che-bien-tu-rau-cu-qua-hat","7":"product_cat-sanphamthucpham","8":"product_cat-thuc-pham-che-bien","9":"product_cat-thuc-pham-tho-so-che","11":"first","12":"instock","13":"shipping-taxable","14":"product-type-simple"},"acf":[],"_links":{"self":[{"href":"https:\/\/b2c.fairs.vn\/en\/wp-json\/wp\/v2\/product\/2811","targetHints":{"allow":["GET"]}}],"collection":[{"href":"https:\/\/b2c.fairs.vn\/en\/wp-json\/wp\/v2\/product"}],"about":[{"href":"https:\/\/b2c.fairs.vn\/en\/wp-json\/wp\/v2\/types\/product"}],"replies":[{"embeddable":true,"href":"https:\/\/b2c.fairs.vn\/en\/wp-json\/wp\/v2\/comments?post=2811"}],"version-history":[{"count":0,"href":"https:\/\/b2c.fairs.vn\/en\/wp-json\/wp\/v2\/product\/2811\/revisions"}],"wp:featuredmedia":[{"embeddable":true,"href":"https:\/\/b2c.fairs.vn\/en\/wp-json\/wp\/v2\/media\/2801"}],"wp:attachment":[{"href":"https:\/\/b2c.fairs.vn\/en\/wp-json\/wp\/v2\/media?parent=2811"}],"wp:term":[{"taxonomy":"product_cat","embeddable":true,"href":"https:\/\/b2c.fairs.vn\/en\/wp-json\/wp\/v2\/product_cat?post=2811"},{"taxonomy":"product_tag","embeddable":true,"href":"https:\/\/b2c.fairs.vn\/en\/wp-json\/wp\/v2\/product_tag?post=2811"}],"curies":[{"name":"wp","href":"https:\/\/api.w.org\/{rel}","templated":true}]}}