{"id":2809,"date":"2024-03-19T07:49:56","date_gmt":"2024-03-19T07:49:56","guid":{"rendered":"https:\/\/b2c.fairs.vn\/?post_type=product&#038;p=2809"},"modified":"2024-03-19T07:49:57","modified_gmt":"2024-03-19T07:49:57","slug":"ruou-sam-tien-vua","status":"publish","type":"product","link":"https:\/\/b2c.fairs.vn\/en\/product\/ruou-sam-tien-vua\/","title":{"rendered":"R\u01b0\u1ee3u s\u00e2m ti\u1ebfn vua"},"content":{"rendered":"<p><strong>Nguy\u00ean li\u1ec7u: C\u1ee7 S\u00e2m H\u00e0n Qu\u1ed1c, r\u01b0\u1ee3u S\u00e9ng C\u00f9, t\u00e1o \u0111\u1ecf, k\u1ef7 t\u1eed, n\u1ee5 hoa tam th\u1ea5t.<\/strong><\/p>\n<p>&nbsp;<\/p>\n<p>\u0110\u00f3ng g\u00f3i: h\u1ed9p gi\u1ea5y sang tr\u1ecdng c\u00f3 d\u00e2y x\u00e1ch.<\/p>","protected":false},"excerpt":{"rendered":"<p>Nguy\u00ean li\u1ec7u: C\u1ee7 S\u00e2m H\u00e0n Qu\u1ed1c, r\u01b0\u1ee3u S\u00e9ng C\u00f9, t\u00e1o \u0111\u1ecf, k\u1ef7 t\u1eed, n\u1ee5 hoa tam th\u1ea5t. &nbsp; \u0110\u00f3ng g\u00f3i:<\/p>","protected":false},"featured_media":2805,"comment_status":"open","ping_status":"closed","template":"","meta":{"_acf_changed":false},"product_cat":[325,326],"product_tag":[],"class_list":{"0":"post-2809","1":"product","2":"type-product","3":"status-publish","4":"has-post-thumbnail","6":"product_cat-san-pham-do-uong","7":"product_cat-do-uong-co-con","9":"first","10":"instock","11":"shipping-taxable","12":"product-type-simple"},"acf":[],"_links":{"self":[{"href":"https:\/\/b2c.fairs.vn\/en\/wp-json\/wp\/v2\/product\/2809","targetHints":{"allow":["GET"]}}],"collection":[{"href":"https:\/\/b2c.fairs.vn\/en\/wp-json\/wp\/v2\/product"}],"about":[{"href":"https:\/\/b2c.fairs.vn\/en\/wp-json\/wp\/v2\/types\/product"}],"replies":[{"embeddable":true,"href":"https:\/\/b2c.fairs.vn\/en\/wp-json\/wp\/v2\/comments?post=2809"}],"version-history":[{"count":0,"href":"https:\/\/b2c.fairs.vn\/en\/wp-json\/wp\/v2\/product\/2809\/revisions"}],"wp:featuredmedia":[{"embeddable":true,"href":"https:\/\/b2c.fairs.vn\/en\/wp-json\/wp\/v2\/media\/2805"}],"wp:attachment":[{"href":"https:\/\/b2c.fairs.vn\/en\/wp-json\/wp\/v2\/media?parent=2809"}],"wp:term":[{"taxonomy":"product_cat","embeddable":true,"href":"https:\/\/b2c.fairs.vn\/en\/wp-json\/wp\/v2\/product_cat?post=2809"},{"taxonomy":"product_tag","embeddable":true,"href":"https:\/\/b2c.fairs.vn\/en\/wp-json\/wp\/v2\/product_tag?post=2809"}],"curies":[{"name":"wp","href":"https:\/\/api.w.org\/{rel}","templated":true}]}}