{"id":2793,"date":"2024-03-19T07:48:57","date_gmt":"2024-03-19T07:48:57","guid":{"rendered":"https:\/\/b2c.fairs.vn\/?post_type=product&#038;p=2793"},"modified":"2024-03-19T07:48:58","modified_gmt":"2024-03-19T07:48:58","slug":"ruou-phuc-bon-tu-tay-bac","status":"publish","type":"product","link":"https:\/\/b2c.fairs.vn\/en\/product\/ruou-phuc-bon-tu-tay-bac\/","title":{"rendered":"R\u01b0\u1ee3u ph\u00fac b\u1ed3n t\u1eed T\u00e2y B\u1eafc"},"content":{"rendered":"<p>(\u0110\u1eb7c s\u1ea3n Y T\u00dd)<\/p>\n<p>Dung t\u00edch: 500ml<\/p>\n<p>\u0110\u00f3ng g\u00f3i: L\u1ecbch s\u1ef1 sang tr\u1ecdng.<\/p>","protected":false},"excerpt":{"rendered":"<p>(\u0110\u1eb7c s\u1ea3n Y T\u00dd) Dung t\u00edch: 500ml \u0110\u00f3ng g\u00f3i: L\u1ecbch s\u1ef1 sang tr\u1ecdng.<\/p>","protected":false},"featured_media":2804,"comment_status":"open","ping_status":"closed","template":"","meta":{"_acf_changed":false},"product_cat":[325,326],"product_tag":[],"class_list":{"0":"post-2793","1":"product","2":"type-product","3":"status-publish","4":"has-post-thumbnail","6":"product_cat-san-pham-do-uong","7":"product_cat-do-uong-co-con","9":"first","10":"instock","11":"shipping-taxable","12":"product-type-simple"},"acf":[],"_links":{"self":[{"href":"https:\/\/b2c.fairs.vn\/en\/wp-json\/wp\/v2\/product\/2793","targetHints":{"allow":["GET"]}}],"collection":[{"href":"https:\/\/b2c.fairs.vn\/en\/wp-json\/wp\/v2\/product"}],"about":[{"href":"https:\/\/b2c.fairs.vn\/en\/wp-json\/wp\/v2\/types\/product"}],"replies":[{"embeddable":true,"href":"https:\/\/b2c.fairs.vn\/en\/wp-json\/wp\/v2\/comments?post=2793"}],"version-history":[{"count":0,"href":"https:\/\/b2c.fairs.vn\/en\/wp-json\/wp\/v2\/product\/2793\/revisions"}],"wp:featuredmedia":[{"embeddable":true,"href":"https:\/\/b2c.fairs.vn\/en\/wp-json\/wp\/v2\/media\/2804"}],"wp:attachment":[{"href":"https:\/\/b2c.fairs.vn\/en\/wp-json\/wp\/v2\/media?parent=2793"}],"wp:term":[{"taxonomy":"product_cat","embeddable":true,"href":"https:\/\/b2c.fairs.vn\/en\/wp-json\/wp\/v2\/product_cat?post=2793"},{"taxonomy":"product_tag","embeddable":true,"href":"https:\/\/b2c.fairs.vn\/en\/wp-json\/wp\/v2\/product_tag?post=2793"}],"curies":[{"name":"wp","href":"https:\/\/api.w.org\/{rel}","templated":true}]}}