{"id":2788,"date":"2024-03-19T07:43:51","date_gmt":"2024-03-19T07:43:51","guid":{"rendered":"https:\/\/b2c.fairs.vn\/?post_type=product&#038;p=2788"},"modified":"2024-04-04T15:39:03","modified_gmt":"2024-04-04T08:39:03","slug":"tuong-ot-muong-khuong","status":"publish","type":"product","link":"https:\/\/b2c.fairs.vn\/en\/product\/tuong-ot-muong-khuong\/","title":{"rendered":"T\u01b0\u01a1ng \u1edbt M\u01b0\u1eddng Kh\u01b0\u01a1ng"},"content":{"rendered":"<p>T\u00ean s\u1ea3n ph\u1ea9m:\u00a0<strong>T\u01b0\u01a1ng \u1edbt M\u01b0\u1eddng Kh\u01b0\u01a1ng<\/strong><\/p>\n<p>Nh\u00e0 s\u1ea3n xu\u1ea5t: H\u1ee3p t\u00e1c x\u00e3 Hoa L\u1ee3i<\/p>\n<p>Gi\u00e1 tham kh\u1ea3o: Li\u00ean h\u1ec7<\/p>\n<p>\u0110\u1ecba ch\u1ec9:\u00a0<strong>X\u00e3 V\u1ea1n H\u00f2a &#8211; TP L\u00e0o Cai, t\u1ec9nh L\u00e0o Cai, Vi\u1ec7t Nam<\/strong><\/p>\n<p>H\u1ea1n s\u1eed d\u1ee5ng: 1 n\u0103m k\u1ec3 t\u1eeb ng\u00e0y s\u1ea3n xu\u1ea5t<\/p>\n<p>Lo\u1ea1i s\u1ea3n ph\u1ea9m: s\u1ea3n ph\u1ea9m kh\u00e1c<\/p>\n<p>S\u1ea3n l\u01b0\u1ee3ng d\u1ef1 t\u00ednh: 200 T\u1ea5n\/N\u0103m<\/p>\n<p>Qui c\u00e1ch \u0111\u00f3ng g\u00f3i: chai 200ml\/ 250ml\/500ml<\/p>\n<p>\u0110\u01a1n v\u1ecb ki\u1ec3m tra: Chi c\u1ee5c qu\u1ea3n l\u00fd ch\u1ea5t l\u01b0\u1ee3ng n\u00f4ng l\u00e2m s\u1ea3n v\u00e0 th\u1ee7y s\u1ea3n L\u00e0o Cai<\/p>\n<p><strong>Ch\u1ee9c n\u0103ng \/ c\u00f4ng d\u1ee5ng s\u1ea3n ph\u1ea9m<\/strong>: T\u01b0\u01a1ng \u1edbt cay M\u01b0\u1eddng Kh\u01b0\u01a1ng \u0111\u01b0\u1ee3c ch\u1ebf bi\u1ebfn 100% t\u1eeb qu\u1ea3 \u1edbt dduwwocj tr\u1ed3ng t\u1ef1 nhi\u00ean tr\u00ean c\u00e1c s\u01b0\u1eddn n\u00fai cao c\u1ee7a M\u01b0\u1eddng Kh\u01b0\u01a1ng. Do \u0111i\u1ec1u ki\u1ec7n t\u1ef1 nhi\u00ean v\u00e0 qu\u1ea3 \u1edbt n\u01a1i \u0111\u00e2y c\u00f3 v\u1ecb cay \u0111\u1eadm \u0111\u00e0 v\u00e0 h\u01b0\u01a1ng th\u01a1m \u0111\u1eb7c bi\u1ec7t m\u00e0 kh\u00f4ng n\u01a1i n\u00e0o c\u00f3 \u0111\u01b0\u1ee3c<\/p>\n<p><strong>C\u00e1ch b\u1ea3o qu\u1ea3n:<\/strong>\u00a0\u0110\u1ec3 n\u01a1i tho\u00e1n m\u00e1t, \u0111\u1ec3 trong t\u1ee7 l\u1ea1nh l\u00e0 t\u1ed1t nh\u1ea5t, l\u1eafc \u0111\u1ec1u tr\u01b0\u1edbc khi d\u00f9ng<\/p>","protected":false},"excerpt":{"rendered":"<p>T\u00ean s\u1ea3n ph\u1ea9m:\u00a0T\u01b0\u01a1ng \u1edbt M\u01b0\u1eddng Kh\u01b0\u01a1ng Nh\u00e0 s\u1ea3n xu\u1ea5t: H\u1ee3p t\u00e1c x\u00e3 Hoa L\u1ee3i Gi\u00e1 tham kh\u1ea3o: Li\u00ean h\u1ec7 \u0110\u1ecba<\/p>","protected":false},"featured_media":2790,"comment_status":"open","ping_status":"closed","template":"","meta":{"_acf_changed":false},"product_cat":[318,366,398,22,319],"product_tag":[],"class_list":{"0":"post-2788","1":"product","2":"type-product","3":"status-publish","4":"has-post-thumbnail","6":"product_cat-gia-vi","7":"product_cat-hang-cnnt-cap-qg","8":"product_cat-san-pham-cnnt-tb-cap-qg-2021","9":"product_cat-sanphamthucpham","10":"product_cat-tuong-nuoc-mam-gia-vi-dang-long-khac","12":"first","13":"instock","14":"featured","15":"shipping-taxable","16":"product-type-simple"},"acf":[],"_links":{"self":[{"href":"https:\/\/b2c.fairs.vn\/en\/wp-json\/wp\/v2\/product\/2788","targetHints":{"allow":["GET"]}}],"collection":[{"href":"https:\/\/b2c.fairs.vn\/en\/wp-json\/wp\/v2\/product"}],"about":[{"href":"https:\/\/b2c.fairs.vn\/en\/wp-json\/wp\/v2\/types\/product"}],"replies":[{"embeddable":true,"href":"https:\/\/b2c.fairs.vn\/en\/wp-json\/wp\/v2\/comments?post=2788"}],"version-history":[{"count":0,"href":"https:\/\/b2c.fairs.vn\/en\/wp-json\/wp\/v2\/product\/2788\/revisions"}],"wp:featuredmedia":[{"embeddable":true,"href":"https:\/\/b2c.fairs.vn\/en\/wp-json\/wp\/v2\/media\/2790"}],"wp:attachment":[{"href":"https:\/\/b2c.fairs.vn\/en\/wp-json\/wp\/v2\/media?parent=2788"}],"wp:term":[{"taxonomy":"product_cat","embeddable":true,"href":"https:\/\/b2c.fairs.vn\/en\/wp-json\/wp\/v2\/product_cat?post=2788"},{"taxonomy":"product_tag","embeddable":true,"href":"https:\/\/b2c.fairs.vn\/en\/wp-json\/wp\/v2\/product_tag?post=2788"}],"curies":[{"name":"wp","href":"https:\/\/api.w.org\/{rel}","templated":true}]}}