{"id":2784,"date":"2024-03-19T07:39:12","date_gmt":"2024-03-19T07:39:12","guid":{"rendered":"https:\/\/b2c.fairs.vn\/?post_type=product&#038;p=2784"},"modified":"2024-03-19T07:39:12","modified_gmt":"2024-03-19T07:39:12","slug":"tinh-bot-nghe-nep-do","status":"publish","type":"product","link":"https:\/\/b2c.fairs.vn\/en\/product\/tinh-bot-nghe-nep-do\/","title":{"rendered":"Tinh b\u1ed9t ngh\u1ec7 n\u1ebfp \u0111\u1ecf"},"content":{"rendered":"<p><strong>TH\u00c0NH PH\u1ea6N:<\/strong><\/p>\n<p>100% tinh b\u1ed9t ngh\u1ec7 \u0111\u1ecf n\u1ebfp nguy\u00ean ch\u1ea5t<\/p>\n<p>&nbsp;<\/p>\n<p><strong>H\u01af\u1edaNG D\u1eaaN S\u1eec D\u1ee4NG:<\/strong><\/p>\n<p>D\u00f9ng l\u00e0m gia v\u1ecb ch\u1ebf bi\u1ebfn c\u00e1c m\u00f3n \u0103n ho\u1eb7c pha n\u01b0\u1edbc u\u1ed1ng tr\u1ef1c ti\u1ebfp<\/p>\n<p>&nbsp;<\/p>\n<p><strong>B\u1ea2O QU\u1ea2N:<\/strong><\/p>\n<p>\u0110\u1ec3 n\u01a1i tho\u00e1ng m\u00e1t tr\u00e1nh \u00e1nh m\u1eb7t tr\u1eddi tr\u1ef1c ti\u1ebfp<\/p>","protected":false},"excerpt":{"rendered":"<p>TH\u00c0NH PH\u1ea6N: 100% tinh b\u1ed9t ngh\u1ec7 \u0111\u1ecf n\u1ebfp nguy\u00ean ch\u1ea5t &nbsp; H\u01af\u1edaNG D\u1eaaN S\u1eec D\u1ee4NG: D\u00f9ng l\u00e0m gia v\u1ecb ch\u1ebf<\/p>","protected":false},"featured_media":2774,"comment_status":"open","ping_status":"closed","template":"","meta":{"_acf_changed":false},"product_cat":[332],"product_tag":[],"class_list":{"0":"post-2784","1":"product","2":"type-product","3":"status-publish","4":"has-post-thumbnail","6":"product_cat-san-pham-duoc-lieu-va-san-pham-tu-duoc-lieu","8":"first","9":"instock","10":"shipping-taxable","11":"product-type-simple"},"acf":[],"_links":{"self":[{"href":"https:\/\/b2c.fairs.vn\/en\/wp-json\/wp\/v2\/product\/2784","targetHints":{"allow":["GET"]}}],"collection":[{"href":"https:\/\/b2c.fairs.vn\/en\/wp-json\/wp\/v2\/product"}],"about":[{"href":"https:\/\/b2c.fairs.vn\/en\/wp-json\/wp\/v2\/types\/product"}],"replies":[{"embeddable":true,"href":"https:\/\/b2c.fairs.vn\/en\/wp-json\/wp\/v2\/comments?post=2784"}],"version-history":[{"count":0,"href":"https:\/\/b2c.fairs.vn\/en\/wp-json\/wp\/v2\/product\/2784\/revisions"}],"wp:featuredmedia":[{"embeddable":true,"href":"https:\/\/b2c.fairs.vn\/en\/wp-json\/wp\/v2\/media\/2774"}],"wp:attachment":[{"href":"https:\/\/b2c.fairs.vn\/en\/wp-json\/wp\/v2\/media?parent=2784"}],"wp:term":[{"taxonomy":"product_cat","embeddable":true,"href":"https:\/\/b2c.fairs.vn\/en\/wp-json\/wp\/v2\/product_cat?post=2784"},{"taxonomy":"product_tag","embeddable":true,"href":"https:\/\/b2c.fairs.vn\/en\/wp-json\/wp\/v2\/product_tag?post=2784"}],"curies":[{"name":"wp","href":"https:\/\/api.w.org\/{rel}","templated":true}]}}