{"id":2782,"date":"2024-03-19T07:38:18","date_gmt":"2024-03-19T07:38:18","guid":{"rendered":"https:\/\/b2c.fairs.vn\/?post_type=product&#038;p=2782"},"modified":"2024-03-19T07:38:18","modified_gmt":"2024-03-19T07:38:18","slug":"tinh-bot-nghe-vien-mat-ong","status":"publish","type":"product","link":"https:\/\/b2c.fairs.vn\/en\/product\/tinh-bot-nghe-vien-mat-ong\/","title":{"rendered":"Tinh b\u1ed9t ngh\u1ec7 vi\u00ean m\u1eadt ong"},"content":{"rendered":"<p><strong>TH\u00c0NH PH\u1ea6N:<\/strong><\/p>\n<p>Tinh b\u1ed9t ngh\u1ec7 \u0111\u1ecf n\u1ebfp nguy\u00ean ch\u1ea5t, m\u1eadt ong hoa r\u1eebng<\/p>\n<p>&nbsp;<\/p>\n<p><strong>H\u01af\u1edaNG D\u1eaaN S\u1eec D\u1ee4NG:<\/strong><\/p>\n<p>D\u00f9ng l\u00e0m \u0103n ngay, 20 vi\u00ean\/ng\u00e0y\/chia 2 l\u1ea7n<\/p>\n<p>&nbsp;<\/p>\n<p><strong>B\u1ea2O QU\u1ea2N:<\/strong><\/p>\n<p>\u0110\u1ec3 n\u01a1i tho\u00e1ng m\u00e1t tr\u00e1nh \u00e1nh m\u1eb7t tr\u1eddi tr\u1ef1c ti\u1ebfp<\/p>","protected":false},"excerpt":{"rendered":"<p>TH\u00c0NH PH\u1ea6N: Tinh b\u1ed9t ngh\u1ec7 \u0111\u1ecf n\u1ebfp nguy\u00ean ch\u1ea5t, m\u1eadt ong hoa r\u1eebng &nbsp; H\u01af\u1edaNG D\u1eaaN S\u1eec D\u1ee4NG: D\u00f9ng l\u00e0m<\/p>","protected":false},"featured_media":2773,"comment_status":"open","ping_status":"closed","template":"","meta":{"_acf_changed":false},"product_cat":[332],"product_tag":[],"class_list":{"0":"post-2782","1":"product","2":"type-product","3":"status-publish","4":"has-post-thumbnail","6":"product_cat-san-pham-duoc-lieu-va-san-pham-tu-duoc-lieu","8":"first","9":"instock","10":"shipping-taxable","11":"product-type-simple"},"acf":[],"_links":{"self":[{"href":"https:\/\/b2c.fairs.vn\/en\/wp-json\/wp\/v2\/product\/2782","targetHints":{"allow":["GET"]}}],"collection":[{"href":"https:\/\/b2c.fairs.vn\/en\/wp-json\/wp\/v2\/product"}],"about":[{"href":"https:\/\/b2c.fairs.vn\/en\/wp-json\/wp\/v2\/types\/product"}],"replies":[{"embeddable":true,"href":"https:\/\/b2c.fairs.vn\/en\/wp-json\/wp\/v2\/comments?post=2782"}],"version-history":[{"count":0,"href":"https:\/\/b2c.fairs.vn\/en\/wp-json\/wp\/v2\/product\/2782\/revisions"}],"wp:featuredmedia":[{"embeddable":true,"href":"https:\/\/b2c.fairs.vn\/en\/wp-json\/wp\/v2\/media\/2773"}],"wp:attachment":[{"href":"https:\/\/b2c.fairs.vn\/en\/wp-json\/wp\/v2\/media?parent=2782"}],"wp:term":[{"taxonomy":"product_cat","embeddable":true,"href":"https:\/\/b2c.fairs.vn\/en\/wp-json\/wp\/v2\/product_cat?post=2782"},{"taxonomy":"product_tag","embeddable":true,"href":"https:\/\/b2c.fairs.vn\/en\/wp-json\/wp\/v2\/product_tag?post=2782"}],"curies":[{"name":"wp","href":"https:\/\/api.w.org\/{rel}","templated":true}]}}