{"id":2780,"date":"2024-03-19T07:37:14","date_gmt":"2024-03-19T07:37:14","guid":{"rendered":"https:\/\/b2c.fairs.vn\/?post_type=product&#038;p=2780"},"modified":"2024-03-19T07:37:15","modified_gmt":"2024-03-19T07:37:15","slug":"tra-tui-loc-ca-gai-leo","status":"publish","type":"product","link":"https:\/\/b2c.fairs.vn\/en\/product\/tra-tui-loc-ca-gai-leo\/","title":{"rendered":"Tr\u00e0 t\u00fai l\u1ecdc C\u00e0 Gai leo"},"content":{"rendered":"<p><strong>Th\u00e0nh ph\u1ea7n<\/strong>: C\u00e0 gai leo, l\u1ea1c ti\u00ean li\u00ean t\u00e2m, th\u1ea3o quy\u1ebft minh, c\u00fac hoa, h\u00f2e hoa, cam th\u1ea3o.<\/p>\n<p><strong>C\u00f4ng d\u1ee5ng:\u00a0<\/strong>thanh nhi\u1ec7t, m\u00e1t gan, h\u1ea1 men gan, gi\u1ea3i \u0111\u1ed9c gan<\/p>\n<p><strong>H\u01b0\u1edbng d\u1eabn s\u1eed d\u1ee5ng:\u00a0<\/strong>Pha v\u1edbi n\u01b0\u1edbc \u0111un s\u00f4i t\u1eeb 3 \u0111\u1ebfn 5 ph\u00fat. U\u1ed1ng th\u01b0\u1edfng th\u1ee9c<\/p>\n<p>H\u1ee3p t\u00e1c x\u00e3 n\u00f4ng s\u1ea3n d\u01b0\u1ee3c li\u1ec7u M\u1ea1nh H\u01b0\u01a1ng<\/p>","protected":false},"excerpt":{"rendered":"<p>Th\u00e0nh ph\u1ea7n: C\u00e0 gai leo, l\u1ea1c ti\u00ean li\u00ean t\u00e2m, th\u1ea3o quy\u1ebft minh, c\u00fac hoa, h\u00f2e hoa, cam th\u1ea3o. C\u00f4ng d\u1ee5ng:\u00a0thanh<\/p>","protected":false},"featured_media":2778,"comment_status":"open","ping_status":"closed","template":"","meta":{"_acf_changed":false},"product_cat":[321,332,22],"product_tag":[],"class_list":{"0":"post-2780","1":"product","2":"type-product","3":"status-publish","4":"has-post-thumbnail","6":"product_cat-che","7":"product_cat-san-pham-duoc-lieu-va-san-pham-tu-duoc-lieu","8":"product_cat-sanphamthucpham","10":"first","11":"instock","12":"shipping-taxable","13":"product-type-simple"},"acf":[],"_links":{"self":[{"href":"https:\/\/b2c.fairs.vn\/en\/wp-json\/wp\/v2\/product\/2780","targetHints":{"allow":["GET"]}}],"collection":[{"href":"https:\/\/b2c.fairs.vn\/en\/wp-json\/wp\/v2\/product"}],"about":[{"href":"https:\/\/b2c.fairs.vn\/en\/wp-json\/wp\/v2\/types\/product"}],"replies":[{"embeddable":true,"href":"https:\/\/b2c.fairs.vn\/en\/wp-json\/wp\/v2\/comments?post=2780"}],"version-history":[{"count":0,"href":"https:\/\/b2c.fairs.vn\/en\/wp-json\/wp\/v2\/product\/2780\/revisions"}],"wp:featuredmedia":[{"embeddable":true,"href":"https:\/\/b2c.fairs.vn\/en\/wp-json\/wp\/v2\/media\/2778"}],"wp:attachment":[{"href":"https:\/\/b2c.fairs.vn\/en\/wp-json\/wp\/v2\/media?parent=2780"}],"wp:term":[{"taxonomy":"product_cat","embeddable":true,"href":"https:\/\/b2c.fairs.vn\/en\/wp-json\/wp\/v2\/product_cat?post=2780"},{"taxonomy":"product_tag","embeddable":true,"href":"https:\/\/b2c.fairs.vn\/en\/wp-json\/wp\/v2\/product_tag?post=2780"}],"curies":[{"name":"wp","href":"https:\/\/api.w.org\/{rel}","templated":true}]}}