{"id":2758,"date":"2024-03-19T07:25:27","date_gmt":"2024-03-19T07:25:27","guid":{"rendered":"https:\/\/b2c.fairs.vn\/?post_type=product&#038;p=2758"},"modified":"2024-03-19T07:25:27","modified_gmt":"2024-03-19T07:25:27","slug":"cap-qua-brandy-plum-va-ruou-mo-ma-dao","status":"publish","type":"product","link":"https:\/\/b2c.fairs.vn\/en\/product\/cap-qua-brandy-plum-va-ruou-mo-ma-dao\/","title":{"rendered":"C\u1eb7p qu\u00e0: Brandy plum v\u00e0 r\u01b0\u1ee3u m\u01a1 m\u00e1 \u0111\u00e0o"},"content":{"rendered":"<p>C\u1eb7p qu\u00e0: Brandy plum (30 \u0111\u1ed9) v\u00e0 r\u01b0\u1ee3u m\u01a1 m\u00e1 \u0111\u00e0o (14 \u0111\u1ed9)<\/p>","protected":false},"excerpt":{"rendered":"<p>C\u1eb7p qu\u00e0: Brandy plum (30 \u0111\u1ed9) v\u00e0 r\u01b0\u1ee3u m\u01a1 m\u00e1 \u0111\u00e0o (14 \u0111\u1ed9)<\/p>","protected":false},"featured_media":2730,"comment_status":"open","ping_status":"closed","template":"","meta":{"_acf_changed":false},"product_cat":[325,326,328],"product_tag":[],"class_list":{"0":"post-2758","1":"product","2":"type-product","3":"status-publish","4":"has-post-thumbnail","6":"product_cat-san-pham-do-uong","7":"product_cat-do-uong-co-con","8":"product_cat-do-uong-co-con-khac","10":"first","11":"instock","12":"shipping-taxable","13":"product-type-simple"},"acf":[],"_links":{"self":[{"href":"https:\/\/b2c.fairs.vn\/en\/wp-json\/wp\/v2\/product\/2758","targetHints":{"allow":["GET"]}}],"collection":[{"href":"https:\/\/b2c.fairs.vn\/en\/wp-json\/wp\/v2\/product"}],"about":[{"href":"https:\/\/b2c.fairs.vn\/en\/wp-json\/wp\/v2\/types\/product"}],"replies":[{"embeddable":true,"href":"https:\/\/b2c.fairs.vn\/en\/wp-json\/wp\/v2\/comments?post=2758"}],"version-history":[{"count":0,"href":"https:\/\/b2c.fairs.vn\/en\/wp-json\/wp\/v2\/product\/2758\/revisions"}],"wp:featuredmedia":[{"embeddable":true,"href":"https:\/\/b2c.fairs.vn\/en\/wp-json\/wp\/v2\/media\/2730"}],"wp:attachment":[{"href":"https:\/\/b2c.fairs.vn\/en\/wp-json\/wp\/v2\/media?parent=2758"}],"wp:term":[{"taxonomy":"product_cat","embeddable":true,"href":"https:\/\/b2c.fairs.vn\/en\/wp-json\/wp\/v2\/product_cat?post=2758"},{"taxonomy":"product_tag","embeddable":true,"href":"https:\/\/b2c.fairs.vn\/en\/wp-json\/wp\/v2\/product_tag?post=2758"}],"curies":[{"name":"wp","href":"https:\/\/api.w.org\/{rel}","templated":true}]}}