{"id":2755,"date":"2024-03-19T07:25:01","date_gmt":"2024-03-19T07:25:01","guid":{"rendered":"https:\/\/b2c.fairs.vn\/?post_type=product&#038;p=2755"},"modified":"2024-03-19T07:25:01","modified_gmt":"2024-03-19T07:25:01","slug":"mo-ngam-dong-hop","status":"publish","type":"product","link":"https:\/\/b2c.fairs.vn\/en\/product\/mo-ngam-dong-hop\/","title":{"rendered":"M\u01a1 ng\u00e2m \u0111\u00f3ng h\u1ed9p"},"content":{"rendered":"<p>100% Tr\u00e1i c\u00e2y t\u01b0\u01a1i ngon<\/p>\n<p>&nbsp;<\/p>\n<p><strong>3 KH\u00d4NG :<\/strong><\/p>\n<ul>\n<li>Kh\u00f4ng \u0111\u01b0\u1eddng h\u00f3a h\u1ecdc<\/li>\n<li>Kh\u00f4ng ch\u1ea5t b\u1ea3o qu\u1ea3n<\/li>\n<li>Kh\u00f4ng m\u00e0u nh\u00e2n t\u1ea1o<\/li>\n<\/ul>\n<p>&nbsp;<\/p>\n<p><strong>Ch\u00ednh s\u00e1ch ch\u1ea5t l\u01b0\u1ee3ng c\u1ee7a ch\u00fang t\u00f4i:<\/strong><\/p>\n<ul>\n<li>\u0110\u00e1p \u1ee9ng c\u00e1c y\u00eau c\u1ea7u c\u1ee7a kh\u00e1ch h\u00e0ng;<\/li>\n<li>Lu\u00f4n s\u1ea3n xu\u1ea5t v\u00e0 cung c\u1ea5p c\u00e1c s\u1ea3n ph\u1ea9m ch\u1ea5t l\u01b0\u1ee3ng, an to\u00e0n, tu\u00e2n th\u1ee7 theo t\u1ea5t c\u1ea3 lu\u1eadt ph\u00e1p v\u00e0 quy \u0111\u1ecbnh hi\u1ec7n h\u00e0nh;<\/li>\n<li>\u0110\u00e0o t\u1ea1o v\u00e0 n\u00e2ng cao ki\u1ebfn th\u1ee9c c\u0169ng nh\u01b0 k\u1ef9 n\u0103ng c\u1ee7a t\u1ea5t c\u1ea3 nh\u00e2n vi\u00ean \u0111\u1ec3 ph\u00f9 h\u1ee3p v\u1edbi to\u00e0n b\u1ed9 quy tr\u00ecnh ho\u1ea1t \u0111\u1ed9ng c\u1ee7a c\u00f4ng ty;<\/li>\n<li>Li\u00ean t\u1ee5c c\u1ea3i ti\u1ebfn qu\u1ea3n l\u00fd ch\u1ea5t l\u01b0\u1ee3ng v\u00e0 h\u1ec7 th\u1ed1ng an to\u00e0n th\u1ef1c ph\u1ea9m, \u0111\u1ea3m b\u1ea3o hi\u1ec7u qu\u1ea3 ho\u1ea1t \u0111\u1ed9ng c\u1ee7a c\u00e1c h\u1ec7 th\u1ed1ng.<\/li>\n<\/ul>","protected":false},"excerpt":{"rendered":"<p>100% Tr\u00e1i c\u00e2y t\u01b0\u01a1i ngon &nbsp; 3 KH\u00d4NG : Kh\u00f4ng \u0111\u01b0\u1eddng h\u00f3a h\u1ecdc Kh\u00f4ng ch\u1ea5t b\u1ea3o qu\u1ea3n Kh\u00f4ng m\u00e0u nh\u00e2n<\/p>","protected":false},"featured_media":2688,"comment_status":"open","ping_status":"closed","template":"","meta":{"_acf_changed":false},"product_cat":[22],"product_tag":[],"class_list":{"0":"post-2755","1":"product","2":"type-product","3":"status-publish","4":"has-post-thumbnail","6":"product_cat-sanphamthucpham","8":"first","9":"instock","10":"shipping-taxable","11":"product-type-simple"},"acf":[],"_links":{"self":[{"href":"https:\/\/b2c.fairs.vn\/en\/wp-json\/wp\/v2\/product\/2755","targetHints":{"allow":["GET"]}}],"collection":[{"href":"https:\/\/b2c.fairs.vn\/en\/wp-json\/wp\/v2\/product"}],"about":[{"href":"https:\/\/b2c.fairs.vn\/en\/wp-json\/wp\/v2\/types\/product"}],"replies":[{"embeddable":true,"href":"https:\/\/b2c.fairs.vn\/en\/wp-json\/wp\/v2\/comments?post=2755"}],"version-history":[{"count":0,"href":"https:\/\/b2c.fairs.vn\/en\/wp-json\/wp\/v2\/product\/2755\/revisions"}],"wp:featuredmedia":[{"embeddable":true,"href":"https:\/\/b2c.fairs.vn\/en\/wp-json\/wp\/v2\/media\/2688"}],"wp:attachment":[{"href":"https:\/\/b2c.fairs.vn\/en\/wp-json\/wp\/v2\/media?parent=2755"}],"wp:term":[{"taxonomy":"product_cat","embeddable":true,"href":"https:\/\/b2c.fairs.vn\/en\/wp-json\/wp\/v2\/product_cat?post=2755"},{"taxonomy":"product_tag","embeddable":true,"href":"https:\/\/b2c.fairs.vn\/en\/wp-json\/wp\/v2\/product_tag?post=2755"}],"curies":[{"name":"wp","href":"https:\/\/api.w.org\/{rel}","templated":true}]}}