{"id":2742,"date":"2024-03-19T07:21:21","date_gmt":"2024-03-19T07:21:21","guid":{"rendered":"https:\/\/b2c.fairs.vn\/?post_type=product&#038;p=2742"},"modified":"2024-03-19T07:22:13","modified_gmt":"2024-03-19T07:22:13","slug":"ruou-mo-ma-dao-sapawine","status":"publish","type":"product","link":"https:\/\/b2c.fairs.vn\/en\/product\/ruou-mo-ma-dao-sapawine\/","title":{"rendered":"R\u01b0\u1ee3u m\u01a1 M\u00e1 \u0110\u00e0o \u2013 Sapawine"},"content":{"rendered":"<p>R\u01b0\u1ee3u m\u01a1 m\u00e1 \u0111\u00e0o 14 \u0111\u1ed9 (l\u00ean men t\u1eeb qu\u1ea3 m\u01a1 th\u01a1m T\u00e2y B\u1eafc c\u00f9ng v\u1edbi \u0111\u01b0\u1eddng ph\u00e8n v\u00e0 r\u01b0\u1ee3u g\u1ea1o l\u1eadt. L\u00ean men t\u1ea1i lung ch\u1eebng \u0111\u00e8o \u00d4 Qu\u00fd H\u1ed3 Sapa \u2013 L\u00e0o Cai.<\/p>\n<p>Qu\u1ea3 m\u01a1 c\u1ee7a Vi\u1ec7t Nam \u0111\u01b0\u1ee3c tr\u1ed3ng t\u1ea1i v\u00f9ng n\u00fai T\u00e2y B\u1eafc r\u1ea5t th\u01a1m v\u00e0 thanh. M\u01a1 c\u1ee7a Vi\u1ec7t Nam r\u1ea5t nhi\u1ec1u dinh d\u01b0\u1ee1ng \u0111\u1eb7c bi\u1ec7t t\u1ed1t cho \u0111\u01b0\u1eddng ti\u00eau h\u00f3a.<br \/>\nR\u01b0\u1ee3u m\u01a1 c\u1ee7a Sapawine \u0111\u1eb7c t\u1eeb d\u1ecbch qu\u1ea3 m\u01a1, l\u00ean men c\u00f9ng \u0111\u01b0\u1eddng ph\u00e8n nh\u01b0ng kh\u00f4ng qu\u00e1 ng\u1ecdt v\u00ec v\u1eady b\u1ea1n ch\u1ec9 c\u1ea7n \u01b0\u1edbp l\u1ea1nh l\u00e0 s\u1eed ngon nh\u1ea5t, nh\u01b0ng n\u1ebfu b\u1ea1n th\u00edch u\u1ed1ng gi\u1ea3i kh\u00e1t theo ki\u1ec3u bia th\u00ec b\u1ed5 sung th\u00eam ch\u00fat \u0111\u00e1 l\u00e0 ph\u00f9 h\u1ee3p.<\/p>\n<p>R\u01b0\u1ee3u m\u01a1 c\u1ee7a Sapa wine \u0111\u1ed9 thanh v\u00e0 ng\u1ecdt v\u1eeba n\u00ean kh\u00f4ng b\u1ecb ph\u00e1 v\u1ecb khi \u0103n v\u1edbi c\u00e1c \u0111\u1ed3 \u0103n \u00e2u ho\u1eb7c \u0111\u1ed3 \u0103n Vi\u1ec7t.<\/p>","protected":false},"excerpt":{"rendered":"<p>R\u01b0\u1ee3u m\u01a1 m\u00e1 \u0111\u00e0o 14 \u0111\u1ed9 (l\u00ean men t\u1eeb qu\u1ea3 m\u01a1 th\u01a1m T\u00e2y B\u1eafc c\u00f9ng v\u1edbi \u0111\u01b0\u1eddng ph\u00e8n v\u00e0 r\u01b0\u1ee3u<\/p>","protected":false},"featured_media":2725,"comment_status":"open","ping_status":"closed","template":"","meta":{"_acf_changed":false},"product_cat":[325,326,328],"product_tag":[],"class_list":{"0":"post-2742","1":"product","2":"type-product","3":"status-publish","4":"has-post-thumbnail","6":"product_cat-san-pham-do-uong","7":"product_cat-do-uong-co-con","8":"product_cat-do-uong-co-con-khac","10":"first","11":"instock","12":"shipping-taxable","13":"product-type-simple"},"acf":[],"_links":{"self":[{"href":"https:\/\/b2c.fairs.vn\/en\/wp-json\/wp\/v2\/product\/2742","targetHints":{"allow":["GET"]}}],"collection":[{"href":"https:\/\/b2c.fairs.vn\/en\/wp-json\/wp\/v2\/product"}],"about":[{"href":"https:\/\/b2c.fairs.vn\/en\/wp-json\/wp\/v2\/types\/product"}],"replies":[{"embeddable":true,"href":"https:\/\/b2c.fairs.vn\/en\/wp-json\/wp\/v2\/comments?post=2742"}],"version-history":[{"count":0,"href":"https:\/\/b2c.fairs.vn\/en\/wp-json\/wp\/v2\/product\/2742\/revisions"}],"wp:featuredmedia":[{"embeddable":true,"href":"https:\/\/b2c.fairs.vn\/en\/wp-json\/wp\/v2\/media\/2725"}],"wp:attachment":[{"href":"https:\/\/b2c.fairs.vn\/en\/wp-json\/wp\/v2\/media?parent=2742"}],"wp:term":[{"taxonomy":"product_cat","embeddable":true,"href":"https:\/\/b2c.fairs.vn\/en\/wp-json\/wp\/v2\/product_cat?post=2742"},{"taxonomy":"product_tag","embeddable":true,"href":"https:\/\/b2c.fairs.vn\/en\/wp-json\/wp\/v2\/product_tag?post=2742"}],"curies":[{"name":"wp","href":"https:\/\/api.w.org\/{rel}","templated":true}]}}