{"id":2734,"date":"2024-03-19T07:20:23","date_gmt":"2024-03-19T07:20:23","guid":{"rendered":"https:\/\/b2c.fairs.vn\/?post_type=product&#038;p=2734"},"modified":"2024-03-19T07:20:23","modified_gmt":"2024-03-19T07:20:23","slug":"ruou-man","status":"publish","type":"product","link":"https:\/\/b2c.fairs.vn\/en\/product\/ruou-man\/","title":{"rendered":"R\u01b0\u1ee3u m\u1eadn"},"content":{"rendered":"<p>Qu\u1ea3 M\u1eadn Tr\u1ed3ng t\u1ea1i \u0111\u1ed9i 1 th\u00f4n S\u1ea3 S\u00e9ng x\u00e3 T\u1ea3 Ph\u00ecn Sapa L\u00e0o Cai c\u00f3 v\u1ecb ch\u00e1t nh\u1eb9 n\u01a1i \u0111\u1ea7u l\u01b0\u1ee1i, th\u01a1m v\u00e0 thanh, khi u\u1ed1ng \u0111\u1ec3 l\u1ea1i h\u1eadu v\u1ecb dung t\u00edch 500ml. S\u1ea3n ph\u1ea9m th\u1ee7 c\u00f4ng n\u00ean kh\u00f4ng c\u00f3 qu\u00e1 nhi\u1ec1u.<\/p>","protected":false},"excerpt":{"rendered":"<p>Qu\u1ea3 M\u1eadn Tr\u1ed3ng t\u1ea1i \u0111\u1ed9i 1 th\u00f4n S\u1ea3 S\u00e9ng x\u00e3 T\u1ea3 Ph\u00ecn Sapa L\u00e0o Cai c\u00f3 v\u1ecb ch\u00e1t nh\u1eb9 n\u01a1i<\/p>","protected":false},"featured_media":2724,"comment_status":"open","ping_status":"closed","template":"","meta":{"_acf_changed":false},"product_cat":[325,326,328],"product_tag":[],"class_list":{"0":"post-2734","1":"product","2":"type-product","3":"status-publish","4":"has-post-thumbnail","6":"product_cat-san-pham-do-uong","7":"product_cat-do-uong-co-con","8":"product_cat-do-uong-co-con-khac","10":"first","11":"instock","12":"shipping-taxable","13":"product-type-simple"},"acf":[],"_links":{"self":[{"href":"https:\/\/b2c.fairs.vn\/en\/wp-json\/wp\/v2\/product\/2734","targetHints":{"allow":["GET"]}}],"collection":[{"href":"https:\/\/b2c.fairs.vn\/en\/wp-json\/wp\/v2\/product"}],"about":[{"href":"https:\/\/b2c.fairs.vn\/en\/wp-json\/wp\/v2\/types\/product"}],"replies":[{"embeddable":true,"href":"https:\/\/b2c.fairs.vn\/en\/wp-json\/wp\/v2\/comments?post=2734"}],"version-history":[{"count":0,"href":"https:\/\/b2c.fairs.vn\/en\/wp-json\/wp\/v2\/product\/2734\/revisions"}],"wp:featuredmedia":[{"embeddable":true,"href":"https:\/\/b2c.fairs.vn\/en\/wp-json\/wp\/v2\/media\/2724"}],"wp:attachment":[{"href":"https:\/\/b2c.fairs.vn\/en\/wp-json\/wp\/v2\/media?parent=2734"}],"wp:term":[{"taxonomy":"product_cat","embeddable":true,"href":"https:\/\/b2c.fairs.vn\/en\/wp-json\/wp\/v2\/product_cat?post=2734"},{"taxonomy":"product_tag","embeddable":true,"href":"https:\/\/b2c.fairs.vn\/en\/wp-json\/wp\/v2\/product_tag?post=2734"}],"curies":[{"name":"wp","href":"https:\/\/api.w.org\/{rel}","templated":true}]}}