{"id":2716,"date":"2024-03-19T07:19:07","date_gmt":"2024-03-19T07:19:07","guid":{"rendered":"https:\/\/b2c.fairs.vn\/?post_type=product&#038;p=2716"},"modified":"2024-03-19T07:19:07","modified_gmt":"2024-03-19T07:19:07","slug":"ruou-mo","status":"publish","type":"product","link":"https:\/\/b2c.fairs.vn\/en\/product\/ruou-mo\/","title":{"rendered":"R\u01b0\u1ee3u m\u01a1"},"content":{"rendered":"<p>Qu\u1ea3 m\u01a1 th\u01a1m l\u00e0 tinh t\u00fay c\u1ee7a \u0111\u1ea5t tr\u1eddi, \u0111\u01b0\u1ee3c ch\u1eaft l\u1ecdc t\u1eeb nh\u1eefng gi\u1ecdt n\u01b0\u1edbc tinh khi\u1ebft trong c\u00e1c m\u1ea1ch ng\u1ea7m s\u00e2u trong l\u00f2ng \u0111\u1ea5t \u0111\u1ec3 r\u1ed3i \u0111\u01a1m hoa, k\u1ebft tr\u00e1i t\u1ea1i v\u00f9ng n\u00fai r\u1eebng T\u00e2y B\u1eafc. L\u00ean men c\u00f9ng \u0111\u01b0\u1eddng ph\u00e8n, r\u01b0\u1ee3u g\u1ea1o l\u1eadt \u2013 b\u1edfi b\u00e0n tay c\u1ee7a ng\u01b0\u1eddi d\u00e2n b\u1ea3n \u0111\u1ecba theo ph\u01b0\u01a1ng ph\u00e1p th\u1ee7 c\u00f4ng truy\u1ec1n th\u1ed1ng. Sau khi l\u00ean men r\u01b0\u1ee3u \u0111\u01b0\u1ee3c ru ng\u1ee7 b\u1edfi nh\u1eefng b\u1ea3n nh\u1ea1c du d\u01b0\u01a1ng c\u1ee7a khe su\u1ed1i v\u1edbi gi\u00f3 r\u1eebng t\u1ea1i b\u1ea3n T\u1ea3 Ph\u00ecn, th\u1ecb tr\u1ea5n Sapa, t\u1ec9nh L\u00e0o Cai, Vi\u1ec7t Nam. Sau 12 \u2013 24 th\u00e1ng say gi\u1ea5c m\u1edbi \u0111\u01b0\u1ee3c th\u1ee9c t\u1ec9nh v\u00e0 cho ra nh\u1eefng gi\u1ecdt r\u01b0\u1ee3u th\u01a1m, thanh thu\u1ea7n khi\u1ebft c\u00f3 m\u00e0u v\u00e0ng sang tr\u1ecdng quy\u1ebfn r\u0169 \u0111\u1ebfn b\u1ea5t ng\u1edd!<\/p>","protected":false},"excerpt":{"rendered":"<p>Qu\u1ea3 m\u01a1 th\u01a1m l\u00e0 tinh t\u00fay c\u1ee7a \u0111\u1ea5t tr\u1eddi, \u0111\u01b0\u1ee3c ch\u1eaft l\u1ecdc t\u1eeb nh\u1eefng gi\u1ecdt n\u01b0\u1edbc tinh khi\u1ebft trong c\u00e1c<\/p>","protected":false},"featured_media":2723,"comment_status":"open","ping_status":"closed","template":"","meta":{"_acf_changed":false},"product_cat":[325,326,328],"product_tag":[],"class_list":{"0":"post-2716","1":"product","2":"type-product","3":"status-publish","4":"has-post-thumbnail","6":"product_cat-san-pham-do-uong","7":"product_cat-do-uong-co-con","8":"product_cat-do-uong-co-con-khac","10":"first","11":"instock","12":"shipping-taxable","13":"product-type-simple"},"acf":[],"_links":{"self":[{"href":"https:\/\/b2c.fairs.vn\/en\/wp-json\/wp\/v2\/product\/2716","targetHints":{"allow":["GET"]}}],"collection":[{"href":"https:\/\/b2c.fairs.vn\/en\/wp-json\/wp\/v2\/product"}],"about":[{"href":"https:\/\/b2c.fairs.vn\/en\/wp-json\/wp\/v2\/types\/product"}],"replies":[{"embeddable":true,"href":"https:\/\/b2c.fairs.vn\/en\/wp-json\/wp\/v2\/comments?post=2716"}],"version-history":[{"count":0,"href":"https:\/\/b2c.fairs.vn\/en\/wp-json\/wp\/v2\/product\/2716\/revisions"}],"wp:featuredmedia":[{"embeddable":true,"href":"https:\/\/b2c.fairs.vn\/en\/wp-json\/wp\/v2\/media\/2723"}],"wp:attachment":[{"href":"https:\/\/b2c.fairs.vn\/en\/wp-json\/wp\/v2\/media?parent=2716"}],"wp:term":[{"taxonomy":"product_cat","embeddable":true,"href":"https:\/\/b2c.fairs.vn\/en\/wp-json\/wp\/v2\/product_cat?post=2716"},{"taxonomy":"product_tag","embeddable":true,"href":"https:\/\/b2c.fairs.vn\/en\/wp-json\/wp\/v2\/product_tag?post=2716"}],"curies":[{"name":"wp","href":"https:\/\/api.w.org\/{rel}","templated":true}]}}