{"id":2696,"date":"2024-03-19T07:09:34","date_gmt":"2024-03-19T07:09:34","guid":{"rendered":"https:\/\/b2c.fairs.vn\/?post_type=product&#038;p=2696"},"modified":"2024-03-19T07:09:34","modified_gmt":"2024-03-19T07:09:34","slug":"long-lon-thao-moc","status":"publish","type":"product","link":"https:\/\/b2c.fairs.vn\/en\/product\/long-lon-thao-moc\/","title":{"rendered":"L\u00f2ng L\u1ee3n Th\u1ea3o M\u1ed9c"},"content":{"rendered":"<p>Th\u1ecbt l\u1ee3n th\u1ea3o d\u01b0\u1ee3c l\u00e0 th\u1ecbt \u0111\u01b0\u1ee3c l\u1ea5y t\u1eeb nh\u1eefng con l\u1ee3n nu\u00f4i b\u1eb1ng c\u00e1m tr\u1ed9n th\u1ea3o d\u01b0\u1ee3c. Nh\u1edd \u0111\u01b0\u1ee3c s\u1eed d\u1ee5ng th\u1ee9c \u0103n th\u1ea3o d\u01b0\u1ee3c n\u00ean nh\u1eefng con l\u1ee3n n\u00e0y c\u00f3 s\u1ee9c \u0111\u1ec1 kh\u00e1ng r\u1ea5t t\u1ed1t, kh\u00f4ng b\u1ecb m\u1eafc c\u00e1c b\u1ec7nh mi\u1ec5n d\u1ecbch th\u00f4ng th\u01b0\u1eddng. Th\u1ecbt l\u1ee3n th\u1ea3o d\u01b0\u1ee3c l\u00e0 th\u1ef1c ph\u1ea9m an to\u00e0n ho\u00e0n to\u00e0n kh\u00f4ng s\u1eed dung c\u00e1c ch\u1ea5t kh\u00e1ng sinh ho\u1eb7c ch\u1ea5t t\u0103ng tr\u1ecdng.<\/p>","protected":false},"excerpt":{"rendered":"<p>Th\u1ecbt l\u1ee3n th\u1ea3o d\u01b0\u1ee3c l\u00e0 th\u1ecbt \u0111\u01b0\u1ee3c l\u1ea5y t\u1eeb nh\u1eefng con l\u1ee3n nu\u00f4i b\u1eb1ng c\u00e1m tr\u1ed9n th\u1ea3o d\u01b0\u1ee3c. Nh\u1edd \u0111\u01b0\u1ee3c<\/p>","protected":false},"featured_media":2673,"comment_status":"open","ping_status":"closed","template":"","meta":{"_acf_changed":false},"product_cat":[22,310],"product_tag":[],"class_list":{"0":"post-2696","1":"product","2":"type-product","3":"status-publish","4":"has-post-thumbnail","6":"product_cat-sanphamthucpham","7":"product_cat-thuc-pham-tho-so-che","9":"first","10":"instock","11":"shipping-taxable","12":"product-type-simple"},"acf":[],"_links":{"self":[{"href":"https:\/\/b2c.fairs.vn\/en\/wp-json\/wp\/v2\/product\/2696","targetHints":{"allow":["GET"]}}],"collection":[{"href":"https:\/\/b2c.fairs.vn\/en\/wp-json\/wp\/v2\/product"}],"about":[{"href":"https:\/\/b2c.fairs.vn\/en\/wp-json\/wp\/v2\/types\/product"}],"replies":[{"embeddable":true,"href":"https:\/\/b2c.fairs.vn\/en\/wp-json\/wp\/v2\/comments?post=2696"}],"version-history":[{"count":0,"href":"https:\/\/b2c.fairs.vn\/en\/wp-json\/wp\/v2\/product\/2696\/revisions"}],"wp:featuredmedia":[{"embeddable":true,"href":"https:\/\/b2c.fairs.vn\/en\/wp-json\/wp\/v2\/media\/2673"}],"wp:attachment":[{"href":"https:\/\/b2c.fairs.vn\/en\/wp-json\/wp\/v2\/media?parent=2696"}],"wp:term":[{"taxonomy":"product_cat","embeddable":true,"href":"https:\/\/b2c.fairs.vn\/en\/wp-json\/wp\/v2\/product_cat?post=2696"},{"taxonomy":"product_tag","embeddable":true,"href":"https:\/\/b2c.fairs.vn\/en\/wp-json\/wp\/v2\/product_tag?post=2696"}],"curies":[{"name":"wp","href":"https:\/\/api.w.org\/{rel}","templated":true}]}}