{"id":2667,"date":"2024-03-19T06:59:40","date_gmt":"2024-03-19T06:59:40","guid":{"rendered":"https:\/\/b2c.fairs.vn\/?post_type=product&#038;p=2667"},"modified":"2024-03-19T06:59:40","modified_gmt":"2024-03-19T06:59:40","slug":"tra-oi","status":"publish","type":"product","link":"https:\/\/b2c.fairs.vn\/en\/product\/tra-oi\/","title":{"rendered":"Tr\u00e0 \u1ed4i"},"content":{"rendered":"<p><strong>Th\u00e0nh ph\u1ea7n:<\/strong><\/p>\n<p>Tr\u00e0 \u1ed5i 50-55%, l\u00e1 \u1ed5i 40-55%, c\u1ecf ng\u1ecdt 5-10%<\/p>\n<p>(Cam k\u1ebft kh\u00f4ng s\u1eed d\u1ee5ng ph\u1ee5 gia &amp; ch\u1ea5t b\u1ea3o qu\u1ea3n)<\/p>\n<p><strong>C\u00f4ng d\u1ee5ng:<\/strong><\/p>\n<ul>\n<li>Gi\u1ea3m c\u00e2n, gi\u1ea3m m\u1ee1 th\u1eeba<\/li>\n<li>GI\u1eef g\u00ecn v\u00f3c d\u00e1ng v\u00e0 s\u1ee9c kh\u1ecfe<\/li>\n<\/ul>\n<p>L\u01afU \u00dd:\u00a0<i>S\u1ea3n ph\u1ea9m kh\u00f4ng ph\u1ea3i thu\u1ed1c kh\u00f4ng c\u00f3 t\u00e1c d\u1ee5ng thay th\u1ebf thu\u1ed1c ch\u1eefa b\u1ec7nh<\/i><\/p>\n<p><strong>H\u01b0\u1edbng d\u1eabn s\u1eed d\u1ee5ng:<\/strong><\/p>\n<ul>\n<li>D\u00f9ng u\u1ed1ng thay n\u01b0\u1edbc, thay tr\u00e0 h\u00e0ng ng\u00e0y<\/li>\n<li>D\u00f9ng 1 t\u00fai l\u1ecdc tr\u00e0 \u1ed5i h\u00e3m v\u00e0o c\u1ed1c n\u01b0\u1edbc ho\u1eb7c b\u00ecnh gi\u1eef nhi\u1ec7t<\/li>\n<li>R\u00f3t. th\u00eam (150-200)ml n\u01b0\u1edbc s\u00f4i v\u00e0o, ch\u1edd 3-5 ph\u00fat<\/li>\n<li>Nh\u00fang t\u00fai tr\u00e0 v\u00e0i l\u1ea7n tr\u01b0\u1edbc khi s\u1eed d\u1ee5ng<\/li>\n<li>Th\u01b0\u1edfng th\u1ee9c n\u00f3ng ho\u1eb7c l\u1ea1nh t\u00f9y th\u00edch<\/li>\n<\/ul>\n<p><strong>B\u1ea3o qu\u1ea3n:<\/strong><\/p>\n<p>B\u1ea3o qu\u1ea3n nh\u1eefng n\u01a1i kh\u00f4 r\u00e1o tho\u00e1ng m\u00e1t<\/p>","protected":false},"excerpt":{"rendered":"<p>Th\u00e0nh ph\u1ea7n: Tr\u00e0 \u1ed5i 50-55%, l\u00e1 \u1ed5i 40-55%, c\u1ecf ng\u1ecdt 5-10% (Cam k\u1ebft kh\u00f4ng s\u1eed d\u1ee5ng ph\u1ee5 gia &amp; ch\u1ea5t<\/p>","protected":false},"featured_media":2630,"comment_status":"open","ping_status":"closed","template":"","meta":{"_acf_changed":false},"product_cat":[321,22],"product_tag":[],"class_list":{"0":"post-2667","1":"product","2":"type-product","3":"status-publish","4":"has-post-thumbnail","6":"product_cat-che","7":"product_cat-sanphamthucpham","9":"first","10":"instock","11":"shipping-taxable","12":"product-type-simple"},"acf":[],"_links":{"self":[{"href":"https:\/\/b2c.fairs.vn\/en\/wp-json\/wp\/v2\/product\/2667","targetHints":{"allow":["GET"]}}],"collection":[{"href":"https:\/\/b2c.fairs.vn\/en\/wp-json\/wp\/v2\/product"}],"about":[{"href":"https:\/\/b2c.fairs.vn\/en\/wp-json\/wp\/v2\/types\/product"}],"replies":[{"embeddable":true,"href":"https:\/\/b2c.fairs.vn\/en\/wp-json\/wp\/v2\/comments?post=2667"}],"version-history":[{"count":0,"href":"https:\/\/b2c.fairs.vn\/en\/wp-json\/wp\/v2\/product\/2667\/revisions"}],"wp:featuredmedia":[{"embeddable":true,"href":"https:\/\/b2c.fairs.vn\/en\/wp-json\/wp\/v2\/media\/2630"}],"wp:attachment":[{"href":"https:\/\/b2c.fairs.vn\/en\/wp-json\/wp\/v2\/media?parent=2667"}],"wp:term":[{"taxonomy":"product_cat","embeddable":true,"href":"https:\/\/b2c.fairs.vn\/en\/wp-json\/wp\/v2\/product_cat?post=2667"},{"taxonomy":"product_tag","embeddable":true,"href":"https:\/\/b2c.fairs.vn\/en\/wp-json\/wp\/v2\/product_tag?post=2667"}],"curies":[{"name":"wp","href":"https:\/\/api.w.org\/{rel}","templated":true}]}}