{"id":2664,"date":"2024-03-19T06:58:44","date_gmt":"2024-03-19T06:58:44","guid":{"rendered":"https:\/\/b2c.fairs.vn\/?post_type=product&#038;p=2664"},"modified":"2024-03-19T06:58:44","modified_gmt":"2024-03-19T06:58:44","slug":"tra-tui-loc-dau-den-xanh-long","status":"publish","type":"product","link":"https:\/\/b2c.fairs.vn\/en\/product\/tra-tui-loc-dau-den-xanh-long\/","title":{"rendered":"Tr\u00e0 t\u00fai l\u1ecdc \u0111\u1eadu \u0111en xanh l\u00f2ng"},"content":{"rendered":"<p><strong>Th\u00e0nh ph\u1ea7n:<\/strong><\/p>\n<p>\u0110\u1eadu \u0111en xanh l\u00f2ng 92-97%, c\u1ecf ng\u1ecdt 2-8%<\/p>\n<p>(Cam k\u1ebft kh\u00f4ng s\u1eed d\u1ee5ng ph\u1ee5 gia &amp; ch\u1ea5t b\u1ea3o qu\u1ea3n)<\/p>\n<p><strong>C\u00f4ng d\u1ee5ng:<\/strong><\/p>\n<ul>\n<li>H\u1ed7 tr\u1ee3 kh\u1ecfe th\u1eadn, t\u0103ng c\u01b0\u1eddng ch\u1ee9c n\u0103ng cho th\u1eadn<\/li>\n<li>Thanh nhi\u1ec7t, gi\u1ea3i \u0111\u1ed9c trong c\u01a1 th\u1ec3<\/li>\n<li>Cung c\u1ea5p ch\u1ea5t dinh d\u01b0\u1ee1ng<\/li>\n<li>L\u00e0m ch\u1eadm qu\u00e1 tr\u00ecnh l\u00e3o h\u00f3a, l\u00e0m \u0111\u1eb9p da<\/li>\n<li>Ph\u00f2ng ch\u1ed1ng b\u1ec7nh ti\u1ec3u \u0111\u01b0\u1eddng v\u00e0 ch\u1eefa b\u1ec7nh Gout<\/li>\n<li>Gi\u1ea3m c\u00e2n gi\u1eef g\u00ecn v\u00f3c d\u00e1ng<\/li>\n<li>Gi\u1ea3m nguy c\u01a1 m\u1eafc b\u1ec7nh tim m\u1ea1ch<\/li>\n<li>C\u1ea3i thi\u1ec7n h\u1ec7 ti\u00eau h\u00f3a<\/li>\n<\/ul>\n<p>L\u01afU \u00dd:\u00a0<i>S\u1ea3n ph\u1ea9m kh\u00f4ng ph\u1ea3i thu\u1ed1c kh\u00f4ng c\u00f3 t\u00e1c d\u1ee5ng thay th\u1ebf thu\u1ed1c ch\u1eefa b\u1ec7nh<\/i><\/p>\n<p><strong>H\u01b0\u1edbng d\u1eabn s\u1eed d\u1ee5ng:<\/strong><\/p>\n<ul>\n<li>D\u00f9ng u\u1ed1ng thay n\u01b0\u1edbc, thay tr\u00e0 h\u00e0ng ng\u00e0y<\/li>\n<li>D\u00f9ng 1-2 t\u00fai l\u1ecdc v\u00e0o 100-200ml n\u01b0\u1edbc s\u00f4i, \u1ee7 trong 3-5 ph\u00fat<\/li>\n<li>S\u1eed d\u1ee5ng 6 g\u00f3i tr\u00e0 v\u1edbi b\u00ecnh 1,5-2l n\u01b0\u1edbc n\u00f3ng \u0111\u1ec3 u\u1ed1ng trong ng\u00e0y<\/li>\n<li>Th\u01b0\u1edfng th\u1ee9c n\u00f3ng ho\u1eb7c l\u1ea1nh t\u00f9y th\u00edch<\/li>\n<\/ul>\n<p><strong>B\u1ea3o qu\u1ea3n:<\/strong><\/p>\n<p>B\u1ea3o qu\u1ea3n nh\u1eefng n\u01a1i kh\u00f4 r\u00e1o tho\u00e1ng m\u00e1t<\/p>","protected":false},"excerpt":{"rendered":"<p>Th\u00e0nh ph\u1ea7n: \u0110\u1eadu \u0111en xanh l\u00f2ng 92-97%, c\u1ecf ng\u1ecdt 2-8% (Cam k\u1ebft kh\u00f4ng s\u1eed d\u1ee5ng ph\u1ee5 gia &amp; ch\u1ea5t b\u1ea3o<\/p>","protected":false},"featured_media":2633,"comment_status":"open","ping_status":"closed","template":"","meta":{"_acf_changed":false},"product_cat":[321,22],"product_tag":[],"class_list":{"0":"post-2664","1":"product","2":"type-product","3":"status-publish","4":"has-post-thumbnail","6":"product_cat-che","7":"product_cat-sanphamthucpham","9":"first","10":"instock","11":"shipping-taxable","12":"product-type-simple"},"acf":[],"_links":{"self":[{"href":"https:\/\/b2c.fairs.vn\/en\/wp-json\/wp\/v2\/product\/2664","targetHints":{"allow":["GET"]}}],"collection":[{"href":"https:\/\/b2c.fairs.vn\/en\/wp-json\/wp\/v2\/product"}],"about":[{"href":"https:\/\/b2c.fairs.vn\/en\/wp-json\/wp\/v2\/types\/product"}],"replies":[{"embeddable":true,"href":"https:\/\/b2c.fairs.vn\/en\/wp-json\/wp\/v2\/comments?post=2664"}],"version-history":[{"count":0,"href":"https:\/\/b2c.fairs.vn\/en\/wp-json\/wp\/v2\/product\/2664\/revisions"}],"wp:featuredmedia":[{"embeddable":true,"href":"https:\/\/b2c.fairs.vn\/en\/wp-json\/wp\/v2\/media\/2633"}],"wp:attachment":[{"href":"https:\/\/b2c.fairs.vn\/en\/wp-json\/wp\/v2\/media?parent=2664"}],"wp:term":[{"taxonomy":"product_cat","embeddable":true,"href":"https:\/\/b2c.fairs.vn\/en\/wp-json\/wp\/v2\/product_cat?post=2664"},{"taxonomy":"product_tag","embeddable":true,"href":"https:\/\/b2c.fairs.vn\/en\/wp-json\/wp\/v2\/product_tag?post=2664"}],"curies":[{"name":"wp","href":"https:\/\/api.w.org\/{rel}","templated":true}]}}