{"id":2658,"date":"2024-03-19T06:57:16","date_gmt":"2024-03-19T06:57:16","guid":{"rendered":"https:\/\/b2c.fairs.vn\/?post_type=product&#038;p=2658"},"modified":"2024-03-25T17:31:19","modified_gmt":"2024-03-25T10:31:19","slug":"muoi-ot","status":"publish","type":"product","link":"https:\/\/b2c.fairs.vn\/en\/product\/muoi-ot\/","title":{"rendered":"Mu\u1ed1i \u1edat"},"content":{"rendered":"<div>\n<div>\n<p>\u0110\u01b0\u1ee3c ch\u1ebf bi\u1ebfn t\u1eeb mu\u1ed1i dinh d\u01b0\u1ee1ng gi\u00e0u kho\u00e1ng ch\u1ea5t t\u1ed1t cho s\u1ee9c kh\u1ecfe \u1edf m\u1ecdi l\u1ee9a tu\u1ed5i (\u0111\u1eb7c bi\u1ec7t t\u1ed1t cho ng\u01b0\u1eddi b\u1ecb cao huy\u1ebft \u00e1p, ti\u1ec3u \u0111\u01b0\u1eddng v.v&#8230;).<br \/>\n\u1edat \u0111\u01b0\u1ee3c ch\u1ebf bi\u1ebfn t\u1eeb nh\u1eefng qu\u1ea3 \u1edbt t\u01b0\u01a1i t\u00e1ch b\u1ecf h\u1ea1t, th\u00e1i nh\u1ecf. Sau \u0111\u00f3, cho mu\u1ed1i, \u1edbt c\u00f9ng \u0111\u01b0\u1eddng v\u00e0 ti\u00eau, &#8230;. v\u00e0o c\u1ed1i gi\u00e3 nhuy\u1ec5n t\u1ea1o n\u00ean gia v\u1ecb tuy\u1ec7t v\u1eddi cho nh\u1eefng ai th\u00edch \u0103n hoa qu\u1ea3 t\u01b0\u01a1i ch\u1ea5m c\u00f9ng mu\u1ed1i \u1edbt.<\/p>\n<p><strong>C\u00d4NG D\u1ee4NG:<\/strong><br \/>\nD\u00f9ng \u0111\u1ec3 ch\u1ea5m hoa qu\u1ea3 t\u01b0\u01a1i.<br \/>\nTh\u00edch h\u1ee3p cho c\u1ea3 ng\u01b0\u1eddi \u0103n chay v\u00e0 \u0103n m\u1eb7n.<\/p>\n<p><strong>B\u1ea2O QU\u1ea2N:<\/strong><br \/>\nN\u01a1i kh\u00f4 r\u00e1o, tho\u00e1ng m\u00e1t, tr\u00e1nh n\u01b0\u1edbc.<\/p>\n<p>\u0110\u01b0\u1ee3c ch\u1ebf bi\u1ebfn t\u1eeb mu\u1ed1i dinh d\u01b0\u1ee1ng gi\u00e0u kho\u00e1ng ch\u1ea5t t\u1ed1t cho s\u1ee9c kh\u1ecfe \u1edf m\u1ecdi l\u1ee9a tu\u1ed5i (\u0111\u1eb7c bi\u1ec7t t\u1ed1t cho ng\u01b0\u1eddi b\u1ecb cao huy\u1ebft \u00e1p, ti\u1ec3u \u0111\u01b0\u1eddng v.v&#8230;).<\/p>\n<\/div>\n<\/div>\n<div>\n<div>\n<h3 class=\"text-xl my-5 font-bold\">Th\u00f4ng s\u1ed1 k\u1ef9 thu\u1eadt<\/h3>\n<div>\n<div class=\"my-2 py-2\">\u1edat<\/div>\n<div class=\"my-2 py-2\">Ti\u00eau<\/div>\n<div class=\"my-2 py-2\">\u0110\u01b0\u1eddng<\/div>\n<div class=\"my-2 py-2\">Mu\u1ed1i s\u1ea1ch t\u1ef1 nhi\u00ean<\/div>\n<\/div>\n<\/div>\n<\/div>","protected":false},"excerpt":{"rendered":"<div>\n<div>\n<p>\u0110\u01b0\u1ee3c ch\u1ebf bi\u1ebfn t\u1eeb mu\u1ed1i dinh d\u01b0\u1ee1ng gi\u00e0u kho\u00e1ng ch\u1ea5t t\u1ed1t cho s\u1ee9c kh\u1ecfe \u1edf m\u1ecdi l\u1ee9a tu\u1ed5i (\u0111\u1eb7c bi\u1ec7t t\u1ed1t cho ng\u01b0\u1eddi b\u1ecb cao huy\u1ebft \u00e1p, ti\u1ec3u \u0111\u01b0\u1eddng v.v&#8230;).<br \/>\n\u1edat \u0111\u01b0\u1ee3c ch\u1ebf bi\u1ebfn t\u1eeb nh\u1eefng qu\u1ea3 \u1edbt t\u01b0\u01a1i t\u00e1ch b\u1ecf h\u1ea1t, th\u00e1i nh\u1ecf. Sau \u0111\u00f3, cho mu\u1ed1i, \u1edbt c\u00f9ng \u0111\u01b0\u1eddng v\u00e0 ti\u00eau, &#8230;. v\u00e0o c\u1ed1i gi\u00e3 nhuy\u1ec5n t\u1ea1o n\u00ean gia v\u1ecb tuy\u1ec7t v\u1eddi cho nh\u1eefng ai th\u00edch \u0103n hoa qu\u1ea3 t\u01b0\u01a1i ch\u1ea5m c\u00f9ng mu\u1ed1i \u1edbt.<\/p>\n<p><strong>C\u00d4NG D\u1ee4NG:<\/strong><br \/>\nD\u00f9ng \u0111\u1ec3 ch\u1ea5m hoa qu\u1ea3 t\u01b0\u01a1i.<br \/>\nTh\u00edch h\u1ee3p cho c\u1ea3 ng\u01b0\u1eddi \u0103n chay v\u00e0 \u0103n m\u1eb7n.<\/p>\n<p><strong>B\u1ea2O QU\u1ea2N:<\/strong><br \/>\nN\u01a1i kh\u00f4 r\u00e1o, tho\u00e1ng m\u00e1t, tr\u00e1nh n\u01b0\u1edbc.<\/p>\n<p>\u0110\u01b0\u1ee3c ch\u1ebf bi\u1ebfn t\u1eeb mu\u1ed1i dinh d\u01b0\u1ee1ng gi\u00e0u kho\u00e1ng ch\u1ea5t t\u1ed1t cho s\u1ee9c kh\u1ecfe \u1edf m\u1ecdi l\u1ee9a tu\u1ed5i (\u0111\u1eb7c bi\u1ec7t t\u1ed1t cho ng\u01b0\u1eddi b\u1ecb cao huy\u1ebft \u00e1p, ti\u1ec3u \u0111\u01b0\u1eddng v.v&#8230;).<\/p>\n<\/div>\n<\/div>\n<div>\n<div>\n<h3 class=\"text-xl my-5 font-bold\">Th\u00f4ng s\u1ed1 k\u1ef9 thu\u1eadt<\/h3>\n<div>\n<div class=\"my-2 py-2\">\u1edat<\/div>\n<div class=\"my-2 py-2\">Ti\u00eau<\/div>\n<div class=\"my-2 py-2\">\u0110\u01b0\u1eddng<\/div>\n<div class=\"my-2 py-2\">Mu\u1ed1i s\u1ea1ch t\u1ef1 nhi\u00ean<\/div>\n<\/div>\n<\/div>\n<\/div>","protected":false},"featured_media":2661,"comment_status":"open","ping_status":"closed","template":"","meta":{"_acf_changed":false},"product_cat":[318,320,22],"product_tag":[],"class_list":{"0":"post-2658","1":"product","2":"type-product","3":"status-publish","4":"has-post-thumbnail","6":"product_cat-gia-vi","7":"product_cat-gia-vi-khac","8":"product_cat-sanphamthucpham","10":"first","11":"instock","12":"shipping-taxable","13":"purchasable","14":"product-type-simple"},"acf":[],"_links":{"self":[{"href":"https:\/\/b2c.fairs.vn\/en\/wp-json\/wp\/v2\/product\/2658","targetHints":{"allow":["GET"]}}],"collection":[{"href":"https:\/\/b2c.fairs.vn\/en\/wp-json\/wp\/v2\/product"}],"about":[{"href":"https:\/\/b2c.fairs.vn\/en\/wp-json\/wp\/v2\/types\/product"}],"replies":[{"embeddable":true,"href":"https:\/\/b2c.fairs.vn\/en\/wp-json\/wp\/v2\/comments?post=2658"}],"version-history":[{"count":0,"href":"https:\/\/b2c.fairs.vn\/en\/wp-json\/wp\/v2\/product\/2658\/revisions"}],"wp:featuredmedia":[{"embeddable":true,"href":"https:\/\/b2c.fairs.vn\/en\/wp-json\/wp\/v2\/media\/2661"}],"wp:attachment":[{"href":"https:\/\/b2c.fairs.vn\/en\/wp-json\/wp\/v2\/media?parent=2658"}],"wp:term":[{"taxonomy":"product_cat","embeddable":true,"href":"https:\/\/b2c.fairs.vn\/en\/wp-json\/wp\/v2\/product_cat?post=2658"},{"taxonomy":"product_tag","embeddable":true,"href":"https:\/\/b2c.fairs.vn\/en\/wp-json\/wp\/v2\/product_tag?post=2658"}],"curies":[{"name":"wp","href":"https:\/\/api.w.org\/{rel}","templated":true}]}}