{"id":2657,"date":"2024-03-19T06:57:32","date_gmt":"2024-03-19T06:57:32","guid":{"rendered":"https:\/\/b2c.fairs.vn\/?post_type=product&#038;p=2657"},"modified":"2024-03-19T06:57:33","modified_gmt":"2024-03-19T06:57:33","slug":"tra-tui-loc-ca-gai-leo-xa-den","status":"publish","type":"product","link":"https:\/\/b2c.fairs.vn\/en\/product\/tra-tui-loc-ca-gai-leo-xa-den\/","title":{"rendered":"Tr\u00e0 t\u00fai l\u1ecdc c\u00e0 gai leo x\u1ea1 \u0111en"},"content":{"rendered":"<p><strong>Th\u00e0nh ph\u1ea7n:<\/strong><\/p>\n<p>C\u00e0 gai leo 50-55%, x\u1ea1 \u0111en 40-45%, c\u1ecf ng\u1ecdt 10-15%<\/p>\n<p>(Cam k\u1ebft kh\u00f4ng s\u1eed d\u1ee5ng ph\u1ee5 gia &amp; ch\u1ea5t b\u1ea3o qu\u1ea3n)<\/p>\n<p><strong>C\u00f4ng d\u1ee5ng:<\/strong><\/p>\n<ul>\n<li>Gi\u1ea3i \u0111\u1ed9c gan, gi\u1ea3i r\u01b0\u1ee3u, h\u1ea1 men gan, \u0111\u1ea9y cac ch\u1ebft \u0111\u1ed9c c\u00f3 trong th\u1ef1c ph\u1ea9m b\u1ea9n ra ngo\u00e0i c\u01a1 th\u1ec3, h\u1ea1n ch\u1ebf t\u1ed5n th\u01b0\u01a1ng t\u1ebf b\u00e0o gan do r\u01b0\u1ee3u bia, gi\u1ea3i r\u01b0\u1ee3u m\u1ea1nh<\/li>\n<li>H\u1ed7 tr\u1ee3 \u0111i\u1ec1u tr\u1ecb c\u00e1c kh\u1ed1i u b\u01b0\u1edbu: l\u00e0m ti\u00eau vi\u00eam v\u00e0 m\u1ee5n nh\u1ecdt tr\u00ean da<\/li>\n<li>Ki\u1ec1m h\u00e3m s\u1ef1 ph\u00e1t tri\u1ec3n c\u1ee7a x\u01a1 gan, ung th\u01b0 gan, l\u00e0m t\u0103ng mi\u1ec5n d\u1ecbch, t\u0103ng c\u01b0\u1eddng ch\u1ee9c n\u0103ng v\u00e0 b\u1ea3o v\u1ec7 t\u1ebf b\u00e0o gan<\/li>\n<li>L\u00e0m thuy\u00ean gi\u1ea3m c\u00e1c tri\u1ec7u ch\u1ee9ng c\u1ee7a b\u1ec7nh gan nh\u01b0 \u0111au t\u1ee9c h\u1ea1 s\u01b0\u1eddn, v\u00e0ng da, m\u1ec7t m\u1ecfi, l\u00e0m ti\u00eau m\u1ee1 trong gan v\u00e0 trong m\u00e1u<\/li>\n<\/ul>\n<p>L\u01afU \u00dd:\u00a0<i>S\u1ea3n ph\u1ea9m kh\u00f4ng ph\u1ea3i thu\u1ed1c kh\u00f4ng c\u00f3 t\u00e1c d\u1ee5ng thay th\u1ebf thu\u1ed1c ch\u1eefa b\u1ec7nh<\/i><\/p>\n<p><strong>H\u01b0\u1edbng d\u1eabn s\u1eed d\u1ee5ng:<\/strong><\/p>\n<ul>\n<li>D\u00f9ng u\u1ed1ng thay n\u01b0\u1edbc, thay tr\u00e0 h\u00e0ng ng\u00e0y<\/li>\n<li>D\u00f9ng 1 g\u00f3i, h\u00e3m v\u00e0o c\u1ed1c n\u01b0\u1edbc ho\u1eb7c b\u00ecnh gi\u1eef nhi\u1ec7t, r\u1ed3i th\u00eam 200-250ml n\u01b0\u1edbc s\u00f4i, \u1ee7 trong 3-5 ph\u00fat<\/li>\n<li>S\u1eed d\u1ee5ng 4-6 g\u00f3i tr\u00e0 v\u1edbi b\u00ecnh 1,5-2l n\u01b0\u1edbc n\u00f3ng \u0111\u1ec3 u\u1ed1ng trong ng\u00e0y<\/li>\n<li>Th\u01b0\u1edfng th\u1ee9c n\u00f3ng ho\u1eb7c l\u1ea1nh t\u00f9y th\u00edch<\/li>\n<\/ul>\n<p><strong>B\u1ea3o qu\u1ea3n:<\/strong><\/p>\n<p>B\u1ea3o qu\u1ea3n nh\u1eefng n\u01a1i kh\u00f4 r\u00e1o tho\u00e1ng m\u00e1t<\/p>","protected":false},"excerpt":{"rendered":"<p>Th\u00e0nh ph\u1ea7n: C\u00e0 gai leo 50-55%, x\u1ea1 \u0111en 40-45%, c\u1ecf ng\u1ecdt 10-15% (Cam k\u1ebft kh\u00f4ng s\u1eed d\u1ee5ng ph\u1ee5 gia &amp;<\/p>","protected":false},"featured_media":2634,"comment_status":"open","ping_status":"closed","template":"","meta":{"_acf_changed":false},"product_cat":[22],"product_tag":[],"class_list":{"0":"post-2657","1":"product","2":"type-product","3":"status-publish","4":"has-post-thumbnail","6":"product_cat-sanphamthucpham","8":"first","9":"instock","10":"shipping-taxable","11":"product-type-simple"},"acf":[],"_links":{"self":[{"href":"https:\/\/b2c.fairs.vn\/en\/wp-json\/wp\/v2\/product\/2657","targetHints":{"allow":["GET"]}}],"collection":[{"href":"https:\/\/b2c.fairs.vn\/en\/wp-json\/wp\/v2\/product"}],"about":[{"href":"https:\/\/b2c.fairs.vn\/en\/wp-json\/wp\/v2\/types\/product"}],"replies":[{"embeddable":true,"href":"https:\/\/b2c.fairs.vn\/en\/wp-json\/wp\/v2\/comments?post=2657"}],"version-history":[{"count":0,"href":"https:\/\/b2c.fairs.vn\/en\/wp-json\/wp\/v2\/product\/2657\/revisions"}],"wp:featuredmedia":[{"embeddable":true,"href":"https:\/\/b2c.fairs.vn\/en\/wp-json\/wp\/v2\/media\/2634"}],"wp:attachment":[{"href":"https:\/\/b2c.fairs.vn\/en\/wp-json\/wp\/v2\/media?parent=2657"}],"wp:term":[{"taxonomy":"product_cat","embeddable":true,"href":"https:\/\/b2c.fairs.vn\/en\/wp-json\/wp\/v2\/product_cat?post=2657"},{"taxonomy":"product_tag","embeddable":true,"href":"https:\/\/b2c.fairs.vn\/en\/wp-json\/wp\/v2\/product_tag?post=2657"}],"curies":[{"name":"wp","href":"https:\/\/api.w.org\/{rel}","templated":true}]}}