{"id":2653,"date":"2024-03-19T06:56:44","date_gmt":"2024-03-19T06:56:44","guid":{"rendered":"https:\/\/b2c.fairs.vn\/?post_type=product&#038;p=2653"},"modified":"2024-03-19T06:56:45","modified_gmt":"2024-03-19T06:56:45","slug":"tui-giao-hang","status":"publish","type":"product","link":"https:\/\/b2c.fairs.vn\/en\/product\/tui-giao-hang\/","title":{"rendered":"T\u00fai Giao h\u00e0ng"},"content":{"rendered":"<ul>\n<li>Ch\u1ea5t li\u1ec7u: V\u1ea3i d\u00f9 nh\u1eadp kh\u1ea9u c\u00f3 \u0111\u1ed9 b\u1ec1n cao, b\u1ec1 m\u1eb7t v\u1ea3i tr\u01b0\u1ee3t n\u01b0\u1edbc. B\u00ean trong d\u00f9ng m\u00fat b\u1ea1c gi\u1eef nhi\u1ec7t<\/li>\n<li>K\u00edch th\u01b0\u1edbc: Ngang 20cm x Cao 24cm x R\u1ed9ng 14.5cm (Sai s\u1ed1 =\/- 0.5cm)<\/li>\n<\/ul>","protected":false},"excerpt":{"rendered":"<p>Ch\u1ea5t li\u1ec7u: V\u1ea3i d\u00f9 nh\u1eadp kh\u1ea9u c\u00f3 \u0111\u1ed9 b\u1ec1n cao, b\u1ec1 m\u1eb7t v\u1ea3i tr\u01b0\u1ee3t n\u01b0\u1edbc. B\u00ean trong d\u00f9ng m\u00fat b\u1ea1c<\/p>","protected":false},"featured_media":2641,"comment_status":"open","ping_status":"closed","template":"","meta":{"_acf_changed":false},"product_cat":[22],"product_tag":[],"class_list":{"0":"post-2653","1":"product","2":"type-product","3":"status-publish","4":"has-post-thumbnail","6":"product_cat-sanphamthucpham","8":"first","9":"instock","10":"shipping-taxable","11":"product-type-simple"},"acf":[],"_links":{"self":[{"href":"https:\/\/b2c.fairs.vn\/en\/wp-json\/wp\/v2\/product\/2653","targetHints":{"allow":["GET"]}}],"collection":[{"href":"https:\/\/b2c.fairs.vn\/en\/wp-json\/wp\/v2\/product"}],"about":[{"href":"https:\/\/b2c.fairs.vn\/en\/wp-json\/wp\/v2\/types\/product"}],"replies":[{"embeddable":true,"href":"https:\/\/b2c.fairs.vn\/en\/wp-json\/wp\/v2\/comments?post=2653"}],"version-history":[{"count":0,"href":"https:\/\/b2c.fairs.vn\/en\/wp-json\/wp\/v2\/product\/2653\/revisions"}],"wp:featuredmedia":[{"embeddable":true,"href":"https:\/\/b2c.fairs.vn\/en\/wp-json\/wp\/v2\/media\/2641"}],"wp:attachment":[{"href":"https:\/\/b2c.fairs.vn\/en\/wp-json\/wp\/v2\/media?parent=2653"}],"wp:term":[{"taxonomy":"product_cat","embeddable":true,"href":"https:\/\/b2c.fairs.vn\/en\/wp-json\/wp\/v2\/product_cat?post=2653"},{"taxonomy":"product_tag","embeddable":true,"href":"https:\/\/b2c.fairs.vn\/en\/wp-json\/wp\/v2\/product_tag?post=2653"}],"curies":[{"name":"wp","href":"https:\/\/api.w.org\/{rel}","templated":true}]}}