{"id":2650,"date":"2024-03-19T06:56:06","date_gmt":"2024-03-19T06:56:06","guid":{"rendered":"https:\/\/b2c.fairs.vn\/?post_type=product&#038;p=2650"},"modified":"2024-03-25T17:31:38","modified_gmt":"2024-03-25T10:31:38","slug":"muoi-o-mai-mo-chua-huong","status":"publish","type":"product","link":"https:\/\/b2c.fairs.vn\/en\/product\/muoi-o-mai-mo-chua-huong\/","title":{"rendered":"Mu\u1ed1i \u00d4-Mai M\u01a1 Ch\u00f9a H\u01b0\u01a1ng"},"content":{"rendered":"<div>\n<div>\n<p><strong>C\u00f4ng d\u1ee5ng:<\/strong><br \/>\nCh\u1ea5m hoa qu\u1ea3 t\u01b0\u01a1i.<\/p>\n<p><strong><img decoding=\"async\" src=\"https:\/\/www.facebook.com\/images\/emoji.php\/v9\/tf0\/1\/16\/1f338.png\" alt=\"\ud83c\udf38\" \/>B\u1ea3o qu\u1ea3n:<\/strong><br \/>\nN\u01a1i kh\u00f4 r\u00e1o, tho\u00e1ng m\u00e1t, tr\u00e1nh \u00e1nh n\u1eafng tr\u1ef1c ti\u1ebfp.<\/p>\n<\/div>\n<\/div>\n<div>\n<div>\n<h3 class=\"text-xl my-5 font-bold\">Th\u00f4ng s\u1ed1 k\u1ef9 thu\u1eadt<\/h3>\n<div>\n<div class=\"my-2 py-2\">\u1edat<\/div>\n<div class=\"my-2 py-2\">G\u1eebng<\/div>\n<div class=\"my-2 py-2\">\u0110\u01b0\u1eddng<\/div>\n<div class=\"my-2 py-2\">Cam th\u1ea3o<\/div>\n<div class=\"my-2 py-2\">\u00d4 mai m\u01a1<\/div>\n<div class=\"my-2 py-2\">Mu\u1ed1i s\u1ea1ch t\u1ef1 nhi\u00ean<\/div>\n<\/div>\n<\/div>\n<\/div>","protected":false},"excerpt":{"rendered":"<div>\n<div>\n<p><strong>C\u00f4ng d\u1ee5ng:<\/strong><br \/>\nCh\u1ea5m hoa qu\u1ea3 t\u01b0\u01a1i.<\/p>\n<p><strong><img decoding=\"async\" src=\"https:\/\/www.facebook.com\/images\/emoji.php\/v9\/tf0\/1\/16\/1f338.png\" alt=\"\ud83c\udf38\" \/>B\u1ea3o qu\u1ea3n:<\/strong><br \/>\nN\u01a1i kh\u00f4 r\u00e1o, tho\u00e1ng m\u00e1t, tr\u00e1nh \u00e1nh n\u1eafng tr\u1ef1c ti\u1ebfp.<\/p>\n<\/div>\n<\/div>\n<div>\n<div>\n<h3 class=\"text-xl my-5 font-bold\">Th\u00f4ng s\u1ed1 k\u1ef9 thu\u1eadt<\/h3>\n<div>\n<div class=\"my-2 py-2\">\u1edat<\/div>\n<div class=\"my-2 py-2\">G\u1eebng<\/div>\n<div class=\"my-2 py-2\">\u0110\u01b0\u1eddng<\/div>\n<div class=\"my-2 py-2\">Cam th\u1ea3o<\/div>\n<div class=\"my-2 py-2\">\u00d4 mai m\u01a1<\/div>\n<div class=\"my-2 py-2\">Mu\u1ed1i s\u1ea1ch t\u1ef1 nhi\u00ean<\/div>\n<\/div>\n<\/div>\n<\/div>","protected":false},"featured_media":2651,"comment_status":"open","ping_status":"closed","template":"","meta":{"_acf_changed":false},"product_cat":[318,320,22],"product_tag":[],"class_list":{"0":"post-2650","1":"product","2":"type-product","3":"status-publish","4":"has-post-thumbnail","6":"product_cat-gia-vi","7":"product_cat-gia-vi-khac","8":"product_cat-sanphamthucpham","10":"first","11":"instock","12":"shipping-taxable","13":"purchasable","14":"product-type-simple"},"acf":[],"_links":{"self":[{"href":"https:\/\/b2c.fairs.vn\/en\/wp-json\/wp\/v2\/product\/2650","targetHints":{"allow":["GET"]}}],"collection":[{"href":"https:\/\/b2c.fairs.vn\/en\/wp-json\/wp\/v2\/product"}],"about":[{"href":"https:\/\/b2c.fairs.vn\/en\/wp-json\/wp\/v2\/types\/product"}],"replies":[{"embeddable":true,"href":"https:\/\/b2c.fairs.vn\/en\/wp-json\/wp\/v2\/comments?post=2650"}],"version-history":[{"count":0,"href":"https:\/\/b2c.fairs.vn\/en\/wp-json\/wp\/v2\/product\/2650\/revisions"}],"wp:featuredmedia":[{"embeddable":true,"href":"https:\/\/b2c.fairs.vn\/en\/wp-json\/wp\/v2\/media\/2651"}],"wp:attachment":[{"href":"https:\/\/b2c.fairs.vn\/en\/wp-json\/wp\/v2\/media?parent=2650"}],"wp:term":[{"taxonomy":"product_cat","embeddable":true,"href":"https:\/\/b2c.fairs.vn\/en\/wp-json\/wp\/v2\/product_cat?post=2650"},{"taxonomy":"product_tag","embeddable":true,"href":"https:\/\/b2c.fairs.vn\/en\/wp-json\/wp\/v2\/product_tag?post=2650"}],"curies":[{"name":"wp","href":"https:\/\/api.w.org\/{rel}","templated":true}]}}