{"id":2649,"date":"2024-03-19T06:56:08","date_gmt":"2024-03-19T06:56:08","guid":{"rendered":"https:\/\/b2c.fairs.vn\/?post_type=product&#038;p=2649"},"modified":"2024-03-19T06:56:09","modified_gmt":"2024-03-19T06:56:09","slug":"hoa-du-du-say-lanh","status":"publish","type":"product","link":"https:\/\/b2c.fairs.vn\/en\/product\/hoa-du-du-say-lanh\/","title":{"rendered":"Hoa \u0110u \u0110\u1ee7 s\u1ea5y l\u1ea1nh"},"content":{"rendered":"<p><strong>Th\u00e0nh ph\u1ea7n:<\/strong><\/p>\n<ul>\n<li>Cho 10g hoa \u0111u \u0111\u1ee7 v\u00e0o 150ml n\u01b0\u1edbc s\u00f4i, \u0111\u1ee3i 2-3 ph\u00fat cho ng\u1ea5m r\u1ed3i u\u1ed1ng th\u01b0\u1edfng th\u1ee9c (ng\u00e0y u\u1ed1ng 3 l\u1ea7n sau b\u1eefa s\u00e1ng, tr\u01b0a, t\u1ed1i)<\/li>\n<li>Ng\u00e2m v\u1edbi m\u1eadt ong nguy\u00ean ch\u1ea5t \u0111\u1ec3 s\u1eed d\u1ee5ng h\u00e0ng ng\u00e0y<\/li>\n<\/ul>\n<p>&nbsp;<\/p>\n<p><strong>B\u1ea3o qu\u1ea3n:\u00a0<\/strong>N\u01a1i kh\u00f4 r\u00e1o, tho\u00e1ng m\u00e1t<\/p>","protected":false},"excerpt":{"rendered":"<p>Th\u00e0nh ph\u1ea7n: Cho 10g hoa \u0111u \u0111\u1ee7 v\u00e0o 150ml n\u01b0\u1edbc s\u00f4i, \u0111\u1ee3i 2-3 ph\u00fat cho ng\u1ea5m r\u1ed3i u\u1ed1ng th\u01b0\u1edfng th\u1ee9c<\/p>","protected":false},"featured_media":2635,"comment_status":"open","ping_status":"closed","template":"","meta":{"_acf_changed":false},"product_cat":[321,22],"product_tag":[],"class_list":{"0":"post-2649","1":"product","2":"type-product","3":"status-publish","4":"has-post-thumbnail","6":"product_cat-che","7":"product_cat-sanphamthucpham","9":"first","10":"instock","11":"shipping-taxable","12":"product-type-simple"},"acf":[],"_links":{"self":[{"href":"https:\/\/b2c.fairs.vn\/en\/wp-json\/wp\/v2\/product\/2649","targetHints":{"allow":["GET"]}}],"collection":[{"href":"https:\/\/b2c.fairs.vn\/en\/wp-json\/wp\/v2\/product"}],"about":[{"href":"https:\/\/b2c.fairs.vn\/en\/wp-json\/wp\/v2\/types\/product"}],"replies":[{"embeddable":true,"href":"https:\/\/b2c.fairs.vn\/en\/wp-json\/wp\/v2\/comments?post=2649"}],"version-history":[{"count":0,"href":"https:\/\/b2c.fairs.vn\/en\/wp-json\/wp\/v2\/product\/2649\/revisions"}],"wp:featuredmedia":[{"embeddable":true,"href":"https:\/\/b2c.fairs.vn\/en\/wp-json\/wp\/v2\/media\/2635"}],"wp:attachment":[{"href":"https:\/\/b2c.fairs.vn\/en\/wp-json\/wp\/v2\/media?parent=2649"}],"wp:term":[{"taxonomy":"product_cat","embeddable":true,"href":"https:\/\/b2c.fairs.vn\/en\/wp-json\/wp\/v2\/product_cat?post=2649"},{"taxonomy":"product_tag","embeddable":true,"href":"https:\/\/b2c.fairs.vn\/en\/wp-json\/wp\/v2\/product_tag?post=2649"}],"curies":[{"name":"wp","href":"https:\/\/api.w.org\/{rel}","templated":true}]}}