{"id":2647,"date":"2024-03-19T06:55:52","date_gmt":"2024-03-19T06:55:52","guid":{"rendered":"https:\/\/b2c.fairs.vn\/?post_type=product&#038;p=2647"},"modified":"2024-03-22T10:06:37","modified_gmt":"2024-03-22T03:06:37","slug":"balo-du-lich-the-thao","status":"publish","type":"product","link":"https:\/\/b2c.fairs.vn\/en\/product\/balo-du-lich-the-thao\/","title":{"rendered":"Balo du l\u1ecbch\/ th\u1ec3 thao"},"content":{"rendered":"<p>Ba L\u00f4 Th\u1ec3 Thao l\u00e0 s\u1ef1 l\u1ef1a ch\u1ecdn tuy\u1ec7t v\u1eddi d\u00e0nh cho nh\u1eefng ng\u01b0\u1eddi y\u00eau th\u1ec3 thao, kh\u00f4ng ch\u1ec9 \u0111\u1eb9p m\u1eaft m\u00e0 c\u00f2n v\u00f4 c\u00f9ng ti\u1ec7n \u00edch. V\u1edbi thi\u1ebft k\u1ebf c\u1ed5 \u0111i\u1ec3n v\u00e0 ng\u0103n ch\u00ednh r\u1ed9ng r\u00e3i, m\u1edf ra b\u1eb1ng kh\u00f3a k\u00e9o hai chi\u1ec1u v\u00e0 d\u00e2y \u0111eo \u0111\u1ec7m c\u00f3 th\u1ec3 \u0111i\u1ec1u ch\u1ec9nh, chi\u1ebfc ba l\u00f4 n\u00e0y s\u1ebd gi\u00fap b\u1ea1n tr\u1ea3i qua m\u1ecdi ng\u00e0y m\u1ed9t c\u00e1ch phong c\u00e1ch v\u00e0 tho\u1ea3i m\u00e1i.<\/p>\n<ul>\n<li>K\u00edch th\u01b0\u1edbc: 30 x 44 x 14 cm<\/li>\n<li>Logo th\u01b0\u01a1ng hi\u1ec7u CamelBag<\/li>\n<li>Kh\u00f4ng gian n\u1ed9i th\u1ea5t r\u1ed9ng l\u1edbn<\/li>\n<li>L\u1edbp l\u00f3t: 100% polyester<\/li>\n<li>L\u1edbp ngo\u00e0i: 100% polyester<\/li>\n<\/ul>","protected":false},"excerpt":{"rendered":"<p>Ba L\u00f4 Th\u1ec3 Thao l\u00e0 s\u1ef1 l\u1ef1a ch\u1ecdn tuy\u1ec7t v\u1eddi d\u00e0nh cho nh\u1eefng ng\u01b0\u1eddi y\u00eau th\u1ec3 thao, kh\u00f4ng ch\u1ec9 \u0111\u1eb9p<\/p>","protected":false},"featured_media":2639,"comment_status":"open","ping_status":"closed","template":"","meta":{"_acf_changed":false},"product_cat":[336,368],"product_tag":[],"class_list":{"0":"post-2647","1":"product","2":"type-product","3":"status-publish","4":"has-post-thumbnail","6":"product_cat-san-pham-thu-cong-my-nghe","7":"product_cat-van-phong-pham","9":"first","10":"instock","11":"shipping-taxable","12":"product-type-simple"},"acf":[],"_links":{"self":[{"href":"https:\/\/b2c.fairs.vn\/en\/wp-json\/wp\/v2\/product\/2647","targetHints":{"allow":["GET"]}}],"collection":[{"href":"https:\/\/b2c.fairs.vn\/en\/wp-json\/wp\/v2\/product"}],"about":[{"href":"https:\/\/b2c.fairs.vn\/en\/wp-json\/wp\/v2\/types\/product"}],"replies":[{"embeddable":true,"href":"https:\/\/b2c.fairs.vn\/en\/wp-json\/wp\/v2\/comments?post=2647"}],"version-history":[{"count":0,"href":"https:\/\/b2c.fairs.vn\/en\/wp-json\/wp\/v2\/product\/2647\/revisions"}],"wp:featuredmedia":[{"embeddable":true,"href":"https:\/\/b2c.fairs.vn\/en\/wp-json\/wp\/v2\/media\/2639"}],"wp:attachment":[{"href":"https:\/\/b2c.fairs.vn\/en\/wp-json\/wp\/v2\/media?parent=2647"}],"wp:term":[{"taxonomy":"product_cat","embeddable":true,"href":"https:\/\/b2c.fairs.vn\/en\/wp-json\/wp\/v2\/product_cat?post=2647"},{"taxonomy":"product_tag","embeddable":true,"href":"https:\/\/b2c.fairs.vn\/en\/wp-json\/wp\/v2\/product_tag?post=2647"}],"curies":[{"name":"wp","href":"https:\/\/api.w.org\/{rel}","templated":true}]}}