{"id":2642,"date":"2024-03-19T06:54:50","date_gmt":"2024-03-19T06:54:50","guid":{"rendered":"https:\/\/b2c.fairs.vn\/?post_type=product&#038;p=2642"},"modified":"2024-03-25T17:29:39","modified_gmt":"2024-03-25T10:29:39","slug":"muoi-hat-sach-xuat-khau-nhat-ban-nadisalt","status":"publish","type":"product","link":"https:\/\/b2c.fairs.vn\/en\/product\/muoi-hat-sach-xuat-khau-nhat-ban-nadisalt\/","title":{"rendered":"Mu\u1ed1i h\u1ea1t s\u1ea1ch xu\u1ea5t kh\u1ea9u Nh\u1eadt B\u1ea3n Nadisalt"},"content":{"rendered":"<p>Mu\u1ed1i NADI SALT xu\u1ea5t kh\u1ea9u Nh\u1eadt c\u1ee7a C\u00f4ng ty CP Mu\u1ed1i &amp; TM Nam \u0110\u1ecbnh l\u00e0 s\u1ea3n ph\u1ea9m:<br \/>\n&#8211; \u0110\u1ea1t ti\u00eau chu\u1ea9n xu\u1ea5t kh\u1ea9u Nh\u1eadt (\u0111\u00e3 v\u00e0 \u0111ang xu\u1ea5t kh\u1ea9u \u0111i Nh\u1eadt B\u1ea3n)<br \/>\n&#8211; Kh\u00f4ng nhi\u1ec5m vi nh\u1ef1a, gi\u00e0u vi kho\u00e1ng, h\u00e0m l\u01b0\u1ee3ng Natri th\u1ea5p, v\u1ecb m\u1eb7n ng\u1ecdt h\u1eadu&#8230;<br \/>\n<img decoding=\"async\" src=\"https:\/\/www.facebook.com\/images\/emoji.php\/v9\/t14\/1\/16\/2618.png\" alt=\"\u2618\" \/>C\u1ea3m quan: Tr\u1eafng b\u00f3ng, tinh th\u1ec3 h\u00ecnh kim c\u01b0\u01a1ng, b\u00f3p c\u00f3 th\u1ec3 v\u1ee1 tr\u00ean \u0111\u1ea7u ng\u00f3n tay&#8230;<br \/>\n<img decoding=\"async\" src=\"https:\/\/www.facebook.com\/images\/emoji.php\/v9\/t14\/1\/16\/2618.png\" alt=\"\u2618\" \/>H\u00e3y thay \u0111\u1ed5i suy ngh\u0129 mu\u1ed1i l\u00e0 k quan tr\u1ecdng v\u00ec ch\u1ec9 sd l\u01b0\u1ee3ng nh\u1ecf mu\u1ed1i nh\u01b0ng s\u1eed d\u1ee5ng h\u00e0ng ng\u00e0y, th\u01b0\u1eddng xuy\u00ean, li\u00ean t\u1ee5c tham gia trong qu\u00e1 tr\u00ecnh trao \u0111\u1ed5i ch\u1ea5t \u0111\u1ec3 t\u1ea1o m\u00e1u \u0111i nu\u00f4i c\u01a1 th\u1ec3 ch\u00fang ta m\u1ed7i ng\u00e0y.<\/p>","protected":false},"excerpt":{"rendered":"<p>Mu\u1ed1i NADI SALT xu\u1ea5t kh\u1ea9u Nh\u1eadt c\u1ee7a C\u00f4ng ty CP Mu\u1ed1i &amp; TM Nam \u0110\u1ecbnh l\u00e0 s\u1ea3n ph\u1ea9m:<br \/>\n&#8211; \u0110\u1ea1t ti\u00eau chu\u1ea9n xu\u1ea5t kh\u1ea9u Nh\u1eadt (\u0111\u00e3 v\u00e0 \u0111ang xu\u1ea5t kh\u1ea9u \u0111i Nh\u1eadt B\u1ea3n)<br \/>\n&#8211; Kh\u00f4ng nhi\u1ec5m vi nh\u1ef1a, gi\u00e0u vi kho\u00e1ng, h\u00e0m l\u01b0\u1ee3ng Natri th\u1ea5p, v\u1ecb m\u1eb7n ng\u1ecdt h\u1eadu&#8230;<br \/>\n<img decoding=\"async\" src=\"https:\/\/www.facebook.com\/images\/emoji.php\/v9\/t14\/1\/16\/2618.png\" alt=\"\u2618\" \/>C\u1ea3m quan: Tr\u1eafng b\u00f3ng, tinh th\u1ec3 h\u00ecnh kim c\u01b0\u01a1ng, b\u00f3p c\u00f3 th\u1ec3 v\u1ee1 tr\u00ean \u0111\u1ea7u ng\u00f3n tay&#8230;<br \/>\n<img decoding=\"async\" src=\"https:\/\/www.facebook.com\/images\/emoji.php\/v9\/t14\/1\/16\/2618.png\" alt=\"\u2618\" \/>H\u00e3y thay \u0111\u1ed5i suy ngh\u0129 mu\u1ed1i l\u00e0 k quan tr\u1ecdng v\u00ec ch\u1ec9 sd l\u01b0\u1ee3ng nh\u1ecf mu\u1ed1i nh\u01b0ng s\u1eed d\u1ee5ng h\u00e0ng ng\u00e0y, th\u01b0\u1eddng xuy\u00ean, li\u00ean t\u1ee5c tham gia trong qu\u00e1 tr\u00ecnh trao \u0111\u1ed5i ch\u1ea5t \u0111\u1ec3 t\u1ea1o m\u00e1u \u0111i nu\u00f4i c\u01a1 th\u1ec3 ch\u00fang ta m\u1ed7i ng\u00e0y.<\/p>","protected":false},"featured_media":2643,"comment_status":"open","ping_status":"closed","template":"","meta":{"_acf_changed":false},"product_cat":[318,320,22],"product_tag":[],"class_list":{"0":"post-2642","1":"product","2":"type-product","3":"status-publish","4":"has-post-thumbnail","6":"product_cat-gia-vi","7":"product_cat-gia-vi-khac","8":"product_cat-sanphamthucpham","10":"first","11":"instock","12":"shipping-taxable","13":"purchasable","14":"product-type-simple"},"acf":[],"_links":{"self":[{"href":"https:\/\/b2c.fairs.vn\/en\/wp-json\/wp\/v2\/product\/2642","targetHints":{"allow":["GET"]}}],"collection":[{"href":"https:\/\/b2c.fairs.vn\/en\/wp-json\/wp\/v2\/product"}],"about":[{"href":"https:\/\/b2c.fairs.vn\/en\/wp-json\/wp\/v2\/types\/product"}],"replies":[{"embeddable":true,"href":"https:\/\/b2c.fairs.vn\/en\/wp-json\/wp\/v2\/comments?post=2642"}],"version-history":[{"count":0,"href":"https:\/\/b2c.fairs.vn\/en\/wp-json\/wp\/v2\/product\/2642\/revisions"}],"wp:featuredmedia":[{"embeddable":true,"href":"https:\/\/b2c.fairs.vn\/en\/wp-json\/wp\/v2\/media\/2643"}],"wp:attachment":[{"href":"https:\/\/b2c.fairs.vn\/en\/wp-json\/wp\/v2\/media?parent=2642"}],"wp:term":[{"taxonomy":"product_cat","embeddable":true,"href":"https:\/\/b2c.fairs.vn\/en\/wp-json\/wp\/v2\/product_cat?post=2642"},{"taxonomy":"product_tag","embeddable":true,"href":"https:\/\/b2c.fairs.vn\/en\/wp-json\/wp\/v2\/product_tag?post=2642"}],"curies":[{"name":"wp","href":"https:\/\/api.w.org\/{rel}","templated":true}]}}