{"id":2631,"date":"2024-03-19T06:54:29","date_gmt":"2024-03-19T06:54:29","guid":{"rendered":"https:\/\/b2c.fairs.vn\/?post_type=product&#038;p=2631"},"modified":"2024-03-19T06:57:50","modified_gmt":"2024-03-19T06:57:50","slug":"tui-trong-du-lich-the-thao","status":"publish","type":"product","link":"https:\/\/b2c.fairs.vn\/en\/product\/tui-trong-du-lich-the-thao\/","title":{"rendered":"T\u00fai tr\u1ed1ng du l\u1ecbch \/ th\u1ec3 thao"},"content":{"rendered":"<ul>\n<li>T\u00fai \u00a0c\u00f3 3 c\u00e1ch \u0111eo ti\u1ec7n l\u1ee3i, v\u1eeba c\u00f3 th\u1ec3 \u0111eo ch\u00e9o v\u1eeba c\u00f3 th\u1ec3 x\u00e1ch tay v\u1eeba c\u00f3 th\u1ec3 m\u0103ng nh\u01b0 chi\u1ebfc Balo\u00a0t\u00f9y theo \u00fd th\u00edch.<\/li>\n<li>S\u1ea3n ph\u1ea9m thi\u1ebft k\u1ebf cho nhu c\u1ea7u Du l\u1ecbch, ch\u01a1i th\u1ec3 thao, t\u1eadp gyms<\/li>\n<li>Quai \u0111eo T\u00fai\u00a0vai c\u00f3 th\u1ec3 thay \u0111\u1ed5i \u0111\u1ed9 d\u00e0i linh ho\u1ea1t &#8211;\u00a0c\u00f3 th\u1ec3 th\u00e1o r\u1eddi khi kh\u00f4ng s\u1eed d\u1ee5ng,\u00a0m\u00f3c quai \u0111\u01b0\u1ee3c s\u1eed d\u1ee5ng lo\u1ea1i m\u00f3c nh\u1ef1a cao c\u1ea5p, ch\u00ednh h\u00e3ng.<\/li>\n<li>Quai x\u00e1ch t\u0103ng gi\u1ea3m th\u00edch h\u1ee3p v\u1edbi chi\u1ec1u cao ng\u01b0\u1eddi s\u1eed d\u1ee5ng; c\u00f3 th\u1ec3 \u0111i\u1ec1u ch\u1ec9nh quai x\u00e1ch ng\u1eafn l\u1ea1i \u0111\u1ec3 x\u00e1ch b\u1eb1ng tay ho\u1eb7c \u0111i\u1ec1u ch\u1ec9nh d\u00e0i ra \u0111\u1ec3 \u0111eo l\u00ean vai; c\u00f3 th\u1ec3 \u0111i\u1ec1u ch\u1ec9nh \u0111\u1ec3 \u0111eo sau l\u01b0ng nh\u01b0 m\u1ed9t chi\u1ebfc ba l\u00f4 th\u00f4ng th\u01b0\u1eddng.<\/li>\n<li>\u0110\u1ec7m vai quai \u0111eo mang l\u1ea1i c\u1ea3m gi\u00e1c tho\u1ea3i m\u00e1i khi s\u1eed d\u1ee5ng.<\/li>\n<\/ul>","protected":false},"excerpt":{"rendered":"<p>T\u00fai \u00a0c\u00f3 3 c\u00e1ch \u0111eo ti\u1ec7n l\u1ee3i, v\u1eeba c\u00f3 th\u1ec3 \u0111eo ch\u00e9o v\u1eeba c\u00f3 th\u1ec3 x\u00e1ch tay v\u1eeba c\u00f3 th\u1ec3<\/p>","protected":false},"featured_media":2637,"comment_status":"open","ping_status":"closed","template":"","meta":{"_acf_changed":false},"product_cat":[343],"product_tag":[],"class_list":{"0":"post-2631","1":"product","2":"type-product","3":"status-publish","4":"has-post-thumbnail","6":"product_cat-du-lich","8":"first","9":"instock","10":"shipping-taxable","11":"product-type-simple"},"acf":[],"_links":{"self":[{"href":"https:\/\/b2c.fairs.vn\/en\/wp-json\/wp\/v2\/product\/2631","targetHints":{"allow":["GET"]}}],"collection":[{"href":"https:\/\/b2c.fairs.vn\/en\/wp-json\/wp\/v2\/product"}],"about":[{"href":"https:\/\/b2c.fairs.vn\/en\/wp-json\/wp\/v2\/types\/product"}],"replies":[{"embeddable":true,"href":"https:\/\/b2c.fairs.vn\/en\/wp-json\/wp\/v2\/comments?post=2631"}],"version-history":[{"count":0,"href":"https:\/\/b2c.fairs.vn\/en\/wp-json\/wp\/v2\/product\/2631\/revisions"}],"wp:featuredmedia":[{"embeddable":true,"href":"https:\/\/b2c.fairs.vn\/en\/wp-json\/wp\/v2\/media\/2637"}],"wp:attachment":[{"href":"https:\/\/b2c.fairs.vn\/en\/wp-json\/wp\/v2\/media?parent=2631"}],"wp:term":[{"taxonomy":"product_cat","embeddable":true,"href":"https:\/\/b2c.fairs.vn\/en\/wp-json\/wp\/v2\/product_cat?post=2631"},{"taxonomy":"product_tag","embeddable":true,"href":"https:\/\/b2c.fairs.vn\/en\/wp-json\/wp\/v2\/product_tag?post=2631"}],"curies":[{"name":"wp","href":"https:\/\/api.w.org\/{rel}","templated":true}]}}