{"id":2628,"date":"2024-03-19T06:53:30","date_gmt":"2024-03-19T06:53:30","guid":{"rendered":"https:\/\/b2c.fairs.vn\/?post_type=product&#038;p=2628"},"modified":"2024-03-25T17:27:46","modified_gmt":"2024-03-25T10:27:46","slug":"muoi-epsom","status":"publish","type":"product","link":"https:\/\/b2c.fairs.vn\/en\/product\/muoi-epsom\/","title":{"rendered":"Mu\u1ed1i Epsom"},"content":{"rendered":"<p>C\u00d4NG D\u1ee4NG:<br \/>\n&#8211; T\u1eafm, r\u1eeda m\u1eb7t, d\u01b0\u1ee1ng da, lo\u1ea1i b\u1ecf vi khu\u1ea9n cho da, d\u00f9ng \u0111\u1ec3 tr\u1ecb c\u00e1c b\u1ec7nh ngo\u00e0i da nh\u01b0 vi\u00eam da, n\u1ed5i m\u1ea9n ng\u1ee9a, r\u00f4m s\u1ea3y, l\u00e0m l\u00e0nh nhanh c\u00e1c v\u1ebft th\u01b0\u01a1ng do mu\u1ed7i ho\u1eb7c c\u00f4n tr\u00f9ng c\u1eafn.<br \/>\n&#8211; D\u00f9ng \u0111\u1ec3 ch\u1ebf t\u1ea1o m\u1ef9 ph\u1ea9m d\u01b0\u1ee1ng da cao c\u1ea5p.<br \/>\n&#8211; Ng\u00e2m, t\u1eafm b\u1eb1ng mu\u1ed1i Epsom c\u00f3 t\u00e1c d\u1ee5ng gi\u1ea3m \u0111au x\u01b0\u01a1ng kh\u1edbp, l\u01b0u th\u00f4ng kinh m\u1ea1ch, \u0111i\u1ec1u h\u00f2a kh\u00ed huy\u1ebft, ng\u0103n ng\u1eeba x\u01a1 c\u1ee9ng \u0111\u1ed9ng m\u1ea1ch, gi\u1ea3i \u0111\u1ed9c c\u01a1 th\u1ec3, ch\u1ed1ng m\u1ea5t ng\u1ee7, gi\u00e3n c\u01a1 b\u1eafp, ch\u1ed1ng chu\u1ed9t r\u00fat v\u1ec1 \u0111\u00eam.<br \/>\n&#8211; T\u0103ng c\u01b0\u1eddng h\u1ea5p thu canxi, ch\u1ed1ng m\u1ee1 m\u00e1u, b\u00e9o ph\u00ec, c\u00e2n b\u1eb1ng \u0111\u01b0\u1eddng huy\u1ebft, gi\u1ea3m \u0111au do b\u1ec7nh Gous.<\/p>\n<p>C\u00c1CH S\u1eec D\u1ee4NG:<br \/>\n&#8211; Tr\u1ebb em t\u1eeb 1 &#8211; 10 tu\u1ed5i: H\u00f2a tan t\u01b0\u01a1ng \u1ee9ng 2 &#8211; 5g mu\u1ed1i\/1 l\u00edt n\u01b0\u1edbc.<br \/>\n&#8211; Ng\u01b0\u1eddi l\u1edbn: h\u00f2a tan t\u1eeb 5 &#8211; 10g mu\u1ed1i\/1 l\u00edt n\u01b0\u1edbc, d\u00f9ng \u0111\u1ec3 ng\u00e2m, t\u1eafm, ch\u01b0\u1eddm.<\/p>\n<p>B\u1ea2O QU\u1ea2N: \u0110\u1ec3 n\u01a1i kh\u00f4 r\u00e1o, d\u00f9ng xong kh\u00f3a mi\u1ec7ng t\u00fai b\u1eb1ng zip ch\u1ed1ng \u1ea9m.<\/p>","protected":false},"excerpt":{"rendered":"<p>C\u00d4NG D\u1ee4NG:<br \/>\n&#8211; T\u1eafm, r\u1eeda m\u1eb7t, d\u01b0\u1ee1ng da, lo\u1ea1i b\u1ecf vi khu\u1ea9n cho da, d\u00f9ng \u0111\u1ec3 tr\u1ecb c\u00e1c b\u1ec7nh ngo\u00e0i da nh\u01b0 vi\u00eam da, n\u1ed5i m\u1ea9n ng\u1ee9a, r\u00f4m s\u1ea3y, l\u00e0m l\u00e0nh nhanh c\u00e1c v\u1ebft th\u01b0\u01a1ng do mu\u1ed7i ho\u1eb7c c\u00f4n tr\u00f9ng c\u1eafn.<br \/>\n&#8211; D\u00f9ng \u0111\u1ec3 ch\u1ebf t\u1ea1o m\u1ef9 ph\u1ea9m d\u01b0\u1ee1ng da cao c\u1ea5p.<br \/>\n&#8211; Ng\u00e2m, t\u1eafm b\u1eb1ng mu\u1ed1i Epsom c\u00f3 t\u00e1c d\u1ee5ng gi\u1ea3m \u0111au x\u01b0\u01a1ng kh\u1edbp, l\u01b0u th\u00f4ng kinh m\u1ea1ch, \u0111i\u1ec1u h\u00f2a kh\u00ed huy\u1ebft, ng\u0103n ng\u1eeba x\u01a1 c\u1ee9ng \u0111\u1ed9ng m\u1ea1ch, gi\u1ea3i \u0111\u1ed9c c\u01a1 th\u1ec3, ch\u1ed1ng m\u1ea5t ng\u1ee7, gi\u00e3n c\u01a1 b\u1eafp, ch\u1ed1ng chu\u1ed9t r\u00fat v\u1ec1 \u0111\u00eam.<br \/>\n&#8211; T\u0103ng c\u01b0\u1eddng h\u1ea5p thu canxi, ch\u1ed1ng m\u1ee1 m\u00e1u, b\u00e9o ph\u00ec, c\u00e2n b\u1eb1ng \u0111\u01b0\u1eddng huy\u1ebft, gi\u1ea3m \u0111au do b\u1ec7nh Gous.<\/p>\n<p>C\u00c1CH S\u1eec D\u1ee4NG:<br \/>\n&#8211; Tr\u1ebb em t\u1eeb 1 &#8211; 10 tu\u1ed5i: H\u00f2a tan t\u01b0\u01a1ng \u1ee9ng 2 &#8211; 5g mu\u1ed1i\/1 l\u00edt n\u01b0\u1edbc.<br \/>\n&#8211; Ng\u01b0\u1eddi l\u1edbn: h\u00f2a tan t\u1eeb 5 &#8211; 10g mu\u1ed1i\/1 l\u00edt n\u01b0\u1edbc, d\u00f9ng \u0111\u1ec3 ng\u00e2m, t\u1eafm, ch\u01b0\u1eddm.<\/p>\n<p>B\u1ea2O QU\u1ea2N: \u0110\u1ec3 n\u01a1i kh\u00f4 r\u00e1o, d\u00f9ng xong kh\u00f3a mi\u1ec7ng t\u00fai b\u1eb1ng zip ch\u1ed1ng \u1ea9m.<\/p>","protected":false},"featured_media":8433,"comment_status":"open","ping_status":"closed","template":"","meta":{"_acf_changed":false},"product_cat":[318,320,22],"product_tag":[],"class_list":{"0":"post-2628","1":"product","2":"type-product","3":"status-publish","4":"has-post-thumbnail","6":"product_cat-gia-vi","7":"product_cat-gia-vi-khac","8":"product_cat-sanphamthucpham","10":"first","11":"instock","12":"shipping-taxable","13":"purchasable","14":"product-type-simple"},"acf":[],"_links":{"self":[{"href":"https:\/\/b2c.fairs.vn\/en\/wp-json\/wp\/v2\/product\/2628","targetHints":{"allow":["GET"]}}],"collection":[{"href":"https:\/\/b2c.fairs.vn\/en\/wp-json\/wp\/v2\/product"}],"about":[{"href":"https:\/\/b2c.fairs.vn\/en\/wp-json\/wp\/v2\/types\/product"}],"replies":[{"embeddable":true,"href":"https:\/\/b2c.fairs.vn\/en\/wp-json\/wp\/v2\/comments?post=2628"}],"version-history":[{"count":0,"href":"https:\/\/b2c.fairs.vn\/en\/wp-json\/wp\/v2\/product\/2628\/revisions"}],"wp:featuredmedia":[{"embeddable":true,"href":"https:\/\/b2c.fairs.vn\/en\/wp-json\/wp\/v2\/media\/8433"}],"wp:attachment":[{"href":"https:\/\/b2c.fairs.vn\/en\/wp-json\/wp\/v2\/media?parent=2628"}],"wp:term":[{"taxonomy":"product_cat","embeddable":true,"href":"https:\/\/b2c.fairs.vn\/en\/wp-json\/wp\/v2\/product_cat?post=2628"},{"taxonomy":"product_tag","embeddable":true,"href":"https:\/\/b2c.fairs.vn\/en\/wp-json\/wp\/v2\/product_tag?post=2628"}],"curies":[{"name":"wp","href":"https:\/\/api.w.org\/{rel}","templated":true}]}}