{"id":2625,"date":"2024-03-19T06:54:45","date_gmt":"2024-03-19T06:54:45","guid":{"rendered":"https:\/\/b2c.fairs.vn\/?post_type=product&#038;p=2625"},"modified":"2024-03-19T06:54:46","modified_gmt":"2024-03-19T06:54:46","slug":"hoa-du-du-duc-ngam-mat-ong-binh-minh","status":"publish","type":"product","link":"https:\/\/b2c.fairs.vn\/en\/product\/hoa-du-du-duc-ngam-mat-ong-binh-minh\/","title":{"rendered":"Hoa \u0111u \u0111\u1ee7 \u0111\u1ef1c Ng\u00e2m m\u1eadt ong B\u00ecnh Minh"},"content":{"rendered":"<div>\n<div>\n<div>\n<div class=\"flex items-center my-3\"><span class=\"flex\"><img decoding=\"async\" class=\"rounded-sm w-100px h-100px m-1 cursor-pointer border-solid border-1 border-red-500 aligncenter\" title=\"Hoa \u0111u \u0111\u1ee7 \u0111\u1ef1c Ng\u00e2m m\u1eadt ong B\u00ecnh Minh\" src=\"https:\/\/a.fairs.vn\/image\/1704277070188_302807568_A%C3%8C%C2%89nh%20ma%C3%8C%C2%80n%20hi%C3%8C%C2%80nh%202024-01-03%20lu%C3%8C%C2%81c%2017.12.32.png\" srcset=\"https:\/\/a.fairs.vn\/image\/1704277070188_302807568_A\u00cc\u0089nh ma\u00cc\u0080n hi\u00cc\u0080nh 2024-01-03 lu\u00cc\u0081c 17.12.32.png 1x, https:\/\/a.fairs.vn\/image\/1704277070188_302807568_A\u00cc\u0089nh ma\u00cc\u0080n hi\u00cc\u0080nh 2024-01-03 lu\u00cc\u0081c 17.12.32.png 2x\" alt=\"Hoa \u0111u \u0111\u1ee7 \u0111\u1ef1c Ng\u00e2m m\u1eadt ong B\u00ecnh Minh\" width=\"100\" height=\"100\" data-nuxt-img=\"\" \/><\/span><\/div>\n<\/div>\n<\/div>\n<\/div>\n<div class=\"flex flex-col px-10\">\n<h2 class=\"my-1 font-bold text-2xl\">Hoa \u0111u \u0111\u1ee7 \u0111\u1ef1c Ng\u00e2m m\u1eadt ong B\u00ecnh Minh<\/h2>\n<p>Hoa \u0111u \u0111\u1ee7 \u0111\u1ef1c ng\u00e2m m\u1eadt ong \u0111\u01b0\u1ee3c xem l\u00e0 m\u1ed9t lo\u1ea1i th\u1ee9c u\u1ed1ng v\u00f4 c\u00f9ng b\u1ed5 d\u01b0\u1ee1ng v\u1edbi nhi\u1ec1u c\u00f4ng d\u1ee5ng r\u1ea5t t\u1ed1t cho s\u1ee9c kh\u1ecfe.<\/p>\n<ul>\n<li>\u0110i\u1ec1u tr\u1ecb b\u1ec7nh ti\u1ec3u \u0111\u01b0\u1eddng<\/li>\n<li>\u0110i\u1ec1u tr\u1ecb b\u1ec7nh l\u00fd \u0111\u01b0\u1eddng ti\u00eau h\u00f3a<\/li>\n<li>Gi\u1ea3m cholesterol m\u00e1u, \u1ed5n \u0111\u1ecbnh huy\u1ebft \u00e1p<\/li>\n<li>\u0110i\u1ec1u tr\u1ecb ho, vi\u00eam h\u1ecdng<\/li>\n<li>Ph\u00f2ng ng\u1eeba ung th\u01b0<\/li>\n<li>Ng\u1eeba \u0111\u1ed9t qu\u1ef5, \u0111au tim<\/li>\n<li>H\u1ed7 tr\u1ee3 gi\u1ea3m c\u00e2n<\/li>\n<\/ul>\n<p>B\u1ea3o qu\u1ea3n: N\u01a1i kh\u00f4 r\u00e1o, tho\u00e1ng m\u00e1t<\/p>\n<\/div>","protected":false},"excerpt":{"rendered":"<p>Hoa \u0111u \u0111\u1ee7 \u0111\u1ef1c Ng\u00e2m m\u1eadt ong B\u00ecnh Minh Hoa \u0111u \u0111\u1ee7 \u0111\u1ef1c ng\u00e2m m\u1eadt ong \u0111\u01b0\u1ee3c xem l\u00e0 m\u1ed9t<\/p>","protected":false},"featured_media":2636,"comment_status":"open","ping_status":"closed","template":"","meta":{"_acf_changed":false},"product_cat":[332,312,22,310],"product_tag":[],"class_list":{"0":"post-2625","1":"product","2":"type-product","3":"status-publish","4":"has-post-thumbnail","6":"product_cat-san-pham-duoc-lieu-va-san-pham-tu-duoc-lieu","7":"product_cat-mat-ong-mat-khac-va-nong-san-thuc-pham-khac","8":"product_cat-sanphamthucpham","9":"product_cat-thuc-pham-tho-so-che","11":"first","12":"instock","13":"shipping-taxable","14":"product-type-simple"},"acf":[],"_links":{"self":[{"href":"https:\/\/b2c.fairs.vn\/en\/wp-json\/wp\/v2\/product\/2625","targetHints":{"allow":["GET"]}}],"collection":[{"href":"https:\/\/b2c.fairs.vn\/en\/wp-json\/wp\/v2\/product"}],"about":[{"href":"https:\/\/b2c.fairs.vn\/en\/wp-json\/wp\/v2\/types\/product"}],"replies":[{"embeddable":true,"href":"https:\/\/b2c.fairs.vn\/en\/wp-json\/wp\/v2\/comments?post=2625"}],"version-history":[{"count":0,"href":"https:\/\/b2c.fairs.vn\/en\/wp-json\/wp\/v2\/product\/2625\/revisions"}],"wp:featuredmedia":[{"embeddable":true,"href":"https:\/\/b2c.fairs.vn\/en\/wp-json\/wp\/v2\/media\/2636"}],"wp:attachment":[{"href":"https:\/\/b2c.fairs.vn\/en\/wp-json\/wp\/v2\/media?parent=2625"}],"wp:term":[{"taxonomy":"product_cat","embeddable":true,"href":"https:\/\/b2c.fairs.vn\/en\/wp-json\/wp\/v2\/product_cat?post=2625"},{"taxonomy":"product_tag","embeddable":true,"href":"https:\/\/b2c.fairs.vn\/en\/wp-json\/wp\/v2\/product_tag?post=2625"}],"curies":[{"name":"wp","href":"https:\/\/api.w.org\/{rel}","templated":true}]}}