{"id":2616,"date":"2024-03-19T06:49:21","date_gmt":"2024-03-19T06:49:21","guid":{"rendered":"https:\/\/b2c.fairs.vn\/?post_type=product&#038;p=2616"},"modified":"2024-03-19T06:49:21","modified_gmt":"2024-03-19T06:49:21","slug":"tinh-dau-chanh","status":"publish","type":"product","link":"https:\/\/b2c.fairs.vn\/en\/product\/tinh-dau-chanh\/","title":{"rendered":"Tinh d\u1ea7u chanh"},"content":{"rendered":"<p>Th\u00e0nh ph\u1ea7n:<\/p>\n<ul>\n<li>Tinh d\u1ea7u chanh nguy\u00ean ch\u1ea5t<\/li>\n<\/ul>\n<p>H\u01b0\u1edbng d\u1eabn s\u1eed d\u1ee5ng:<\/p>\n<ul>\n<li>D\u00f9ng cho pha ch\u1ebf n\u01b0\u1edbc gi\u1ea3i kh\u00e1t, gia v\u1ecb cho c\u00e1c m\u00f3n \u0103n<\/li>\n<li>D\u00f9ng t\u1ea1o m\u00f9i th\u01a1m t\u1ef1 nhi\u00ean cho kh\u00f4ng gian s\u1ed1ng trong l\u00e0nh<\/li>\n<\/ul>\n<p>B\u1ea3o qu\u1ea3n:<\/p>\n<ul>\n<li>N\u01a1i kh\u00f4 m\u00e1t, tr\u00e1nh \u00e1nh n\u1eafng tr\u1ef1c ti\u1ebfp<\/li>\n<\/ul>","protected":false},"excerpt":{"rendered":"<p>Th\u00e0nh ph\u1ea7n: Tinh d\u1ea7u chanh nguy\u00ean ch\u1ea5t H\u01b0\u1edbng d\u1eabn s\u1eed d\u1ee5ng: D\u00f9ng cho pha ch\u1ebf n\u01b0\u1edbc gi\u1ea3i kh\u00e1t, gia v\u1ecb<\/p>","protected":false},"featured_media":2618,"comment_status":"open","ping_status":"closed","template":"","meta":{"_acf_changed":false},"product_cat":[332,335],"product_tag":[],"class_list":{"0":"post-2616","1":"product","2":"type-product","3":"status-publish","4":"has-post-thumbnail","6":"product_cat-san-pham-duoc-lieu-va-san-pham-tu-duoc-lieu","7":"product_cat-tinh-dau-va-thao-duoc-khac","9":"first","10":"instock","11":"shipping-taxable","12":"product-type-simple"},"acf":[],"_links":{"self":[{"href":"https:\/\/b2c.fairs.vn\/en\/wp-json\/wp\/v2\/product\/2616","targetHints":{"allow":["GET"]}}],"collection":[{"href":"https:\/\/b2c.fairs.vn\/en\/wp-json\/wp\/v2\/product"}],"about":[{"href":"https:\/\/b2c.fairs.vn\/en\/wp-json\/wp\/v2\/types\/product"}],"replies":[{"embeddable":true,"href":"https:\/\/b2c.fairs.vn\/en\/wp-json\/wp\/v2\/comments?post=2616"}],"version-history":[{"count":0,"href":"https:\/\/b2c.fairs.vn\/en\/wp-json\/wp\/v2\/product\/2616\/revisions"}],"wp:featuredmedia":[{"embeddable":true,"href":"https:\/\/b2c.fairs.vn\/en\/wp-json\/wp\/v2\/media\/2618"}],"wp:attachment":[{"href":"https:\/\/b2c.fairs.vn\/en\/wp-json\/wp\/v2\/media?parent=2616"}],"wp:term":[{"taxonomy":"product_cat","embeddable":true,"href":"https:\/\/b2c.fairs.vn\/en\/wp-json\/wp\/v2\/product_cat?post=2616"},{"taxonomy":"product_tag","embeddable":true,"href":"https:\/\/b2c.fairs.vn\/en\/wp-json\/wp\/v2\/product_tag?post=2616"}],"curies":[{"name":"wp","href":"https:\/\/api.w.org\/{rel}","templated":true}]}}