{"id":2615,"date":"2024-03-19T06:51:47","date_gmt":"2024-03-19T06:51:47","guid":{"rendered":"https:\/\/b2c.fairs.vn\/?post_type=product&#038;p=2615"},"modified":"2024-03-25T17:26:48","modified_gmt":"2024-03-25T10:26:48","slug":"bot-canh-royal","status":"publish","type":"product","link":"https:\/\/b2c.fairs.vn\/en\/product\/bot-canh-royal\/","title":{"rendered":"B\u1ed9t canh royal"},"content":{"rendered":"<p>TH\u00c0NH PH\u1ea6N:<br \/>\n&#8211; Mu\u1ed1i nh\u1ea1t ROYAL l\u00e0 mu\u1ed1i gi\u1ea7u c\u00e1c lo\u1ea1i vi kho\u00e1ng c\u1ee7a n\u01b0\u1edbc bi\u1ec3n \u0111\u1ea1i d\u01b0\u01a1ng Mg, K, Ca, S, Fe, I, Zn, P, F, Se, Cu, Mo, Mn c\u00f3 t\u1ef7 l\u1ec7 c\u00e2n b\u1eb1ng t\u1ef1 nhi\u00ean c\u1ea7n cho c\u01a1 th\u1ec3.<br \/>\n&#8211; Ho\u1ea1t ch\u1ea5t dinh d\u01b0\u1ee1ng h\u1eefu c\u01a1 t\u1ef1 nhi\u00ean: Piperine, Caroten, Allicin, Liallul sunfid, Aoen, Beta &#8211; carotene, Lutein, Lycopene, Polyacetylenes, Athocyanins, Curcumin, Vitamin A, Vitamin C, Vitamin B1, B2, B3, B5, B6, B12.<br \/>\n&#8211; B\u1ed9t ng\u1ecdt, \u0111\u01b0\u1eddng m\u00eda, c\u00e0 r\u1ed1t, \u1edbt ng\u1ecdt, h\u00e0nh l\u00e1, t\u1ecfi ta, h\u1ed3 ti\u00eau.<\/p>\n<p>C\u00d4NG D\u1ee4NG:<br \/>\n&#8211; L\u00e0m gia v\u1ecb ch\u00eam, n\u00eam cho ch\u1ebf bi\u1ebfn th\u1ee9c \u0103n.<br \/>\n&#8211; B\u1ed5 sung th\u00eam c\u00e1c vitamin v\u00e0 vi kho\u00e1ng t\u1ef1 nhi\u00ean cho b\u1eefa \u0103n.<\/p>\n<p>T\u00c1C D\u1ee4NG:<br \/>\n&#8211; Ph\u00f2ng b\u1ec7nh b\u1eb1ng gi\u1ea3i ph\u00e1p b\u1ed5 sung \u0111\u1ec1u \u0111\u1eb7n m\u1ed7i ng\u00e0y m\u1ed9t l\u01b0\u1ee3ng nh\u1ecf c\u00e1c lo\u1ea1i Vitamin v\u00e0 Kho\u00e1ng ch\u1ea5t thi\u1ebft y\u1ebfu v\u00e0o b\u1eefa \u0103n.<br \/>\n&#8211; \u0110\u00e0o th\u1ea3i nhanh c\u00e1c ch\u1ea5t d\u01b0 th\u1eeba, c\u00e1c \u0111\u1ed9c t\u1ed1, c\u1eb7n b\u00e3 &amp; kim lo\u1ea1i n\u1eb7ng xu\u1ea5t hi\u1ec7n trong c\u01a1 th\u1ec3 do \u0103n u\u1ed1ng v\u00e0 m\u00f4i tr\u01b0\u1eddng g\u00e2y n\u00ean.<br \/>\n&#8211; Gi\u1ea3m huy\u1ebft \u00e1p cao, ph\u00f2ng b\u1ec7nh ti\u1ec3u \u0111\u01b0\u1eddng: b\u00e9o ph\u00ec v\u00e0 bi\u1ebfn ch\u1ee9ng c\u1ee7a n\u00f3.<br \/>\n&#8211; B\u1ea3o v\u1ec7 h\u1ec7 tim m\u1ea1ch, ng\u0103n ng\u1eeba tai bi\u1ebfn, \u0111\u1ed9t qu\u1ef5, T\u0103ng ch\u1ea5t ch\u1ed1ng oxy h\u00f3a.<br \/>\n&#8211; T\u0103ng s\u1ee9c \u0111\u1ec1 kh\u00e1ng c\u01a1 th\u1ec3, ph\u00f2ng ch\u1ed1ng ung th\u01b0, nhi\u1ec5m \u0111\u1ed9c, nhi\u1ec5m khu\u1ea9n.<\/p>\n<p>B\u1ea2O QU\u1ea2N: \u0110\u1ec3 n\u01a1i kh\u00f4 r\u00e1o, d\u00f9ng xong kh\u00f3a mi\u1ec7ng t\u00fai b\u1eb1ng zip ch\u1ed1ng \u1ea9m.<\/p>","protected":false},"excerpt":{"rendered":"<p>TH\u00c0NH PH\u1ea6N:<br \/>\n&#8211; Mu\u1ed1i nh\u1ea1t ROYAL l\u00e0 mu\u1ed1i gi\u1ea7u c\u00e1c lo\u1ea1i vi kho\u00e1ng c\u1ee7a n\u01b0\u1edbc bi\u1ec3n \u0111\u1ea1i d\u01b0\u01a1ng Mg, K, Ca, S, Fe, I, Zn, P, F, Se, Cu, Mo, Mn c\u00f3 t\u1ef7 l\u1ec7 c\u00e2n b\u1eb1ng t\u1ef1 nhi\u00ean c\u1ea7n cho c\u01a1 th\u1ec3.<br \/>\n&#8211; Ho\u1ea1t ch\u1ea5t dinh d\u01b0\u1ee1ng h\u1eefu c\u01a1 t\u1ef1 nhi\u00ean: Piperine, Caroten, Allicin, Liallul sunfid, Aoen, Beta &#8211; carotene, Lutein, Lycopene, Polyacetylenes, Athocyanins, Curcumin, Vitamin A, Vitamin C, Vitamin B1, B2, B3, B5, B6, B12.<br \/>\n&#8211; B\u1ed9t ng\u1ecdt, \u0111\u01b0\u1eddng m\u00eda, c\u00e0 r\u1ed1t, \u1edbt ng\u1ecdt, h\u00e0nh l\u00e1, t\u1ecfi ta, h\u1ed3 ti\u00eau.<\/p>\n<p>C\u00d4NG D\u1ee4NG:<br \/>\n&#8211; L\u00e0m gia v\u1ecb ch\u00eam, n\u00eam cho ch\u1ebf bi\u1ebfn th\u1ee9c \u0103n.<br \/>\n&#8211; B\u1ed5 sung th\u00eam c\u00e1c vitamin v\u00e0 vi kho\u00e1ng t\u1ef1 nhi\u00ean cho b\u1eefa \u0103n.<\/p>\n<p>T\u00c1C D\u1ee4NG:<br \/>\n&#8211; Ph\u00f2ng b\u1ec7nh b\u1eb1ng gi\u1ea3i ph\u00e1p b\u1ed5 sung \u0111\u1ec1u \u0111\u1eb7n m\u1ed7i ng\u00e0y m\u1ed9t l\u01b0\u1ee3ng nh\u1ecf c\u00e1c lo\u1ea1i Vitamin v\u00e0 Kho\u00e1ng ch\u1ea5t thi\u1ebft y\u1ebfu v\u00e0o b\u1eefa \u0103n.<br \/>\n&#8211; \u0110\u00e0o th\u1ea3i nhanh c\u00e1c ch\u1ea5t d\u01b0 th\u1eeba, c\u00e1c \u0111\u1ed9c t\u1ed1, c\u1eb7n b\u00e3 &amp; kim lo\u1ea1i n\u1eb7ng xu\u1ea5t hi\u1ec7n trong c\u01a1 th\u1ec3 do \u0103n u\u1ed1ng v\u00e0 m\u00f4i tr\u01b0\u1eddng g\u00e2y n\u00ean.<br \/>\n&#8211; Gi\u1ea3m huy\u1ebft \u00e1p cao, ph\u00f2ng b\u1ec7nh ti\u1ec3u \u0111\u01b0\u1eddng: b\u00e9o ph\u00ec v\u00e0 bi\u1ebfn ch\u1ee9ng c\u1ee7a n\u00f3.<br \/>\n&#8211; B\u1ea3o v\u1ec7 h\u1ec7 tim m\u1ea1ch, ng\u0103n ng\u1eeba tai bi\u1ebfn, \u0111\u1ed9t qu\u1ef5, T\u0103ng ch\u1ea5t ch\u1ed1ng oxy h\u00f3a.<br \/>\n&#8211; T\u0103ng s\u1ee9c \u0111\u1ec1 kh\u00e1ng c\u01a1 th\u1ec3, ph\u00f2ng ch\u1ed1ng ung th\u01b0, nhi\u1ec5m \u0111\u1ed9c, nhi\u1ec5m khu\u1ea9n.<\/p>\n<p>B\u1ea2O QU\u1ea2N: \u0110\u1ec3 n\u01a1i kh\u00f4 r\u00e1o, d\u00f9ng xong kh\u00f3a mi\u1ec7ng t\u00fai b\u1eb1ng zip ch\u1ed1ng \u1ea9m.<\/p>","protected":false},"featured_media":8429,"comment_status":"open","ping_status":"closed","template":"","meta":{"_acf_changed":false},"product_cat":[318,320,22],"product_tag":[],"class_list":{"0":"post-2615","1":"product","2":"type-product","3":"status-publish","4":"has-post-thumbnail","6":"product_cat-gia-vi","7":"product_cat-gia-vi-khac","8":"product_cat-sanphamthucpham","10":"first","11":"instock","12":"shipping-taxable","13":"purchasable","14":"product-type-simple"},"acf":[],"_links":{"self":[{"href":"https:\/\/b2c.fairs.vn\/en\/wp-json\/wp\/v2\/product\/2615","targetHints":{"allow":["GET"]}}],"collection":[{"href":"https:\/\/b2c.fairs.vn\/en\/wp-json\/wp\/v2\/product"}],"about":[{"href":"https:\/\/b2c.fairs.vn\/en\/wp-json\/wp\/v2\/types\/product"}],"replies":[{"embeddable":true,"href":"https:\/\/b2c.fairs.vn\/en\/wp-json\/wp\/v2\/comments?post=2615"}],"version-history":[{"count":0,"href":"https:\/\/b2c.fairs.vn\/en\/wp-json\/wp\/v2\/product\/2615\/revisions"}],"wp:featuredmedia":[{"embeddable":true,"href":"https:\/\/b2c.fairs.vn\/en\/wp-json\/wp\/v2\/media\/8429"}],"wp:attachment":[{"href":"https:\/\/b2c.fairs.vn\/en\/wp-json\/wp\/v2\/media?parent=2615"}],"wp:term":[{"taxonomy":"product_cat","embeddable":true,"href":"https:\/\/b2c.fairs.vn\/en\/wp-json\/wp\/v2\/product_cat?post=2615"},{"taxonomy":"product_tag","embeddable":true,"href":"https:\/\/b2c.fairs.vn\/en\/wp-json\/wp\/v2\/product_tag?post=2615"}],"curies":[{"name":"wp","href":"https:\/\/api.w.org\/{rel}","templated":true}]}}