{"id":2606,"date":"2024-03-19T06:44:32","date_gmt":"2024-03-19T06:44:32","guid":{"rendered":"https:\/\/b2c.fairs.vn\/?post_type=product&#038;p=2606"},"modified":"2024-03-25T17:30:44","modified_gmt":"2024-03-25T10:30:44","slug":"muoi-nhat","status":"publish","type":"product","link":"https:\/\/b2c.fairs.vn\/en\/product\/muoi-nhat\/","title":{"rendered":"Mu\u1ed1i nh\u1ea1t"},"content":{"rendered":"<p><strong>MU\u1ed0I BI\u1ec2N NH\u1ea0T ROYAL B\u1ea2O V\u1ec6 S\u1ee8C KH\u1eceE C\u1ed8NG \u0110\u1ed2NG.( N\u00d3I KH\u00d4NG V\u1edaI B\u1ec6NH T\u1eacT)\u00a0 B\u1edeI MU\u1ed0I GI\u00c0U KHO\u00c1NG CH\u1ea4T\u00a0C\u00d3 T\u00c1C D\u1ee4NG TH\u1ea2I \u0110\u1ed8C T\u1ed0T NH\u1ea4T\u00a0<\/strong><\/p>\n<p><strong>N\u1ebeU B\u1ea0N B\u1eca M\u1ec6T THAY V\u00cc PH\u1ea2I V\u00c0O BV\u00a0CHUY\u1ec0N N\u01af\u1edaC TH\u00cc B\u1ea0N H\u00c3Y :<\/strong><\/p>\n<p><strong>\u0102n, u\u1ed1ng m\u1ed9t ng\u00e0y 3 ly n\u01b0\u1edbc chanh mu\u1ed1i bi\u1ec3n nh\u1ea1t ROYAL h\u1eb1ng ng\u00e0y \u0111\u1ec3 b\u00f9 n\u01b0\u1edbc v\u00e0\u00a0kho\u00e1ng v\u00ec:<\/strong><br \/>\n<i><strong>Mu\u1ed1i gi\u00e0u vi l\u01b0\u1ee3ng,\u00a0gi\u00e0u kho\u00e1ng ch\u1ea5t n\u00e2ng cao s\u1ee9c \u0111\u1ec1 kh\u00e1ng\u00a0t\u1ed1t cho s\u1ee9c kh\u1ecfe \u1edf m\u1ecdi l\u1ee9a tu\u1ed5i (\u0111\u1eb7c bi\u1ec7t t\u1ed1t cho tr\u1ebb em, ng\u01b0\u1eddi b\u1ecb tim m\u1ea1ch,\u00a0cao huy\u1ebft \u00e1p, suy th\u1eadn,\u00a0ti\u1ec3u \u0111\u01b0\u1eddng v.v&#8230;).<\/strong><\/i><br \/>\nH\u00e3y b\u1ea3o v\u1ec7 s\u1ee9c kh\u1ecfe c\u1ee7a b\u1ea1n v\u00e0 gia \u0111\u00ecnh b\u1ea1n t\u1ed1t nh\u1ea5t, hi\u1ec7u qu\u1ea3 nh\u1ea5t kh\u00f4ng t\u1ed1n k\u00e9m m\u00e0 \u0111\u01b0\u1ee3c b\u1ed5 sung t\u1edbi tr\u00ean 80 vi l\u01b0\u1ee3ng c\u1ea7n thi\u1ebft cho c\u01a1 th\u1ec3 khi n\u1ea5u \u0103n, u\u1ed1ng h\u1eb1ng ng\u00e0y\u00a0v\u00ec mu\u1ed1i bi\u1ec3n nh\u1ea1t Royal c\u00f3 Sodium (Na) \u00edt h\u01a1n 30% mu\u1ed1i th\u00f4ng th\u01b0\u1eddng\u00a0nh\u01b0ng l\u1ea1i c\u00f3 Potassium (K), Na\/K ph\u00f9 h\u1ee3p t\u01b0\u01a1ng th\u00edch v\u1edbi t\u1ebf b\u00e0o m\u00f4 c\u01a1 th\u1ec3 ng\u01b0\u1eddi v\u00e0\u00a0Magnesium (Mg) cao h\u01a1n so v\u1edbi mu\u1ed1i \u0103n th\u00f4ng th\u01b0\u1eddng gi\u00fap gia \u0111\u00ecnh b\u1ea1n th\u01b0\u1eddng xuy\u00ean \u0111\u01b0\u1ee3c b\u1ed5 xung c\u00f9ng v\u1edbi\u00a0c\u00e1c vi l\u01b0\u1ee3ng qu\u00fd hi\u1ebfm t\u1ef1 nhi\u00ean kh\u00e1c\u00a0c\u00f3 trong n\u01b0\u1edbc bi\u1ec3n \u0111\u1ec3 thanh l\u1ecdc, \u0111\u00e0o th\u1ea3i \u0111\u1ed9c t\u1ed1,\u00a0n\u00e2ng cao s\u1ee9c \u0111\u1ec1 kh\u00e1ng b\u1ec1n v\u1eefng cho c\u01a1 th\u1ec3 b\u1ea1n v\u00e0 gia \u0111\u00ecnh hi\u1ec7u qu\u1ea3 nh\u1ea5t.<\/p>\n<p><strong>M\u1ed9t s\u1ed1 th\u00f4ng s\u1ed1 mu\u1ed1i bi\u1ec3n nh\u1ea1t Royal<\/strong><\/p>\n<p>&#8211; Sodium (Na) &gt;\u00a027,5%.<br \/>\n&#8211; Potassium (K) \u2265 6,8%.<br \/>\n&#8211; Magnesium (Mg) \u2265 3,4%.<br \/>\n&#8211; Canxium (Ca) &lt; 0,2%.<br \/>\n&#8211; &#8230; c\u00f9ng nhi\u1ec1u vi kho\u00e1ng t\u1eeb n\u01b0\u1edbc bi\u1ec3n.<\/p>\n<p>Mu\u1ed1i bi\u1ec3n nh\u1ea1t Royal gi\u00fap b\u1ea1n (n\u00f3i kh\u00f4ng v\u1edbi b\u1ec7nh vi\u1ec7n) do c\u00f3 gi\u00e0u v\u1ecb l\u01b0\u1ee3ng\u00a0kho\u00e1ng ch\u1ea5t t\u1ef1 nhi\u00ean, n\u00e2ng cao s\u1ee9c \u0111\u1ec1 kh\u00e1ng c\u1ee7a b\u1ea1n m\u1ed7i ng\u00e0y nh\u1edd c\u00f3 gi\u00e0u Potassium (K), Magnesium (Mg) v\u00e0 Canxium (Ca) v\u1eeba \u0111\u1ee7 c\u00f9ng v\u1edbi tr\u00ean 80\u00a0nguy\u00ean t\u1ed1 vi kho\u00e1ng qu\u00fd hi\u1ebfm t\u1ef1 nhi\u00ean c\u00f3 t\u1eeb n\u01b0\u1edbc bi\u1ec3n\u00a0khi c\u00e1c b\u1ea1n n\u00eam, n\u1ea5u \u0103n, u\u1ed1ng h\u1eb1ng ng\u00e0y \u0111\u1ec3 \u0111\u01b0\u1ee3c b\u00f9 \u0111\u1ee7 tr\u00ean 80\u00a0vi l\u01b0\u1ee3ng\u00a0kho\u00e1ng ch\u1ea5t v\u00e0o c\u01a1 th\u1ec3\u00a0\u0111\u1ec3 ng\u0103n ng\u1eeba, ph\u00f2ng ch\u1ed1ng c\u00e1c b\u1ec7nh:<\/p>\n<p>&#8211; R\u1ed1i lo\u1ea1n chuy\u1ec3n h\u00f3a.<br \/>\n&#8211; Tim m\u1ea1ch, huy\u1ebft \u00e1p cao, \u0111\u1ed9t qu\u1ef5<br \/>\n&#8211; M\u1ee1 m\u00e1u, b\u00e9o ph\u00ec, ti\u1ec3u \u0111\u01b0\u1eddng.<br \/>\n&#8211; Lo\u00e3ng x\u01b0\u01a1ng, tho\u00e1i h\u00f3a kh\u1edbp &#8211; s\u1ee5n.<br \/>\n&#8211; Suy th\u1eadn, s\u1ecfi th\u1eadn.<br \/>\n&#8211; S\u1ed1t, c\u1ea3m c\u00fam do c\u00e1c lo\u1ea1i Viruts.<\/p>\n<p>Mu\u1ed1i bi\u1ec3n nh\u1ea1t Royal n\u00eam v\u00e0o n\u01b0\u1edbc hoa qu\u1ea3, chanh&#8230; u\u1ed1ng \u0111\u1ec3 b\u00f9 n\u01b0\u1edbc, kho\u00e1ng l\u00e0 ch\u1ea5t \u0111i\u1ec7n gi\u1ea3i th\u1ea3i \u0111\u1ed9c t\u1ed1 trong c\u01a1 th\u1ec3,\u00a0kh\u00f4i ph\u1ee5c s\u1ee9c kh\u1ecfe do b\u1ecb m\u1ea5t n\u01b0\u1edbc sau \u1ed1m, lao \u0111\u1ed9ng m\u1ec7t nh\u1ecdc, th\u1ec3 thao m\u1ea5t nhi\u1ec1u m\u1ed3 h\u00f4i, say n\u1eafng vv&#8230; v\u00ec mu\u1ed1i c\u00f3 h\u00e0m l\u01b0\u1ee3ng Kali, Magne, canxi\u00a0cao l\u00e0 th\u00e0nh ph\u1ea7n ch\u00ednh ch\u1ea5t \u0111i\u1ec7n gi\u1ea3i v\u00e0 kho\u00e1ng ch\u1ea5t c\u1ea7n thi\u1ebft cho c\u01a1 th\u1ec3, Kali l\u00e0m vi\u1ec7c c\u00f9ng v\u1edbi Natri v\u00e0 Clo \u0111\u1ec3 duy tr\u00ec s\u1ef1 c\u00e2n b\u1eb1ng pH v\u00e0 ph\u00e2n ph\u1ed1i ch\u1ea5t l\u1ecfng. N\u00f3 quy \u0111\u1ecbnh c\u00e1c t\u00edn hi\u1ec7u th\u1ea7n kinh, co c\u01a1, huy\u1ebft \u00e1p, nh\u1ecbp tim v\u00e0 chuy\u1ec3n c\u00e1c ch\u1ea5t dinh d\u01b0\u1ee1ng qua m\u00e0ng t\u1ebf b\u00e0o. Kali l\u00e0 c\u1ea7n thi\u1ebft cho qu\u00e1 tr\u00ecnh chuy\u1ec3n h\u00f3a Cacbonhydro, Protein t\u1ed5ng h\u1ee3p, b\u00e0i ti\u1ebft Insulin, Glucose l\u01b0u tr\u1eef v\u00e0 b\u00e0i ti\u1ebft ch\u1ea5t th\u1ea3i c\u1ee7a c\u01a1 th\u1ec3. Pha lo\u00e3ng h\u00e0m l\u01b0\u1ee3ng 0,9% ng\u1eadm s\u00fac mi\u1ec7ng bu\u1ed5i s\u00e1ng, bu\u1ed5i t\u1ed1i ng\u1eeba s\u00e2u r\u0103ng v\u00e0 l\u00e0m ch\u1eafc r\u0103ng, r\u1eeda m\u1eb7t \u0111\u1ec3 l\u00e0n da kh\u1ecfe v\u00e0 m\u1ecbn m\u00e0ng vv&#8230;<\/p>","protected":false},"excerpt":{"rendered":"<p><strong>MU\u1ed0I BI\u1ec2N NH\u1ea0T ROYAL B\u1ea2O V\u1ec6 S\u1ee8C KH\u1eceE C\u1ed8NG \u0110\u1ed2NG.( N\u00d3I KH\u00d4NG V\u1edaI B\u1ec6NH T\u1eacT)\u00a0 B\u1edeI MU\u1ed0I GI\u00c0U KHO\u00c1NG CH\u1ea4T\u00a0C\u00d3 T\u00c1C D\u1ee4NG TH\u1ea2I \u0110\u1ed8C T\u1ed0T NH\u1ea4T\u00a0<\/strong><\/p>\n<p><strong>N\u1ebeU B\u1ea0N B\u1eca M\u1ec6T THAY V\u00cc PH\u1ea2I V\u00c0O BV\u00a0CHUY\u1ec0N N\u01af\u1edaC TH\u00cc B\u1ea0N H\u00c3Y :<\/strong><\/p>\n<p><strong>\u0102n, u\u1ed1ng m\u1ed9t ng\u00e0y 3 ly n\u01b0\u1edbc chanh mu\u1ed1i bi\u1ec3n nh\u1ea1t ROYAL h\u1eb1ng ng\u00e0y \u0111\u1ec3 b\u00f9 n\u01b0\u1edbc v\u00e0\u00a0kho\u00e1ng v\u00ec:<\/strong><br \/>\n<i><strong>Mu\u1ed1i gi\u00e0u vi l\u01b0\u1ee3ng,\u00a0gi\u00e0u kho\u00e1ng ch\u1ea5t n\u00e2ng cao s\u1ee9c \u0111\u1ec1 kh\u00e1ng\u00a0t\u1ed1t cho s\u1ee9c kh\u1ecfe \u1edf m\u1ecdi l\u1ee9a tu\u1ed5i (\u0111\u1eb7c bi\u1ec7t t\u1ed1t cho tr\u1ebb em, ng\u01b0\u1eddi b\u1ecb tim m\u1ea1ch,\u00a0cao huy\u1ebft \u00e1p, suy th\u1eadn,\u00a0ti\u1ec3u \u0111\u01b0\u1eddng v.v&#8230;).<\/strong><\/i><br \/>\nH\u00e3y b\u1ea3o v\u1ec7 s\u1ee9c kh\u1ecfe c\u1ee7a b\u1ea1n v\u00e0 gia \u0111\u00ecnh b\u1ea1n t\u1ed1t nh\u1ea5t, hi\u1ec7u qu\u1ea3 nh\u1ea5t kh\u00f4ng t\u1ed1n k\u00e9m m\u00e0 \u0111\u01b0\u1ee3c b\u1ed5 sung t\u1edbi tr\u00ean 80 vi l\u01b0\u1ee3ng c\u1ea7n thi\u1ebft cho c\u01a1 th\u1ec3 khi n\u1ea5u \u0103n, u\u1ed1ng h\u1eb1ng ng\u00e0y\u00a0v\u00ec mu\u1ed1i bi\u1ec3n nh\u1ea1t Royal c\u00f3 Sodium (Na) \u00edt h\u01a1n 30% mu\u1ed1i th\u00f4ng th\u01b0\u1eddng\u00a0nh\u01b0ng l\u1ea1i c\u00f3 Potassium (K), Na\/K ph\u00f9 h\u1ee3p t\u01b0\u01a1ng th\u00edch v\u1edbi t\u1ebf b\u00e0o m\u00f4 c\u01a1 th\u1ec3 ng\u01b0\u1eddi v\u00e0\u00a0Magnesium (Mg) cao h\u01a1n so v\u1edbi mu\u1ed1i \u0103n th\u00f4ng th\u01b0\u1eddng gi\u00fap gia \u0111\u00ecnh b\u1ea1n th\u01b0\u1eddng xuy\u00ean \u0111\u01b0\u1ee3c b\u1ed5 xung c\u00f9ng v\u1edbi\u00a0c\u00e1c vi l\u01b0\u1ee3ng qu\u00fd hi\u1ebfm t\u1ef1 nhi\u00ean kh\u00e1c\u00a0c\u00f3 trong n\u01b0\u1edbc bi\u1ec3n \u0111\u1ec3 thanh l\u1ecdc, \u0111\u00e0o th\u1ea3i \u0111\u1ed9c t\u1ed1,\u00a0n\u00e2ng cao s\u1ee9c \u0111\u1ec1 kh\u00e1ng b\u1ec1n v\u1eefng cho c\u01a1 th\u1ec3 b\u1ea1n v\u00e0 gia \u0111\u00ecnh hi\u1ec7u qu\u1ea3 nh\u1ea5t.<\/p>\n<p><strong>M\u1ed9t s\u1ed1 th\u00f4ng s\u1ed1 mu\u1ed1i bi\u1ec3n nh\u1ea1t Royal<\/strong><\/p>\n<p>&#8211; Sodium (Na) &gt;\u00a027,5%.<br \/>\n&#8211; Potassium (K) \u2265 6,8%.<br \/>\n&#8211; Magnesium (Mg) \u2265 3,4%.<br \/>\n&#8211; Canxium (Ca) &lt; 0,2%.<br \/>\n&#8211; &#8230; c\u00f9ng nhi\u1ec1u vi kho\u00e1ng t\u1eeb n\u01b0\u1edbc bi\u1ec3n.<\/p>\n<p>Mu\u1ed1i bi\u1ec3n nh\u1ea1t Royal gi\u00fap b\u1ea1n (n\u00f3i kh\u00f4ng v\u1edbi b\u1ec7nh vi\u1ec7n) do c\u00f3 gi\u00e0u v\u1ecb l\u01b0\u1ee3ng\u00a0kho\u00e1ng ch\u1ea5t t\u1ef1 nhi\u00ean, n\u00e2ng cao s\u1ee9c \u0111\u1ec1 kh\u00e1ng c\u1ee7a b\u1ea1n m\u1ed7i ng\u00e0y nh\u1edd c\u00f3 gi\u00e0u Potassium (K), Magnesium (Mg) v\u00e0 Canxium (Ca) v\u1eeba \u0111\u1ee7 c\u00f9ng v\u1edbi tr\u00ean 80\u00a0nguy\u00ean t\u1ed1 vi kho\u00e1ng qu\u00fd hi\u1ebfm t\u1ef1 nhi\u00ean c\u00f3 t\u1eeb n\u01b0\u1edbc bi\u1ec3n\u00a0khi c\u00e1c b\u1ea1n n\u00eam, n\u1ea5u \u0103n, u\u1ed1ng h\u1eb1ng ng\u00e0y \u0111\u1ec3 \u0111\u01b0\u1ee3c b\u00f9 \u0111\u1ee7 tr\u00ean 80\u00a0vi l\u01b0\u1ee3ng\u00a0kho\u00e1ng ch\u1ea5t v\u00e0o c\u01a1 th\u1ec3\u00a0\u0111\u1ec3 ng\u0103n ng\u1eeba, ph\u00f2ng ch\u1ed1ng c\u00e1c b\u1ec7nh:<\/p>\n<p>&#8211; R\u1ed1i lo\u1ea1n chuy\u1ec3n h\u00f3a.<br \/>\n&#8211; Tim m\u1ea1ch, huy\u1ebft \u00e1p cao, \u0111\u1ed9t qu\u1ef5<br \/>\n&#8211; M\u1ee1 m\u00e1u, b\u00e9o ph\u00ec, ti\u1ec3u \u0111\u01b0\u1eddng.<br \/>\n&#8211; Lo\u00e3ng x\u01b0\u01a1ng, tho\u00e1i h\u00f3a kh\u1edbp &#8211; s\u1ee5n.<br \/>\n&#8211; Suy th\u1eadn, s\u1ecfi th\u1eadn.<br \/>\n&#8211; S\u1ed1t, c\u1ea3m c\u00fam do c\u00e1c lo\u1ea1i Viruts.<\/p>\n<p>Mu\u1ed1i bi\u1ec3n nh\u1ea1t Royal n\u00eam v\u00e0o n\u01b0\u1edbc hoa qu\u1ea3, chanh&#8230; u\u1ed1ng \u0111\u1ec3 b\u00f9 n\u01b0\u1edbc, kho\u00e1ng l\u00e0 ch\u1ea5t \u0111i\u1ec7n gi\u1ea3i th\u1ea3i \u0111\u1ed9c t\u1ed1 trong c\u01a1 th\u1ec3,\u00a0kh\u00f4i ph\u1ee5c s\u1ee9c kh\u1ecfe do b\u1ecb m\u1ea5t n\u01b0\u1edbc sau \u1ed1m, lao \u0111\u1ed9ng m\u1ec7t nh\u1ecdc, th\u1ec3 thao m\u1ea5t nhi\u1ec1u m\u1ed3 h\u00f4i, say n\u1eafng vv&#8230; v\u00ec mu\u1ed1i c\u00f3 h\u00e0m l\u01b0\u1ee3ng Kali, Magne, canxi\u00a0cao l\u00e0 th\u00e0nh ph\u1ea7n ch\u00ednh ch\u1ea5t \u0111i\u1ec7n gi\u1ea3i v\u00e0 kho\u00e1ng ch\u1ea5t c\u1ea7n thi\u1ebft cho c\u01a1 th\u1ec3, Kali l\u00e0m vi\u1ec7c c\u00f9ng v\u1edbi Natri v\u00e0 Clo \u0111\u1ec3 duy tr\u00ec s\u1ef1 c\u00e2n b\u1eb1ng pH v\u00e0 ph\u00e2n ph\u1ed1i ch\u1ea5t l\u1ecfng. N\u00f3 quy \u0111\u1ecbnh c\u00e1c t\u00edn hi\u1ec7u th\u1ea7n kinh, co c\u01a1, huy\u1ebft \u00e1p, nh\u1ecbp tim v\u00e0 chuy\u1ec3n c\u00e1c ch\u1ea5t dinh d\u01b0\u1ee1ng qua m\u00e0ng t\u1ebf b\u00e0o. Kali l\u00e0 c\u1ea7n thi\u1ebft cho qu\u00e1 tr\u00ecnh chuy\u1ec3n h\u00f3a Cacbonhydro, Protein t\u1ed5ng h\u1ee3p, b\u00e0i ti\u1ebft Insulin, Glucose l\u01b0u tr\u1eef v\u00e0 b\u00e0i ti\u1ebft ch\u1ea5t th\u1ea3i c\u1ee7a c\u01a1 th\u1ec3. Pha lo\u00e3ng h\u00e0m l\u01b0\u1ee3ng 0,9% ng\u1eadm s\u00fac mi\u1ec7ng bu\u1ed5i s\u00e1ng, bu\u1ed5i t\u1ed1i ng\u1eeba s\u00e2u r\u0103ng v\u00e0 l\u00e0m ch\u1eafc r\u0103ng, r\u1eeda m\u1eb7t \u0111\u1ec3 l\u00e0n da kh\u1ecfe v\u00e0 m\u1ecbn m\u00e0ng vv&#8230;<\/p>","protected":false},"featured_media":8438,"comment_status":"open","ping_status":"closed","template":"","meta":{"_acf_changed":false},"product_cat":[318,320,22],"product_tag":[],"class_list":{"0":"post-2606","1":"product","2":"type-product","3":"status-publish","4":"has-post-thumbnail","6":"product_cat-gia-vi","7":"product_cat-gia-vi-khac","8":"product_cat-sanphamthucpham","10":"first","11":"instock","12":"shipping-taxable","13":"purchasable","14":"product-type-simple"},"acf":[],"_links":{"self":[{"href":"https:\/\/b2c.fairs.vn\/en\/wp-json\/wp\/v2\/product\/2606","targetHints":{"allow":["GET"]}}],"collection":[{"href":"https:\/\/b2c.fairs.vn\/en\/wp-json\/wp\/v2\/product"}],"about":[{"href":"https:\/\/b2c.fairs.vn\/en\/wp-json\/wp\/v2\/types\/product"}],"replies":[{"embeddable":true,"href":"https:\/\/b2c.fairs.vn\/en\/wp-json\/wp\/v2\/comments?post=2606"}],"version-history":[{"count":0,"href":"https:\/\/b2c.fairs.vn\/en\/wp-json\/wp\/v2\/product\/2606\/revisions"}],"wp:featuredmedia":[{"embeddable":true,"href":"https:\/\/b2c.fairs.vn\/en\/wp-json\/wp\/v2\/media\/8438"}],"wp:attachment":[{"href":"https:\/\/b2c.fairs.vn\/en\/wp-json\/wp\/v2\/media?parent=2606"}],"wp:term":[{"taxonomy":"product_cat","embeddable":true,"href":"https:\/\/b2c.fairs.vn\/en\/wp-json\/wp\/v2\/product_cat?post=2606"},{"taxonomy":"product_tag","embeddable":true,"href":"https:\/\/b2c.fairs.vn\/en\/wp-json\/wp\/v2\/product_tag?post=2606"}],"curies":[{"name":"wp","href":"https:\/\/api.w.org\/{rel}","templated":true}]}}