{"id":2605,"date":"2024-03-19T06:43:15","date_gmt":"2024-03-19T06:43:15","guid":{"rendered":"https:\/\/b2c.fairs.vn\/?post_type=product&#038;p=2605"},"modified":"2024-03-19T06:43:15","modified_gmt":"2024-03-19T06:43:15","slug":"huong-tra-xu-tuyen-che-xanh-dac-san-hop-qua-tet","status":"publish","type":"product","link":"https:\/\/b2c.fairs.vn\/en\/product\/huong-tra-xu-tuyen-che-xanh-dac-san-hop-qua-tet\/","title":{"rendered":"H\u01b0\u01a1ng tr\u00e0 x\u1ee9 Tuy\u00ean &#8211; Ch\u00e8 xanh \u0111\u1eb7c s\u1ea3n h\u1ed9p qu\u00e0 t\u1ebft"},"content":{"rendered":"<p><strong>C\u00d4NG TY TR\u00c1CH NHI\u1ec6M H\u1eeeU H\u1ea0N S\u1ea2N XU\u1ea4T V\u00c0 TH\u01af\u01a0NG M\u1ea0I H\u01af\u01a0NG TR\u00c0<\/strong><\/p>\n<p><strong>Th\u00e0nh ph\u1ea7n<\/strong><\/p>\n<p>-Ch\u00e8 b\u00fap H\u01b0\u01a1ng Tr\u00e0 Tuy\u00ean Quang<\/p>\n<p><strong>Ch\u1ec9 ti\u00eau<\/strong><\/p>\n<p>-\u0110\u1ed9 \u1ea9m &lt; 8%<\/p>\n<p>-HL Cafein 1-3%<\/p>\n<p><strong>C\u00f4ng d\u1ee5ng<\/strong><\/p>\n<p>-Gi\u00fap tinh th\u1ea7n s\u1ea3ng kho\u00e1i, tho\u1ea3i m\u00e3i d\u1ec5 ch\u1ecbu<\/p>\n<p>-Ng\u0103n ng\u1eeba c\u00e1c b\u1ec7nh \u0111\u01b0\u1eddng ru\u1ed9t, ch\u1ed1ng nhi\u1ec5m \u0111\u1ed9c ph\u00f3ng x\u1ea1 v\u00e0 m\u1ed9t s\u1ed1 b\u1ec7nh kh\u00e1c<\/p>","protected":false},"excerpt":{"rendered":"<p>C\u00d4NG TY TR\u00c1CH NHI\u1ec6M H\u1eeeU H\u1ea0N S\u1ea2N XU\u1ea4T V\u00c0 TH\u01af\u01a0NG M\u1ea0I H\u01af\u01a0NG TR\u00c0 Th\u00e0nh ph\u1ea7n -Ch\u00e8 b\u00fap H\u01b0\u01a1ng Tr\u00e0 Tuy\u00ean<\/p>","protected":false},"featured_media":2595,"comment_status":"open","ping_status":"closed","template":"","meta":{"_acf_changed":false},"product_cat":[321,22],"product_tag":[],"class_list":{"0":"post-2605","1":"product","2":"type-product","3":"status-publish","4":"has-post-thumbnail","6":"product_cat-che","7":"product_cat-sanphamthucpham","9":"first","10":"instock","11":"shipping-taxable","12":"product-type-simple"},"acf":[],"_links":{"self":[{"href":"https:\/\/b2c.fairs.vn\/en\/wp-json\/wp\/v2\/product\/2605","targetHints":{"allow":["GET"]}}],"collection":[{"href":"https:\/\/b2c.fairs.vn\/en\/wp-json\/wp\/v2\/product"}],"about":[{"href":"https:\/\/b2c.fairs.vn\/en\/wp-json\/wp\/v2\/types\/product"}],"replies":[{"embeddable":true,"href":"https:\/\/b2c.fairs.vn\/en\/wp-json\/wp\/v2\/comments?post=2605"}],"version-history":[{"count":0,"href":"https:\/\/b2c.fairs.vn\/en\/wp-json\/wp\/v2\/product\/2605\/revisions"}],"wp:featuredmedia":[{"embeddable":true,"href":"https:\/\/b2c.fairs.vn\/en\/wp-json\/wp\/v2\/media\/2595"}],"wp:attachment":[{"href":"https:\/\/b2c.fairs.vn\/en\/wp-json\/wp\/v2\/media?parent=2605"}],"wp:term":[{"taxonomy":"product_cat","embeddable":true,"href":"https:\/\/b2c.fairs.vn\/en\/wp-json\/wp\/v2\/product_cat?post=2605"},{"taxonomy":"product_tag","embeddable":true,"href":"https:\/\/b2c.fairs.vn\/en\/wp-json\/wp\/v2\/product_tag?post=2605"}],"curies":[{"name":"wp","href":"https:\/\/api.w.org\/{rel}","templated":true}]}}