{"id":2601,"date":"2024-03-19T06:41:55","date_gmt":"2024-03-19T06:41:55","guid":{"rendered":"https:\/\/b2c.fairs.vn\/?post_type=product&#038;p=2601"},"modified":"2024-03-19T06:41:55","modified_gmt":"2024-03-19T06:41:55","slug":"huong-tra-xu-tuyen","status":"publish","type":"product","link":"https:\/\/b2c.fairs.vn\/en\/product\/huong-tra-xu-tuyen\/","title":{"rendered":"H\u01b0\u01a1ng tr\u00e0 x\u1ee9 Tuy\u00ean"},"content":{"rendered":"<p><strong>C\u00d4NG TY TR\u00c1CH NHI\u1ec6M H\u1eeeU H\u1ea0N S\u1ea2N XU\u1ea4T V\u00c0 TH\u01af\u01a0NG M\u1ea0I H\u01af\u01a0NG TR\u00c0<\/strong><\/p>\n<p>Th\u00e0nh ph\u1ea7n<\/p>\n<p>100% ch\u00e8 b\u00fap \u0111\u1eb7c s\u1ea3n ch\u1ecdn l\u1ecdc<\/p>\n<p>C\u00e1ch d\u00f9ng<\/p>\n<p>Cho l\u01b0\u1ee3ng ch\u00e8 t\u1eeb 3-5 gram v\u00e0o \u1ea5m th\u1ec3 t\u00edch 150ml sau \u0111\u00f3 r\u00f3t n\u01b0\u1edbc v\u00e0o tr\u00e1ng b\u1ecf n\u01b0\u1edbc cho n\u00f3ng \u1ea5m v\u00e0 n\u1edf ch\u00e8, ch\u1ebf l\u01b0\u1ee3ng n\u01b0\u1edbc s\u00f4i v\u1eeba \u0111\u1ee7 \u0111\u1ec3 c\u00f3 \u0111\u1ed9 ng\u1ea5m th\u00edch h\u1ee3p , h\u00e3m trong 5 ph\u00fat r\u1ed3i s\u1eed d\u1ee5ng<\/p>\n<p>B\u1ea3o qu\u1ea3n<\/p>\n<p>N\u01a1i kh\u00f4 r\u00e1o, tho\u00e1ng m\u00e1t, tr\u00e1nh \u00e1nh n\u1eafng tr\u1ef1c ti\u1ebfp<\/p>","protected":false},"excerpt":{"rendered":"<p>C\u00d4NG TY TR\u00c1CH NHI\u1ec6M H\u1eeeU H\u1ea0N S\u1ea2N XU\u1ea4T V\u00c0 TH\u01af\u01a0NG M\u1ea0I H\u01af\u01a0NG TR\u00c0 Th\u00e0nh ph\u1ea7n 100% ch\u00e8 b\u00fap \u0111\u1eb7c s\u1ea3n<\/p>","protected":false},"featured_media":2594,"comment_status":"open","ping_status":"closed","template":"","meta":{"_acf_changed":false},"product_cat":[321,22,323],"product_tag":[],"class_list":{"0":"post-2601","1":"product","2":"type-product","3":"status-publish","4":"has-post-thumbnail","6":"product_cat-che","7":"product_cat-sanphamthucpham","8":"product_cat-san-pham-tra-tu-thuc-vat-khac","10":"first","11":"instock","12":"shipping-taxable","13":"product-type-simple"},"acf":[],"_links":{"self":[{"href":"https:\/\/b2c.fairs.vn\/en\/wp-json\/wp\/v2\/product\/2601","targetHints":{"allow":["GET"]}}],"collection":[{"href":"https:\/\/b2c.fairs.vn\/en\/wp-json\/wp\/v2\/product"}],"about":[{"href":"https:\/\/b2c.fairs.vn\/en\/wp-json\/wp\/v2\/types\/product"}],"replies":[{"embeddable":true,"href":"https:\/\/b2c.fairs.vn\/en\/wp-json\/wp\/v2\/comments?post=2601"}],"version-history":[{"count":0,"href":"https:\/\/b2c.fairs.vn\/en\/wp-json\/wp\/v2\/product\/2601\/revisions"}],"wp:featuredmedia":[{"embeddable":true,"href":"https:\/\/b2c.fairs.vn\/en\/wp-json\/wp\/v2\/media\/2594"}],"wp:attachment":[{"href":"https:\/\/b2c.fairs.vn\/en\/wp-json\/wp\/v2\/media?parent=2601"}],"wp:term":[{"taxonomy":"product_cat","embeddable":true,"href":"https:\/\/b2c.fairs.vn\/en\/wp-json\/wp\/v2\/product_cat?post=2601"},{"taxonomy":"product_tag","embeddable":true,"href":"https:\/\/b2c.fairs.vn\/en\/wp-json\/wp\/v2\/product_tag?post=2601"}],"curies":[{"name":"wp","href":"https:\/\/api.w.org\/{rel}","templated":true}]}}