{"id":2590,"date":"2024-03-19T06:42:09","date_gmt":"2024-03-19T06:42:09","guid":{"rendered":"https:\/\/b2c.fairs.vn\/?post_type=product&#038;p=2590"},"modified":"2024-03-25T17:25:58","modified_gmt":"2024-03-25T10:25:58","slug":"bot-canh-nam","status":"publish","type":"product","link":"https:\/\/b2c.fairs.vn\/en\/product\/bot-canh-nam\/","title":{"rendered":"B\u1ed9t canh n\u1ea5m"},"content":{"rendered":"<p><strong>B\u1ed8T CANH N\u1ea4M B\u00c0O NG\u01af<\/strong><\/p>\n<p><strong>Ng\u00e0y nay \u0111a s\u1ed1 m\u1ecdi ng\u01b0\u1eddi, m\u1ecdi gia \u0111\u00ecnh\u00a0kh\u00f4ng \u0103n m\u1ef3 ch\u00ednh b\u1edfi ch\u00ednh b\u1ea3n th\u00e2n m\u1ef3 ch\u00ednh c\u00f3 14% h\u00e0m l\u01b0\u1ee3ng\u00a0Natri n\u1ebfu cho v\u00e0o b\u1ed9t canh th\u00ec ng\u01b0\u1eddi \u0103n l\u1ea1i ti\u1ebfp t\u1ee5c b\u1ecb d\u01b0 th\u1eeba Natri\u00a0g\u00e2y ra nhi\u1ec1u b\u1ec7nh t\u1eadt n\u00ean C\u00d4NG TY CP MU\u1ed0I V\u00c0 TM NAM \u0110\u1ecaNH nghi\u00ean c\u1ee9u s\u1ea3n xu\u1ea5t B\u1ed8T CANH N\u1ea4M B\u00c0O NG\u01af ( kh\u00f4ng c\u00f3 m\u1ef3 ch\u00ednh) v\u1ecb ng\u1ecdt t\u1ef1 nhi\u00ean t\u1eeb mu\u1ed1i bi\u1ec3n nh\u1ea1t ROYAL v\u00e0 N\u1ea4M B\u00c0O NG\u01af\u00a0\u00a0<\/strong><\/p>\n<p>TH\u00c0NH PH\u1ea6N CH\u00cdNH:\u00a0\u0110\u01b0\u1ee3c\u00a0l\u00e0m t\u1eeb mu\u1ed1i bi\u1ec3n Nh\u1ea1t ROYAL v\u00e0 N\u1ea5m B\u00e0o Ng\u01b0\u00a0k\u1ebft h\u1ee3p v\u1edbi rau, c\u1ee7, qu\u1ea3 nh\u01b0 c\u00e0 r\u1ed1t, \u1edbt chu\u00f4ng ng\u1ecdt, h\u00e0nh l\u00e1, ti\u00eau \u0111en, t\u1ecfi, ngh\u1ec7, \u0111\u01b0\u1eddng m\u00eda v.v&#8230;<br \/>\n&#8211; Mu\u1ed1i bi\u1ec3n\u00a0nh\u1ea1t ROYAL l\u00e0 mu\u1ed1i\u00a0c\u00f3 tr\u00ean 80\u00a0vi l\u01b0\u1ee3ng\u00a0kho\u00e1ng ch\u1ea5t t\u1ef1 nhi\u00ean\u00a0c\u1ee7a n\u01b0\u1edbc bi\u1ec3n \u0111\u1ea1i d\u01b0\u01a1ng nh\u01b0\u00a0Mg, K, Ca, S, Fe,\u00a0Zn&#8230; c\u00f3 t\u1ef7 l\u1ec7 c\u00e2n b\u1eb1ng t\u1ef1 nhi\u00ean c\u1ea7n thi\u1ebft\u00a0cho c\u01a1 th\u1ec3:<br \/>\n&#8211; C\u00e1c\u00a0ho\u1ea1t ch\u1ea5t dinh d\u01b0\u1ee1ng c\u00f3 trong rau, c\u1ee7, qu\u1ea3\u00a0vitamin\u00a0h\u1eefu c\u01a1 t\u1ef1 nhi\u00ean: Piperine, Caroten, Allicin, Liallul sunfid, Aoen, Beta &#8211; carotene, Lutein, Lycopene, Polyacetylenes, Athocyanins, Curcumin, Vitamin A, Vitamin C, Vitamin B1, B2, B3, B5, B6, B12.<\/p>\n<p>C\u00d4NG D\u1ee4NG:\u00a0 \u00a0 \u00a0 \u00a0 \u00a0 \u00a0 \u00a0 \u00a0 \u00a0 \u00a0 \u00a0 \u00a0 \u00a0 \u00a0 \u00a0 \u00a0 \u00a0 \u00a0 \u00a0 \u00a0 \u00a0 \u00a0 \u00a0 \u00a0 \u00a0 \u00a0 \u00a0 \u00a0 \u00a0 \u00a0 \u00a0 \u00a0 \u00a0 \u00a0 \u00a0 \u00a0 \u00a0 \u00a0 \u00a0 \u00a0 \u00a0 \u00a0 \u00a0 \u00a0 \u00a0 \u00a0 \u00a0 \u00a0 \u00a0 \u00a0 \u00a0 \u00a0 \u00a0 \u00a0 \u00a0 \u00a0 \u00a0 \u00a0 \u00a0&#8211; L\u00e0\u00a0gia v\u1ecb ch\u00eam, n\u00eam\u00a0ch\u1ebf bi\u1ebfn th\u1ee9c \u0103n, ng\u1ecdt t\u1ef1 nhi\u00ean t\u1eeb mu\u1ed1i bi\u1ec3n nh\u1ea1t\u00a0 ROYAL\u00a0gi\u00e0u\u00a0kho\u00e1ng ch\u1ea5t\u00a0v\u00e0 rau c\u1ee7, qu\u1ea3 c\u00f3 l\u1ee3i cho s\u1ee9c kh\u1ecfe v\u00ec:\u00a0kh\u00f4ng c\u00f3 m\u1ef3 ch\u00ednh, kh\u00f4ng c\u00f3 ch\u1ea5t t\u1ea1o ng\u1ecdt,\u00a0kh\u00f4ng h\u00f3a ch\u1ea5t b\u1ea3o qu\u1ea3n&#8230;<\/p>\n<p>T\u00c1C D\u1ee4NG: DO GI\u00c0U MAGNESIUM, KALI, gi\u1ea3m m\u1eb7n (\u00a0h\u00e0m l\u01b0\u1ee3ng Natri ) n\u00ean n\u1ea5u \u0103n th\u01b0\u1eddng xuy\u00ean s\u1ebd:<\/p>\n<p>&#8211; Gi\u1ea3m \u0111\u1ed9c t\u00ednh do h\u00f3a tr\u1ecb, x\u1ea1 tr\u1ecb, gi\u1ea3m nguy c\u01a1 \u0111\u1ed9t qu\u1ef5 do tim, gi\u1ea3m lo \u00e2u stress&#8230;<br \/>\n&#8211; T\u0103ng c\u01b0\u1eddng kh\u1ea3 n\u0103ng chuy\u1ec3n h\u00f3a trao \u0111\u1ed5i ch\u1ea5t. ch\u1eafc c\u01a1, x\u01b0\u01a1ng kh\u1edbp<br \/>\n&#8211; \u0110\u00e0o th\u1ea3i c\u00e1c ch\u1ea5t d\u01b0 th\u1eeba Natri, ch\u1ea5t \u0111\u1ed9c h\u1ea1i v\u00e0 kim lo\u1ea1i n\u1eb7ng.<br \/>\n&#8211; Ph\u00f2ng b\u1ec7nh cao huy\u1ebft \u00e1p, b\u00e9o ph\u00ec, ti\u1ec3u \u0111\u01b0\u1eddng.<br \/>\n&#8211; T\u0103ng s\u1ee9c \u0111\u1ec1 kh\u00e1ng cho c\u01a1 th\u1ec3. Ph\u00f2ng ch\u1ed1ng b\u1ec7nh m\u00e3n t\u00ednh, ung th\u01b0, nhi\u1ec5m khu\u1ea9n.<\/p>\n<p>&#8211; S\u1ea3n ph\u1ea9m kh\u00f4ng\u00a0g\u00e2y h\u1ea1i t\u1edbi s\u1ee9c kh\u1ecfe ng\u01b0\u1eddi ti\u00eau d\u00f9ng<\/p>\n<p>B\u1ea2O QU\u1ea2N: \u0110\u1ec3 n\u01a1i kh\u00f4 r\u00e1o, d\u00f9ng xong kh\u00f3a mi\u1ec7ng t\u00fai b\u1eb1ng zip, ch\u1ed1ng \u1ea9m, s\u1ea3n ph\u1ea9m kh\u00f4ng d\u00f9ng ch\u1ea5t b\u1ea3o qu\u1ea3n n\u00ean d\u1ec5 h\u00fat \u1ea9m.<\/p>","protected":false},"excerpt":{"rendered":"<p>B\u1ed8T CANH N\u1ea4M B\u00c0O NG\u01af Ng\u00e0y nay \u0111a s\u1ed1 m\u1ecdi ng\u01b0\u1eddi, m\u1ecdi gia \u0111\u00ecnh\u00a0kh\u00f4ng \u0103n m\u1ef3 ch\u00ednh b\u1edfi ch\u00ednh b\u1ea3n th\u00e2n m\u1ef3 ch\u00ednh c\u00f3 14% h\u00e0m l\u01b0\u1ee3ng\u00a0Natri n\u1ebfu cho v\u00e0o b\u1ed9t canh th\u00ec ng\u01b0\u1eddi \u0103n l\u1ea1i ti\u1ebfp t\u1ee5c b\u1ecb d\u01b0 th\u1eeba Natri\u00a0g\u00e2y ra nhi\u1ec1u b\u1ec7nh t\u1eadt n\u00ean C\u00d4NG TY CP MU\u1ed0I V\u00c0 TM NAM \u0110\u1ecaNH nghi\u00ean c\u1ee9u s\u1ea3n xu\u1ea5t B\u1ed8T CANH N\u1ea4M&#8230;<\/p>","protected":false},"featured_media":8425,"comment_status":"open","ping_status":"closed","template":"","meta":{"_acf_changed":false},"product_cat":[318,320,22],"product_tag":[],"class_list":{"0":"post-2590","1":"product","2":"type-product","3":"status-publish","4":"has-post-thumbnail","6":"product_cat-gia-vi","7":"product_cat-gia-vi-khac","8":"product_cat-sanphamthucpham","10":"first","11":"instock","12":"shipping-taxable","13":"purchasable","14":"product-type-simple"},"acf":[],"_links":{"self":[{"href":"https:\/\/b2c.fairs.vn\/en\/wp-json\/wp\/v2\/product\/2590","targetHints":{"allow":["GET"]}}],"collection":[{"href":"https:\/\/b2c.fairs.vn\/en\/wp-json\/wp\/v2\/product"}],"about":[{"href":"https:\/\/b2c.fairs.vn\/en\/wp-json\/wp\/v2\/types\/product"}],"replies":[{"embeddable":true,"href":"https:\/\/b2c.fairs.vn\/en\/wp-json\/wp\/v2\/comments?post=2590"}],"version-history":[{"count":0,"href":"https:\/\/b2c.fairs.vn\/en\/wp-json\/wp\/v2\/product\/2590\/revisions"}],"wp:featuredmedia":[{"embeddable":true,"href":"https:\/\/b2c.fairs.vn\/en\/wp-json\/wp\/v2\/media\/8425"}],"wp:attachment":[{"href":"https:\/\/b2c.fairs.vn\/en\/wp-json\/wp\/v2\/media?parent=2590"}],"wp:term":[{"taxonomy":"product_cat","embeddable":true,"href":"https:\/\/b2c.fairs.vn\/en\/wp-json\/wp\/v2\/product_cat?post=2590"},{"taxonomy":"product_tag","embeddable":true,"href":"https:\/\/b2c.fairs.vn\/en\/wp-json\/wp\/v2\/product_tag?post=2590"}],"curies":[{"name":"wp","href":"https:\/\/api.w.org\/{rel}","templated":true}]}}