{"id":2588,"date":"2024-03-19T06:39:46","date_gmt":"2024-03-19T06:39:46","guid":{"rendered":"https:\/\/b2c.fairs.vn\/?post_type=product&#038;p=2588"},"modified":"2024-03-19T06:39:46","modified_gmt":"2024-03-19T06:39:46","slug":"tra-thao-duoc-xa-den","status":"publish","type":"product","link":"https:\/\/b2c.fairs.vn\/en\/product\/tra-thao-duoc-xa-den\/","title":{"rendered":"Tr\u00e0 th\u1ea3o d\u01b0\u1ee3c X\u1ea1 \u0111en"},"content":{"rendered":"<p><strong>C\u00d4NG TY TR\u00c1CH NHI\u1ec6M H\u1eeeU H\u1ea0N S\u1ea2N XU\u1ea4T V\u00c0 TH\u01af\u01a0NG M\u1ea0I H\u01af\u01a0NG TR\u00c0<\/strong><\/p>\n<p><strong>Th\u00e0nh ph\u1ea7n<\/strong><\/p>\n<p>-X\u1ea1 \u0111en, c\u00e0 gai leo, l\u00e1 sen, c\u1ecf ng\u1ecdt.<\/p>\n<p><strong>T\u00e1c d\u1ee5ng<\/strong><\/p>\n<p>-X\u1ea1 \u0111en h\u1ed7 tr\u1ee3 \u0111i\u1ec1u tr\u1ecb c\u00e1c b\u1ec7nh vi\u00eam nhi\u1ec5m<\/p>\n<p>-Gi\u00fap gi\u1ea3m \u0111au, t\u0103ng s\u1ee9c \u0111\u1ec1 kh\u00e1ng c\u01a1 th\u1ec3<\/p>\n<p>-\u0110i\u1ec1u tr\u1ecb ch\u1ee9ng m\u1ea5t ng\u1ee7, h\u1ed7 tr\u1ee3 \u0111i\u1ec1u tr\u1ecb b\u1ec7nh ti\u1ec3u \u0111\u01b0\u1eddng<\/p>\n<p>-H\u1ed7 tr\u1ee3 \u0111i\u1ec1u tr\u1ecb cao huy\u1ebft \u00e1p<\/p>\n<p>-Gi\u00fap l\u00e0m gi\u1ea3m m\u1ee5n nh\u1ecdt, l\u1edf ng\u1ee9a<\/p>\n<p>-H\u1ed7 tr\u1ee3 \u0111i\u1ec1u tr\u00ed vi\u00eam gan, x\u01a1 gan, gi\u1ea3i \u0111\u1ed9c gan\u2026<\/p>\n<p><strong>C\u00e1ch s\u1eed d\u1ee5ng<\/strong><\/p>\n<p>-Cho m\u1ed9t t\u00fai l\u1ecdc v\u00e0o c\u1ed1c tr\u00e1ng n\u00f3ng sau \u0111\u00f3 \u0111\u1ec3 t\u1eeb 2 \u0111\u1ebfn 3 ph\u00fat th\u00ec s\u1eed d\u1ee5ng. Th\u00edch h\u1ee3p cho nh\u1eefng ng\u01b0\u1eddi l\u00e0m vi\u1ec7c \u1edf m\u1ed9i tr\u01b0\u1eddng c\u0103ng th\u1eb3ng v\u00e0 lao \u0111\u1ed9ng n\u1eb7ng nh\u1ecdc, v\u1ea5t v\u1ea3.<\/p>\n<p><strong>B\u1ea3o qu\u1ea3n<\/strong><\/p>\n<p>-N\u01a1i kh\u00f4 r\u00e1o, tho\u00e1ng m\u00e1t, tr\u00e1nh \u00e1nh s\u00e1ng tr\u1ef1c ti\u1ebfp<\/p>","protected":false},"excerpt":{"rendered":"<p>C\u00d4NG TY TR\u00c1CH NHI\u1ec6M H\u1eeeU H\u1ea0N S\u1ea2N XU\u1ea4T V\u00c0 TH\u01af\u01a0NG M\u1ea0I H\u01af\u01a0NG TR\u00c0 Th\u00e0nh ph\u1ea7n -X\u1ea1 \u0111en, c\u00e0 gai leo,<\/p>","protected":false},"featured_media":2592,"comment_status":"open","ping_status":"closed","template":"","meta":{"_acf_changed":false},"product_cat":[321,22],"product_tag":[],"class_list":{"0":"post-2588","1":"product","2":"type-product","3":"status-publish","4":"has-post-thumbnail","6":"product_cat-che","7":"product_cat-sanphamthucpham","9":"first","10":"instock","11":"shipping-taxable","12":"product-type-simple"},"acf":[],"_links":{"self":[{"href":"https:\/\/b2c.fairs.vn\/en\/wp-json\/wp\/v2\/product\/2588","targetHints":{"allow":["GET"]}}],"collection":[{"href":"https:\/\/b2c.fairs.vn\/en\/wp-json\/wp\/v2\/product"}],"about":[{"href":"https:\/\/b2c.fairs.vn\/en\/wp-json\/wp\/v2\/types\/product"}],"replies":[{"embeddable":true,"href":"https:\/\/b2c.fairs.vn\/en\/wp-json\/wp\/v2\/comments?post=2588"}],"version-history":[{"count":0,"href":"https:\/\/b2c.fairs.vn\/en\/wp-json\/wp\/v2\/product\/2588\/revisions"}],"wp:featuredmedia":[{"embeddable":true,"href":"https:\/\/b2c.fairs.vn\/en\/wp-json\/wp\/v2\/media\/2592"}],"wp:attachment":[{"href":"https:\/\/b2c.fairs.vn\/en\/wp-json\/wp\/v2\/media?parent=2588"}],"wp:term":[{"taxonomy":"product_cat","embeddable":true,"href":"https:\/\/b2c.fairs.vn\/en\/wp-json\/wp\/v2\/product_cat?post=2588"},{"taxonomy":"product_tag","embeddable":true,"href":"https:\/\/b2c.fairs.vn\/en\/wp-json\/wp\/v2\/product_tag?post=2588"}],"curies":[{"name":"wp","href":"https:\/\/api.w.org\/{rel}","templated":true}]}}