{"id":2586,"date":"2024-03-19T06:34:41","date_gmt":"2024-03-19T06:34:41","guid":{"rendered":"https:\/\/b2c.fairs.vn\/?post_type=product&#038;p=2586"},"modified":"2024-03-27T09:08:19","modified_gmt":"2024-03-27T02:08:19","slug":"tra-tui-loc-dong-trung-ha-thao","status":"publish","type":"product","link":"https:\/\/b2c.fairs.vn\/en\/product\/tra-tui-loc-dong-trung-ha-thao\/","title":{"rendered":"TR\u00c0 T\u00daI L\u1eccC \u0110\u00d4NG TR\u00d9NG H\u1ea0 TH\u1ea2O"},"content":{"rendered":"<p><strong>Th\u00e0nh ph\u1ea7n:<\/strong><br \/>\n\u0110\u00f4ng tr\u00f9ng h\u1ea1 th\u1ea3o, Linh chi, L\u1ea1c ti\u00ean, S\u01a1n m\u00e2t, La h\u00e1n qu\u1ea3, Rau m\u00e1, Cam th\u1ea3o.<\/p>\n<p><strong>C\u00f4ng d\u1ee5ng:<\/strong><br \/>\nT\u0103ng c\u01b0\u1eddng h\u1ec7 th\u1ed1ng mi\u1ec5n d\u1ecbch c\u01a1 th\u1ec3, ch\u1ed1ng vi\u00eam nhi\u1ec5m, kh\u00e1ng vi\u00eam, h\u1ed7 tr\u1ee3 \u0111i\u1ec1u tr\u1ecb ung th\u01b0. H\u1ed7 tr\u1ee3 \u0111i\u1ec1u tr\u1ecb ung th\u01b0 nh\u1edd Cordycepin, cho b\u1ec7nh nh\u00e2n tr\u01b0\u1edbc v\u00e0 sau ph\u1eabu thu\u1eadt. B\u1ea3o v\u1ec7 th\u1eadn, ch\u1ed1ng l\u1ea1i suy th\u1eadn, ph\u1ee5c h\u1ed3i t\u1ebf b\u00e0o th\u1eadn. B\u1ea3o v\u1ec7 tim m\u1ea1ch, gi\u1eef \u1ed5n \u0111\u1ecbnh nh\u1ecbp tim, \u0111i\u1ec1u h\u00f2a huy\u1ebft \u00e1p, ch\u1ed1ng l\u1ea1i thi\u1ebfu m\u00e1u c\u01a1 tim, t\u0103ng c\u01b0\u1eddng l\u01b0u th\u00f4ng m\u00e1u trong c\u01a1 th\u1ec3. H\u1ed7 tr\u1ee3 \u0111i\u1ec1u ti\u1ebft l\u01b0\u1ee3ng \u0111\u01b0\u1eddng trong m\u00e1u, ki\u1ec3m so\u00e1t b\u1ec7nh ti\u1ec3u \u0111\u01b0\u1eddng. H\u1ed7 tr\u1ee3 \u0111i\u1ec1u tr\u1ecb c\u00e1c b\u1ec7nh v\u1ec1 ph\u1ed5i, tr\u1eeb \u0111\u1eddm, hen suy\u1ec5n, suy h\u00f4 h\u1ea5p v\u00e0 c\u00e1c ch\u1ee9ng ho l\u00e2u ng\u00e0y. T\u0103ng c\u01b0\u1eddng sinh l\u00fd, h\u1ed7 tr\u1ee3 \u0111i\u1ec1u tr\u1ecb v\u00f4 sinh c\u1ea3 nam v\u00e0 n\u1eef. \u0110i\u1ec1u tr\u1ecb ch\u1ee9ng kh\u00f3 ng\u1ee7, gi\u00fap an th\u1ea7n c\u00f3 gi\u1ea5c ng\u1ee7 s\u00e2u. Ch\u1ed1ng l\u00e3o h\u00f3a, l\u00e0m \u0111\u1eb9p da, h\u1ea1n ch\u1ebf c\u00e1c b\u1ec7nh tu\u1ed5i gi\u00e0, v\u00e0 c\u00f2n nhi\u1ec1u t\u00e1c d\u1ee5ng kh\u00e1c\u2026<\/p>\n<p><strong>\u0110\u1ed1i t\u01b0\u1ee3ng s\u1eed d\u1ee5ng:<\/strong><br \/>\nNg\u01b0\u1eddi m\u1eafc b\u1ec7nh tim m\u1ea1ch, huy\u1ebft \u00e1p, ti\u1ec3u \u0111\u01b0\u1eddng, h\u00f4 h\u1ea5p(b\u1ed5 ph\u1ed5i), gan, th\u1eadn, x\u01b0\u01a1ng kh\u1edbp, b\u1ec7nh nh\u00e2n sau m\u1ed5, ng\u01b0\u1eddi b\u1ecb b\u1ec7nh m\u00e3n t\u00ednh, suy nh\u01b0\u1ee3c c\u01a1 th\u1ec3, ng\u01b0\u1eddi l\u00e0m vi\u1ec7c trong m\u00f4i tr\u01b0\u1eddng kh\u00f3i b\u1ee5i, v\u1eadn \u0111\u1ed9ng vi\u00ean luy\u1ec7n t\u1eadp cao \u0111\u1ed9, h\u1ecdc sinh \u00f4n thi, ng\u01b0\u1eddi l\u00e0m vi\u1ec7c c\u0103ng th\u1eb3ng, b\u1ecb stress, ng\u01b0\u1eddi m\u1edbi \u1ed1m d\u1eady, s\u1eed d\u1ee5ng \u0111\u01b0\u1ee3c cho m\u1ecdi \u0111\u1ed1i t\u01b0\u1ee3ng.<\/p>\n<p><strong>C\u00e1ch pha tr\u00e0 t\u00fai l\u1ecdc v\u00e0o \u1ea5m (d\u00f9ng cho c\u1ea3 gia \u0111\u00ecnh)<\/strong>.<br \/>\n<i><strong>B\u01b0\u1edbc 1<\/strong><\/i>: Cho n\u01b0\u1edbc s\u00f4i v\u00e0o \u1ea5m, \u0111\u1eady n\u1eafp l\u1ea1i kho\u1ea3ng 1 ph\u00fat sau \u0111\u00f3 \u0111\u1ed5 n\u01b0\u1edbc \u0111i. \u0110\u00e2y l\u00e0 b\u01b0\u1edbc tr\u00e1ng \u1ea5m c\u1ea7n thi\u1ebft trong c\u00e1ch pha tr\u00e0 t\u00fai l\u1ecdc.<br \/>\n<i><strong>B\u01b0\u1edbc 2<\/strong><\/i>: Cho v\u00e0o \u1ea5m 1 \u0111\u1ebfn 2 g\u00f3i tr\u00e0 t\u00fai l\u1ecdc 2,5g (t\u00f9y dung t\u00edch \u1ea5m). N\u1ebfu mu\u1ed1n ch\u1ebf bi\u1ebfn th\u00e0nh lo\u1ea1i \u0111\u1ed3 u\u1ed1ng l\u1ea1nh th\u00ec b\u1ea1n cho th\u00eam \u0111\u00e1 vi\u00ean v\u1eeba nhu c\u1ea7u.<br \/>\n<i><strong>B\u01b0\u1edbc 3:<\/strong><\/i>\u00a0\u0110\u1ee3i 10 \u2013 12 ph\u00fat cho tr\u00e0 ng\u1ea5m l\u00e0 c\u00f3 th\u1ec3 d\u00f9ng \u0111\u01b0\u1ee3c.<br \/>\n<i><strong>B\u01b0\u1edbc 4:<\/strong><\/i>\u00a0R\u00f3t ra ly v\u00e0 th\u01b0\u1edfng th\u1ee9c.<br \/>\n<strong>B\u1ea3o qu\u1ea3n:<\/strong><br \/>\n<strong>*\u00a0<\/strong>N\u01a1i kh\u00f4 r\u00e1o, tho\u00e1ng m\u00e1t, tr\u00e1nh \u00e1nh s\u00e1ng m\u1eb7t tr\u1eddi, nhi\u1ec7t \u0111\u1ed9 &lt; 30oC.<br \/>\n<strong>*<\/strong>\u00a0\u0110\u1ec3 xa t\u1ea7m tay tr\u1ebb em.<\/p>","protected":false},"excerpt":{"rendered":"<p>Th\u00e0nh ph\u1ea7n: \u0110\u00f4ng tr\u00f9ng h\u1ea1 th\u1ea3o, Linh chi, L\u1ea1c ti\u00ean, S\u01a1n m\u00e2t, La h\u00e1n qu\u1ea3, Rau m\u00e1, Cam th\u1ea3o. C\u00f4ng<\/p>","protected":false},"featured_media":2576,"comment_status":"open","ping_status":"closed","template":"","meta":{"_acf_changed":false},"product_cat":[332,22,333],"product_tag":[],"class_list":{"0":"post-2586","1":"product","2":"type-product","3":"status-publish","4":"has-post-thumbnail","6":"product_cat-san-pham-duoc-lieu-va-san-pham-tu-duoc-lieu","7":"product_cat-sanphamthucpham","8":"product_cat-thuc-pham-chuc-nang-thuoc-duoc-lieu-thuoc-y-hoc-co-truyen","10":"first","11":"instock","12":"shipping-taxable","13":"purchasable","14":"product-type-simple"},"acf":[],"_links":{"self":[{"href":"https:\/\/b2c.fairs.vn\/en\/wp-json\/wp\/v2\/product\/2586","targetHints":{"allow":["GET"]}}],"collection":[{"href":"https:\/\/b2c.fairs.vn\/en\/wp-json\/wp\/v2\/product"}],"about":[{"href":"https:\/\/b2c.fairs.vn\/en\/wp-json\/wp\/v2\/types\/product"}],"replies":[{"embeddable":true,"href":"https:\/\/b2c.fairs.vn\/en\/wp-json\/wp\/v2\/comments?post=2586"}],"version-history":[{"count":0,"href":"https:\/\/b2c.fairs.vn\/en\/wp-json\/wp\/v2\/product\/2586\/revisions"}],"wp:featuredmedia":[{"embeddable":true,"href":"https:\/\/b2c.fairs.vn\/en\/wp-json\/wp\/v2\/media\/2576"}],"wp:attachment":[{"href":"https:\/\/b2c.fairs.vn\/en\/wp-json\/wp\/v2\/media?parent=2586"}],"wp:term":[{"taxonomy":"product_cat","embeddable":true,"href":"https:\/\/b2c.fairs.vn\/en\/wp-json\/wp\/v2\/product_cat?post=2586"},{"taxonomy":"product_tag","embeddable":true,"href":"https:\/\/b2c.fairs.vn\/en\/wp-json\/wp\/v2\/product_tag?post=2586"}],"curies":[{"name":"wp","href":"https:\/\/api.w.org\/{rel}","templated":true}]}}