{"id":2584,"date":"2024-03-19T06:32:56","date_gmt":"2024-03-19T06:32:56","guid":{"rendered":"https:\/\/b2c.fairs.vn\/?post_type=product&#038;p=2584"},"modified":"2024-03-19T06:32:56","modified_gmt":"2024-03-19T06:32:56","slug":"tra-gung-mat-ong","status":"publish","type":"product","link":"https:\/\/b2c.fairs.vn\/en\/product\/tra-gung-mat-ong\/","title":{"rendered":"TR\u00c0 G\u1eeaNG M\u1eacT ONG"},"content":{"rendered":"<p>U\u1ed1ng tr\u00e0 g\u1eebng h\u00e0ng ng\u00e0y l\u00e0 c\u00e1ch tuy\u1ec7t v\u1eddi \u0111\u1ec3 b\u1ea1n ch\u0103m s\u00f3c v\u00e0 b\u1ea3o v\u1ec7 s\u1ee9c kh\u1ecfe kh\u1ecfi c\u00e1c b\u1ec7nh t\u1eadt. Tr\u00e0 g\u1eebng cay v\u00e0 n\u00f3ng, v\u00ec v\u1eady m\u00e0 n\u00f3 l\u00e0 lo\u1ea1i th\u1ee9c u\u1ed1ng tuy\u1ec7t v\u1eddi trong ng\u00e0y l\u1ea1nh thay cho c\u00e0-ph\u00ea. Tuy nhi\u00ean, tr\u00e0 g\u1eebng c\u00f2n h\u01a1n c\u1ea3 l\u00e0 m\u1ed9t lo\u1ea1i th\u1ee9c u\u1ed1ng b\u00ecnh th\u01b0\u1eddng v\u00ec n\u00f3 c\u00f3 r\u1ea5t nhi\u1ec1u t\u00e1c d\u1ee5ng v\u1edbi s\u1ee9c kh\u1ecfe.<\/p>","protected":false},"excerpt":{"rendered":"<p>U\u1ed1ng tr\u00e0 g\u1eebng h\u00e0ng ng\u00e0y l\u00e0 c\u00e1ch tuy\u1ec7t v\u1eddi \u0111\u1ec3 b\u1ea1n ch\u0103m s\u00f3c v\u00e0 b\u1ea3o v\u1ec7 s\u1ee9c kh\u1ecfe kh\u1ecfi c\u00e1c<\/p>","protected":false},"featured_media":2575,"comment_status":"open","ping_status":"closed","template":"","meta":{"_acf_changed":false},"product_cat":[321,332,22,333],"product_tag":[],"class_list":{"0":"post-2584","1":"product","2":"type-product","3":"status-publish","4":"has-post-thumbnail","6":"product_cat-che","7":"product_cat-san-pham-duoc-lieu-va-san-pham-tu-duoc-lieu","8":"product_cat-sanphamthucpham","9":"product_cat-thuc-pham-chuc-nang-thuoc-duoc-lieu-thuoc-y-hoc-co-truyen","11":"first","12":"instock","13":"shipping-taxable","14":"purchasable","15":"product-type-simple"},"acf":[],"_links":{"self":[{"href":"https:\/\/b2c.fairs.vn\/en\/wp-json\/wp\/v2\/product\/2584","targetHints":{"allow":["GET"]}}],"collection":[{"href":"https:\/\/b2c.fairs.vn\/en\/wp-json\/wp\/v2\/product"}],"about":[{"href":"https:\/\/b2c.fairs.vn\/en\/wp-json\/wp\/v2\/types\/product"}],"replies":[{"embeddable":true,"href":"https:\/\/b2c.fairs.vn\/en\/wp-json\/wp\/v2\/comments?post=2584"}],"version-history":[{"count":0,"href":"https:\/\/b2c.fairs.vn\/en\/wp-json\/wp\/v2\/product\/2584\/revisions"}],"wp:featuredmedia":[{"embeddable":true,"href":"https:\/\/b2c.fairs.vn\/en\/wp-json\/wp\/v2\/media\/2575"}],"wp:attachment":[{"href":"https:\/\/b2c.fairs.vn\/en\/wp-json\/wp\/v2\/media?parent=2584"}],"wp:term":[{"taxonomy":"product_cat","embeddable":true,"href":"https:\/\/b2c.fairs.vn\/en\/wp-json\/wp\/v2\/product_cat?post=2584"},{"taxonomy":"product_tag","embeddable":true,"href":"https:\/\/b2c.fairs.vn\/en\/wp-json\/wp\/v2\/product_tag?post=2584"}],"curies":[{"name":"wp","href":"https:\/\/api.w.org\/{rel}","templated":true}]}}